{"id":113,"date":"2024-10-26T02:53:48","date_gmt":"2024-10-26T00:53:48","guid":{"rendered":"http:\/\/lantadilla.ddns.net:82\/lantadilla\/?page_id=113"},"modified":"2025-12-28T17:10:04","modified_gmt":"2025-12-28T16:10:04","slug":"iglesia","status":"publish","type":"page","link":"http:\/\/lantadilla.ddns.net\/lantadilla\/index.php\/iglesia\/","title":{"rendered":"La Iglesia"},"content":{"rendered":"\n<p>En primer lugar podemos ver el que con seguridad es el monumento m\u00e1s relevante de Lantadilla, su iglesia de Nuestra Se\u00f1ora de la Asunci\u00f3n, patrona del pueblo. Dicho monumento se erige en la zona Este del municipio desde el a\u00f1o 1645.<\/p>\n\n\n\n<figure class=\"wp-block-image size-full is-resized\"><img loading=\"lazy\" decoding=\"async\" width=\"400\" height=\"253\" src=\"http:\/\/lantadilla.ddns.net\/lantadilla\/wp-content\/uploads\/2025\/12\/asuncion.jpg\" alt=\"Vista de la iglesia\" class=\"wp-image-2275\" style=\"width:663px;height:auto\" srcset=\"http:\/\/lantadilla.ddns.net\/lantadilla\/wp-content\/uploads\/2025\/12\/asuncion.jpg 400w, http:\/\/lantadilla.ddns.net\/lantadilla\/wp-content\/uploads\/2025\/12\/asuncion-300x190.jpg 300w\" sizes=\"auto, (max-width: 400px) 100vw, 400px\" \/><\/figure>\n\n\n\n<p>Esta iglesia es casi por completo de estilo g\u00f3tico, aunque tiene alguna influencia renacentista, como el presbiterio y el p\u00f3rtico herreriano, el cual posee una escultura en piedra de la Asunci\u00f3n de Nuestra Se\u00f1ora, que data del a\u00f1o 1646.El edificio consta de 3 naves separadas por 6 columnas, cada una de las cuales es diferente a las dem\u00e1s, al igual que ocurre con las 10 b\u00f3vedas que existen en el techo de las naves, detalle \u00e9ste del que no se tiene conocimiento que ocurra en ning\u00fan otro edificio de este tipo. El templo tiene una longitud de 40 metros y una anchura de 25, siendo la anchura de la nave central el doble de las laterales. Refiri\u00e9ndonos a la altura, la nave central tiene 18 metros, y las laterales 10,5.En cuanto al presibeterio, ocupa una superficie de 10 metros de ancho por 10 de largo. En su parte Norte se puede apreciar que en tiempos hubo una estancia, seguramente una antigua iglesia, por el gran arco tapiado de su fachada. En su parte Norte se conservan dos sacrist\u00eda, todav\u00eda en uso.<\/p>\n\n\n\n<figure class=\"wp-block-image size-full is-resized\"><img loading=\"lazy\" decoding=\"async\" width=\"260\" height=\"151\" src=\"http:\/\/lantadilla.ddns.net\/lantadilla\/wp-content\/uploads\/2025\/12\/riglesi1.jpg\" alt=\"La iglesia desde el Sur\" class=\"wp-image-2277\" style=\"width:663px;height:auto\"\/><\/figure>\n\n\n<div class=\"wp-block-image\">\n<figure class=\"alignleft size-full is-resized\"><img loading=\"lazy\" decoding=\"async\" width=\"213\" height=\"319\" src=\"http:\/\/lantadilla.ddns.net\/lantadilla\/wp-content\/uploads\/2025\/12\/riglesia.jpg\" alt=\"El campanario\" class=\"wp-image-2278\" style=\"aspect-ratio:0.6677290836653387;width:287px;height:auto\" srcset=\"http:\/\/lantadilla.ddns.net\/lantadilla\/wp-content\/uploads\/2025\/12\/riglesia.jpg 213w, http:\/\/lantadilla.ddns.net\/lantadilla\/wp-content\/uploads\/2025\/12\/riglesia-200x300.jpg 200w\" sizes=\"auto, (max-width: 213px) 100vw, 213px\" \/><\/figure>\n<\/div>\n\n\n<p>No se tiene conocimiento de en qu\u00e9 momento exacto se comenzaron las obras del templo, pero lo que s\u00ed que se sabe es que se llevaron a cabo en tres \u00e9pocas diferentes. En la primera se construy\u00f3 la nave Norte, es decir, la que tiene adosada la torre y el campanario. En la segunda \u00e9poca se dot\u00f3 al templo de una estructura de cruz que iba de Norte a Sur. Y en la tercera \u00e9poca fue cuando se construyeron el presbiterio y la fachada principal de la actualidad, quedando la iglesia tal como la conocemos en el a\u00f1o 1645.Aunque \u00fanicamente hay una torre, en principio estaba dise\u00f1ado hacer dos. La torre, toda ella de piedra, tiene una altura de 38 metros con escalera de caracol, y una base de 10 * 10 metros. En el campanario hay siete campanas, constru\u00eddas e instaladas entre los a\u00f1os 1762 y 1844. Hay tambi\u00e9n en el campanario un reloj que se instal\u00f3 en 1732 y que lleva m\u00e1s de dos siglos y medio funcionando con gran exactitud.La siguiente foto es aproxim\u00e1damente de finales de los a\u00f1os 60, y est\u00e1 tomada desde la puerta de entrada al templo y a una cierta altura, seguramente desde el lugar que ocupaba el coro, hoy desaparecido. Esta vista del altar es muy similar a la que hay actualmente, siendo pocas las variaciones, entre las que cabe destacar la desaparici\u00f3n del p\u00falpito que se puede ver a la izquierda, la desaparici\u00f3n de la verja que separaba el altar del cuerpo de las naves, y la sustituci\u00f3n de las sillas y los reclinatorios por los bancos actuales. El altar es una talla de madera sobredorada de estilo barroco con columnas salom\u00f3nicas que dan lugar a tres cuerpos, en los que la im\u00e1gen de Nuestra Se\u00f1ora de la Asunci\u00f3n es la representaci\u00f3n central.<\/p>\n\n\n<div class=\"wp-block-image\">\n<figure class=\"aligncenter size-full is-resized\"><img loading=\"lazy\" decoding=\"async\" width=\"293\" height=\"400\" src=\"http:\/\/lantadilla.ddns.net\/lantadilla\/wp-content\/uploads\/2025\/12\/altar.jpg\" alt=\"El retablo\" class=\"wp-image-2279\" style=\"width:458px;height:auto\" srcset=\"http:\/\/lantadilla.ddns.net\/lantadilla\/wp-content\/uploads\/2025\/12\/altar.jpg 293w, http:\/\/lantadilla.ddns.net\/lantadilla\/wp-content\/uploads\/2025\/12\/altar-220x300.jpg 220w\" sizes=\"auto, (max-width: 293px) 100vw, 293px\" \/><\/figure>\n<\/div>\n\n\n<p>En el a\u00f1o 1698 se tir\u00f3 una vieja sacrist\u00eda y se levant\u00f3 la que se conserva en la actualidad. En el a\u00f1o 1700 se colocaron las piedras del suelo en el p\u00f3rtico. En 1707 se puso la vidriera de la fachada principal, y en 1758 las del resto de las ventanas.<\/p>\n\n\n\n<figure class=\"wp-block-image size-full is-resized\"><img loading=\"lazy\" decoding=\"async\" width=\"512\" height=\"353\" src=\"http:\/\/lantadilla.ddns.net\/lantadilla\/wp-content\/uploads\/2025\/12\/iglesia2007.jpg\" alt=\"La iglesia y la casa parroquial\" class=\"wp-image-2280\" style=\"width:663px;height:auto\" srcset=\"http:\/\/lantadilla.ddns.net\/lantadilla\/wp-content\/uploads\/2025\/12\/iglesia2007.jpg 512w, http:\/\/lantadilla.ddns.net\/lantadilla\/wp-content\/uploads\/2025\/12\/iglesia2007-300x207.jpg 300w\" sizes=\"auto, (max-width: 512px) 100vw, 512px\" \/><\/figure>\n\n\n\n<p>Esta \u00faltima foto muestra una imagen actual de la iglesia y su casa parroquial anexa.<\/p>\n\n\n\n<div style=\"height:30px\" aria-hidden=\"true\" class=\"wp-block-spacer\"><\/div>\n\n\n\n<p><a href=\"http:\/\/lantadilla.ddns.net\/lantadilla\/index.php\/lugares\/\" data-type=\"link\" data-id=\"http:\/\/lantadilla.ddns.net:81\/lantadilla\/index.php\/lugares\/\">Volver a Lugares<\/a><\/p>\n\n\n\n<p><\/p>\n","protected":false},"excerpt":{"rendered":"<p>En primer lugar podemos ver el que con seguridad es el monumento m\u00e1s relevante de Lantadilla, su iglesia de Nuestra Se\u00f1ora de la Asunci\u00f3n, patrona del pueblo. Dicho monumento se erige en la zona Este del municipio desde el a\u00f1o 1645. Esta iglesia es casi por completo de estilo g\u00f3tico, aunque tiene alguna influencia renacentista, [&hellip;]<\/p>\n","protected":false},"author":1,"featured_media":0,"parent":0,"menu_order":0,"comment_status":"closed","ping_status":"closed","template":"","meta":{"footnotes":""},"class_list":["post-113","page","type-page","status-publish","hentry"],"_links":{"self":[{"href":"http:\/\/lantadilla.ddns.net\/lantadilla\/index.php\/wp-json\/wp\/v2\/pages\/113","targetHints":{"allow":["GET"]}}],"collection":[{"href":"http:\/\/lantadilla.ddns.net\/lantadilla\/index.php\/wp-json\/wp\/v2\/pages"}],"about":[{"href":"http:\/\/lantadilla.ddns.net\/lantadilla\/index.php\/wp-json\/wp\/v2\/types\/page"}],"author":[{"embeddable":true,"href":"http:\/\/lantadilla.ddns.net\/lantadilla\/index.php\/wp-json\/wp\/v2\/users\/1"}],"replies":[{"embeddable":true,"href":"http:\/\/lantadilla.ddns.net\/lantadilla\/index.php\/wp-json\/wp\/v2\/comments?post=113"}],"version-history":[{"count":6,"href":"http:\/\/lantadilla.ddns.net\/lantadilla\/index.php\/wp-json\/wp\/v2\/pages\/113\/revisions"}],"predecessor-version":[{"id":2396,"href":"http:\/\/lantadilla.ddns.net\/lantadilla\/index.php\/wp-json\/wp\/v2\/pages\/113\/revisions\/2396"}],"wp:attachment":[{"href":"http:\/\/lantadilla.ddns.net\/lantadilla\/index.php\/wp-json\/wp\/v2\/media?parent=113"}],"curies":[{"name":"wp","href":"https:\/\/api.w.org\/{rel}","templated":true}]}}