{"id":207,"date":"2024-10-26T22:42:58","date_gmt":"2024-10-26T20:42:58","guid":{"rendered":"http:\/\/lantadilla.ddns.net:82\/lantadilla\/?page_id=207"},"modified":"2025-12-28T02:36:49","modified_gmt":"2025-12-28T01:36:49","slug":"el-ayuntamiento","status":"publish","type":"page","link":"http:\/\/lantadilla.ddns.net\/lantadilla\/index.php\/el-ayuntamiento\/","title":{"rendered":"El Ayuntamiento"},"content":{"rendered":"\n<p>El nuevo ayuntamiento de Lantadilla se construy\u00f3 a principios de los 90 en el mismo emplazamiento del antiguo ayuntamiento, es decir, en la plaza del pueblo.<\/p>\n\n\n\n<figure class=\"wp-block-image size-full is-resized\"><img loading=\"lazy\" decoding=\"async\" width=\"400\" height=\"253\" src=\"http:\/\/lantadilla.ddns.net\/lantadilla\/wp-content\/uploads\/2025\/12\/ayuntami.jpg\" alt=\"Vista del ayuntamiento\" class=\"wp-image-2282\" style=\"width:663px;height:auto\" srcset=\"http:\/\/lantadilla.ddns.net\/lantadilla\/wp-content\/uploads\/2025\/12\/ayuntami.jpg 400w, http:\/\/lantadilla.ddns.net\/lantadilla\/wp-content\/uploads\/2025\/12\/ayuntami-300x190.jpg 300w\" sizes=\"auto, (max-width: 400px) 100vw, 400px\" \/><\/figure>\n\n\n\n<p>Este nuevo ayuntamiento, mucho m\u00e1s vistoso que el anterior, ha aprovechado mejor el espacio disponible, dejando un mayor area de tr\u00e1nsito para la plaza. Esto ha hecho de ella un lugar m\u00e1s abierto y amplio, como se puede apreciar en las siguientes im\u00e1genes, tomadas desde el mismo punto. En ellas se puede apreciar la evoluci\u00f3n del conjunto, partiendo del antiguo edificio del ayuntamiento, pasando por el nuevo edificio con la plaza anterior, hasta llegar a la situaci\u00f3n actual con la nueva plaza:<\/p>\n\n\n\n<figure class=\"wp-block-image size-full is-resized\"><img loading=\"lazy\" decoding=\"async\" width=\"208\" height=\"160\" src=\"http:\/\/lantadilla.ddns.net\/lantadilla\/wp-content\/uploads\/2025\/12\/rantayun.jpg\" alt=\"Ayuntamiento y plaza antiguos\" class=\"wp-image-2284\" style=\"aspect-ratio:1.3001310615989514;width:403px;height:auto\"\/><\/figure>\n\n\n<div class=\"wp-block-image\">\n<figure class=\"aligncenter size-full is-resized\"><img loading=\"lazy\" decoding=\"async\" width=\"260\" height=\"160\" src=\"http:\/\/lantadilla.ddns.net\/lantadilla\/wp-content\/uploads\/2025\/12\/ractayun.jpg\" alt=\"Ayuntamiento con la antigua plaza\" class=\"wp-image-2285\" style=\"aspect-ratio:1.6251284309408485;width:405px;height:auto\"\/><\/figure>\n<\/div>\n\n<div class=\"wp-block-image\">\n<figure class=\"alignright size-full is-resized\"><img loading=\"lazy\" decoding=\"async\" width=\"256\" height=\"170\" src=\"http:\/\/lantadilla.ddns.net\/lantadilla\/wp-content\/uploads\/2025\/12\/ayuntam2007.jpg\" alt=\"Ayuntamiento con la plaza nueva\" class=\"wp-image-2286\" style=\"width:404px;height:auto\"\/><\/figure>\n<\/div>\n\n\n<div style=\"height:10px\" aria-hidden=\"true\" class=\"wp-block-spacer\"><\/div>\n\n\n\n<p>En el ayuntamiento est\u00e1n concentradas las diferentes dependencias desde las que se gobierna el municipio, como son la sala de plenos, el juzgado, la secretar\u00eda, etc&#8230; Sin embargo alberga tambi\u00e9n dependencias con otro car\u00e1cter de servicio a la comunidad, como son la farmacia del pueblo o la sala de ordenadores para acceder a Internet.<\/p>\n\n\n\n<figure class=\"wp-block-image size-full is-resized\"><img loading=\"lazy\" decoding=\"async\" width=\"512\" height=\"384\" src=\"http:\/\/lantadilla.ddns.net\/lantadilla\/wp-content\/uploads\/2025\/12\/ayunta2007.jpg\" alt=\"Nuevo ayuntamiento\" class=\"wp-image-2287\" style=\"width:663px;height:auto\" srcset=\"http:\/\/lantadilla.ddns.net\/lantadilla\/wp-content\/uploads\/2025\/12\/ayunta2007.jpg 512w, http:\/\/lantadilla.ddns.net\/lantadilla\/wp-content\/uploads\/2025\/12\/ayunta2007-300x225.jpg 300w\" sizes=\"auto, (max-width: 512px) 100vw, 512px\" \/><\/figure>\n\n\n\n<div style=\"height:30px\" aria-hidden=\"true\" class=\"wp-block-spacer\"><\/div>\n\n\n\n<p><a href=\"http:\/\/lantadilla.ddns.net\/lantadilla\/index.php\/lugares\/\" data-type=\"link\" data-id=\"http:\/\/lantadilla.ddns.net:81\/lantadilla\/index.php\/lugares\/\">Volver a Lugares<\/a><\/p>\n","protected":false},"excerpt":{"rendered":"<p>El nuevo ayuntamiento de Lantadilla se construy\u00f3 a principios de los 90 en el mismo emplazamiento del antiguo ayuntamiento, es decir, en la plaza del pueblo. Este nuevo ayuntamiento, mucho m\u00e1s vistoso que el anterior, ha aprovechado mejor el espacio disponible, dejando un mayor area de tr\u00e1nsito para la plaza. Esto ha hecho de ella [&hellip;]<\/p>\n","protected":false},"author":1,"featured_media":0,"parent":0,"menu_order":0,"comment_status":"closed","ping_status":"closed","template":"","meta":{"footnotes":""},"class_list":["post-207","page","type-page","status-publish","hentry"],"_links":{"self":[{"href":"http:\/\/lantadilla.ddns.net\/lantadilla\/index.php\/wp-json\/wp\/v2\/pages\/207","targetHints":{"allow":["GET"]}}],"collection":[{"href":"http:\/\/lantadilla.ddns.net\/lantadilla\/index.php\/wp-json\/wp\/v2\/pages"}],"about":[{"href":"http:\/\/lantadilla.ddns.net\/lantadilla\/index.php\/wp-json\/wp\/v2\/types\/page"}],"author":[{"embeddable":true,"href":"http:\/\/lantadilla.ddns.net\/lantadilla\/index.php\/wp-json\/wp\/v2\/users\/1"}],"replies":[{"embeddable":true,"href":"http:\/\/lantadilla.ddns.net\/lantadilla\/index.php\/wp-json\/wp\/v2\/comments?post=207"}],"version-history":[{"count":6,"href":"http:\/\/lantadilla.ddns.net\/lantadilla\/index.php\/wp-json\/wp\/v2\/pages\/207\/revisions"}],"predecessor-version":[{"id":2372,"href":"http:\/\/lantadilla.ddns.net\/lantadilla\/index.php\/wp-json\/wp\/v2\/pages\/207\/revisions\/2372"}],"wp:attachment":[{"href":"http:\/\/lantadilla.ddns.net\/lantadilla\/index.php\/wp-json\/wp\/v2\/media?parent=207"}],"curies":[{"name":"wp","href":"https:\/\/api.w.org\/{rel}","templated":true}]}}