{"id":2116,"date":"2025-02-09T17:47:41","date_gmt":"2025-02-09T16:47:41","guid":{"rendered":"http:\/\/lantadilla.ddns.net:82\/lantadilla\/?page_id=2116"},"modified":"2025-09-28T02:01:50","modified_gmt":"2025-09-28T00:01:50","slug":"pregones-de-fiestas","status":"publish","type":"page","link":"http:\/\/lantadilla.ddns.net\/lantadilla\/index.php\/pregones-de-fiestas\/","title":{"rendered":"Programas de fiestas"},"content":{"rendered":"\n<p>En esta secci\u00f3n pod\u00e9is encontrar los programas de fiestas de los algunos de los \u00faltimos a\u00f1os:<\/p>\n\n\n\n<p>&nbsp;&nbsp;&nbsp;&nbsp;&nbsp;&nbsp;&nbsp;<a onclick=\"javascript: window.open('http:\/\/lantadilla.ddns.net:81\/lantadilla\/FILES\/ProgramasFiestas\/ProgramaFiestas1976.jpg', '', 'toolbar=no,location=no,status=no,menubar=no,scrollbars=yes,resizable=yes,width=1060,height=950'); return false\" href=\"#\">Programa de fiestas 1976<\/a><\/p>\n\n\n\n<p>&nbsp;&nbsp;&nbsp;&nbsp;&nbsp;&nbsp;&nbsp;<a onclick=\"javascript: window.open('http:\/\/lantadilla.ddns.net:81\/lantadilla\/FILES\/ProgramasFiestas\/ProgramaFiestas2009.pdf', '', 'toolbar=no,location=no,status=no,menubar=no,scrollbars=yes,resizable=yes,width=1060,height=950'); return false\" href=\"#\">Programa de fiestas 2009<\/a><\/p>\n\n\n\n<p>&nbsp;&nbsp;&nbsp;&nbsp;&nbsp;&nbsp;&nbsp;<a onclick=\"javascript: window.open('http:\/\/lantadilla.ddns.net:81\/lantadilla\/FILES\/ProgramasFiestas\/ProgramaFiestas2010.jpg', '', 'toolbar=no,location=no,status=no,menubar=no,scrollbars=yes,resizable=yes,width=1060,height=950'); return false\" href=\"#\">Programa de fiestas 2010<\/a><\/p>\n\n\n\n<p>&nbsp;&nbsp;&nbsp;&nbsp;&nbsp;&nbsp;&nbsp;<a onclick=\"javascript: window.open('http:\/\/lantadilla.ddns.net:81\/lantadilla\/FILES\/ProgramasFiestas\/ProgramaFiestas2011.pdf', '', 'toolbar=no,location=no,status=no,menubar=no,scrollbars=yes,resizable=yes,width=1060,height=950'); return false\" href=\"#\">Programa de fiestas 2011<\/a><\/p>\n\n\n\n<p>&nbsp;&nbsp;&nbsp;&nbsp;&nbsp;&nbsp;&nbsp;<a onclick=\"javascript: window.open('http:\/\/lantadilla.ddns.net:81\/lantadilla\/FILES\/ProgramasFiestas\/ProgramaFiestas2012.jpg', '', 'toolbar=no,location=no,status=no,menubar=no,scrollbars=yes,resizable=yes,width=1060,height=950'); return false\" href=\"#\">Programa de fiestas 2012<\/a><\/p>\n\n\n\n<p>&nbsp;&nbsp;&nbsp;&nbsp;&nbsp;&nbsp;&nbsp;<a onclick=\"javascript: window.open('http:\/\/lantadilla.ddns.net:81\/lantadilla\/FILES\/ProgramasFiestas\/ProgramaFiestas2013.jpg', '', 'toolbar=no,location=no,status=no,menubar=no,scrollbars=yes,resizable=yes,width=1060,height=950'); return false\" href=\"#\">Programa de fiestas 2013<\/a><\/p>\n\n\n\n<p>&nbsp;&nbsp;&nbsp;&nbsp;&nbsp;&nbsp;&nbsp;<a onclick=\"javascript: window.open('http:\/\/lantadilla.ddns.net:81\/lantadilla\/FILES\/ProgramasFiestas\/ProgramaFiestas2014.pdf', '', 'toolbar=no,location=no,status=no,menubar=no,scrollbars=yes,resizable=yes,width=1060,height=950'); return false\" href=\"#\">Programa de fiestas 2014<\/a><\/p>\n\n\n\n<p>&nbsp;&nbsp;&nbsp;&nbsp;&nbsp;&nbsp;&nbsp;<a onclick=\"javascript: window.open('http:\/\/lantadilla.ddns.net:81\/lantadilla\/FILES\/ProgramasFiestas\/ProgramaFiestas2015.pdf', '', 'toolbar=no,location=no,status=no,menubar=no,scrollbars=yes,resizable=yes,width=1060,height=950'); return false\" href=\"#\">Programa de fiestas 2015<\/a><\/p>\n\n\n\n<p>&nbsp;&nbsp;&nbsp;&nbsp;&nbsp;&nbsp;&nbsp;<a onclick=\"javascript: window.open('http:\/\/lantadilla.ddns.net:81\/lantadilla\/FILES\/ProgramasFiestas\/ProgramaFiestas2016.pdf', '', 'toolbar=no,location=no,status=no,menubar=no,scrollbars=yes,resizable=yes,width=1060,height=950'); return false\" href=\"#\">Programa de fiestas 2016<\/a><\/p>\n\n\n\n<p>&nbsp;&nbsp;&nbsp;&nbsp;&nbsp;&nbsp;&nbsp;<a onclick=\"javascript: window.open('http:\/\/lantadilla.ddns.net:81\/lantadilla\/FILES\/ProgramasFiestas\/ProgramaFiestas2017.pdf', '', 'toolbar=no,location=no,status=no,menubar=no,scrollbars=yes,resizable=yes,width=1060,height=950'); return false\" href=\"#\">Programa de fiestas 2017<\/a><\/p>\n\n\n\n<p>&nbsp;&nbsp;&nbsp;&nbsp;&nbsp;&nbsp;&nbsp;<a onclick=\"javascript: window.open('http:\/\/lantadilla.ddns.net:81\/lantadilla\/FILES\/ProgramasFiestas\/ProgramaFiestas2018.pdf', '', 'toolbar=no,location=no,status=no,menubar=no,scrollbars=yes,resizable=yes,width=1060,height=950'); return false\" href=\"#\">Programa de fiestas 2018<\/a><\/p>\n\n\n\n<p>&nbsp;&nbsp;&nbsp;&nbsp;&nbsp;&nbsp;&nbsp;<a onclick=\"javascript: window.open('http:\/\/lantadilla.ddns.net:81\/lantadilla\/FILES\/ProgramasFiestas\/ProgramaFiestas2019.pdf', '', 'toolbar=no,location=no,status=no,menubar=no,scrollbars=yes,resizable=yes,width=1060,height=950'); return false\" href=\"#\">Programa de fiestas 2019<\/a><\/p>\n\n\n\n<p>&nbsp;&nbsp;&nbsp;&nbsp;&nbsp;&nbsp;&nbsp;En 2020 no hubo fiestas&#8230; \ud83d\ude41<\/p>\n\n\n\n<p>&nbsp;&nbsp;&nbsp;&nbsp;&nbsp;&nbsp;&nbsp;<a onclick=\"javascript: window.open('http:\/\/lantadilla.ddns.net:81\/lantadilla\/FILES\/ProgramasFiestas\/ProgramaFiestas2021.jpg', '', 'toolbar=no,location=no,status=no,menubar=no,scrollbars=yes,resizable=yes,width=1060,height=950'); return false\" href=\"#\">Programa de fiestas 2021<\/a><\/p>\n\n\n\n<p>&nbsp;&nbsp;&nbsp;&nbsp;&nbsp;&nbsp;&nbsp;<a onclick=\"javascript: window.open('http:\/\/lantadilla.ddns.net:81\/lantadilla\/FILES\/ProgramasFiestas\/ProgramaFiestas2022.pdf', '', 'toolbar=no,location=no,status=no,menubar=no,scrollbars=yes,resizable=yes,width=1060,height=950'); return false\" href=\"#\">Programa de fiestas 2022<\/a><\/p>\n\n\n\n<p>&nbsp;&nbsp;&nbsp;&nbsp;&nbsp;&nbsp;&nbsp;<a onclick=\"javascript: window.open('http:\/\/lantadilla.ddns.net:81\/lantadilla\/FILES\/ProgramasFiestas\/ProgramaFiestas2023.pdf', '', 'toolbar=no,location=no,status=no,menubar=no,scrollbars=yes,resizable=yes,width=1060,height=950'); return false\" href=\"#\">Programa de fiestas 2023<\/a><\/p>\n\n\n\n<p>&nbsp;&nbsp;&nbsp;&nbsp;&nbsp;&nbsp;&nbsp;<a onclick=\"javascript: window.open('http:\/\/lantadilla.ddns.net:81\/lantadilla\/FILES\/ProgramasFiestas\/ProgramaFiestas2024.pdf', '', 'toolbar=no,location=no,status=no,menubar=no,scrollbars=yes,resizable=yes,width=1060,height=950'); return false\" href=\"#\">Programa de fiestas 2024<\/a><\/p>\n\n\n\n<p>&nbsp;&nbsp;&nbsp;&nbsp;&nbsp;&nbsp;&nbsp;<a onclick=\"javascript: window.open('http:\/\/lantadilla.ddns.net:81\/lantadilla\/FILES\/ProgramasFiestas\/ProgramaFiestas2025.jpg', '', 'toolbar=no,location=no,status=no,menubar=no,scrollbars=yes,resizable=yes,width=1060,height=950'); return false\" href=\"#\">Programa de fiestas 2025<\/a><\/p>\n","protected":false},"excerpt":{"rendered":"<p>En esta secci\u00f3n pod\u00e9is encontrar los programas de fiestas de los algunos de los \u00faltimos a\u00f1os: &nbsp;&nbsp;&nbsp;&nbsp;&nbsp;&nbsp;&nbsp;Programa de fiestas 1976 &nbsp;&nbsp;&nbsp;&nbsp;&nbsp;&nbsp;&nbsp;Programa de fiestas 2009 &nbsp;&nbsp;&nbsp;&nbsp;&nbsp;&nbsp;&nbsp;Programa de fiestas 2010 &nbsp;&nbsp;&nbsp;&nbsp;&nbsp;&nbsp;&nbsp;Programa de fiestas 2011 &nbsp;&nbsp;&nbsp;&nbsp;&nbsp;&nbsp;&nbsp;Programa de fiestas 2012 &nbsp;&nbsp;&nbsp;&nbsp;&nbsp;&nbsp;&nbsp;Programa de fiestas 2013 &nbsp;&nbsp;&nbsp;&nbsp;&nbsp;&nbsp;&nbsp;Programa de fiestas 2014 &nbsp;&nbsp;&nbsp;&nbsp;&nbsp;&nbsp;&nbsp;Programa de fiestas 2015 &nbsp;&nbsp;&nbsp;&nbsp;&nbsp;&nbsp;&nbsp;Programa de fiestas 2016 &nbsp;&nbsp;&nbsp;&nbsp;&nbsp;&nbsp;&nbsp;Programa de fiestas [&hellip;]<\/p>\n","protected":false},"author":1,"featured_media":0,"parent":0,"menu_order":0,"comment_status":"closed","ping_status":"closed","template":"","meta":{"footnotes":""},"class_list":["post-2116","page","type-page","status-publish","hentry"],"_links":{"self":[{"href":"http:\/\/lantadilla.ddns.net\/lantadilla\/index.php\/wp-json\/wp\/v2\/pages\/2116","targetHints":{"allow":["GET"]}}],"collection":[{"href":"http:\/\/lantadilla.ddns.net\/lantadilla\/index.php\/wp-json\/wp\/v2\/pages"}],"about":[{"href":"http:\/\/lantadilla.ddns.net\/lantadilla\/index.php\/wp-json\/wp\/v2\/types\/page"}],"author":[{"embeddable":true,"href":"http:\/\/lantadilla.ddns.net\/lantadilla\/index.php\/wp-json\/wp\/v2\/users\/1"}],"replies":[{"embeddable":true,"href":"http:\/\/lantadilla.ddns.net\/lantadilla\/index.php\/wp-json\/wp\/v2\/comments?post=2116"}],"version-history":[{"count":13,"href":"http:\/\/lantadilla.ddns.net\/lantadilla\/index.php\/wp-json\/wp\/v2\/pages\/2116\/revisions"}],"predecessor-version":[{"id":2186,"href":"http:\/\/lantadilla.ddns.net\/lantadilla\/index.php\/wp-json\/wp\/v2\/pages\/2116\/revisions\/2186"}],"wp:attachment":[{"href":"http:\/\/lantadilla.ddns.net\/lantadilla\/index.php\/wp-json\/wp\/v2\/media?parent=2116"}],"curies":[{"name":"wp","href":"https:\/\/api.w.org\/{rel}","templated":true}]}}