{"id":212,"date":"2024-10-26T22:50:23","date_gmt":"2024-10-26T20:50:23","guid":{"rendered":"http:\/\/lantadilla.ddns.net:82\/lantadilla\/?page_id=212"},"modified":"2025-12-28T02:38:00","modified_gmt":"2025-12-28T01:38:00","slug":"el-puente","status":"publish","type":"page","link":"http:\/\/lantadilla.ddns.net\/lantadilla\/index.php\/el-puente\/","title":{"rendered":"El Puente"},"content":{"rendered":"\n<p>Uno de los lugares m\u00e1s caracter\u00edsticos del pueblo es su puente. Situado a las afueras del municipio, en la carretera con direcci\u00f3n a Palacios de Riopisuerga, hace de uni\u00f3n entre las provincias de Palencia y Burgos, separadas por el r\u00edo Pisuerga sobre el que se levanta:<\/p>\n\n\n\n<figure class=\"wp-block-image size-full is-resized\"><img loading=\"lazy\" decoding=\"async\" width=\"511\" height=\"321\" src=\"http:\/\/lantadilla.ddns.net\/lantadilla\/wp-content\/uploads\/2025\/12\/puente1.jpg\" alt=\"El puente\" class=\"wp-image-2290\" style=\"width:663px;height:auto\" srcset=\"http:\/\/lantadilla.ddns.net\/lantadilla\/wp-content\/uploads\/2025\/12\/puente1.jpg 511w, http:\/\/lantadilla.ddns.net\/lantadilla\/wp-content\/uploads\/2025\/12\/puente1-300x188.jpg 300w\" sizes=\"auto, (max-width: 511px) 100vw, 511px\" \/><\/figure>\n\n\n\n<p>El puente tiene una longitud de 142 metros, una altura de 8 sin contar el basamento de piedra, y una anchura de 4,80 metros, de los cuales 50 cm son de pretil a cada lado. La zona transitable es, por lo tanto, de 3,80 metros de anchura.<\/p>\n\n\n\n<figure class=\"wp-block-image size-full is-resized\"><img loading=\"lazy\" decoding=\"async\" width=\"511\" height=\"328\" src=\"http:\/\/lantadilla.ddns.net\/lantadilla\/wp-content\/uploads\/2025\/12\/puente2.jpg\" alt=\"\" class=\"wp-image-2291\" style=\"width:663px;height:auto\" srcset=\"http:\/\/lantadilla.ddns.net\/lantadilla\/wp-content\/uploads\/2025\/12\/puente2.jpg 511w, http:\/\/lantadilla.ddns.net\/lantadilla\/wp-content\/uploads\/2025\/12\/puente2-300x193.jpg 300w\" sizes=\"auto, (max-width: 511px) 100vw, 511px\" \/><\/figure>\n\n\n\n<p>El puente est\u00e1 constru\u00eddo totalmente de piedra y tiene 8 pilares y 9 arcos. Los pilares tienen unas dimensiones de 10,3 por 4,3 metros en su pie, y una altura de 7 metros.<\/p>\n\n\n\n<figure class=\"wp-block-image size-full is-resized\"><img loading=\"lazy\" decoding=\"async\" width=\"384\" height=\"288\" src=\"http:\/\/lantadilla.ddns.net\/lantadilla\/wp-content\/uploads\/2025\/12\/puente3.jpg\" alt=\"Arcos del puente\" class=\"wp-image-2293\" style=\"width:663px;height:auto\" srcset=\"http:\/\/lantadilla.ddns.net\/lantadilla\/wp-content\/uploads\/2025\/12\/puente3.jpg 384w, http:\/\/lantadilla.ddns.net\/lantadilla\/wp-content\/uploads\/2025\/12\/puente3-300x225.jpg 300w\" sizes=\"auto, (max-width: 384px) 100vw, 384px\" \/><\/figure>\n\n\n\n<p>&nbsp;Haciendo un poco de Historia, en el a\u00f1o 1494 se plante\u00f3 por primera vez la posibilidad de construir un puente sobre el Pisuerga, localizado en Melgar de Yuso, pero el pueblo de Becerril propuso que fuese en Lantadilla. En 1504, el pueblo de Lantadilla se queja al Adelantamiento de Castilla por querer construirlo de madera. El 21 de Febrero de 1551 se decidi\u00f3 que tuviese 4 pilares y se pidi\u00f3 dinero para su construcci\u00f3n, aunque hasta el 10 de Marzo de ese mismo a\u00f1o, en la reuni\u00f3n de las Merindades de Castilla, no se aprob\u00f3 su construcci\u00f3n.<\/p>\n\n\n<div class=\"wp-block-image\">\n<figure class=\"alignleft size-full is-resized\"><img loading=\"lazy\" decoding=\"async\" width=\"200\" height=\"266\" src=\"http:\/\/lantadilla.ddns.net\/lantadilla\/wp-content\/uploads\/2025\/12\/puente4.jpg\" alt=\"Piedra con inscripci\u00f3n\" class=\"wp-image-2295\" style=\"aspect-ratio:0.7519192433303643;width:285px;height:auto\"\/><\/figure>\n<\/div>\n\n\n<p>Todas las Merindades de la regi\u00f3n contribuyeron a la construcci\u00f3n del puente, en la cual se pueden distinguir dos \u00e9pocas apreciables a simple vista. Una primera en la que se construyeron 4 pilares, y una segunda en la que se hicieron otros 4, lleg\u00e1ndose a los 9 arcos actuales.<\/p>\n\n\n\n<p>Esta segunda \u00e9poca dur\u00f3 desde 1723 hasta 1770, a\u00f1o que se refleja en una inscripci\u00f3n en piedra en el puente, que hace referencia tambi\u00e9n al reinado de Carlos III, como se puede ver en la imagen de la izquierda.<\/p>\n\n\n\n<figure class=\"wp-block-image size-full is-resized\"><img loading=\"lazy\" decoding=\"async\" width=\"340\" height=\"209\" src=\"http:\/\/lantadilla.ddns.net\/lantadilla\/wp-content\/uploads\/2025\/12\/rantmoln.jpg\" alt=\"El molino\" class=\"wp-image-2297\" style=\"width:663px;height:auto\" srcset=\"http:\/\/lantadilla.ddns.net\/lantadilla\/wp-content\/uploads\/2025\/12\/rantmoln.jpg 340w, http:\/\/lantadilla.ddns.net\/lantadilla\/wp-content\/uploads\/2025\/12\/rantmoln-300x184.jpg 300w\" sizes=\"auto, (max-width: 340px) 100vw, 340px\" \/><\/figure>\n\n\n\n<p>En la foto anterior se pueden ver los restos del antiguo molino que se construy\u00f3 junto al puente para moler el trigo con la fuerza del agua del r\u00edo. Con el puente tambi\u00e9n se construy\u00f3 una muralla de un kil\u00f3metro de longitud llamada \u00abla Vanguardia\u00bb, que serv\u00eda para que el Pisuerga no rompiese hacia Palacios de Riopisuerga en sus crecidas.<\/p>\n\n\n\n<figure class=\"wp-block-image size-full is-resized\"><img loading=\"lazy\" decoding=\"async\" width=\"277\" height=\"175\" src=\"http:\/\/lantadilla.ddns.net\/lantadilla\/wp-content\/uploads\/2025\/12\/rrio1.jpg\" alt=\"La presa\" class=\"wp-image-2298\" style=\"aspect-ratio:1.5828701458574252;width:663px;height:auto\"\/><\/figure>\n\n\n\n<p>Los pilares del puente se asientan sobre una estructura en forma de malla construida con tablones de madera y con bloques de piedra, que se puede apreciar a siempre vista cuando el r\u00edo lleva poca agua, como se ve en la siguiente imagen:<\/p>\n\n\n\n<figure class=\"wp-block-image size-full is-resized\"><img loading=\"lazy\" decoding=\"async\" width=\"512\" height=\"384\" src=\"http:\/\/lantadilla.ddns.net\/lantadilla\/wp-content\/uploads\/2025\/12\/puente6.jpg\" alt=\"Los pilares del puente\" class=\"wp-image-2299\" style=\"width:663px;height:auto\" srcset=\"http:\/\/lantadilla.ddns.net\/lantadilla\/wp-content\/uploads\/2025\/12\/puente6.jpg 512w, http:\/\/lantadilla.ddns.net\/lantadilla\/wp-content\/uploads\/2025\/12\/puente6-300x225.jpg 300w\" sizes=\"auto, (max-width: 512px) 100vw, 512px\" \/><\/figure>\n\n\n\n<p>Pocos metros m\u00e1s all\u00e1 del puente en el sentido de la corriente, el r\u00edo salva un peque\u00f1o desnivel, conocido como la presa, lugar de ba\u00f1o, pesca, etc&#8230;:<\/p>\n\n\n\n<figure class=\"wp-block-image size-full is-resized\"><img loading=\"lazy\" decoding=\"async\" width=\"512\" height=\"384\" src=\"http:\/\/lantadilla.ddns.net\/lantadilla\/wp-content\/uploads\/2025\/12\/puente5.jpg\" alt=\"\" class=\"wp-image-2300\" style=\"width:663px;height:auto\" srcset=\"http:\/\/lantadilla.ddns.net\/lantadilla\/wp-content\/uploads\/2025\/12\/puente5.jpg 512w, http:\/\/lantadilla.ddns.net\/lantadilla\/wp-content\/uploads\/2025\/12\/puente5-300x225.jpg 300w\" sizes=\"auto, (max-width: 512px) 100vw, 512px\" \/><\/figure>\n\n\n\n<div style=\"height:30px\" aria-hidden=\"true\" class=\"wp-block-spacer\"><\/div>\n\n\n\n<p><a href=\"http:\/\/lantadilla.ddns.net\/lantadilla\/index.php\/lugares\/\" data-type=\"link\" data-id=\"http:\/\/lantadilla.ddns.net:81\/lantadilla\/index.php\/lugares\/\">Volver a Lugares<\/a><\/p>\n","protected":false},"excerpt":{"rendered":"<p>Uno de los lugares m\u00e1s caracter\u00edsticos del pueblo es su puente. Situado a las afueras del municipio, en la carretera con direcci\u00f3n a Palacios de Riopisuerga, hace de uni\u00f3n entre las provincias de Palencia y Burgos, separadas por el r\u00edo Pisuerga sobre el que se levanta: El puente tiene una longitud de 142 metros, una [&hellip;]<\/p>\n","protected":false},"author":1,"featured_media":0,"parent":0,"menu_order":0,"comment_status":"closed","ping_status":"closed","template":"","meta":{"footnotes":""},"class_list":["post-212","page","type-page","status-publish","hentry"],"_links":{"self":[{"href":"http:\/\/lantadilla.ddns.net\/lantadilla\/index.php\/wp-json\/wp\/v2\/pages\/212","targetHints":{"allow":["GET"]}}],"collection":[{"href":"http:\/\/lantadilla.ddns.net\/lantadilla\/index.php\/wp-json\/wp\/v2\/pages"}],"about":[{"href":"http:\/\/lantadilla.ddns.net\/lantadilla\/index.php\/wp-json\/wp\/v2\/types\/page"}],"author":[{"embeddable":true,"href":"http:\/\/lantadilla.ddns.net\/lantadilla\/index.php\/wp-json\/wp\/v2\/users\/1"}],"replies":[{"embeddable":true,"href":"http:\/\/lantadilla.ddns.net\/lantadilla\/index.php\/wp-json\/wp\/v2\/comments?post=212"}],"version-history":[{"count":8,"href":"http:\/\/lantadilla.ddns.net\/lantadilla\/index.php\/wp-json\/wp\/v2\/pages\/212\/revisions"}],"predecessor-version":[{"id":2373,"href":"http:\/\/lantadilla.ddns.net\/lantadilla\/index.php\/wp-json\/wp\/v2\/pages\/212\/revisions\/2373"}],"wp:attachment":[{"href":"http:\/\/lantadilla.ddns.net\/lantadilla\/index.php\/wp-json\/wp\/v2\/media?parent=212"}],"curies":[{"name":"wp","href":"https:\/\/api.w.org\/{rel}","templated":true}]}}