{"id":220,"date":"2024-10-26T23:06:45","date_gmt":"2024-10-26T21:06:45","guid":{"rendered":"http:\/\/lantadilla.ddns.net:82\/lantadilla\/?page_id=220"},"modified":"2025-12-28T17:11:47","modified_gmt":"2025-12-28T16:11:47","slug":"la-ermita","status":"publish","type":"page","link":"http:\/\/lantadilla.ddns.net\/lantadilla\/index.php\/la-ermita\/","title":{"rendered":"La Ermita"},"content":{"rendered":"\n<p>En la siguiente imagen podemos ver la ermita de Nuestra Se\u00f1ora de Lantada, construida a mediados de los ochentas en el mismo emplazamiento en el que estaba la antigua ermita, es decir, a las afueras de Lantadilla siguiendo el curso del r\u00edo Pisuerga.<\/p>\n\n\n\n<figure class=\"wp-block-image size-full is-resized\"><img loading=\"lazy\" decoding=\"async\" width=\"400\" height=\"253\" src=\"http:\/\/lantadilla.ddns.net\/lantadilla\/wp-content\/uploads\/2025\/12\/lantada.jpg\" alt=\"Vista de la ermita nueva\" class=\"wp-image-2305\" style=\"width:663px;height:auto\" srcset=\"http:\/\/lantadilla.ddns.net\/lantadilla\/wp-content\/uploads\/2025\/12\/lantada.jpg 400w, http:\/\/lantadilla.ddns.net\/lantadilla\/wp-content\/uploads\/2025\/12\/lantada-300x190.jpg 300w\" sizes=\"auto, (max-width: 400px) 100vw, 400px\" \/><\/figure>\n\n\n\n<p>La antigua ermita se termin\u00f3 en 1888, y ha sido uno de los lugares m\u00e1s caracter\u00edsticos y queridos de Lantadilla durante casi un siglo. En el momento de la construcci\u00f3n de la nueva ermita, no todas las opiniones fueron favorables a la demolici\u00f3n de la antigua por el valor sentimental que ten\u00eda para muchos, pero finalmente el proyecto sali\u00f3 adelante, ayudado en gran medida por la aportaci\u00f3n econ\u00f3mica de muchos de los hijos del pueblo. La demolici\u00f3n comenz\u00f3 el 25 de Marzo de 1986. En la siguiente imagen vemos de un d\u00eda de campo en la antigua ermita:<\/p>\n\n\n\n<figure class=\"wp-block-image size-full is-resized\"><img loading=\"lazy\" decoding=\"async\" width=\"227\" height=\"101\" src=\"http:\/\/lantadilla.ddns.net\/lantadilla\/wp-content\/uploads\/2025\/12\/rantermt.jpg\" alt=\"Antigua ermita\" class=\"wp-image-2306\" style=\"width:663px;height:auto\"\/><\/figure>\n\n\n\n<p>La antigua ermita ten\u00eda un estructura arquitect\u00f3nica mucho m\u00e1s sencilla que la nueva. La antigua era de planta rectangular y una \u00fanica altura, mientras que la nueva tiene planta en forma de cruz con un campanario adosado a la nave de la entrada. En los siguientes dibujos se pueden apreciar las diferencias entre ambos edificios:<\/p>\n\n\n\n<figure class=\"wp-block-image size-full is-resized\"><img loading=\"lazy\" decoding=\"async\" width=\"211\" height=\"117\" src=\"http:\/\/lantadilla.ddns.net\/lantadilla\/wp-content\/uploads\/2025\/12\/ranterm1.jpg\" alt=\"Ermita de 1888\" class=\"wp-image-2307\" style=\"aspect-ratio:1.8034519196900316;width:419px;height:auto\"\/><\/figure>\n\n\n<div class=\"wp-block-image\">\n<figure class=\"alignright size-full is-resized\"><img loading=\"lazy\" decoding=\"async\" width=\"181\" height=\"117\" src=\"http:\/\/lantadilla.ddns.net\/lantadilla\/wp-content\/uploads\/2025\/12\/racterm1.jpg\" alt=\"Ermita de 1987\" class=\"wp-image-2308\" style=\"width:420px;height:auto\"\/><\/figure>\n<\/div>\n\n\n<div style=\"height:10px\" aria-hidden=\"true\" class=\"wp-block-spacer\"><\/div>\n\n\n\n<p>La nueva ermita estaba levantada el 24 de Septiembre de ese mismo 1986, y su inauguraci\u00f3n tuvo lugar el 9 de Agosto de 1987, fecha que se conmemora cada a\u00f1o con una paellada a orillas del Pisuerga compartida por habitantes y veraneantes de Lantadilla. En esta ermita se venera a Nuestra Se\u00f1ora de Lantada, patrona del pueblo.<\/p>\n\n\n\n<figure class=\"wp-block-image size-full is-resized\"><img loading=\"lazy\" decoding=\"async\" width=\"512\" height=\"384\" src=\"http:\/\/lantadilla.ddns.net\/lantadilla\/wp-content\/uploads\/2025\/12\/ermita2.jpg\" alt=\"La ermita desde el camino\" class=\"wp-image-2309\" style=\"width:663px;height:auto\" srcset=\"http:\/\/lantadilla.ddns.net\/lantadilla\/wp-content\/uploads\/2025\/12\/ermita2.jpg 512w, http:\/\/lantadilla.ddns.net\/lantadilla\/wp-content\/uploads\/2025\/12\/ermita2-300x225.jpg 300w\" sizes=\"auto, (max-width: 512px) 100vw, 512px\" \/><\/figure>\n\n\n\n<p>El 24 de Junio de cada a\u00f1o, festividad de San Juan,&nbsp;se celebra&nbsp;en la ermita&nbsp;la fiesta de la pajarita. En ella, los miembros de la Cofrad\u00eda de la Virgen de Lantada celebran su fiesta, en la que se regala a sus miembros m\u00e1s j\u00f3venes un dulce conocido por su forma&nbsp;como&nbsp;pajarita. La celebraci\u00f3n incluye un acto religioso, m\u00fasica, baile y sobre todo confraternizaci\u00f3n, como se ve en la siguiente imagen:<\/p>\n\n\n\n<figure class=\"wp-block-image size-full is-resized\"><img loading=\"lazy\" decoding=\"async\" width=\"512\" height=\"384\" src=\"http:\/\/lantadilla.ddns.net\/lantadilla\/wp-content\/uploads\/2025\/12\/ermita1.jpg\" alt=\"La ermita el d\u00eda de San Juan\" class=\"wp-image-2310\" style=\"width:663px;height:auto\" srcset=\"http:\/\/lantadilla.ddns.net\/lantadilla\/wp-content\/uploads\/2025\/12\/ermita1.jpg 512w, http:\/\/lantadilla.ddns.net\/lantadilla\/wp-content\/uploads\/2025\/12\/ermita1-300x225.jpg 300w\" sizes=\"auto, (max-width: 512px) 100vw, 512px\" \/><\/figure>\n\n\n\n<div style=\"height:30px\" aria-hidden=\"true\" class=\"wp-block-spacer\"><\/div>\n\n\n\n<p><a href=\"http:\/\/lantadilla.ddns.net\/lantadilla\/index.php\/lugares\/\" data-type=\"link\" data-id=\"http:\/\/lantadilla.ddns.net:81\/lantadilla\/index.php\/lugares\/\">Volver a Lugares<\/a><\/p>\n","protected":false},"excerpt":{"rendered":"<p>En la siguiente imagen podemos ver la ermita de Nuestra Se\u00f1ora de Lantada, construida a mediados de los ochentas en el mismo emplazamiento en el que estaba la antigua ermita, es decir, a las afueras de Lantadilla siguiendo el curso del r\u00edo Pisuerga. La antigua ermita se termin\u00f3 en 1888, y ha sido uno de [&hellip;]<\/p>\n","protected":false},"author":1,"featured_media":0,"parent":0,"menu_order":0,"comment_status":"closed","ping_status":"closed","template":"","meta":{"footnotes":""},"class_list":["post-220","page","type-page","status-publish","hentry"],"_links":{"self":[{"href":"http:\/\/lantadilla.ddns.net\/lantadilla\/index.php\/wp-json\/wp\/v2\/pages\/220","targetHints":{"allow":["GET"]}}],"collection":[{"href":"http:\/\/lantadilla.ddns.net\/lantadilla\/index.php\/wp-json\/wp\/v2\/pages"}],"about":[{"href":"http:\/\/lantadilla.ddns.net\/lantadilla\/index.php\/wp-json\/wp\/v2\/types\/page"}],"author":[{"embeddable":true,"href":"http:\/\/lantadilla.ddns.net\/lantadilla\/index.php\/wp-json\/wp\/v2\/users\/1"}],"replies":[{"embeddable":true,"href":"http:\/\/lantadilla.ddns.net\/lantadilla\/index.php\/wp-json\/wp\/v2\/comments?post=220"}],"version-history":[{"count":5,"href":"http:\/\/lantadilla.ddns.net\/lantadilla\/index.php\/wp-json\/wp\/v2\/pages\/220\/revisions"}],"predecessor-version":[{"id":2397,"href":"http:\/\/lantadilla.ddns.net\/lantadilla\/index.php\/wp-json\/wp\/v2\/pages\/220\/revisions\/2397"}],"wp:attachment":[{"href":"http:\/\/lantadilla.ddns.net\/lantadilla\/index.php\/wp-json\/wp\/v2\/media?parent=220"}],"curies":[{"name":"wp","href":"https:\/\/api.w.org\/{rel}","templated":true}]}}