{"id":231,"date":"2024-10-26T23:33:39","date_gmt":"2024-10-26T21:33:39","guid":{"rendered":"http:\/\/lantadilla.ddns.net:82\/lantadilla\/?page_id=231"},"modified":"2025-12-28T02:39:00","modified_gmt":"2025-12-28T01:39:00","slug":"la-fuente","status":"publish","type":"page","link":"http:\/\/lantadilla.ddns.net\/lantadilla\/index.php\/la-fuente\/","title":{"rendered":"La Fuente"},"content":{"rendered":"\n<p>La fuente es otro de los lugares t\u00edpicos de Lantadilla. Ha sido lugar de reuni\u00f3n durante a\u00f1os (y generaciones), a cualquier hora del d\u00eda. Aunque siempre se ha advertido que la suya era \u00abAgua no tratada\u00bb, siempre ha sido bebida. La fuente es otro de los lugares del pueblo que ha sufrido una gran transformaci\u00f3n, esta primera foto muestra c\u00f3mo era la plaza hasta los a\u00f1os 80, con el m\u00edtico pil\u00f3n:<\/p>\n\n\n\n<figure class=\"wp-block-image size-full is-resized\"><img loading=\"lazy\" decoding=\"async\" width=\"271\" height=\"176\" src=\"http:\/\/lantadilla.ddns.net\/lantadilla\/wp-content\/uploads\/2025\/12\/rantfuen.jpg\" alt=\"Antigua fuente\" class=\"wp-image-2335\" style=\"width:663px;height:auto\"\/><\/figure>\n\n\n\n<p>En los a\u00f1os 90 la plaza de la fuente sufri\u00f3 su primera remodelaci\u00f3n, aunque el dep\u00f3sito y los ca\u00f1os segu\u00edan siendo los mismos, lo dem\u00e1s a cambi\u00f3 bastante. Adem\u00e1s de desaparecer el pil\u00f3n, toda la plaza fue asfaltada y en su centro se puso un seto con \u00e1rbol en su centro, como se puede apreciar en la siguiente foto, de un invierno cualquiera:<\/p>\n\n\n\n<figure class=\"wp-block-image size-full is-resized\"><img loading=\"lazy\" decoding=\"async\" width=\"271\" height=\"176\" src=\"http:\/\/lantadilla.ddns.net\/lantadilla\/wp-content\/uploads\/2025\/12\/fuente.jpg\" alt=\"Fuente actual\" class=\"wp-image-2337\" style=\"width:663px;height:auto\"\/><\/figure>\n\n\n\n<p>La \u00faltima remodelaci\u00f3n fue a finales de los 90, cuando el seto fue sustituido por un homenaje al lagar:<\/p>\n\n\n\n<figure class=\"wp-block-image size-full is-resized\"><img loading=\"lazy\" decoding=\"async\" width=\"512\" height=\"384\" src=\"http:\/\/lantadilla.ddns.net\/lantadilla\/wp-content\/uploads\/2025\/12\/fuente2.jpg\" alt=\"\" class=\"wp-image-2338\" style=\"width:663px;height:auto\" srcset=\"http:\/\/lantadilla.ddns.net\/lantadilla\/wp-content\/uploads\/2025\/12\/fuente2.jpg 512w, http:\/\/lantadilla.ddns.net\/lantadilla\/wp-content\/uploads\/2025\/12\/fuente2-300x225.jpg 300w\" sizes=\"auto, (max-width: 512px) 100vw, 512px\" \/><\/figure>\n\n\n\n<p>Ahora todo el conjunto se conoce como la \u00abPlaza de la Cernada\u00bb. Aunque ya no se puede saltar el pil\u00f3n, sigue siendo uno de los lugares m\u00e1s transitados de Lantadilla.<\/p>\n\n\n\n<div style=\"height:30px\" aria-hidden=\"true\" class=\"wp-block-spacer\"><\/div>\n\n\n\n<p><a href=\"http:\/\/lantadilla.ddns.net\/lantadilla\/index.php\/lugares\/\" data-type=\"link\" data-id=\"http:\/\/lantadilla.ddns.net:81\/lantadilla\/index.php\/lugares\/\">Volver a Lugares<\/a><\/p>\n","protected":false},"excerpt":{"rendered":"<p>La fuente es otro de los lugares t\u00edpicos de Lantadilla. Ha sido lugar de reuni\u00f3n durante a\u00f1os (y generaciones), a cualquier hora del d\u00eda. Aunque siempre se ha advertido que la suya era \u00abAgua no tratada\u00bb, siempre ha sido bebida. La fuente es otro de los lugares del pueblo que ha sufrido una gran transformaci\u00f3n, [&hellip;]<\/p>\n","protected":false},"author":1,"featured_media":0,"parent":0,"menu_order":0,"comment_status":"closed","ping_status":"closed","template":"","meta":{"footnotes":""},"class_list":["post-231","page","type-page","status-publish","hentry"],"_links":{"self":[{"href":"http:\/\/lantadilla.ddns.net\/lantadilla\/index.php\/wp-json\/wp\/v2\/pages\/231","targetHints":{"allow":["GET"]}}],"collection":[{"href":"http:\/\/lantadilla.ddns.net\/lantadilla\/index.php\/wp-json\/wp\/v2\/pages"}],"about":[{"href":"http:\/\/lantadilla.ddns.net\/lantadilla\/index.php\/wp-json\/wp\/v2\/types\/page"}],"author":[{"embeddable":true,"href":"http:\/\/lantadilla.ddns.net\/lantadilla\/index.php\/wp-json\/wp\/v2\/users\/1"}],"replies":[{"embeddable":true,"href":"http:\/\/lantadilla.ddns.net\/lantadilla\/index.php\/wp-json\/wp\/v2\/comments?post=231"}],"version-history":[{"count":4,"href":"http:\/\/lantadilla.ddns.net\/lantadilla\/index.php\/wp-json\/wp\/v2\/pages\/231\/revisions"}],"predecessor-version":[{"id":2375,"href":"http:\/\/lantadilla.ddns.net\/lantadilla\/index.php\/wp-json\/wp\/v2\/pages\/231\/revisions\/2375"}],"wp:attachment":[{"href":"http:\/\/lantadilla.ddns.net\/lantadilla\/index.php\/wp-json\/wp\/v2\/media?parent=231"}],"curies":[{"name":"wp","href":"https:\/\/api.w.org\/{rel}","templated":true}]}}