{"id":239,"date":"2024-10-27T00:06:46","date_gmt":"2024-10-26T22:06:46","guid":{"rendered":"http:\/\/lantadilla.ddns.net:82\/lantadilla\/?page_id=239"},"modified":"2025-12-28T02:40:49","modified_gmt":"2025-12-28T01:40:49","slug":"san-roque","status":"publish","type":"page","link":"http:\/\/lantadilla.ddns.net\/lantadilla\/index.php\/san-roque\/","title":{"rendered":"San Roque"},"content":{"rendered":"\n<p>La ermita de San Roque se levanta en un alto junto a la carretera que baja al puente, teniendo una vista privilegiada del r\u00edo Pisuerga a su paso por el puente, de los plant\u00edos, del parque \u00abLa Presa\u00bb y de la carretera que va hacia Palacios, raz\u00f3n por lo que siempre ha sido lugar de reuni\u00f3n y charla:<\/p>\n\n\n\n<figure class=\"wp-block-image size-full is-resized\"><img loading=\"lazy\" decoding=\"async\" width=\"640\" height=\"480\" src=\"http:\/\/lantadilla.ddns.net\/lantadilla\/wp-content\/uploads\/2025\/12\/sanroque5.jpg\" alt=\"Ermita de San Roque \" class=\"wp-image-2346\" style=\"width:663px;height:auto\" srcset=\"http:\/\/lantadilla.ddns.net\/lantadilla\/wp-content\/uploads\/2025\/12\/sanroque5.jpg 640w, http:\/\/lantadilla.ddns.net\/lantadilla\/wp-content\/uploads\/2025\/12\/sanroque5-300x225.jpg 300w\" sizes=\"auto, (max-width: 640px) 100vw, 640px\" \/><\/figure>\n\n\n\n<p>&nbsp;&nbsp;&nbsp;&nbsp;&nbsp; \u00c9sta es la segunda ermita del pueblo, adem\u00e1s de la de Nuestra Se\u00f1ora de Lantada, y se levant\u00f3 en honor de San Roque, cuya onom\u00e1stica se celebra el 16 de Agosto, raz\u00f3n por la que en esta fecha se celebra cada a\u00f1o una procesi\u00f3n desde el pueblo en honor del patr\u00f3n como parte de las celebraciones de las fiestas patronales, que lo son de la Virgen de Lantada y de San Roque:<\/p>\n\n\n\n<figure class=\"wp-block-image size-full is-resized\"><img loading=\"lazy\" decoding=\"async\" width=\"640\" height=\"480\" src=\"http:\/\/lantadilla.ddns.net\/lantadilla\/wp-content\/uploads\/2025\/12\/sanroque4.jpg\" alt=\"Entrada Sur de la ermita\" class=\"wp-image-2348\" style=\"width:663px;height:auto\" srcset=\"http:\/\/lantadilla.ddns.net\/lantadilla\/wp-content\/uploads\/2025\/12\/sanroque4.jpg 640w, http:\/\/lantadilla.ddns.net\/lantadilla\/wp-content\/uploads\/2025\/12\/sanroque4-300x225.jpg 300w\" sizes=\"auto, (max-width: 640px) 100vw, 640px\" \/><\/figure>\n\n\n\n<p>La ermita de San Roque es una sencilla construcci\u00f3n rectangular con un tejado a cuatro aguas y orientaci\u00f3n Oeste que ha permanecido pr\u00e1cticamente sin cambios durante toda su existencia. La edificaci\u00f3n original es de adobe y piedra, aunque posteriormente fue reforzada con ladrillo tambi\u00e9n.<\/p>\n\n\n\n<figure class=\"wp-block-image size-full is-resized\"><img loading=\"lazy\" decoding=\"async\" width=\"640\" height=\"480\" src=\"http:\/\/lantadilla.ddns.net\/lantadilla\/wp-content\/uploads\/2025\/12\/sanroque2.jpg\" alt=\"Laterales Sur y Oeste de la ermita\" class=\"wp-image-2349\" style=\"width:663px;height:auto\" srcset=\"http:\/\/lantadilla.ddns.net\/lantadilla\/wp-content\/uploads\/2025\/12\/sanroque2.jpg 640w, http:\/\/lantadilla.ddns.net\/lantadilla\/wp-content\/uploads\/2025\/12\/sanroque2-300x225.jpg 300w\" sizes=\"auto, (max-width: 640px) 100vw, 640px\" \/><\/figure>\n\n\n\n<p>Llama la atenci\u00f3n en la ermita la ausencia de ventanas en toda la construcci\u00f3n, teniendo \u00fanicamente una puerta en su lado oeste, que es por la que se suele acceder al interior del recinto, y otra en su lado sur, que suele permanecer cerrada.<\/p>\n\n\n\n<figure class=\"wp-block-image size-full is-resized\"><img loading=\"lazy\" decoding=\"async\" width=\"640\" height=\"480\" src=\"http:\/\/lantadilla.ddns.net\/lantadilla\/wp-content\/uploads\/2025\/12\/sanroque1.jpg\" alt=\"Lateral Oeste de la ermita\" class=\"wp-image-2350\" style=\"width:663px;height:auto\" srcset=\"http:\/\/lantadilla.ddns.net\/lantadilla\/wp-content\/uploads\/2025\/12\/sanroque1.jpg 640w, http:\/\/lantadilla.ddns.net\/lantadilla\/wp-content\/uploads\/2025\/12\/sanroque1-300x225.jpg 300w\" sizes=\"auto, (max-width: 640px) 100vw, 640px\" \/><\/figure>\n\n\n\n<p>La ermita de San Roque se sit\u00faa tambi\u00e9n cerca del cementerio, del que est\u00e1 separado por la acequia.<\/p>\n\n\n\n<div style=\"height:30px\" aria-hidden=\"true\" class=\"wp-block-spacer\"><\/div>\n\n\n\n<p><a href=\"http:\/\/lantadilla.ddns.net\/lantadilla\/index.php\/lugares\/\" data-type=\"link\" data-id=\"http:\/\/lantadilla.ddns.net:81\/lantadilla\/index.php\/lugares\/\">Volver a Lugares<\/a><\/p>\n","protected":false},"excerpt":{"rendered":"<p>La ermita de San Roque se levanta en un alto junto a la carretera que baja al puente, teniendo una vista privilegiada del r\u00edo Pisuerga a su paso por el puente, de los plant\u00edos, del parque \u00abLa Presa\u00bb y de la carretera que va hacia Palacios, raz\u00f3n por lo que siempre ha sido lugar de [&hellip;]<\/p>\n","protected":false},"author":1,"featured_media":0,"parent":0,"menu_order":0,"comment_status":"closed","ping_status":"closed","template":"","meta":{"footnotes":""},"class_list":["post-239","page","type-page","status-publish","hentry"],"_links":{"self":[{"href":"http:\/\/lantadilla.ddns.net\/lantadilla\/index.php\/wp-json\/wp\/v2\/pages\/239","targetHints":{"allow":["GET"]}}],"collection":[{"href":"http:\/\/lantadilla.ddns.net\/lantadilla\/index.php\/wp-json\/wp\/v2\/pages"}],"about":[{"href":"http:\/\/lantadilla.ddns.net\/lantadilla\/index.php\/wp-json\/wp\/v2\/types\/page"}],"author":[{"embeddable":true,"href":"http:\/\/lantadilla.ddns.net\/lantadilla\/index.php\/wp-json\/wp\/v2\/users\/1"}],"replies":[{"embeddable":true,"href":"http:\/\/lantadilla.ddns.net\/lantadilla\/index.php\/wp-json\/wp\/v2\/comments?post=239"}],"version-history":[{"count":4,"href":"http:\/\/lantadilla.ddns.net\/lantadilla\/index.php\/wp-json\/wp\/v2\/pages\/239\/revisions"}],"predecessor-version":[{"id":2379,"href":"http:\/\/lantadilla.ddns.net\/lantadilla\/index.php\/wp-json\/wp\/v2\/pages\/239\/revisions\/2379"}],"wp:attachment":[{"href":"http:\/\/lantadilla.ddns.net\/lantadilla\/index.php\/wp-json\/wp\/v2\/media?parent=239"}],"curies":[{"name":"wp","href":"https:\/\/api.w.org\/{rel}","templated":true}]}}