{"id":247,"date":"2024-10-27T00:22:04","date_gmt":"2024-10-26T22:22:04","guid":{"rendered":"http:\/\/lantadilla.ddns.net:82\/lantadilla\/?page_id=247"},"modified":"2025-12-28T02:39:58","modified_gmt":"2025-12-28T01:39:58","slug":"la-piscina","status":"publish","type":"page","link":"http:\/\/lantadilla.ddns.net\/lantadilla\/index.php\/la-piscina\/","title":{"rendered":"La Piscina"},"content":{"rendered":"\n<p>Desde mediados de loa a\u00f1os 90 el pueblo de Lantadilla disfruta de una piscina ubicada en las antiguas escuelas junto al parque. Las instalaciones disponen, adem\u00e1s de la propia zona de ba\u00f1o, de vestuarios separados para hombre y mujeres, ba\u00f1os tambi\u00e9n para ambos sexos, botiqu\u00edn, taquilla y dos zonas de c\u00e9sped para tomar el sol (o la sombra). Para acceder a la zona de ba\u00f1o hay que pasar por unas duchas al aire libre:<\/p>\n\n\n\n<figure class=\"wp-block-image size-full is-resized\"><img loading=\"lazy\" decoding=\"async\" width=\"512\" height=\"384\" src=\"http:\/\/lantadilla.ddns.net\/lantadilla\/wp-content\/uploads\/2025\/12\/piscina2.jpg\" alt=\"Piscina desde el cesped\" class=\"wp-image-2361\" style=\"width:663px;height:auto\" srcset=\"http:\/\/lantadilla.ddns.net\/lantadilla\/wp-content\/uploads\/2025\/12\/piscina2.jpg 512w, http:\/\/lantadilla.ddns.net\/lantadilla\/wp-content\/uploads\/2025\/12\/piscina2-300x225.jpg 300w\" sizes=\"auto, (max-width: 512px) 100vw, 512px\" \/><\/figure>\n\n\n\n<p>La piscina tiene unas dimensiones de unos 25 metros de largo por unos 15 de ancho, con una profundidad que va desde el metro en su zona menos profunda hasta 1,8 metros en la zona m\u00e1s profunda. La piscina est\u00e1 vigilada por un socorrista durante todo el tiempo que est\u00e1 abierta, que es durante los meses de Julio y Agosto en horario de 12:00 a 20:00 ininterrumpidamente. Las tarifas de acceso al recinto son de 3 \u20ac para los adultos y 2 \u20ac para los ni\u00f1os, existiendo tambi\u00e9n bonos para todo el verano de 50 y 40 \u20ac respectivamente.<\/p>\n\n\n\n<figure class=\"wp-block-image size-full is-resized\"><img loading=\"lazy\" decoding=\"async\" width=\"512\" height=\"384\" src=\"http:\/\/lantadilla.ddns.net\/lantadilla\/wp-content\/uploads\/2025\/12\/piscina1.jpg\" alt=\"Antiguas calles de la piscina\" class=\"wp-image-2363\" style=\"width:663px;height:auto\" srcset=\"http:\/\/lantadilla.ddns.net\/lantadilla\/wp-content\/uploads\/2025\/12\/piscina1.jpg 512w, http:\/\/lantadilla.ddns.net\/lantadilla\/wp-content\/uploads\/2025\/12\/piscina1-300x225.jpg 300w\" sizes=\"auto, (max-width: 512px) 100vw, 512px\" \/><\/figure>\n\n\n\n<p>&nbsp;La piscina dispone tambi\u00e9n de un bar que se asigna por subasta al comienzo del verano, y que da servicio durante los dos meses que est\u00e1 abierta tanto hacia adentro del recinto como hacia la calle, donde se suele instalar una terraza que hace del lugar un punto de reuni\u00f3n para todo el pueblo durante todo el d\u00eda y especialmente desde que se cierran las piscinas y hasta la hora de cenar.<\/p>\n\n\n\n<figure class=\"wp-block-image size-full is-resized\"><img loading=\"lazy\" decoding=\"async\" width=\"512\" height=\"384\" src=\"http:\/\/lantadilla.ddns.net\/lantadilla\/wp-content\/uploads\/2025\/12\/piscina3.jpg\" alt=\"Piscina desde el cesped\" class=\"wp-image-2364\" style=\"width:663px;height:auto\" srcset=\"http:\/\/lantadilla.ddns.net\/lantadilla\/wp-content\/uploads\/2025\/12\/piscina3.jpg 512w, http:\/\/lantadilla.ddns.net\/lantadilla\/wp-content\/uploads\/2025\/12\/piscina3-300x225.jpg 300w\" sizes=\"auto, (max-width: 512px) 100vw, 512px\" \/><\/figure>\n\n\n\n<p>En las piscinas se llevan a cabo competiciones de nataci\u00f3n para todas las edades la tarde del 14 de Agosto, como pistoletazo de salida de las fiestas patronales.<\/p>\n\n\n\n<div style=\"height:30px\" aria-hidden=\"true\" class=\"wp-block-spacer\"><\/div>\n\n\n\n<p><a href=\"http:\/\/lantadilla.ddns.net\/lantadilla\/index.php\/lugares\/\" data-type=\"link\" data-id=\"http:\/\/lantadilla.ddns.net:81\/lantadilla\/index.php\/lugares\/\">Volver a Lugares<\/a><\/p>\n","protected":false},"excerpt":{"rendered":"<p>Desde mediados de loa a\u00f1os 90 el pueblo de Lantadilla disfruta de una piscina ubicada en las antiguas escuelas junto al parque. Las instalaciones disponen, adem\u00e1s de la propia zona de ba\u00f1o, de vestuarios separados para hombre y mujeres, ba\u00f1os tambi\u00e9n para ambos sexos, botiqu\u00edn, taquilla y dos zonas de c\u00e9sped para tomar el sol [&hellip;]<\/p>\n","protected":false},"author":1,"featured_media":0,"parent":0,"menu_order":0,"comment_status":"closed","ping_status":"closed","template":"","meta":{"footnotes":""},"class_list":["post-247","page","type-page","status-publish","hentry"],"_links":{"self":[{"href":"http:\/\/lantadilla.ddns.net\/lantadilla\/index.php\/wp-json\/wp\/v2\/pages\/247","targetHints":{"allow":["GET"]}}],"collection":[{"href":"http:\/\/lantadilla.ddns.net\/lantadilla\/index.php\/wp-json\/wp\/v2\/pages"}],"about":[{"href":"http:\/\/lantadilla.ddns.net\/lantadilla\/index.php\/wp-json\/wp\/v2\/types\/page"}],"author":[{"embeddable":true,"href":"http:\/\/lantadilla.ddns.net\/lantadilla\/index.php\/wp-json\/wp\/v2\/users\/1"}],"replies":[{"embeddable":true,"href":"http:\/\/lantadilla.ddns.net\/lantadilla\/index.php\/wp-json\/wp\/v2\/comments?post=247"}],"version-history":[{"count":4,"href":"http:\/\/lantadilla.ddns.net\/lantadilla\/index.php\/wp-json\/wp\/v2\/pages\/247\/revisions"}],"predecessor-version":[{"id":2377,"href":"http:\/\/lantadilla.ddns.net\/lantadilla\/index.php\/wp-json\/wp\/v2\/pages\/247\/revisions\/2377"}],"wp:attachment":[{"href":"http:\/\/lantadilla.ddns.net\/lantadilla\/index.php\/wp-json\/wp\/v2\/media?parent=247"}],"curies":[{"name":"wp","href":"https:\/\/api.w.org\/{rel}","templated":true}]}}