{"id":290,"date":"2024-10-27T19:08:24","date_gmt":"2024-10-27T18:08:24","guid":{"rendered":"http:\/\/lantadilla.ddns.net:82\/lantadilla\/?page_id=290"},"modified":"2025-12-28T18:02:34","modified_gmt":"2025-12-28T17:02:34","slug":"libro-de-visitas","status":"publish","type":"page","link":"http:\/\/lantadilla.ddns.net\/lantadilla\/index.php\/libro-de-visitas\/","title":{"rendered":"Libro de visitas"},"content":{"rendered":"\n<p>En esta secci\u00f3n pod\u00e9is leer el libro de visitas de la p\u00e1gina de Lantadilla, o bien pod\u00e9is firmar en \u00e9l. De esta manera podr\u00e9is hacernos llegar vuestras cr\u00ed\u00adticas, comentarios, sugerencias, ideas,&#8230;, lo que quieras. Eso s\u00ed, hag\u00e1moslo con respeto, evitemos usar el libro de visitas para atacar o molestar a otros \ud83d\ude42 . Nosotros os agradecemos todos vuestros comentarios, esperamos vuestras noticias.<\/p>\n\n\n\n<div style=\"height:30px\" aria-hidden=\"true\" class=\"wp-block-spacer\"><\/div>\n\n\n\n<p>Pod\u00e9is firmar el libro de visitas en el siguiente enlace:<\/p>\n\n\n\n<p>\u00a0\u00a0\u00a0\u00a0\u00a0\u00a0\u00a0<a href=\"http:\/\/lantadilla.ddns.net\/lantadilla\/index.php\/firmar-el-libro-de-visitas\/\" data-type=\"link\" data-id=\"http:\/\/lantadilla.ddns.net:81\/lantadilla\/index.php\/firmar-el-libro-de-visitas\/\">Firmar el libro de visitas<\/a><\/p>\n\n\n\n<div style=\"height:30px\" aria-hidden=\"true\" class=\"wp-block-spacer\"><\/div>\n\n\n\n<p>Para leer los libros de visita antiguos pod\u00e9is usar los siguientes enlaces:&nbsp;<\/p>\n\n\n\n<p>\u00a0\u00a0\u00a0\u00a0\u00a0\u00a0\u00a0<a href=\"http:\/\/lantadilla.ddns.net\/lantadilla\/index.php\/primer-libro-de-visitas\/\">Primer libro de visitas (17 Diciembre 1997 &#8211; 22 Abril 1998)<\/a><\/p>\n\n\n\n<p>\u00a0\u00a0\u00a0\u00a0\u00a0\u00a0\u00a0<a href=\"http:\/\/lantadilla.ddns.net\/lantadilla\/index.php\/segundo-libro-de-visitas\/\">Segundo libro de visitas (22 Abril 1998 &#8211; 19 Febrero 1999)<\/a><\/p>\n\n\n\n<p>\u00a0\u00a0\u00a0\u00a0\u00a0\u00a0\u00a0<a href=\"http:\/\/lantadilla.ddns.net\/lantadilla\/index.php\/tercer-libro-de-visitas\/\">Tercer libro de visitas (25 Febrero 1999 &#8211; 6 Abril 2000)<\/a><\/p>\n\n\n\n<p>\u00a0\u00a0\u00a0\u00a0\u00a0\u00a0\u00a0<a href=\"http:\/\/lantadilla.ddns.net\/lantadilla\/index.php\/cuarto-libro-de-visitas\/\">Cuarto libro de visitas (9 Abril 2000 &#8211; 25 Diciembre 2000)<\/a><\/p>\n\n\n\n<p>\u00a0\u00a0\u00a0\u00a0\u00a0\u00a0\u00a0<a href=\"http:\/\/lantadilla.ddns.net\/lantadilla\/index.php\/quinto-libro-de-visitas\/\">Quinto libro de visitas (5 Abril 2001 &#8211; 16 Diciembre 2001)<\/a><\/p>\n\n\n\n<p>\u00a0\u00a0\u00a0\u00a0\u00a0\u00a0\u00a0<a href=\"http:\/\/lantadilla.ddns.net\/lantadilla\/index.php\/sexto-libro-de-visitas\/\">Sexto libro de visitas (16 Diciembre 2001 &#8211; 25 Septiembre 2002)<\/a><\/p>\n\n\n\n<p>\u00a0 \u00a0\u00a0\u00a0\u00a0\u00a0<a href=\"http:\/\/lantadilla.ddns.net\/lantadilla\/index.php\/septimo-libro-de-visitas\/\">S\u00e9ptimo libro de visitas (27 Septiembre 2002 &#8211; 26 Mayo 2003)<\/a><\/p>\n\n\n\n<p>\u00a0\u00a0\u00a0\u00a0\u00a0\u00a0\u00a0<a href=\"http:\/\/lantadilla.ddns.net\/lantadilla\/index.php\/octavo-libro-de-visitas\/\">Octavo libro de visitas (29 Mayo 2003 &#8211; 28 Junio 2004)<\/a><\/p>\n\n\n\n<p>\u00a0 \u00a0 \u00a0\u00a0\u00a0<a href=\"http:\/\/lantadilla.ddns.net\/lantadilla\/index.php\/noveno-libro-de-visitas\/\">Noveno libro de visitas (12 Agosto 2004 &#8211; 28 Julio 2005)<\/a><\/p>\n\n\n\n<p>\u00a0 \u00a0 \u00a0\u00a0\u00a0<a href=\"http:\/\/lantadilla.ddns.net\/lantadilla\/index.php\/decimo-libro-de-visitas\/\">D\u00e9cimo libro de visitas (28 Septiembre 2005 &#8211; 28 Enero 2007)<\/a><\/p>\n\n\n\n<p>\u00a0 \u00a0 \u00a0\u00a0\u00a0<a href=\"http:\/\/lantadilla.ddns.net\/lantadilla\/index.php\/undecimo-libro-de-visitas\/\">Und\u00e9cimo libro de visitas (29 Marzo 2007 &#8211; 24 Julio 2007)<\/a><\/p>\n\n\n\n<p>\u00a0 \u00a0 \u00a0\u00a0\u00a0<a href=\"http:\/\/lantadilla.ddns.net\/lantadilla\/index.php\/duodecimo-libro-de-visitas\/\">Duod\u00e9cimo libro de visitas (05 Febrero 2007 &#8211; 25 Junio 2008)<\/a><\/p>\n\n\n\n<p>\u00a0 \u00a0 \u00a0\u00a0\u00a0<a href=\"http:\/\/lantadilla.ddns.net\/lantadilla\/index.php\/decimotercer-libro-de-visitas\/\">Decimotercer libro de visitas (29 junio 2008 &#8211; 13 Diciembre 2008)<\/a><\/p>\n\n\n\n<p>\u00a0 \u00a0 \u00a0\u00a0\u00a0<a href=\"http:\/\/lantadilla.ddns.net\/lantadilla\/index.php\/decimocuarto-libro-de-visitas\/\">Decimocuarto libro de visitas (21 Enero 2009 &#8211; 17 Enero 2010)<\/a><\/p>\n\n\n\n<p>\u00a0 \u00a0 \u00a0\u00a0\u00a0<a href=\"http:\/\/lantadilla.ddns.net\/lantadilla\/index.php\/decimoquinto-libro-de-visitas\/\">Decimoquinto libro de visitas (02 Febrero 2010 &#8211; 22 Agosto 2010)<\/a><\/p>\n\n\n\n<p>\u00a0 \u00a0 \u00a0\u00a0\u00a0<a href=\"http:\/\/lantadilla.ddns.net\/lantadilla\/index.php\/decimosexto-libro-de-visitas\/\">Decimosexto libro de visitas (20 Septiembre 2010 &#8211; 23 Marzo 2011)<\/a><\/p>\n\n\n\n<p>\u00a0 \u00a0 \u00a0\u00a0\u00a0<a href=\"http:\/\/lantadilla.ddns.net\/lantadilla\/index.php\/decimoseptimo-libro-de-visitas\/\">Decimos\u00e9ptimo libro de visitas (07 Abril 2011 &#8211; 02 Noviembre 2016)<\/a><\/p>\n\n\n\n<p><br><\/p>\n\n\n\n<p>&nbsp;&nbsp; Si lo prefiers, tambi\u00e9n puedes mandarnos un correo a la siguiente direcci\u00f3n: &nbsp;<\/p>\n\n\n\n<p>&nbsp;&nbsp;&nbsp;&nbsp;&nbsp;&nbsp;&nbsp;&nbsp;&nbsp;<a href=\"mailto:lantadilla@hotmail.com\">lantadilla@hotmail.com<\/a><\/p>\n","protected":false},"excerpt":{"rendered":"<p>En esta secci\u00f3n pod\u00e9is leer el libro de visitas de la p\u00e1gina de Lantadilla, o bien pod\u00e9is firmar en \u00e9l. De esta manera podr\u00e9is hacernos llegar vuestras cr\u00ed\u00adticas, comentarios, sugerencias, ideas,&#8230;, lo que quieras. Eso s\u00ed, hag\u00e1moslo con respeto, evitemos usar el libro de visitas para atacar o molestar a otros \ud83d\ude42 . Nosotros os [&hellip;]<\/p>\n","protected":false},"author":1,"featured_media":0,"parent":0,"menu_order":0,"comment_status":"closed","ping_status":"closed","template":"","meta":{"footnotes":""},"class_list":["post-290","page","type-page","status-publish","hentry"],"_links":{"self":[{"href":"http:\/\/lantadilla.ddns.net\/lantadilla\/index.php\/wp-json\/wp\/v2\/pages\/290","targetHints":{"allow":["GET"]}}],"collection":[{"href":"http:\/\/lantadilla.ddns.net\/lantadilla\/index.php\/wp-json\/wp\/v2\/pages"}],"about":[{"href":"http:\/\/lantadilla.ddns.net\/lantadilla\/index.php\/wp-json\/wp\/v2\/types\/page"}],"author":[{"embeddable":true,"href":"http:\/\/lantadilla.ddns.net\/lantadilla\/index.php\/wp-json\/wp\/v2\/users\/1"}],"replies":[{"embeddable":true,"href":"http:\/\/lantadilla.ddns.net\/lantadilla\/index.php\/wp-json\/wp\/v2\/comments?post=290"}],"version-history":[{"count":17,"href":"http:\/\/lantadilla.ddns.net\/lantadilla\/index.php\/wp-json\/wp\/v2\/pages\/290\/revisions"}],"predecessor-version":[{"id":2415,"href":"http:\/\/lantadilla.ddns.net\/lantadilla\/index.php\/wp-json\/wp\/v2\/pages\/290\/revisions\/2415"}],"wp:attachment":[{"href":"http:\/\/lantadilla.ddns.net\/lantadilla\/index.php\/wp-json\/wp\/v2\/media?parent=290"}],"curies":[{"name":"wp","href":"https:\/\/api.w.org\/{rel}","templated":true}]}}