{"id":309,"date":"2024-11-09T20:58:01","date_gmt":"2024-11-09T19:58:01","guid":{"rendered":"http:\/\/lantadilla.ddns.net:82\/lantadilla\/?page_id=309"},"modified":"2025-12-28T18:07:51","modified_gmt":"2025-12-28T17:07:51","slug":"prensa","status":"publish","type":"page","link":"http:\/\/lantadilla.ddns.net\/lantadilla\/index.php\/prensa\/","title":{"rendered":"Prensa"},"content":{"rendered":"\n<p>En esta secci\u00f3n recogemos apariciones curiosas en prensa sobre el pueblo de Lantadilla. Si ten\u00e9is noticias de alg\u00fan art\u00edculo que se publique relacionado con Lantadilla o con gente de Lantadilla, no dudes en hac\u00e9rnoslo llegar.<\/p>\n\n\n\n<p>Para abrir esta secci\u00f3n, empezaremos con un art\u00edculo aparecido en el Norte de Castilla del domingo 5 de Agosto de 2007, precisamente sobre esta p\u00e1gina web:<\/p>\n\n\n\n<p>&nbsp;&nbsp;&nbsp;&nbsp;&nbsp;&nbsp;&nbsp;<a onclick=\"javascript: window.open('http:\/\/lantadilla.ddns.net\/lantadilla\/FILES\/Prensa\/Web\/hotmail_20070805.html', '', 'toolbar=no,location=no,status=no,menubar=no,scrollbars=yes,resizable=yes,width=1060,height=950'); return false\" href=\"#\">El Norte de Castilla&nbsp;&nbsp; (5 de Agosto de 2007)<\/a><\/p>\n\n\n\n<p>&nbsp;&nbsp; Y a continuaci\u00f3n algunas noticias sobre el pueblo:<\/p>\n\n\n\n<p>&nbsp;&nbsp;&nbsp;&nbsp;&nbsp;&nbsp;&nbsp;<a href=\"#\" onclick=\"javascript: window.open('http:\/\/lantadilla.ddns.net\/lantadilla\/FILES\/Prensa\/Rosina\/vecinos-rinden-homenaje-centenaria-20081020.html', '', 'toolbar=no,location=no,status=no,menubar=no,scrollbars=yes,resizable=yes,width=1060,height=950'); return false\">Homenaje a Rosina Rodr\u00edguez en su 100 cumplea\u00f1os&nbsp;&nbsp; (20 de Octubre de 2008)<\/a>\n<\/p>\n\n\n\n<p>&nbsp;&nbsp;&nbsp;&nbsp;&nbsp;&nbsp;&nbsp;<a href=\"#\" onclick=\"javascript: window.open('http:\/\/lantadilla.ddns.net\/lantadilla\/FILES\/Prensa\/Celina\/siempre-vendiendo-sonrisas-20100829.html', '', 'toolbar=no,location=no,status=no,menubar=no,scrollbars=yes,resizable=yes,width=1060,height=950'); return false\">Celina, siempre vendiendo sonrisas &nbsp; (29 de Agosto de 2010)<\/a>\n<\/p>\n\n\n\n<p>&nbsp;&nbsp;&nbsp;&nbsp;&nbsp;&nbsp;&nbsp;<a href=\"#\" onclick=\"javascript: window.open('http:\/\/lantadilla.ddns.net\/lantadilla\/FILES\/Prensa\/Ines\/flores-inseparables-20100804.html', '', 'toolbar=no,location=no,status=no,menubar=no,scrollbars=yes,resizable=yes,width=1060,height=950'); return false\">In\u00e9s y Tin\u00edn, dos flores inseparables &nbsp; (4 de Agosto de 2010)<\/a>\n<\/p>\n\n\n\n<p>Esperamos ir a\u00f1adiendo nuevas  noticias en esta secci\u00f3n.<\/p>\n","protected":false},"excerpt":{"rendered":"<p>En esta secci\u00f3n recogemos apariciones curiosas en prensa sobre el pueblo de Lantadilla. Si ten\u00e9is noticias de alg\u00fan art\u00edculo que se publique relacionado con Lantadilla o con gente de Lantadilla, no dudes en hac\u00e9rnoslo llegar. Para abrir esta secci\u00f3n, empezaremos con un art\u00edculo aparecido en el Norte de Castilla del domingo 5 de Agosto de [&hellip;]<\/p>\n","protected":false},"author":1,"featured_media":0,"parent":0,"menu_order":0,"comment_status":"closed","ping_status":"closed","template":"","meta":{"footnotes":""},"class_list":["post-309","page","type-page","status-publish","hentry"],"_links":{"self":[{"href":"http:\/\/lantadilla.ddns.net\/lantadilla\/index.php\/wp-json\/wp\/v2\/pages\/309","targetHints":{"allow":["GET"]}}],"collection":[{"href":"http:\/\/lantadilla.ddns.net\/lantadilla\/index.php\/wp-json\/wp\/v2\/pages"}],"about":[{"href":"http:\/\/lantadilla.ddns.net\/lantadilla\/index.php\/wp-json\/wp\/v2\/types\/page"}],"author":[{"embeddable":true,"href":"http:\/\/lantadilla.ddns.net\/lantadilla\/index.php\/wp-json\/wp\/v2\/users\/1"}],"replies":[{"embeddable":true,"href":"http:\/\/lantadilla.ddns.net\/lantadilla\/index.php\/wp-json\/wp\/v2\/comments?post=309"}],"version-history":[{"count":26,"href":"http:\/\/lantadilla.ddns.net\/lantadilla\/index.php\/wp-json\/wp\/v2\/pages\/309\/revisions"}],"predecessor-version":[{"id":2417,"href":"http:\/\/lantadilla.ddns.net\/lantadilla\/index.php\/wp-json\/wp\/v2\/pages\/309\/revisions\/2417"}],"wp:attachment":[{"href":"http:\/\/lantadilla.ddns.net\/lantadilla\/index.php\/wp-json\/wp\/v2\/media?parent=309"}],"curies":[{"name":"wp","href":"https:\/\/api.w.org\/{rel}","templated":true}]}}