{"id":338,"date":"2024-11-10T01:26:21","date_gmt":"2024-11-10T00:26:21","guid":{"rendered":"http:\/\/lantadilla.ddns.net:82\/lantadilla\/?page_id=338"},"modified":"2024-11-10T01:26:21","modified_gmt":"2024-11-10T00:26:21","slug":"cuarto-libro-de-visitas","status":"publish","type":"page","link":"http:\/\/lantadilla.ddns.net\/lantadilla\/index.php\/cuarto-libro-de-visitas\/","title":{"rendered":"Cuarto libro de visitas"},"content":{"rendered":"\n<p>(09\/04\/2000 &#8211; 25\/12\/2000)<\/p>\n\n\n\n<div style=\"height:50px\" aria-hidden=\"true\" class=\"wp-block-spacer\"><\/div>\n\n\n\n<p><strong>Fernando y Rafa<\/strong>&nbsp;&#8211; 12\/25\/00 18:23:52<br><strong>My Email:<\/strong><a href=\"mailto:decopull@inditex.com\">decopull@inditex.com<\/a><br><strong>Desde d\u00f3nde escribes?:<\/strong>&nbsp;A Coru\u00f1a<br><strong>C\u00f3mo has llegado a esta p\u00e1gina?:<\/strong>&nbsp;Ejem!!!!<\/p>\n\n\n\n<p><strong>Comments:<\/strong><br>FELICES FIESTAS A TODOS LOS LANTADILLENSES Y AMIGOS DE NUESTRO PUEBLO!! QUE EL A\u00d1O QUE ENTRA SEA TAN NOVEDOSO Y BUENO COMO SE MERECE EL ESTRENAR UN NUEVO SIGLO Y MILENIO&#8230;. BESOS Y SALUDOS. P.D.: MUY PRONTO ACTUALIZAREMOS LANTADILLAHOMEPAGE, CON MUCHAS NOVEDADES. ESTAR ATENTOS&#8230;.<br><img decoding=\"async\" src=\"http:\/\/www.geocities.com\/pictures\/icons\/lines\/blue_thin_line_2.gif\" alt=\"\"><br><strong>Javi (LE\u00d3N)<\/strong>&nbsp;&#8211; 12\/25\/00 17:05:27<br><strong>My Email:<\/strong>&nbsp;<a href=\"mailto:javilage@yahoo.com\">javilage@yahoo.com<\/a><br><strong>Edad:<\/strong>&nbsp;uf!<br><strong>Desde d\u00f3nde escribes?:<\/strong>&nbsp;Le\u00f3n<br><strong>C\u00f3mo has llegado a esta p\u00e1gina?:<\/strong>&nbsp;Como siempre<\/p>\n\n\n\n<p><strong>Comments:<\/strong><br>OS DESEO UNAS FELICES FIESTAS A TODOS Y UN FELIZ A\u00d1O NUEVO 2001!!!.(Quien lo iba a decil&#8230;ya paso el 2000).(Saludos INES!!).Noticia:A Rafa le a tocado la loteria en Segovia.\u00a1Que invite a copas!<br><img decoding=\"async\" src=\"http:\/\/www.geocities.com\/pictures\/icons\/lines\/blue_thin_line_2.gif\" alt=\"\"><br><strong>Angelin(el de Lumi)<\/strong>&nbsp;&#8211; 11\/20\/00 19:07:13<br><strong>Edad:<\/strong>&nbsp;17 a\u00f1os<br><strong>Desde d\u00f3nde escribes?:<\/strong>&nbsp;Desde es arbol de las manporras<br><strong>C\u00f3mo has llegado a esta p\u00e1gina?:<\/strong>&nbsp;Me lo dijo mi abuelo Lumi<\/p>\n\n\n\n<p><strong>Comments:<\/strong><br>La verdad es que me gusta Ana Rosa su sonrisa, su caracter, su forma de ser la comvierten en el amor de mi vida y que todo el mundo se entere \u00a1 \u00abel dia menos pensado nos casamos\u00bb Ana te quiero siempre e deseado besarte en la Barbilla.<br><img decoding=\"async\" src=\"http:\/\/www.geocities.com\/pictures\/icons\/lines\/blue_thin_line_2.gif\" alt=\"\"><br><strong>Javier (Resa.-K)<\/strong>&nbsp;&#8211; 11\/20\/00 11:07:09<br><strong>Edad:<\/strong>&nbsp;16<br><strong>Desde d\u00f3nde escribes?:<\/strong>&nbsp;Desde el Club<br><strong>C\u00f3mo has llegado a esta p\u00e1gina?:<\/strong>&nbsp;Buscando en lantadilla<\/p>\n\n\n\n<p><strong>Comments:<\/strong><br>Si nunca habeis ido a las fiesta de Lantadilla a que Ostias esperais son las mejores fiestas lo malo es que coinciden con las de Melgar y nos Joden pero aun asi el pueblo siempre esta hasta los Cojones. Firma Javier. \u00a1\u00a1\u00a1\u00a1\u00a1aaHHHHH!!!!! la mejor pe\u00f1a es la esa-k donde podras encontrar Vodka a tutiplen eso si sin pagar un duro.<br><img decoding=\"async\" src=\"http:\/\/www.geocities.com\/pictures\/icons\/lines\/blue_thin_line_2.gif\" alt=\"\"><br><strong>Gonza<\/strong>&nbsp;&#8211; 10\/31\/00 22:59:00<br><strong>Edad:<\/strong>&nbsp;24<br><strong>Desde d\u00f3nde escribes?:<\/strong>&nbsp;Madrid<br><strong>C\u00f3mo has llegado a esta p\u00e1gina?:<\/strong>&nbsp;Por CJ<\/p>\n\n\n\n<p><strong>Comments:<\/strong><br>Me ha obligado a visitar esta p\u00e1gina&#8230;que quieres vivo en su casa\u00a1\u00a1\u00a1\u00a1<br><img decoding=\"async\" src=\"http:\/\/www.geocities.com\/pictures\/icons\/lines\/blue_thin_line_2.gif\" alt=\"\"><br><strong>Gonza<\/strong>&nbsp;&#8211; 10\/31\/00 22:58:35<br><strong>Edad:<\/strong>&nbsp;24<br><strong>Desde d\u00f3nde escribes?:<\/strong>&nbsp;Madrid<br><strong>C\u00f3mo has llegado a esta p\u00e1gina?:<\/strong>&nbsp;Por CJ<\/p>\n\n\n\n<p><strong>Comments:<\/strong><br>Me ha obligado a visitar esta p\u00e1gina&#8230;que quieres vivo en su casa\u00a1\u00a1\u00a1\u00a1<br><img decoding=\"async\" src=\"http:\/\/www.geocities.com\/pictures\/icons\/lines\/blue_thin_line_2.gif\" alt=\"\"><br><strong>roberto<\/strong>&nbsp;&#8211; 10\/24\/00 06:44:33<br><strong>Edad:<\/strong>&nbsp;24<br><strong>Desde d\u00f3nde escribes?:<\/strong>&nbsp;vitoria<br><strong>C\u00f3mo has llegado a esta p\u00e1gina?:<\/strong>&nbsp;los hazares de la vida<\/p>\n\n\n\n<p><strong>Comments:<\/strong><br>hola fernando no se si sabes quien soy roberto de vitoria ese deportivo alaves y deportivo de la coru\u00f1a me da por poner lantadilla y sale la pagina de los licores y esta que es una BOMBA , desde mi condicion de fotografo si algun dia quieres mi ayuda toda tuya un saludo desde gasteiz vitoria<br><img decoding=\"async\" src=\"http:\/\/www.geocities.com\/pictures\/icons\/lines\/blue_thin_line_2.gif\" alt=\"\"><br><strong>Gustavo<\/strong>&nbsp;&#8211; 10\/10\/00 10:07:59<br><strong>My Email:<\/strong>&nbsp;<a href=\"mailto:gusnabo@hotmail.com\">gusnabo@hotmail.com<\/a><br><strong>Edad:<\/strong>&nbsp;24<br><strong>Desde d\u00f3nde escribes?:<\/strong>&nbsp;Atenas<br><strong>C\u00f3mo has llegado a esta p\u00e1gina?:<\/strong>&nbsp;Naufragando por intenne<\/p>\n\n\n\n<p><strong>Comments:<\/strong><br>Que es esto de your comments? Donde esta Lantadilla, en la orilla del Tamesis? Bueno, un saludo a tod@s los que lean esto (si es que los hay) y este verano cuando vaya para alla ya os contare mis aventuras en Atenas, que un ano da mucho de si (no penseis al, es que no hay ene, estos jodidos angloparlantes), lo dicho un saludo y hasta agosto.<br><img decoding=\"async\" src=\"http:\/\/www.geocities.com\/pictures\/icons\/lines\/blue_thin_line_2.gif\" alt=\"\"><br><strong>japm<\/strong>&nbsp;&#8211; 09\/25\/00 12:41:04<br><strong>My Email:<\/strong>&nbsp;<a href=\"mailto:japayo@hotmail.com\">japayo@hotmail.com<\/a><\/p>\n\n\n\n<p><strong>Comments:<\/strong><br>RAFITA NO SE SI PASASTE DE MI, QUE ESTAS MUY OCUPADO CON &#8230;&#8230; O QUE MI DIRECCION DE CORREO DE TERRA COMO TODO LO DE TELEFONICA FUNCIONA A MEDIAS, EL CASO ES QUE COMO NO ME CONTESTAS TE PASO MI DIRECCION DE HOTMAIL, CONTESTAME Y ME CUENTAS COMO VA TU VID COMPLETAMENTE DESCONOCIDA PARA MI. UN BESO O DOS.<br><img decoding=\"async\" src=\"http:\/\/www.geocities.com\/pictures\/icons\/lines\/blue_thin_line_2.gif\" alt=\"\"><br><strong>La Vallarna.<\/strong>&nbsp;&#8211; 09\/22\/00 09:04:28<br><strong>My Email:<\/strong>&nbsp;<a href=\"mailto:valli@hojalantada.com\">valli@hojalantada.com<\/a><br><strong>Edad:<\/strong>&nbsp;Buf! Ni yo lo s\u00e9.<br><strong>C\u00f3mo has llegado a esta p\u00e1gina?:<\/strong>&nbsp;Fluyendo.<\/p>\n\n\n\n<p><strong>Comments:<\/strong><br>Creo que sin contertulio no me viene la inspiraci\u00f3n, aunque pens\u00e1ndolo bien ya estoy un poco harta de aguantar esas sopor\u00edferas conversaciones a las que me tiene sometida. Porque soy un r\u00edo (permitanme la licencia) y no me puedo mover que si no&#8230; me ibai a encontrar pasando por Amusco y no por los campos de Lantadilla. Saludos para mis amigos el Pisuerga, el Odra y una abrazo para el cu\u00e9rnago.<br><img decoding=\"async\" src=\"http:\/\/www.geocities.com\/pictures\/icons\/lines\/blue_thin_line_2.gif\" alt=\"\"><br><strong>Un ferroviario lantadillense<\/strong>&nbsp;&#8211; 09\/22\/00 08:58:23<br><strong>My URL:<\/strong><a href=\"http:\/\/www.geocities.com\/lantadilla97\/www.trenecitopupu.com\">www.trenecitopupu.com<\/a><br><strong>My Email:<\/strong>&nbsp;<a href=\"mailto:unferroviariolantadillense@punto.com\">unferroviariolantadillense@punto.com<\/a><br><strong>Edad:<\/strong>&nbsp;&#8230;me llevo dos&#8230; taitantos.<br><strong>Desde d\u00f3nde escribes?:<\/strong>&nbsp;Desde al and\u00e9n de una vieja estaci\u00f3n.<br><strong>C\u00f3mo has llegado a esta p\u00e1gina?:<\/strong>&nbsp;Por la v\u00eda.<\/p>\n\n\n\n<p><strong>Comments:<\/strong><br>Quisiera enviar un saludo a todos\/as los lantadillenses y en especial a los creadores de esta maravillosa p\u00e1gina que permitir\u00e1 a Lantadilla llegar hasta lo m\u00e1s profundo de los corazones de aquellos que por uno u otro motivo se encuentran lejos de su (nues ra) tierra y no podr\u00e1n disfrutar de la paz y el sosiego de nuestro pueblo, de la alegr\u00eda y la humildad de sus gentes y de la armon\u00eda y la tolerancia en su diario vivir. Quisiera pediros, tambi\u00e9n, que aunque nos hallemos, queridos amigos, en los albores de la nueva era tecnol\u00f3gica no dejeis de hojear, de vez en cuando, nuestra querid\u00edsima hoja de Lantada. Un saludo, Gonzalo.<br><img decoding=\"async\" src=\"http:\/\/www.geocities.com\/pictures\/icons\/lines\/blue_thin_line_2.gif\" alt=\"\"><br><strong>Gonzalo<\/strong>&nbsp;&#8211; 09\/21\/00 15:33:54<\/p>\n\n\n\n<p><strong>Comments:<\/strong><br>Amigo Luisma, entre otros, es muy dificil concentrar toda una hora de charla sobre el origen de Jesulin , pero se podria resumir en que como este hombre no segregaba lubricacion propia tenia que utilizar otro tipo, pero como bien dijo Jesus , no vale la g seosa como lubricante. Ahora os aconsejo que pidais la colaboracion de Jesus para que esta pagina tenga mucho mas gancho del que tiene, y meter alguna de sus interminables historias.<br><img decoding=\"async\" src=\"http:\/\/www.geocities.com\/pictures\/icons\/lines\/blue_thin_line_2.gif\" alt=\"\"><br><strong>krmncita,-ita<\/strong>&nbsp;&#8211; 09\/21\/00 15:23:47<br><strong>My Email:<\/strong>&nbsp;<a href=\"mailto:krmnxi@hotmail.com\">krmnxi@hotmail.com<\/a><br><strong>Edad:<\/strong>&nbsp;18<br><strong>Desde d\u00f3nde escribes?:<\/strong>&nbsp;Bilbao<br><strong>C\u00f3mo has llegado a esta p\u00e1gina?:<\/strong>&nbsp;Me la ha ensa\u00f1ado mi buen amigo Gonzalo<\/p>\n\n\n\n<p><strong>Comments:<\/strong><br>Me ha gustado mucho vuestro pueblo.He oido hablar mucho de el , de sus gentes , de sus fiestas &#8230; y es tal como me lo imaginaba.Un dia de estos me decido y voy.<br><img decoding=\"async\" src=\"http:\/\/www.geocities.com\/pictures\/icons\/lines\/blue_thin_line_2.gif\" alt=\"\"><br><strong>ines<\/strong>&nbsp;&#8211; 09\/19\/00 23:24:09<br><strong>My Email:<\/strong>&nbsp;<a href=\"mailto:urieni@latinmail.com\">urieni@latinmail.com<\/a><\/p>\n\n\n\n<p><strong>Comments:<\/strong><br>hola otra vez! es latinmail. vou dormir!<br><img decoding=\"async\" src=\"http:\/\/www.geocities.com\/pictures\/icons\/lines\/blue_thin_line_2.gif\" alt=\"\"><br><strong>ines puebla<\/strong>&nbsp;&#8211; 09\/19\/00 22:56:23<br><strong>My Email:<\/strong>&nbsp;<a href=\"mailto:urieni@latimail.com\">urieni@latimail.com<\/a><br><strong>Edad:<\/strong>&nbsp;29<br><strong>Desde d\u00f3nde escribes?:<\/strong>&nbsp;santiago de compostela<\/p>\n\n\n\n<p><strong>Comments:<\/strong><br>hola. por fin vuelvo aqui. \u00bfQue tal todos? yo muy bien, con frio y empapada&#8230;.ya empieza la lluvia de santiago&#8230;. saludos a todos! os envio mi direccion pra todo el que se anime a escribirme&#8230;.yo luego lo voy a intentar. a chuchi le h visto hace poco n el periodico y ya me han contado la que lio en lavuelt.. yo estoy enfadada porque me prometio un duro y agotador dia de trabajo en el campo y yo aun sigo esperando.. saludos a rafutxi, javi (leon), luisma i\u00f1aki pauli carlos alberto anton( que sigo espe ando las fotos, por lo menos las de este a\u00f1o) a jesus a ver si se anima a poner algo en el libro de visitas y a otras cosas , a nuria que me ha hecho ilusion leer ahora su despedida de navidad a eli que se nos casa, a pilarin que se nos a casado, a lidia a sus padres rosana y kiko y a tooooddoooosssss! un bico y a ser felices. ynes.<br><img decoding=\"async\" src=\"http:\/\/www.geocities.com\/pictures\/icons\/lines\/blue_thin_line_2.gif\" alt=\"\"><br><strong>japm<\/strong>&nbsp;&#8211; 09\/17\/00 17:29:26<br><strong>My Email:<\/strong>&nbsp;<a href=\"mailto:japayo@terra.es\">japayo@terra.es<\/a><br><strong>Edad:<\/strong>&nbsp;13<br><strong>Desde d\u00f3nde escribes?:<\/strong>&nbsp;mi nuevo portatil<br><strong>C\u00f3mo has llegado a esta p\u00e1gina?:<\/strong>&nbsp;tu que miensas?<\/p>\n\n\n\n<p><strong>Comments:<\/strong><br>Como ya no me acuerdo de tu e-mail te dejo una nota en tu anticuada pagina de ese pueblo encantador de la ancha y especial Castilla y Le\u00f3n.<br><img decoding=\"async\" src=\"http:\/\/www.geocities.com\/pictures\/icons\/lines\/blue_thin_line_2.gif\" alt=\"\"><br><strong>japm<\/strong>&nbsp;&#8211; 09\/17\/00 17:27:21<br><strong>My Email:<\/strong>&nbsp;<a href=\"mailto:japayo@terra.es\">japayo@terra.es<\/a><br><strong>Edad:<\/strong>&nbsp;13<br><strong>Desde d\u00f3nde escribes?:<\/strong>&nbsp;mi nuevo portatil<br><strong>C\u00f3mo has llegado a esta p\u00e1gina?:<\/strong>&nbsp;tu que miensas<\/p>\n\n\n\n<p><strong>Comments:<\/strong><br><br><img decoding=\"async\" src=\"http:\/\/www.geocities.com\/pictures\/icons\/lines\/blue_thin_line_2.gif\" alt=\"\"><br><strong>Tia Pili<\/strong>&nbsp;&#8211; 09\/04\/00 15:37:58<br><strong>My Email:<\/strong>&nbsp;<a href=\"mailto:santoangelse@planalfa.es\">santoangelse@planalfa.es<\/a><br><strong>Desde d\u00f3nde escribes?:<\/strong>&nbsp;Sevilla<br><strong>C\u00f3mo has llegado a esta p\u00e1gina?:<\/strong>&nbsp;siguiendo las indicaciones de Rafa<\/p>\n\n\n\n<p><strong>Comments:<\/strong><br>Hemos disfrutado mucho viendolo, est\u00e1 genial Enhorabuena.Se lo pondr\u00e9 a la Comunidad.Pili<br><img decoding=\"async\" src=\"http:\/\/www.geocities.com\/pictures\/icons\/lines\/blue_thin_line_2.gif\" alt=\"\"><br><strong>Luisma<\/strong>&nbsp;&#8211; 08\/24\/00 21:54:27<br><strong>My Email:<\/strong>&nbsp;<a href=\"mailto:luisma_arranz@usa.net\">luisma_arranz@usa.net<\/a><\/p>\n\n\n\n<p><strong>Comments:<\/strong><br>\u00bfAlguien que haya estado en las fiestas de Lantadilla de este a\u00f1o podr\u00eda explicarme en cuatro palabras por qu\u00e9 a Jesul\u00edn se le conoce como &#8216;el de Lubrique&#8217;? Ah\u00ed teneis mi direcci\u00f3n de correo para que me lo conteis. Saludos a Rafa, Fernando, I\u00f1aki, Pauli, Reyes, Carlos, In\u00e9s (\u00bfHa amanecido ya?), Raquel, Cristina, Chuchi, Jesul\u00edn de Lubrique,&#8230; Rajapitos todos, Rosa , Delia (\u00bfQu\u00e9 tal la despedida, cochinonas?), chicas de la piscina, chico de la piscina, etc, etc, etc etc,&#8230;..<br><img decoding=\"async\" src=\"http:\/\/www.geocities.com\/pictures\/icons\/lines\/blue_thin_line_2.gif\" alt=\"\"><br><strong>Mar\u00eda<\/strong>&nbsp;&#8211; 08\/14\/00 08:36:34<br><strong>My Email:<\/strong>&nbsp;<a href=\"mailto:m.gutierrez@brimail.de\">m.gutierrez@brimail.de<\/a><br><strong>Edad:<\/strong>&nbsp;23<br><strong>Desde d\u00f3nde escribes?:<\/strong>&nbsp;Alemenia, Hannover<br><strong>C\u00f3mo has llegado a esta p\u00e1gina?:<\/strong>&nbsp;desde la Wed de un amigo<\/p>\n\n\n\n<p><strong>Comments:<\/strong><br>HOLA!, he estado unas cuantas veces en LAntadilla, sobre todo en fiestas, cuando no me pillaba tan lejos (soy de Espinosa)y ahora he pasado un buen rato \u00abpaseando\u00bb otra vez por las calles, e incluso he reconocido a algunos!Felicidades! Es una idea genial sacar una web del pueblo con informaci\u00f3n, im\u00e1genes, fotos de la gente&#8230; un buen modo de darse a conocer. Ya lo pod\u00edamos hacer tambien otros! Saludos, Mar\u00eda Ah! ya queda poco para el 15-8, feleces fiestas!<br><img decoding=\"async\" src=\"http:\/\/www.geocities.com\/pictures\/icons\/lines\/blue_thin_line_2.gif\" alt=\"\"><br><strong>Jose Fco. Freire Padilla<\/strong>&nbsp;&#8211; 08\/05\/00 10:48:40<br><strong>My Email:<\/strong>&nbsp;<a href=\"mailto:Aletania@telepolis.com\">Aletania@telepolis.com<\/a><br><strong>Edad:<\/strong>&nbsp;32<br><strong>Desde d\u00f3nde escribes?:<\/strong>&nbsp;Desde Oviedo<br><strong>C\u00f3mo has llegado a esta p\u00e1gina?:<\/strong>&nbsp;Por informaci\u00f3n de Carmen Padilla Zarzosa<\/p>\n\n\n\n<p><strong>Comments:<\/strong><br>Siempre es un honor recordar todos estos lugares de Lantadilla y los viejos tiempos que yo pas\u00e9 all\u00ed.<br><img decoding=\"async\" src=\"http:\/\/www.geocities.com\/pictures\/icons\/lines\/blue_thin_line_2.gif\" alt=\"\"><br><strong>Andr\u00e9s<\/strong>&nbsp;&#8211; 08\/03\/00 09:41:56<br><strong>My Email:<\/strong>&nbsp;<a href=\"mailto:andres_patarito@chico.guay\">andres_patarito@chico.guay<\/a><\/p>\n\n\n\n<p><strong>Comments:<\/strong><br>Apoyo la idea de Rosario de incluir fotos con m\u00e1s solera en esta nuestra pagina g\u00fceb de Lantadilla. Yo podr\u00eda proporcionaros un par de ellas en las que salgo con 11 a\u00f1os y traje de marinero cazando pataritos, por ejemplo. O aquellas otras en las que salimos yo y los chicos bailando por las fiestas de San Juan de 1953. Nada m\u00e1s que felicitaros por el excelente trabajo que habeis hecho con esta publicaci\u00f3n. Nos vemos en el homenaje a los mayores. Recibid un saludo.<br><img decoding=\"async\" src=\"http:\/\/www.geocities.com\/pictures\/icons\/lines\/blue_thin_line_2.gif\" alt=\"\"><br><strong>RUTH<\/strong>&nbsp;&#8211; 07\/28\/00 08:15:12<br><strong>Desde d\u00f3nde escribes?:<\/strong>&nbsp;SANTILLANA<\/p>\n\n\n\n<p><strong>Comments:<\/strong><br>HOLA CHICOS. ESOY HACIENDO UN CURSO DE INTERNET Y HE CONECTADO CON VUESTRA PAGINA. A VER SI NOS VEMOS EL D\u00cdA 15 EN LANTADILLA CITY CON LOS RAJAPITOS<br><img decoding=\"async\" src=\"http:\/\/www.geocities.com\/pictures\/icons\/lines\/blue_thin_line_2.gif\" alt=\"\"><br><strong>JAVI (LEON)<\/strong>&nbsp;&#8211; 06\/19\/00 17:38:22<br><strong>My Email:<\/strong>&nbsp;<a href=\"mailto:javilage@yahoo.com\">javilage@yahoo.com<\/a><br><strong>Desde d\u00f3nde escribes?:<\/strong>&nbsp;Coru\u00f1a<br><strong>C\u00f3mo has llegado a esta p\u00e1gina?:<\/strong>&nbsp;Depor campe\u00f3n<\/p>\n\n\n\n<p><strong>Comments:<\/strong><br>Hola Rafita,que pasa por los Madriles.Yo aqui aguantando a tu primo.QUIEN ME PONE LA PIERNA ENCIMA!!!.Saludos a todos!Ya queda menos para comernos las galletas de coco.AGUANTA RAFA AGUANTA! PROVERBIO CHINO: \u00abyo solo se que estoy en este mundo para disfrutar de la vida&#8230;\u00bb Fernando Puebla<br><img decoding=\"async\" src=\"http:\/\/www.geocities.com\/pictures\/icons\/lines\/blue_thin_line_2.gif\" alt=\"\"><br><strong>RAFA<\/strong>&nbsp;&#8211; 06\/13\/00 17:33:24<br><strong>Desde d\u00f3nde escribes?:<\/strong>&nbsp;CORU\u00d1A<br><strong>C\u00f3mo has llegado a esta p\u00e1gina?:<\/strong>&nbsp;FERNANDO PUEBLA<\/p>\n\n\n\n<p><strong>Comments:<\/strong><br>OK<br><img decoding=\"async\" src=\"http:\/\/www.geocities.com\/pictures\/icons\/lines\/blue_thin_line_2.gif\" alt=\"\"><br><strong>daniel<\/strong>&nbsp;&#8211; 05\/20\/00 00:58:14<br><strong>My Email:<\/strong>&nbsp;<a href=\"mailto:d_izquierdo@hotmail.com\">d_izquierdo@hotmail.com<\/a><br><strong>Edad:<\/strong>&nbsp;no se<br><strong>Desde d\u00f3nde escribes?:<\/strong>&nbsp;adivinalo<br><strong>C\u00f3mo has llegado a esta p\u00e1gina?:<\/strong>&nbsp;for\u00c7a depor<\/p>\n\n\n\n<p><strong>Comments:<\/strong><br>cabrones os dejo mi e-mail pa que escribais, vale. Fernando, cuando vengas a Barcelona no quedes solo con mi hermana o no vuelvo de fiesta solo contigo a Fromista<br><img decoding=\"async\" src=\"http:\/\/www.geocities.com\/pictures\/icons\/lines\/blue_thin_line_2.gif\" alt=\"\"><br><strong>Rosario<\/strong>\u00a0&#8211; 05\/09\/00 16:16:21<br><strong>My Email:<\/strong>\u00a0<a href=\"mailto:rosario_patazas@chicaole.com\">rosario_patazas@chicaole.com<\/a><\/p>\n\n\n\n<p><strong>Comments:<\/strong><br>Me gusta mucho esta p\u00e1gina tan divertida del pueblo, y espero que pongais m\u00e1s fotos antiguas, que es todo muy moderno.<br><img decoding=\"async\" src=\"http:\/\/www.geocities.com\/pictures\/icons\/lines\/blue_thin_line_2.gif\" alt=\"\"><br><strong>david l\u00f3pez<\/strong>&nbsp;&#8211; 05\/04\/00 18:52:58<br><strong>My Email:<\/strong>&nbsp;<a href=\"mailto:lopezdav@hotmail.com\">lopezdav@hotmail.com<\/a><br><strong>Edad:<\/strong>&nbsp;demasiado j\u00f3ven pa ir a Melgar y demasiado viejo pa llevar pa\u00f1ales<br><strong>Desde d\u00f3nde escribes?:<\/strong>&nbsp;MADRID<br><strong>C\u00f3mo has llegado a esta p\u00e1gina?:<\/strong>&nbsp;despu\u00e9s de horas y horas de b\u00fasqueda<\/p>\n\n\n\n<p><strong>Comments:<\/strong><br>Bueno depu\u00e9s de leer la p\u00e1gina, Rafa, ren\u00f3vala joder y cambia la gente de las f\u00f3tos que siempre saleis los mismos. No s\u00e9 si lo sabeis pero soy el peque\u00f1o de Tino y hermano del mayor de Tino. Y no olvide\u00eds que: TAJA-T EN LA PE\u00d1A RESA-K<br><img decoding=\"async\" src=\"http:\/\/www.geocities.com\/pictures\/icons\/lines\/blue_thin_line_2.gif\" alt=\"\"><br><strong>Txu<\/strong>&nbsp;&#8211; 05\/04\/00 18:10:00<br><strong>Desde d\u00f3nde escribes?:<\/strong>&nbsp;Madrid<\/p>\n\n\n\n<p><strong>Comments:<\/strong><br>Voy de la parte del peque\u00f1o de Tino. \u00a1\u00a1\u00a1 VIVA LA PE\u00d1A RESA-K!!!<br><img decoding=\"async\" src=\"http:\/\/www.geocities.com\/pictures\/icons\/lines\/blue_thin_line_2.gif\" alt=\"\"><br><strong>NANDO<\/strong>&nbsp;&#8211; 05\/03\/00 10:20:09<br><strong>My Email:<\/strong>&nbsp;<a href=\"mailto:nandomm@ole.com\">nandomm@ole.com<\/a><br><strong>Edad:<\/strong>&nbsp;19<br><strong>Desde d\u00f3nde escribes?:<\/strong>&nbsp;Salamanca-Santander<br><strong>C\u00f3mo has llegado a esta p\u00e1gina?:<\/strong>&nbsp;Navegando<\/p>\n\n\n\n<p><strong>Comments:<\/strong><br>Actualizad un poco la pagina esta y haber si Astudillo tambien saca una. Saludos a Astudillo y a la PE\u00d1A LA PIRULA. Invitamos a todos los de Lantadilla(y demas pueblos de alrededor) a que se pasen por nuestra bodega a tomar un kalimotxo y a pasarselo cojonudamente(venid sobretodo tias buenas que os deremos, si quereis, algo ma que bebida). Y si quereis escribid un emilio de esos a la direccion de arriba(tambien las tias buenas de antes). ADIOS<br><img decoding=\"async\" src=\"http:\/\/www.geocities.com\/pictures\/icons\/lines\/blue_thin_line_2.gif\" alt=\"\"><br><strong>An\u00edbal y Luisma<\/strong>&nbsp;&#8211; 04\/27\/00 20:43:44<br><strong>Edad:<\/strong>&nbsp;Unos pocos.<br><strong>Desde d\u00f3nde escribes?:<\/strong>&nbsp;Madrid.<br><strong>C\u00f3mo has llegado a esta p\u00e1gina?:<\/strong>&nbsp;Con mucho cuidado.<\/p>\n\n\n\n<p><strong>Comments:<\/strong><br>Que tal Gallego&#8230;? \u00bf Como va la cosa ?. Para que veas que me acuerdo de ti Un Saludo An\u00edbal. ( y besitos a Mayote&#8230;). \u00bfQu\u00e9 pasa punky? Est\u00e1bamos aqu\u00ed currando un ratillo y nos hemos acordado de t\u00ed. \u00bfC\u00f3mo te va la vida? Ya me contareis que tal lo pasasteis en S.Santa. Un saludete. A ver si nos vemos por el pueblo. Al resto de la gente un abrazo (recuerdos especiales para Reyes, In\u00e9s, M\u00aa Paulina, Chuchi (que seguir\u00e1 sin ver la p\u00e1gina), Marga, etc, etc&#8230; ).<br><img decoding=\"async\" src=\"http:\/\/www.geocities.com\/pictures\/icons\/lines\/blue_thin_line_2.gif\" alt=\"\"><br>&#8211; 04\/25\/00 08:22:46<\/p>\n\n\n\n<p><strong>Comments:<\/strong><br><br><img decoding=\"async\" src=\"http:\/\/www.geocities.com\/pictures\/icons\/lines\/blue_thin_line_2.gif\" alt=\"\"><br><strong>MARISA Y MAXI<\/strong>&nbsp;&#8211; 04\/20\/00 18:26:48<br><strong>Edad:<\/strong>&nbsp;ALGUNOS<br><strong>Desde d\u00f3nde escribes?:<\/strong>&nbsp;ASTURIAS<br><strong>C\u00f3mo has llegado a esta p\u00e1gina?:<\/strong>&nbsp;Inform\u00e1ndonos p\u00e1 la boa de ROSA LANTADA<\/p>\n\n\n\n<p><strong>Comments:<\/strong><br>Estamos alucinados, buscando informaci\u00f3n sobre Palencia, nos encontramos con que tambi\u00e9n pod\u00edamos conocer por f\u00edn Lantadilla, hasta por Internet. Pero, \u00bfpor qu\u00e9 busc\u00e1bamos Lantadilla? Porque el \u00faltimo fin de semana de Abril del 2000 se casa ROSA LANTADA Y ANT\u00d3N. Ya era hora, VIVIERON MUCHOS A\u00d1OS EN PECADO !QU\u00c9 VERG\u00dcENZA! Un saludo a esa gran amiga con la que viv\u00ed muchos a\u00f1os de nuestra juventud en Le\u00f3n y !QU\u00c9 BIEN NOS LO PASAMOS!<br><img decoding=\"async\" src=\"http:\/\/www.geocities.com\/pictures\/icons\/lines\/blue_thin_line_2.gif\" alt=\"\"><br><strong>MARIMAR Y MARGA<\/strong>&nbsp;&#8211; 04\/16\/00 15:09:09<br><strong>Desde d\u00f3nde escribes?:<\/strong>&nbsp;MADRID<br><strong>C\u00f3mo has llegado a esta p\u00e1gina?:<\/strong>&nbsp;BUSCANDO<\/p>\n\n\n\n<p><strong>Comments:<\/strong><br>ESAS FOTOS HAY QUE RENOVARLAS. AHORA ESTAMOS MAS DELGADAS.<br><img decoding=\"async\" src=\"http:\/\/www.geocities.com\/pictures\/icons\/lines\/blue_thin_line_2.gif\" alt=\"\"><br><strong>Sonia<\/strong>&nbsp;&#8211; 04\/09\/00 20:11:30<br><strong>My Email:<\/strong>&nbsp;<a href=\"mailto:morue@alehop.com\">morue@alehop.com<\/a><br><strong>Edad:<\/strong>&nbsp;17<br><strong>Desde d\u00f3nde escribes?:<\/strong>&nbsp;Santander<br><strong>C\u00f3mo has llegado a esta p\u00e1gina?:<\/strong>&nbsp;Buscando<br><strong>Comments:<\/strong><br>Impresionante, os lo habeis currado mucho. Un saludo para todos los de la Pe\u00f1a \u00abRESA-K\u00bb<\/p>\n","protected":false},"excerpt":{"rendered":"<p>(09\/04\/2000 &#8211; 25\/12\/2000) Fernando y Rafa&nbsp;&#8211; 12\/25\/00 18:23:52My Email:decopull@inditex.comDesde d\u00f3nde escribes?:&nbsp;A Coru\u00f1aC\u00f3mo has llegado a esta p\u00e1gina?:&nbsp;Ejem!!!! Comments:FELICES FIESTAS A TODOS LOS LANTADILLENSES Y AMIGOS DE NUESTRO PUEBLO!! QUE EL A\u00d1O QUE ENTRA SEA TAN NOVEDOSO Y BUENO COMO SE MERECE EL ESTRENAR UN NUEVO SIGLO Y MILENIO&#8230;. BESOS Y SALUDOS. P.D.: MUY PRONTO ACTUALIZAREMOS [&hellip;]<\/p>\n","protected":false},"author":1,"featured_media":0,"parent":0,"menu_order":0,"comment_status":"closed","ping_status":"closed","template":"","meta":{"footnotes":""},"class_list":["post-338","page","type-page","status-publish","hentry"],"_links":{"self":[{"href":"http:\/\/lantadilla.ddns.net\/lantadilla\/index.php\/wp-json\/wp\/v2\/pages\/338","targetHints":{"allow":["GET"]}}],"collection":[{"href":"http:\/\/lantadilla.ddns.net\/lantadilla\/index.php\/wp-json\/wp\/v2\/pages"}],"about":[{"href":"http:\/\/lantadilla.ddns.net\/lantadilla\/index.php\/wp-json\/wp\/v2\/types\/page"}],"author":[{"embeddable":true,"href":"http:\/\/lantadilla.ddns.net\/lantadilla\/index.php\/wp-json\/wp\/v2\/users\/1"}],"replies":[{"embeddable":true,"href":"http:\/\/lantadilla.ddns.net\/lantadilla\/index.php\/wp-json\/wp\/v2\/comments?post=338"}],"version-history":[{"count":1,"href":"http:\/\/lantadilla.ddns.net\/lantadilla\/index.php\/wp-json\/wp\/v2\/pages\/338\/revisions"}],"predecessor-version":[{"id":340,"href":"http:\/\/lantadilla.ddns.net\/lantadilla\/index.php\/wp-json\/wp\/v2\/pages\/338\/revisions\/340"}],"wp:attachment":[{"href":"http:\/\/lantadilla.ddns.net\/lantadilla\/index.php\/wp-json\/wp\/v2\/media?parent=338"}],"curies":[{"name":"wp","href":"https:\/\/api.w.org\/{rel}","templated":true}]}}