{"id":347,"date":"2024-11-10T02:31:03","date_gmt":"2024-11-10T01:31:03","guid":{"rendered":"http:\/\/lantadilla.ddns.net:82\/lantadilla\/?page_id=347"},"modified":"2024-11-10T02:31:03","modified_gmt":"2024-11-10T01:31:03","slug":"sexto-libro-de-visitas","status":"publish","type":"page","link":"http:\/\/lantadilla.ddns.net\/lantadilla\/index.php\/sexto-libro-de-visitas\/","title":{"rendered":"Sexto libro de visitas"},"content":{"rendered":"\n<p>(16\/12\/2001 &#8211; 25\/12\/2002)<\/p>\n\n\n\n<div style=\"height:50px\" aria-hidden=\"true\" class=\"wp-block-spacer\"><\/div>\n\n\n\n<p>Nombre : Rajapitos<br>D\u00eda y Hora : 16\/12\/2001<br>Tu URL : www.geocitites.com\/rajapitos<br>E-mail : rajapitos@yahoo.es<br>Edad :<br>Desde d\u00f3nde escribes : Desde la pe\u00f1a rajapitos<br>C\u00f3mo has llegado a esta p\u00e1gina :<br>Comentario : \u2026ya podeis visitar a los rajapitos en www.geocities.com\/rajapitos<\/p>\n\n\n\n<p>Nombre : ines puebla<br>D\u00eda y Hora : 14 xaneiro 2002<br>Tu URL :<br>E-mail :<br>Edad :<br>Desde d\u00f3nde escribes : santiago<br>C\u00f3mo has llegado a esta p\u00e1gina : con paciencia<br>Comentario : HOOOLLLAAA!!! Cuanto tiempo. \u00bfque tal todos? Yo muy bien. Este fin d semana bajare a lantadilla\u2026son fiestas en Amayuelas y me apetece ir\u2026Si alguien se anima. Carlos aun no he podido leer tu mensaje\u2026me llevo mal con los ordenadores\u2026y no hay manerta<\/p>\n\n\n\n<p>Nombre : luisa<br>D\u00eda y Hora : 21 de enero<br>Tu URL :<br>E-mail : LUISACARRE@terra.es<br>Edad : 26<br>Desde d\u00f3nde escribes :<br>C\u00f3mo has llegado a esta p\u00e1gina :<br>Comentario :<\/p>\n\n\n\n<p>Nombre : Che<br>D\u00eda y Hora :<br>Tu URL :<br>E-mail : erChema@navegalia.es<br>Edad : 16<br>Desde d\u00f3nde escribes :<br>C\u00f3mo has llegado a esta p\u00e1gina : andando por que no me pillaba muy lejos<br>Comentario : Ya llegan llegan carnavales, un saludo para los quintos (para Osama Bin Lomi y su gente). Un saludo para toda la resa-k<\/p>\n\n\n\n<p>Nombre : Marta<br>D\u00eda y Hora : Estrenamos mes:1-feb-02. Qu\u00e9 narices:SOY LA 1\u00aa FIRMA DEL A\u00d1O!!<br>Tu URL : A mi habladme en castellano, que mi neurona no da para m\u00e1s<br>E-mail : Ya tengo, por fin : Martukky@navegalia.es<br>Edad : \u00bfLo digo? Bahh, casi que no. Digamos que rondando los 20<br>Desde d\u00f3nde escribes : Desde Ponferrada, en la facultad de fisio<br>C\u00f3mo has llegado a esta p\u00e1gina : Me aburr\u00eda y me he animado a haceros una visitilla y de paso relajarme de los ex\u00e1menes dando una vueltilla por el pueblo.<br>Comentario : Hola a todos!!Veo q los de la Resa-k no se animan a firmar:chicos,que van a pensar q somos unos soseras!! Bueno un saludo.QUE LLEGAN QUINTOS!(y yo de ex\u00e1menes..)<\/p>\n\n\n\n<p>Nombre : Marta<br>D\u00eda y Hora : Soy la 1\u00aa firma del a\u00f1o, qu\u00e9 lujo! Adem\u00e1s estreno hasta mes:01-02-02<br>Tu URL : A mi habladme en castellano, que mi neurona no da para m\u00e1s<br>E-mail : Ya tengo, por fin : Martukky@navegalia.es<br>Edad : \u00bfLo digo?Rondando los 20<br>Desde d\u00f3nde escribes : Desde Ponferrada, en la facultad de fisio<br>C\u00f3mo has llegado a esta p\u00e1gina : Me aburr\u00eda y me he animado a haceros una visitilla y de paso relajarme de los ex\u00e1menes dando una vueltilla por el pueblo.<br>Comentario : Hola!! Veo q los de mi pe\u00f1a siguen sin animarse a firmar:que no se diga Resa-k!Un saludillo a toda mi gentea! QU\u00c9 LLEGAN QUINTOS!!(Y yo de ex\u00e1menes, hay que.. )Pero ir\u00e9!<\/p>\n\n\n\n<p>Nombre : SILVIA RUIZ<br>D\u00eda y Hora : 03 &#8211; 02- 02<br>Tu URL :<br>E-mail : silviaeleruiz@yahoo.com.ar<br>Edad : 34<br>Desde d\u00f3nde escribes : buenos aires &#8211; argentina<br>C\u00f3mo has llegado a esta p\u00e1gina : por msn.explorer<br>Comentario : tengo familiares en lantadilla, tuve la suerte de poder conocerlos personalmente el. a\u00f1o pasado en el mes de mayo , fuimos con mi esposo y una pareja amiga .me encanto el pueblo ,lo he recorrido casi todo y tengo que decir que la gente es maravillosa. si<\/p>\n\n\n\n<p>Nombre : Gon<br>D\u00eda y Hora : &#8211; -\/- -\/- &#8211; &#8211; &#8211;<br>Tu URL :<br>E-mail : gonzdv@hotmail.com<br>Edad : 19<br>Desde d\u00f3nde escribes : Bilbo<br>C\u00f3mo has llegado a esta p\u00e1gina : con mucho cuidado<br>Comentario : Cuanto tiempo sin firmar, y porq me ha animado el mens de marta.Os he mandado una foto de mi pe\u00f1a(resa-k) a ver si la poneis en la seccion de gentes.Bueno un saludito y q os lo paseis todos bien en kintos, ya me tomare un vodka a salud de los kintos y tod<\/p>\n\n\n\n<p>Nombre : cristina<br>D\u00eda y Hora : 15-02<br>Tu URL :<br>E-mail : cribane@euskalnet.net<br>Edad : 22<br>Desde d\u00f3nde escribes : baraka<br>C\u00f3mo has llegado a esta p\u00e1gina : lantadilla<br>Comentario : enhorabuena por la pagina.<\/p>\n\n\n\n<p>Nombre : ainhoa<br>D\u00eda y Hora : 16\/02\/02<br>Tu URL :<br>E-mail : ainibane@euskalnet.net<br>Edad : 25b<br>Desde d\u00f3nde escribes : barakaldo<br>C\u00f3mo has llegado a esta p\u00e1gina : por mi hermana<br>Comentario : mi hermana se llama cristina y es la nieta lamaria.es la mas guay de to el pueblo<\/p>\n\n\n\n<p>Nombre : BIN LADEM<br>D\u00eda y Hora : 17,FEBRERO-02<br>Tu URL :<br>E-mail :<br>Edad : 19<br>Desde d\u00f3nde escribes : DESDE PEK\u00cdN CON AMOR<br>C\u00f3mo has llegado a esta p\u00e1gina : OBLIGADO<br>Comentario : ME HA PARECIDO MUY HERMOSO Y MUY RELAJANTE, ES M\u00c1S VOLVER\u00c9!!! P.D.EL V\u00cdDEO DE LA MISA ES EL MEJOR.<\/p>\n\n\n\n<p>Nombre : Raquel(la morena)<br>D\u00eda y Hora : 24\/02\/02<br>Tu URL :<br>E-mail : chelinimix@hotmail.com<br>Edad : 22<br>Desde d\u00f3nde escribes : desde londres<br>C\u00f3mo has llegado a esta p\u00e1gina : Pues mira, buscando algo sobre aguardientes lantadilla.<br>Comentario : Bueno, queria echar una firmilla, porque mi madre ya lo hizo hace unos meses y yo no queria ser menos. Y porque estando fuera de casa, una echa de menos esos fines de semana y veranitos en lantadilla. Y porque a si chuleo de pueblo, que por aqui nadie tie<\/p>\n\n\n\n<p>Nombre : FELIPE LANTADILLA<br>D\u00eda y Hora : 01:31 AM<br>Tu URL :<br>E-mail : FELIPELANTADILLA@HOTMAIL.COM<br>Edad : 22<br>Desde d\u00f3nde escribes : CHILE<br>C\u00f3mo has llegado a esta p\u00e1gina : BUSCANDO INFORMACION DE MI APELLIDO<br>Comentario : ME ES GRATO DARME CUENTA QUE EN LA MADRE PATRIA ESTA EL ORIGEN DE MI APELLIDO. MI BISABUELO VELISARIO LANTADILLA LLEGO DESDE ESPA\u00d1A, PERO NUNCA IMAGINE QUE EL APELLIDO ESTABA RELACIONADO CON EL NOMBRE DE UN PUEBLO.LE AGRADESCO LA CREACION DE ESTA PAGINA,<\/p>\n\n\n\n<p>Nombre : Resa-k<br>D\u00eda y Hora :<br>Tu URL : en proceso<br>E-mail :<br>Edad :<br>Desde d\u00f3nde escribes :<br>C\u00f3mo has llegado a esta p\u00e1gina :<br>Comentario : Muchas gracias por incluirnos a nosotros tambien en la web.Un saludo.Pe\u00f1a Resa-k<\/p>\n\n\n\n<p>Nombre : Ana Rosa<br>D\u00eda y Hora :<br>Tu URL :<br>E-mail :<br>Edad :<br>Desde d\u00f3nde escribes :<br>C\u00f3mo has llegado a esta p\u00e1gina :<br>Comentario : \u00a1Hola gente! Muchas gracias por poner la foto de la pe\u00f1a Resa &#8211; K en la p\u00e1gina web de Lantadilla. Hasta pronto.<\/p>\n\n\n\n<p>Nombre : Ana Rosa<br>D\u00eda y Hora : 19:50 de un domingo bastante aburrido<br>Tu URL : \u00bfy eso qu\u00e9 es?<br>E-mail : anarosagonfer@hotmail.com<br>Edad : 20<br>Desde d\u00f3nde escribes : Alcobendas<br>C\u00f3mo has llegado a esta p\u00e1gina : Me la chivaron hace alg\u00fan tiempo<br>Comentario : \u00a1Hola de nuevo! Como esta tarde es un poco pe\u00f1azo, os he hecho una visita m\u00e1s a fondo. Me ha gustado mucho recorrer mi pueblo otra vez, y m\u00e1s en momentos en los que lo echo de menos. Un saludillo a todos.<\/p>\n\n\n\n<p>Nombre : cesar ,mar\u00edn<br>D\u00eda y Hora :<br>Tu URL :<br>E-mail :<br>Edad :<br>Desde d\u00f3nde escribes :<br>C\u00f3mo has llegado a esta p\u00e1gina :<br>Comentario :<\/p>\n\n\n\n<p>Nombre : sezar<br>D\u00eda y Hora : 15 3 2002<br>Tu URL :<br>E-mail :<br>Edad : 17<br>Desde d\u00f3nde escribes :<br>C\u00f3mo has llegado a esta p\u00e1gina : google<br>Comentario : es la ostia esta mazo curra<\/p>\n\n\n\n<p>Nombre : sonia<br>D\u00eda y Hora : 23\/03\/2002<br>Tu URL :<br>E-mail : potolito20@hotmail.com<br>Edad : 32<br>Desde d\u00f3nde escribes : barakaldo(bizcaia)<br>C\u00f3mo has llegado a esta p\u00e1gina : me interesa el pueblo<br>Comentario : Es el pueblo de mi padre y hemos pasado alli muchos veranos.Me ha hecho mucha ilusion verlo por internet.besos<\/p>\n\n\n\n<p>Nombre : pablo<br>D\u00eda y Hora : 28mar02<br>Tu URL :<br>E-mail : cachalote1@hotmail.com<br>Edad : 34<br>Desde d\u00f3nde escribes : mi casa<br>C\u00f3mo has llegado a esta p\u00e1gina : buscando mis raices..<br>Comentario : estoy en canarias y a veces echo de menos esos an\u00f1os el los que pasaba de peque\u00f1o los veranos y las fiestas en osornillo\u2026y lantadilla<\/p>\n\n\n\n<p>Nombre : Antonio Ruiz Cru<br>D\u00eda y Hora : 10-IV-2002<br>Tu URL :<br>E-mail :<br>Edad : 49<br>Desde d\u00f3nde escribes : Asis-Italia<br>C\u00f3mo has llegado a esta p\u00e1gina : Por un amigo<br>Comentario : Desde Asis, os deseo un fuerte saludo y una bendici\u00f3n desde la tumba de S. Francisco.<\/p>\n\n\n\n<p>Nombre : FERPU<br>D\u00eda y Hora : 11.04.02 00:69<br>Tu URL :<br>E-mail : FERPU22@HOTMAIL.COM<br>Edad : 18<br>Desde d\u00f3nde escribes : MEXICO D.F.<br>C\u00f3mo has llegado a esta p\u00e1gina : BUSCANDO LA PALABRA PAZ<br>Comentario : Q PA, Q PA, Q PAAAAAASA! COMO OS VA A TODOS?\u2026 PRONTO TENDREMOS UNA GRATA SORPRESA PARA FACILITAROS EL ACCESO A VUESTRA PAGINA. TENEMOS MEJORAS, PERO QUEREMOS MAS IDEAS, A 166,66 PTAS. BESOS.<\/p>\n\n\n\n<p>Nombre : rosana y kiko<br>D\u00eda y Hora : un domingo<br>Tu URL :<br>E-mail :<br>Edad :<br>Desde d\u00f3nde escribes : desde el ordenador<br>C\u00f3mo has llegado a esta p\u00e1gina :<br>Comentario : hola a todos los internautas de lantadilla. Nos vemos en los bares. Estamos en Madrid con \u00abla Marga\u00bb y Juan. Nos vamos a ver Toledo. Soy Lidia la de la Rosana y Kiko un beso a todos<\/p>\n\n\n\n<p>Nombre : cola el autobusero<br>D\u00eda y Hora : 25:63<br>Tu URL : URL<br>E-mail :<br>Edad : 99<br>Desde d\u00f3nde escribes : PALACIOS<br>C\u00f3mo has llegado a esta p\u00e1gina : EN LANCHA<br>Comentario : ola.soy oli el gris y busco a cola.sus nietos estan saliendo.isi es un poco fantasma.viva osorniyo<\/p>\n\n\n\n<p>Nombre : Rafa y Fer<br>D\u00eda y Hora : 09\/05\/2002 17:00<br>Tu URL : www.geocities.com\/lantadilla97<br>E-mail : lantadilla@hotmail.com<br>Edad : unos 30<br>Desde d\u00f3nde escribes : Madrid<br>C\u00f3mo has llegado a esta p\u00e1gina :<br>Comentario : Las opiniones escritas en el libro de visitas no siempre van firmadas, as\u00ed que es dif\u00edcil saber qui\u00e9n dice qu\u00e9. Nosotros s\u00f3lo nos responsabilizamos de nuestros mensajes.<\/p>\n\n\n\n<p>Nombre : salvino puebla<br>D\u00eda y Hora : 20 .5.0245<br>Tu URL :<br>E-mail :<br>Edad : 45<br>Desde d\u00f3nde escribes : santander<br>C\u00f3mo has llegado a esta p\u00e1gina :<br>Comentario :<\/p>\n\n\n\n<p>Nombre : teo lantada<br>D\u00eda y Hora : 23\/05\/2002<br>Tu URL :<br>E-mail :<br>Edad :<br>Desde d\u00f3nde escribes : aqui<br>C\u00f3mo has llegado a esta p\u00e1gina : buscando mi pueblo<br>Comentario : \u00a1hola pueblo, enorabuena por la p\u00e1gina!<\/p>\n\n\n\n<p>Nombre : Carmen Garcia Fernandez<br>D\u00eda y Hora : 4 jun 02 23:00h<br>Tu URL :<br>E-mail : itugar 2002 yahoo.es<br>Edad : 43<br>Desde d\u00f3nde escribes : Basauri (Vizcaya)<br>C\u00f3mo has llegado a esta p\u00e1gina : A trav\u00e9s de mi primo<br>Comentario : Me ha encantado.Pas\u00e9 los veranos de ni infancia en el pueblo y guardo un recuerdo imborrable.Lo tuve en el olvido durante unos a\u00f1os , y desde que murieron mi padre y mi madre, parece que no quiero que no se me olviden mis raices. Me siento mas unida que<\/p>\n\n\n\n<p>Nombre : Maite y Paola<br>D\u00eda y Hora : 5 Junio 2002 00:17<br>Tu URL : \u2026\u2026\u2026\u2026<br>E-mail : maitesol@telefonica.net \/ paokoffy@hotmail.com<br>Edad : 26 \/22<br>Desde d\u00f3nde escribes : Madrid<br>C\u00f3mo has llegado a esta p\u00e1gina : Buscando cosas de la capital del mundo<br>Comentario : ENHORABUENA por la pagina asi ya podremos chulear de nuestro pueblo, q sin duda alguna es el mejor!!!!!!<\/p>\n\n\n\n<p>Nombre : Cristina<br>D\u00eda y Hora : 6 de Junio de 2002<br>Tu URL :<br>E-mail :<br>Edad : 23<br>Desde d\u00f3nde escribes : Londres<br>C\u00f3mo has llegado a esta p\u00e1gina : Por mi amiguita Raquel la de la Pili<br>Comentario : \u2026.y es que me lo pase estupendamente en las fiestas del pasado verano\u2026. MARIN ALCALDE!! un saludo desde Inglaterra y espero veros por el 15 de Agosto\u2026 Saludos a Edu, David, Jorge y Raul. Y un besazo para la Pili la Mari Luz y sus familias. Y<\/p>\n\n\n\n<p>,\/tr&gt;<br>Nombre : victor manuel<br>D\u00eda y Hora : 16-6-02<br>Tu URL :<br>E-mail : chichoterremotosevaacomprarunamoto@hotmail.com<br>Edad : 25 recien cumplidos<br>Desde d\u00f3nde escribes : desde las islas del pisuerga<br>C\u00f3mo has llegado a esta p\u00e1gina : de empalmada<br>Comentario : habra que ir este a\u00f1o a las fiestas aunque coinciden con las de mi pueblo. aunque bebo jb habra que ir a tomar unos vodkas y unos orujitos.ole ole ole arturo te hemos ido a buscar esta ma\u00f1ana y no estabas,donde co\u00f1o te has metido?<\/p>\n\n\n\n<p>Nombre : sandra<br>D\u00eda y Hora : 16-6-02<br>Tu URL :<br>E-mail :<br>Edad : 17 pa 18<br>Desde d\u00f3nde escribes : desde la casa de un chumino (chicho)<br>C\u00f3mo has llegado a esta p\u00e1gina :<br>Comentario : viva la gente de lantadilla somos los mejores.aniros y venid a las fiestas, os mamareis<\/p>\n\n\n\n<p>Nombre : ines<br>D\u00eda y Hora :<br>Tu URL :<br>E-mail : ines_puebla_escudero@hotmail.com<br>Edad :<br>Desde d\u00f3nde escribes : santiago<br>C\u00f3mo has llegado a esta p\u00e1gina :<br>Comentario : na.. solo decir q he leido un poco lo de tradiciones y fiestas y me he encontrado con un gran fallo\u2026 lo de san juan y eso de q se celebra la noche mas larga?? es q lantadilla es tan especial q hasta en eso es diferente..bicos..nos vemos en junio julio a<\/p>\n\n\n\n<p>Nombre : Rafa<br>D\u00eda y Hora : 19\/06\/02 16:00<br>Tu URL : www.geocities.com\/lantadilla97<br>E-mail : lantadilla@hotmail.com<br>Edad : puff<br>Desde d\u00f3nde escribes : Madrid<br>C\u00f3mo has llegado a esta p\u00e1gina : Por mi prima<br>Comentario : Pues tienes raz\u00f3n, s\u00ed s\u00ed, es la noche m\u00e1s corta. Ya est\u00e1 corregido. Bueno, no falta nada para las vacatas, nos vemos en Lantadilla\u2026<\/p>\n\n\n\n<p>Nombre : Luisma<br>D\u00eda y Hora : 20\/06\/2002<br>Tu URL :<br>E-mail : luisma.arranz@sun.com<br>Edad : veintipocos<br>Desde d\u00f3nde escribes : Desde la orilla del Pisuerga<br>C\u00f3mo has llegado a esta p\u00e1gina :<br>Comentario : Hola In\u00e9s (la noche m\u00e1s corta es hoy (el solsticio de verano es ma\u00f1ana)), hola Rafa (estuve en I+D un par de d\u00edas, te llam\u00e9 pero\u2026 nada!), hola TODOS. Ya falta poquito para vernos en Lantadilla!! Un saludo\u2026<\/p>\n\n\n\n<p>Nombre : ines<br>D\u00eda y Hora :<br>Tu URL :<br>E-mail :<br>Edad :<br>Desde d\u00f3nde escribes :<br>C\u00f3mo has llegado a esta p\u00e1gina :<br>Comentario :<\/p>\n\n\n\n<p>Nombre : Iv\u00e1n<br>D\u00eda y Hora : 3-07-2002<br>Tu URL : No tengo \ud83d\ude09<br>E-mail : Ivann2002@hotmail.com<br>Edad : 17 pa 18 en Agosto<br>Desde d\u00f3nde escribes : Desde mi casa (En Vitoria)<br>C\u00f3mo has llegado a esta p\u00e1gina : Pues buscando el nombre Lantadilla pero gracias a mi gran amigo er Gontzal q es el puto jefe \ud83d\ude09<br>Comentario : Muyy buenas genteeeee\u2026 nos veremos las carassss q este verano voy para alla.. me lleva el Gontzal.. Gontzallll capuioooo q pasaaaaaa \ud83d\ude09 \u00a1\u00a1VIVA EL M\u00c1LAGA!!<\/p>\n\n\n\n<p>Nombre : Javi Le\u00f3n y Rafa<br>D\u00eda y Hora : 13\/09\/02<br>Tu URL :<br>E-mail : javilage@terra.es<br>Edad : ufff<br>Desde d\u00f3nde escribes : Salamanca<br>C\u00f3mo has llegado a esta p\u00e1gina :<br>Comentario : Pues estamos en Salamanca en un cibercafe y aprovechando que Puebla esta en estado com\u00e1tico en el piso de mi hermana os saludamos y deciros que iros perparando para el 15 de Agosto. Saludos desde el asfalto!<\/p>\n\n\n\n<p>Nombre : LUCIANO<br>D\u00eda y Hora : 18 JULIO 2002 14:20 HL<br>Tu URL :<br>E-mail : leguiluz@repsolypf.com<br>Edad : \u00abENTRE 50 Y 60 \u00ab<br>Desde d\u00f3nde escribes : BARAKALDO (VIZCAYA)<br>C\u00f3mo has llegado a esta p\u00e1gina : LA CONOCIA<br>Comentario : ENHORABUENA Y FELICIDADES A LOS\/AS LANTADILLENSES, NACIDO HACE MEDIO SIGLO, PARA QUE PASEN UN BUEN DIA EL 10 DE AGOSTO DE 2002. AL RESTO SALUDOS CORDIALES<\/p>\n\n\n\n<p>Nombre : jonathan ramos<br>D\u00eda y Hora :<br>Tu URL :<br>E-mail :<br>Edad :<br>Desde d\u00f3nde escribes :<br>C\u00f3mo has llegado a esta p\u00e1gina :<br>Comentario :<\/p>\n\n\n\n<p>Nombre : ESMERALDA GARCIA<br>D\u00eda y Hora : 13\/08\/2002 11:10<br>Tu URL :<br>E-mail : egarcia@actionware.es<br>Edad :<br>Desde d\u00f3nde escribes : MADRID<br>C\u00f3mo has llegado a esta p\u00e1gina : LA HE BUSCADO A PROPOSITO<br>Comentario : SOY NIETA DE UNO DE LANTADILLA Y TENGO UN MONTON DE PRIMOS EN LANTADILLA, OSORNO, ASTUDILLO.ME HA GUSTADO MUCHO VUESTRA PAGINA AUNQUE HECHO DE MENOS UN APARTADO DE ANECDOTAS Y PERSONAS REPRESENTATIVAS DE LANTADILLA A LO LARGO DE SU HISTORIA (NO TIENEN QUE<\/p>\n\n\n\n<p>Nombre : Ana<br>D\u00eda y Hora : despues de vacaciones\u2026..<br>Tu URL :<br>E-mail : ricocarranza@yahoo.com<br>Edad : 27<br>Desde d\u00f3nde escribes : Trabajo\u2026\u2026ugg\u2026..<br>C\u00f3mo has llegado a esta p\u00e1gina : Me han hablado de ella estas vacaciones<br>Comentario : Despu\u00e9s de pasarme tantos veranos en el pueblo, y siendo la familia de mi madre de alli (Carranza)\u2026 no pod\u00eda dejar de conocerla\u2026..Francamente me parece una idea estupenda esta p\u00e1gina de Lantadilla\u2026..Felicitaciones a los creadores. Ha sido mi primera<\/p>\n\n\n\n<p>Nombre : Machin-Osorno<br>D\u00eda y Hora : 20-8-02<br>Tu URL :<br>E-mail :<br>Edad : la ostia<br>Desde d\u00f3nde escribes : Alcala de Henares<br>C\u00f3mo has llegado a esta p\u00e1gina : dando muchas vueltas, como en las fiestas de vuestro pueblo a la 7 de la ma\u00f1ana, buscando una pe\u00f1a.<br>Comentario : Un saludo para Lantadilla, y que siga con su buen rollo de las fiestas,pero habr\u00e1 que frenar un poco el ritmo, que me vais a matar de los pedos que me agarro. Por supuesto tambien un saludo para mi gente de Osorno, y conocidos del resto.<\/p>\n\n\n\n<p>Nombre : Diego (Q&#8217;s)<br>D\u00eda y Hora :<br>Tu URL :<br>E-mail : digutie@terra.es<br>Edad : 23<br>Desde d\u00f3nde escribes : Vitoria<br>C\u00f3mo has llegado a esta p\u00e1gina :<br>Comentario : Hola titanes!!Es la primera vez que veo la pagina y est\u00e1 genial, enhorabuena a los que se la han currado!!, estar\u00eda bien ir metiendo fotos de cada a\u00f1o, para demostrar que Lantadilla est\u00e1 muy viva!! la Q&#8217;s tambi\u00e9n tiene p\u00e1gina es.geocities.com\/qslantadilla<\/p>\n\n\n\n<p>Nombre : Don Mede<br>D\u00eda y Hora : 24-09.02<br>Tu URL :<br>E-mail : mederrico_cabezon@terra.es<br>Edad : sesenta y\u2026.<br>Desde d\u00f3nde escribes :<br>C\u00f3mo has llegado a esta p\u00e1gina :<br>Comentario :<\/p>\n\n\n\n<p>Nombre : Olga (la de Burgos)<br>D\u00eda y Hora : 25\/09\/02<br>Tu URL :<br>E-mail : burgosatsl@wanadoo.es<br>Edad : muchos<br>Desde d\u00f3nde escribes : desde la oficina<br>C\u00f3mo has llegado a esta p\u00e1gina : por los Rajapitos<br>Comentario : Hola chicos, simplemente saludaros y \u00e1nimo que est\u00e1 muy bien esto de estar aburrida en la oficina y conectar para veros a todos. Besos de una de Burgos.<\/p>\n","protected":false},"excerpt":{"rendered":"<p>(16\/12\/2001 &#8211; 25\/12\/2002) Nombre : RajapitosD\u00eda y Hora : 16\/12\/2001Tu URL : www.geocitites.com\/rajapitosE-mail : rajapitos@yahoo.esEdad :Desde d\u00f3nde escribes : Desde la pe\u00f1a rajapitosC\u00f3mo has llegado a esta p\u00e1gina :Comentario : \u2026ya podeis visitar a los rajapitos en www.geocities.com\/rajapitos Nombre : ines pueblaD\u00eda y Hora : 14 xaneiro 2002Tu URL :E-mail :Edad :Desde d\u00f3nde escribes : [&hellip;]<\/p>\n","protected":false},"author":1,"featured_media":0,"parent":0,"menu_order":0,"comment_status":"closed","ping_status":"closed","template":"","meta":{"footnotes":""},"class_list":["post-347","page","type-page","status-publish","hentry"],"_links":{"self":[{"href":"http:\/\/lantadilla.ddns.net\/lantadilla\/index.php\/wp-json\/wp\/v2\/pages\/347","targetHints":{"allow":["GET"]}}],"collection":[{"href":"http:\/\/lantadilla.ddns.net\/lantadilla\/index.php\/wp-json\/wp\/v2\/pages"}],"about":[{"href":"http:\/\/lantadilla.ddns.net\/lantadilla\/index.php\/wp-json\/wp\/v2\/types\/page"}],"author":[{"embeddable":true,"href":"http:\/\/lantadilla.ddns.net\/lantadilla\/index.php\/wp-json\/wp\/v2\/users\/1"}],"replies":[{"embeddable":true,"href":"http:\/\/lantadilla.ddns.net\/lantadilla\/index.php\/wp-json\/wp\/v2\/comments?post=347"}],"version-history":[{"count":1,"href":"http:\/\/lantadilla.ddns.net\/lantadilla\/index.php\/wp-json\/wp\/v2\/pages\/347\/revisions"}],"predecessor-version":[{"id":349,"href":"http:\/\/lantadilla.ddns.net\/lantadilla\/index.php\/wp-json\/wp\/v2\/pages\/347\/revisions\/349"}],"wp:attachment":[{"href":"http:\/\/lantadilla.ddns.net\/lantadilla\/index.php\/wp-json\/wp\/v2\/media?parent=347"}],"curies":[{"name":"wp","href":"https:\/\/api.w.org\/{rel}","templated":true}]}}