{"id":35,"date":"2024-10-13T18:42:44","date_gmt":"2024-10-13T16:42:44","guid":{"rendered":"http:\/\/lantadilla.ddns.net:82\/lantadilla\/?page_id=35"},"modified":"2025-12-28T16:57:50","modified_gmt":"2025-12-28T15:57:50","slug":"presentacion","status":"publish","type":"page","link":"http:\/\/lantadilla.ddns.net\/lantadilla\/index.php\/presentacion\/","title":{"rendered":"Presentaci\u00f3n"},"content":{"rendered":"\n<p>Hola amigos, aqu\u00ed estamos de nuevo, como pod\u00e9is ver hemos renovado la imagen de la p\u00e1gina, esperamos que os gusten las novedades, seguimos\u00a0abiertos a cualquier aportaci\u00f3n o sugerencia. Como siempre, esta p\u00e1gina Web ha sido realizada por Fernando Puebla Escudero y Rafa Gallego Puebla (los de la foto hace ya algunos a\u00f1os), con la \u00fanica intenci\u00f3n recoger alguna informaci\u00f3n sobre Lantadilla, pueblo de\u00a0<a href=\"http:\/\/lantadilla.ddns.net\/lantadilla\/index.php\/familia\/\" data-type=\"link\" data-id=\"http:\/\/lantadilla.ddns.net:81\/lantadilla\/index.php\/familia\/\">nuestra familia<\/a>\u00a0y en el que hemos pasado grandes momentos de nuestras vidas.<\/p>\n\n\n\n<figure class=\"wp-block-image size-full is-resized\"><img loading=\"lazy\" decoding=\"async\" width=\"400\" height=\"253\" src=\"http:\/\/lantadilla.ddns.net:81\/lantadilla\/wp-content\/uploads\/2025\/12\/bici.jpg\" alt=\"Fer y Rafa en Lantadilla\" class=\"wp-image-2204\" style=\"width:663px;height:auto\" srcset=\"http:\/\/lantadilla.ddns.net\/lantadilla\/wp-content\/uploads\/2025\/12\/bici.jpg 400w, http:\/\/lantadilla.ddns.net\/lantadilla\/wp-content\/uploads\/2025\/12\/bici-300x190.jpg 300w\" sizes=\"auto, (max-width: 400px) 100vw, 400px\" \/><\/figure>\n\n\n\n<p>&nbsp;&nbsp; La idea de hacer esta p\u00e1gina surgi\u00f3 a finales de 1997 con la intenci\u00f3n de poner la primera p\u00e1gina Web de Lantadilla en Internet, puesto que hasta ese momento, todos los enlaces que suger\u00edan los buscadores acerca de Lantadilla eran solo referencias a detalles menores, pero ninguno recog\u00eda una informaci\u00f3n amplia y s\u00f3lo centrada en el pueblo. De esta manera, ya hay una referencia real al pueblo de Lantadilla en la Red de Redes.<\/p>\n\n\n\n<p>&nbsp;&nbsp; Por \u00faltimo, queremos agradecer la ayuda prestada para la elaboraci\u00f3n de esta p\u00e1gina a todos aquellos que nos han animado mientras la hac\u00edamos, y a los que nos han facilitado desinteresadamente material y comentarios para incorporarlos a la p\u00e1gina.<\/p>\n\n\n\n<p>&nbsp;&nbsp; Un saludo para todos los visitantes de la p\u00e1gina&#8230; y del pueblo!<\/p>\n","protected":false},"excerpt":{"rendered":"<p>Hola amigos, aqu\u00ed estamos de nuevo, como pod\u00e9is ver hemos renovado la imagen de la p\u00e1gina, esperamos que os gusten las novedades, seguimos\u00a0abiertos a cualquier aportaci\u00f3n o sugerencia. Como siempre, esta p\u00e1gina Web ha sido realizada por Fernando Puebla Escudero y Rafa Gallego Puebla (los de la foto hace ya algunos a\u00f1os), con la \u00fanica [&hellip;]<\/p>\n","protected":false},"author":1,"featured_media":0,"parent":0,"menu_order":1,"comment_status":"closed","ping_status":"closed","template":"","meta":{"footnotes":""},"class_list":["post-35","page","type-page","status-publish","hentry"],"_links":{"self":[{"href":"http:\/\/lantadilla.ddns.net\/lantadilla\/index.php\/wp-json\/wp\/v2\/pages\/35","targetHints":{"allow":["GET"]}}],"collection":[{"href":"http:\/\/lantadilla.ddns.net\/lantadilla\/index.php\/wp-json\/wp\/v2\/pages"}],"about":[{"href":"http:\/\/lantadilla.ddns.net\/lantadilla\/index.php\/wp-json\/wp\/v2\/types\/page"}],"author":[{"embeddable":true,"href":"http:\/\/lantadilla.ddns.net\/lantadilla\/index.php\/wp-json\/wp\/v2\/users\/1"}],"replies":[{"embeddable":true,"href":"http:\/\/lantadilla.ddns.net\/lantadilla\/index.php\/wp-json\/wp\/v2\/comments?post=35"}],"version-history":[{"count":10,"href":"http:\/\/lantadilla.ddns.net\/lantadilla\/index.php\/wp-json\/wp\/v2\/pages\/35\/revisions"}],"predecessor-version":[{"id":2387,"href":"http:\/\/lantadilla.ddns.net\/lantadilla\/index.php\/wp-json\/wp\/v2\/pages\/35\/revisions\/2387"}],"wp:attachment":[{"href":"http:\/\/lantadilla.ddns.net\/lantadilla\/index.php\/wp-json\/wp\/v2\/media?parent=35"}],"curies":[{"name":"wp","href":"https:\/\/api.w.org\/{rel}","templated":true}]}}