{"id":350,"date":"2024-11-10T02:37:09","date_gmt":"2024-11-10T01:37:09","guid":{"rendered":"http:\/\/lantadilla.ddns.net:82\/lantadilla\/?page_id=350"},"modified":"2024-11-10T02:37:09","modified_gmt":"2024-11-10T01:37:09","slug":"septimo-libro-de-visitas","status":"publish","type":"page","link":"http:\/\/lantadilla.ddns.net\/lantadilla\/index.php\/septimo-libro-de-visitas\/","title":{"rendered":"S\u00e9ptimo libro de visitas"},"content":{"rendered":"\n<p>(27\/09\/2002 &#8211; 26\/05\/2003)<\/p>\n\n\n\n<div style=\"height:50px\" aria-hidden=\"true\" class=\"wp-block-spacer\"><\/div>\n\n\n\n<p>Nombre : oli<br>D\u00eda y Hora : las1 . 27-9-02<br>Tu URL : Lur<br>E-mail : colaelautovusero<br>Edad : 20<br>Desde d\u00f3nde escribes : tabanera<br>C\u00f3mo has llegado a esta p\u00e1gina : por pistolo<br>Comentario : este verano a sido la ostia.aber si yega pronto los santos pa vernos todos otra vez y enborracharnos juntos .a-dios.<\/p>\n\n\n\n<p>Nombre : ESTELA<br>D\u00eda y Hora : 03-10-02<br>Tu URL :<br>E-mail :<br>Edad :<br>Desde d\u00f3nde escribes :<br>C\u00f3mo has llegado a esta p\u00e1gina : POR MEDIO DE LA MEJOR<br>Comentario :<\/p>\n\n\n\n<p>Nombre : maria jesus lobo redondo<br>D\u00eda y Hora : 2\/11\/02<br>Tu URL :<br>E-mail : mariasu39@hotmail.com<br>Edad : 43<br>Desde d\u00f3nde escribes : desde gijon asturias<br>C\u00f3mo has llegado a esta p\u00e1gina : por interes<br>Comentario : hola soy nacida en lantadilla y mi madre aun vive alli suelo ir siempre que puedo me hizo mucha ilusion el ver esta pagina en internet me gusto mucho y me trajo muchos recuerdos os felicito por lo bien q esta un saludo<\/p>\n\n\n\n<p>Nombre : M\u00aa Carmen<br>D\u00eda y Hora : 5 de noviembre<br>Tu URL :<br>E-mail : maraco2@universia.es<br>Edad : treinta y tantos<br>Desde d\u00f3nde escribes : ni se<br>C\u00f3mo has llegado a esta p\u00e1gina : por curiosidad y de casualidad<br>Comentario : Quiero felicitaros por la p\u00e1gina aunque hay alg\u00fan dato que no me cuadra en lo que se refiere al puente y de paso, mandar un saludo a mi pueblo, Palacios de r\u00edo Pisuerga , el mejor de todo el contorno, para mi. Hasta pronto<\/p>\n\n\n\n<p>Nombre : Ra\u00fal<br>D\u00eda y Hora : 6\/11\/2002<br>Tu URL : http:\/\/www.espublico.com<br>E-mail : rargente@espublico.com<br>Edad : 25<br>Desde d\u00f3nde escribes : esPublico<br>C\u00f3mo has llegado a esta p\u00e1gina : por esPublico<br>Comentario : Hola a todos Os mando el enlace a una p\u00e1gina para Ayuntamientos (www.espublico.com) que tiene informaci\u00f3n de todos los Ayuntamientos y Entidades Locales de Espa\u00f1a: Puedes encontrar toda la informaci\u00f3n de cualquier Ayuntamiento (alcalde, concejales,<\/p>\n\n\n\n<p>Nombre : Hno. Rafael Mart\u00edn<br>D\u00eda y Hora : Noviembre 16, 2002 3:43<br>Tu URL :<br>E-mail : hnohugo24hotmail.com<br>Edad : 78<br>Desde d\u00f3nde escribes : Miami, Florida. USA<br>C\u00f3mo has llegado a esta p\u00e1gina : buscando el nombre oficial: Lantadilla o Lantadilla de Pisuerga. Adem\u00e1s, interesado en saber del pueblo de muchos Hermanos Maristas compa\u00f1eros m\u00edos en los coelgios maristas de Cuba: Santiago Fern\u00e1ndez, Francisco Guerra, y muchos m\u00e1s. Gracias a Lantadilla<br>Comentario :<\/p>\n\n\n\n<p>Nombre : Eduardo Guti\u00e9rrez<br>D\u00eda y Hora : 17\/11\/02 21:07<br>Tu URL :<br>E-mail : egufez@eresmas.com<br>Edad :<br>Desde d\u00f3nde escribes :<br>C\u00f3mo has llegado a esta p\u00e1gina : buscando informaci\u00f3n sobre la historia de vuestro puebla<br>Comentario : Quiero felicitaros pues la pagina tiene un alto nivel de calidad tanto en su contenido como en su presentaci\u00f3n. Como palentino me causa satisfaci\u00f3n que personas como vosotros dediqueis vuestro esfuezo a difundir en la red nuesta provincia.<\/p>\n\n\n\n<p>Nombre : JAVI (LE\u00d3N)<br>D\u00eda y Hora : 22-NOV-2002.21:33<br>Tu URL :<br>E-mail :<br>Edad : UF<br>Desde d\u00f3nde escribes : CASA DE RAFA<br>C\u00f3mo has llegado a esta p\u00e1gina : COMO SIEMPRE<br>Comentario : ESTAMOS AQUI LOS 3 (FER,RAFA Y YO) Y APROVECHAMOS PARA SALUDAROS.HOY QUEMAMOS MADRID!BESOS Y FORZA DEPOR!<\/p>\n\n\n\n<p>Nombre : INMA<br>D\u00eda y Hora :<br>Tu URL :<br>E-mail :<br>Edad :<br>Desde d\u00f3nde escribes :<br>C\u00f3mo has llegado a esta p\u00e1gina :<br>Comentario :<\/p>\n\n\n\n<p>Nombre : INMA<br>D\u00eda y Hora : 26 Noviembre 11.21<br>Tu URL :<br>E-mail :<br>Edad :<br>Desde d\u00f3nde escribes :<br>C\u00f3mo has llegado a esta p\u00e1gina :<br>Comentario :<\/p>\n\n\n\n<p>Nombre : IJULIAN<br>D\u00eda y Hora : 26 Noviembre 11.21h.<br>Tu URL :<br>E-mail : i.leal.kzgunea.net<br>Edad : 41<br>Desde d\u00f3nde escribes : Basauri<br>C\u00f3mo has llegado a esta p\u00e1gina : Internet<br>Comentario : Soy un chico del pueblo, el hijo de julian el moreno. Os mando un saludo. Hasta el verano<\/p>\n\n\n\n<p>Nombre : Mar\u00eda(Melgar)<br>D\u00eda y Hora :<br>Tu URL :<br>E-mail :<br>Edad : Todav\u00eda jovencita<br>Desde d\u00f3nde escribes : Santiago de Compostela<br>C\u00f3mo has llegado a esta p\u00e1gina : Por vosotros<br>Comentario : Hola a todos! como ya os imaginareis me aburro y no quiero estudiar, aunque no conozco a la mitad de los que firman, bicos para los que me conzcan a m\u00ed.A ver si entrais a la pagina de Melgar.<\/p>\n\n\n\n<p>Nombre : Rosi\u00bbSalomon Redondo<br>D\u00eda y Hora : 30\/11\/2002<br>Tu URL :<br>E-mail : agsalomon@msn.com<br>Edad : en la flor de la vida<br>Desde d\u00f3nde escribes : madrid<br>C\u00f3mo has llegado a esta p\u00e1gina : por interes<br>Comentario : Me ha hecho mucha ilusion encontrar en internet una pagina del pueblo en que nac\u00ed. Me ha traido muchos recuerdos, ademas me gusta mucho ir y siempre que tengo oportunidad me voy a pasar unos dias. Quiero felicitarles por su trabajo, esta muy bien esta pa<\/p>\n\n\n\n<p>Nombre : Gon<br>D\u00eda y Hora :<br>Tu URL :<br>E-mail : gonzdv@hotmail.com<br>Edad :<br>Desde d\u00f3nde escribes :<br>C\u00f3mo has llegado a esta p\u00e1gina :<br>Comentario : q pae??? joe como avanza esto\u2026q nivel!! lantadilla.com y todo\u2026 me habeis dejao anodadado.venga capullitos, ya nos vemos<\/p>\n\n\n\n<p>Nombre : Ana Rosa<br>D\u00eda y Hora : 9-12-02 a las 18:56<br>Tu URL : No tengo<br>E-mail : anarosagonfer@hotmail.com<br>Edad : 21<br>Desde d\u00f3nde escribes : Casa<br>C\u00f3mo has llegado a esta p\u00e1gina : Hace tiempo que la visito<br>Comentario : \u00a1Hola gente! \u00bfQu\u00e9 tal? Parece que estoy de visita por todas las p\u00e1ginas web del pueblo. Nada, pues eso, que hac\u00eda mucho que no firmaba y me apetec\u00eda. Nos vemos estas Navidades. Venga, a pasarlo bien. Besos y hasta pronto.<\/p>\n\n\n\n<p>Nombre : LA CATA<br>D\u00eda y Hora :<br>Tu URL :<br>E-mail :<br>Edad : 27 EN FEBRERO 28<br>Desde d\u00f3nde escribes : BARNA<br>C\u00f3mo has llegado a esta p\u00e1gina :<br>Comentario : UN BESOTE A RAQUEL LA MORENA.DONDE ESTABAS EL SABADO ME BEBI 5 CHUPITOS .CRITI LA DE LA MARIA .ES VERDAD QUE LA MA\u00d1ANA TE CONFUNDE O SON LOS CUBATORROS\u2026\u2026.BESOTES A TODAS Y EN VERANO ESTOY ALLI\u2026\u2026..<\/p>\n\n\n\n<p>Nombre : LA CATA<br>D\u00eda y Hora :<br>Tu URL :<br>E-mail :<br>Edad : 27 EN FEBRERO 28<br>Desde d\u00f3nde escribes : BARNA<br>C\u00f3mo has llegado a esta p\u00e1gina :<br>Comentario : UN BESOTE A RAQUEL LA MORENA.DONDE ESTABAS EL SABADO ME BEBI 5 CHUPITOS .CRITI LA DE LA MARIA .ES VERDAD QUE LA MA\u00d1ANA TE CONFUNDE O SON LOS CUBATORROS\u2026\u2026.BESOTES A TODAS Y EN VERANO ESTOY ALLI\u2026\u2026..<\/p>\n\n\n\n<p>Nombre : anonima<br>D\u00eda y Hora : 17-12-02<br>Tu URL :<br>E-mail :<br>Edad : \u2026\u2026\u2026..<br>Desde d\u00f3nde escribes : \u2026\u2026\u2026\u2026<br>C\u00f3mo has llegado a esta p\u00e1gina : por interes<br>Comentario : Para Diego el de las piscinas del a\u00f1o pasado.Que sepas que eres un chico encantador y que eres super especial.UN BESO CUIDATE !P.D :cuidate y sigue tan autentico como eres.<\/p>\n\n\n\n<p>Nombre : carlos<br>D\u00eda y Hora : 22 diciembre 2.002 10:36<br>Tu URL :<br>E-mail : altamaga@yahoo.es<br>Edad : 27<br>Desde d\u00f3nde escribes : Madrid<br>C\u00f3mo has llegado a esta p\u00e1gina : buscandola<br>Comentario : bueno, viendo fotos del pueblo me entra nostalgia por el poco tiempo que puedo pasar alli, asi que gracias a vuestra pagina se me hace mas corto el tiempo que paso en volver.<\/p>\n\n\n\n<p>Nombre : FERNANDO VIVAS LANTADA<br>D\u00eda y Hora : 27-12-02\/13:29<br>Tu URL :<br>E-mail :<br>Edad : 28<br>Desde d\u00f3nde escribes : PORTUGALETE<br>C\u00f3mo has llegado a esta p\u00e1gina :<br>Comentario :<\/p>\n\n\n\n<p>Nombre : Herminia<br>D\u00eda y Hora : 29-12-02 16 .53<br>Tu URL :<br>E-mail :<br>Edad : 69<br>Desde d\u00f3nde escribes : Palencia<br>C\u00f3mo has llegado a esta p\u00e1gina : Buscando<br>Comentario : Muy bien.<\/p>\n\n\n\n<p>Nombre : SONIA<br>D\u00eda y Hora : 29-12-02<br>Tu URL :<br>E-mail :<br>Edad : 27<br>Desde d\u00f3nde escribes : BARCELONA<br>C\u00f3mo has llegado a esta p\u00e1gina : ME PICABA LA CURIOSIDAD<br>Comentario : PUES ESO UN BESOTE PARA ESA GENTE DE LANTADILLA.CUIDADO CON EL ALQUITRAN ESTAS FIESTAS.FERNANDO SALES MUY GUAPO EN LAS FOTOS .JA ,JA JA\u2026\u2026\u2026\u2026..<\/p>\n\n\n\n<p>Nombre : MONICA<br>D\u00eda y Hora : 01 ENERO 2003<br>Tu URL :<br>E-mail : monigle@wanadoo.es<br>Edad : 30<br>Desde d\u00f3nde escribes : Mi casa en La Coru\u00f1a<br>C\u00f3mo has llegado a esta p\u00e1gina : Gracias a Fernando y con mucha ilusi\u00f3n.<br>Comentario : FELIZ A\u00d1O! Enhorabuena a los creadores de esta pagina, que est\u00e1n esquiando en este momento y para el resto ya que no nos han llevado os deseo: 12 meses felices, 52 semanas de co\u00f1a, 365 d\u00edas de \u00e9xito, 8760 hrs de buena salud, 525600 minutos de buena s<\/p>\n\n\n\n<p>Nombre : JAVI (PORTUGALETE)<br>D\u00eda y Hora : 01\/01\/2003<br>Tu URL :<br>E-mail :<br>Edad : \u2026 Y TANTOS<br>Desde d\u00f3nde escribes : DESDE EL CURRO EN BILBAO<br>C\u00f3mo has llegado a esta p\u00e1gina : POR INSPIRACION DIVINA<br>Comentario : SALUDAR A TODO LANTADILLES VIVIENTE Y VACACIONEROS QUE LLEGAMOS DE FUERA<\/p>\n\n\n\n<p>Nombre : MONICA<br>D\u00eda y Hora : pagina 2\\2<br>Tu URL :<br>E-mail : monigle@wanadoo.es<br>Edad :<br>Desde d\u00f3nde escribes :<br>C\u00f3mo has llegado a esta p\u00e1gina : en la anterior no cabe todo.<br>Comentario : sigue.. 525600 min. de buena suerte y 3152360 seg. de sexo salvaje! Buena suerte a algunos..<\/p>\n\n\n\n<p>Nombre : BEA Y REBECA<br>D\u00eda y Hora : 14-1-03\/21:00<br>Tu URL :<br>E-mail :<br>Edad : 24 Y 15<br>Desde d\u00f3nde escribes : DESDE EL PUB LA ORCINA(SANTANDER)<br>C\u00f3mo has llegado a esta p\u00e1gina : VENIAMOS DE LAS REBAJAS Y CAIMOS AQUI<br>Comentario : SALUDO A TODAS LAS PE\u00d1AS Y ENHORABUENA POR LA IDEA DE LA PAGINA.BESOS A TODOS LOS GROGUIS(BEA) Y A LAS PK2RAS(REBECA)<\/p>\n\n\n\n<p>Nombre : JAVI (Resa-k)<br>D\u00eda y Hora : 15-1-03-<br>Tu URL :<br>E-mail :<br>Edad : 18<br>Desde d\u00f3nde escribes : desde el bar de la Maria de Herrera<br>C\u00f3mo has llegado a esta p\u00e1gina : Me lo a dicho Antonino<br>Comentario :<\/p>\n\n\n\n<p>Nombre : cristina<br>D\u00eda y Hora :<br>Tu URL :<br>E-mail :<br>Edad :<br>Desde d\u00f3nde escribes : manchester<br>C\u00f3mo has llegado a esta p\u00e1gina : por nostalgia<br>Comentario : Anda que no viene bien cuando esta fuera echar un vistazo a esta pagina!un saludo para todos y para La Cata un besazo!<\/p>\n\n\n\n<p>Nombre : Alicia Fernandez<br>D\u00eda y Hora : 25\/01\/03 00,22<br>Tu URL :<br>E-mail : grassoag@adinet.com.uy<br>Edad : 48 a\u00f1os<br>Desde d\u00f3nde escribes : Montevideo&#8211;URUGUAY<br>C\u00f3mo has llegado a esta p\u00e1gina : Mi querido y amado ABUELO paterno es de alli ,y por medio del buscador googlealli h<br>Comentario : La pagina es muy buena y me sentido feliz de recorrer aunque sea de esta manera su tierra.He tenido contactos telefonicos y unos tios han estado alli. Abuelo contaba mucho de su infancia y me metio a ESPA\u00d1A en las venas ,a los 3 a\u00f1os ya hacia danza espa\u00f1<\/p>\n\n\n\n<p>Nombre : SALVA<br>D\u00eda y Hora : 29 17:10<br>Tu URL :<br>E-mail : SALVA_TORE_@HOTMAIL.COM<br>Edad : 23<br>Desde d\u00f3nde escribes : SANTANDER<br>C\u00f3mo has llegado a esta p\u00e1gina : BUSCANDO<br>Comentario : ARRIBA LANTADILLA Y UN SALUDO PARA TODOS<\/p>\n\n\n\n<p>Nombre : Luisma<br>D\u00eda y Hora : 07\/02\/03<br>Tu URL : No tengo de eso\u2026<br>E-mail : luisma_arranz@yahoo.es<br>Edad : 28<br>Desde d\u00f3nde escribes :<br>C\u00f3mo has llegado a esta p\u00e1gina :<br>Comentario : No a la guerra!!! Un abrazo<\/p>\n\n\n\n<p>Nombre : TOP FLY<br>D\u00eda y Hora : 9\/2\/03 21\u2026\u2026<br>Tu URL :<br>E-mail : topflycanarias@yahoo.es<br>Edad : 7<br>Desde d\u00f3nde escribes : Aeropuerto Gran Canaria<br>C\u00f3mo has llegado a esta p\u00e1gina : Por presion<br>Comentario : Estamos en las oficinas de Top Fly esperando para ir a cenar a las cuevas\u2026.. Viva Las Palmas.!!!!<\/p>\n\n\n\n<p>Nombre : Sari<br>D\u00eda y Hora : 13\/02\/2003 : 19:51<br>Tu URL :<br>E-mail : comunerasari@hotmail.com<br>Edad : \u00bf\u00bf\u00bf ..???<br>Desde d\u00f3nde escribes : Desde la capital comunera<br>C\u00f3mo has llegado a esta p\u00e1gina : Google<br>Comentario : Enhorabuena a los creadores de esta p\u00e1gina. Gracias por darnos a conocer a traves del espacio cibern\u00e9tico.Es grande ser de Lantadilla\u2026..<\/p>\n\n\n\n<p>Nombre : pos yo<br>D\u00eda y Hora : las xxxxx<br>Tu URL :<br>E-mail :<br>Edad :<br>Desde d\u00f3nde escribes :<br>C\u00f3mo has llegado a esta p\u00e1gina :<br>Comentario :<\/p>\n\n\n\n<p>Nombre : Olga<br>D\u00eda y Hora : 20 Febrero\u00a803<br>Tu URL : I don\u00b4t know<br>E-mail :<br>Edad : Soy joven todav\u00eda<br>Desde d\u00f3nde escribes : Barcelona<br>C\u00f3mo has llegado a esta p\u00e1gina : Por mi gente del pueblo.<br>Comentario : Hooola lantadillenses y compa\u00f1\u00eda,aprovecho para mandar un saludito a la Pe\u00f1a Qs y las dem\u00e1s pe\u00f1as.\u00c1nimo ke ya keda poquito pa vernos estas fiestas.Cuidaros<\/p>\n\n\n\n<p>Nombre : pepita rumanez<br>D\u00eda y Hora :<br>Tu URL :<br>E-mail :<br>Edad : demasiado joven<br>Desde d\u00f3nde escribes :<br>C\u00f3mo has llegado a esta p\u00e1gina : por error<br>Comentario : saludos desde rumania<\/p>\n\n\n\n<p>Nombre : Gon<br>D\u00eda y Hora :<br>Tu URL : http:\/\/www.sivienensaltamos.galeon.com<br>E-mail : svs_webmaster@yahoo.es<br>Edad :<br>Desde d\u00f3nde escribes :<br>C\u00f3mo has llegado a esta p\u00e1gina :<br>Comentario : Como podeis ver ya tengo web, aunq todavia esta a medias.Con el tiempo la ire terminando.Os he incluido en los enlaces<\/p>\n\n\n\n<p>Nombre : Ana Rosa<br>D\u00eda y Hora : 3 &#8211; 4 &#8211; 03 a las 19:15<br>Tu URL : No tengo<br>E-mail : anarosagonfer@hotmail.com<br>Edad : 21<br>Desde d\u00f3nde escribes : Desde mi casa<br>C\u00f3mo has llegado a esta p\u00e1gina : Como siempre<br>Comentario : \u00a1Hola gentecilla! \u00bfQu\u00e9 tal? Yo aqu\u00ed, m\u00e1s aburrida que nunca. Nada, que hoy toca visita a todas las p\u00e1ginas web del pueblo y, por tanto, firmar en el libro. Venga, nos vemos en Semana Santa. Un saludo.<\/p>\n\n\n\n<p>Nombre :<br>D\u00eda y Hora :<br>Tu URL :<br>E-mail :<br>Edad :<br>Desde d\u00f3nde escribes :<br>C\u00f3mo has llegado a esta p\u00e1gina :<br>Comentario : colas estas seguro?<\/p>\n\n\n\n<p>Nombre : Jos\u00e9 Antonio<br>D\u00eda y Hora : 11\/04<br>Tu URL :<br>E-mail :<br>Edad : 29<br>Desde d\u00f3nde escribes : Desde el trabajo<br>C\u00f3mo has llegado a esta p\u00e1gina : Me ha llevado Natalia<br>Comentario : Me ha gustado mucho el pueblo, su paisaje y su paisanaje.<\/p>\n\n\n\n<p>Nombre : Cucharilla y Myrta<br>D\u00eda y Hora :<br>Tu URL :<br>E-mail :<br>Edad :<br>Desde d\u00f3nde escribes :<br>C\u00f3mo has llegado a esta p\u00e1gina :<br>Comentario :<\/p>\n\n\n\n<p>Nombre : Cucharilla y Myrta<br>D\u00eda y Hora : No importa la hora, solo que nos faltan exactamente 2horas para estar DE VACACIONES!!!!!<br>Tu URL : mande????<br>E-mail :<br>Edad : La que quieran Rafa y Fer<br>Desde d\u00f3nde escribes : Desde el infierno a punto de entrar en el para\u00edso (en dos horas nam\u00e1s)<br>C\u00f3mo has llegado a esta p\u00e1gina : Si yo te contara\u2026 Cosas de el alcohol, que es mu malo\u2026<br>Comentario : Como somos desconfiadas por naturaleza, primero queremos saber si esto chuta, que hemos visto a Rafa y Fernando en las fotos y no nos fiamos de que puedan hacer algo con fundamento<\/p>\n\n\n\n<p>Nombre : Cucharilla y Myrta (el retonno)<br>D\u00eda y Hora : Ya nos quedan 5 minutos menos!!!! SSSSSIIIII!!!!!<br>Tu URL : Ahora ya sabemos lo que es, pero pasamos<br>E-mail : Lo mismo<br>Edad : Seguimos teniendo la que les apetezca a Rafa y a Fer (hay que hacerles la pelota, est\u00e1 visto)<br>Desde d\u00f3nde escribes : Cada vez m\u00e1s cerca del Paraiso. Mmmmmmmmmm<br>C\u00f3mo has llegado a esta p\u00e1gina : Lo dicho: mejor no contar nada\u2026<br>Comentario : Pos resulta que la Cucharilla ti\u00e9 tambi\u00e9n una pagina g\u00fcef como la vuestra, de un pueblico como el vuestro (con m\u00e1s fuentes y menos ayuntamiento) y con fotos y saludos y gente de todos los sitios que la visita pero que apenas dejan unas palabras en el libr<\/p>\n\n\n\n<p>Nombre : La Cucharilla otra vez<br>D\u00eda y Hora : Un rato menos para la liberaci\u00f3n<br>Tu URL :<br>E-mail :<br>Edad : Eso no se pregunta\u2026. esas cosas est\u00e1n muy feas\u2026<br>Desde d\u00f3nde escribes : Desde al lado del para\u00edso<br>C\u00f3mo has llegado a esta p\u00e1gina : El alcohol, las cervezas,\u2026.<br>Comentario : Resulta que hab\u00edamos puesto un rollo muy largo y muy bonito y NO HA SALIDO NADA. \u00bfPERO QUE CLASE DE LIBRO DE FIRMAS ES ESTE? y no ha salido la promoci\u00f3n que hac\u00eda de esta direcci\u00f3n www.ayoodevidriales.org , la fastuosa web de Ayo\u00f3 de Vidriales, estupendo<\/p>\n\n\n\n<p>Nombre : Marc<br>D\u00eda y Hora : A punto de cumplir 30<br>Tu URL : Pasando<br>E-mail :<br>Edad : Lo dicho<br>Desde d\u00f3nde escribes : Un barrio castizo<br>C\u00f3mo has llegado a esta p\u00e1gina : La culpa es de una Voll Damm<br>Comentario : Hoy en d\u00eda a cualquier cosa se le llama artista de vanguardia\u2026 y parafraseando a Luc\u00eda Bose: si uno no nace artista no tiene nada que hacer\u2026 salvo afeitarse y estar presentable.<\/p>\n\n\n\n<p>Nombre : Jos\u00e9 Miguel<br>D\u00eda y Hora : 15-04-2003 17:00<br>Tu URL :<br>E-mail :<br>Edad : 49<br>Desde d\u00f3nde escribes : Alfaro La Rioja<br>C\u00f3mo has llegado a esta p\u00e1gina : Buscando otra cosa<br>Comentario : Me ha llamado la atenci\u00f3n porque soy de Itero de la Vega. Saludos a Landadilla<\/p>\n\n\n\n<p>Nombre : LA CREMITA DEL LUGAR<br>D\u00eda y Hora : MELGAR<br>Tu URL : WWW.WEBPRIVATE.ES.VG<br>E-mail :<br>Edad : 19<br>Desde d\u00f3nde escribes : DESDE EL CURRO<br>C\u00f3mo has llegado a esta p\u00e1gina : JODER!!BUSCANDO<br>Comentario : CON TANTA PREGUNTA SE ME A OLVIDAO LO QUE IVA A DECIR!! SALUDOS A TO LA JUVENTUD DE LANTADILLA\u2026.<\/p>\n\n\n\n<p>Nombre : fernando<br>D\u00eda y Hora :<br>Tu URL :<br>E-mail :<br>Edad :<br>Desde d\u00f3nde escribes :<br>C\u00f3mo has llegado a esta p\u00e1gina :<br>Comentario : saludos a LANTADILLA<\/p>\n\n\n\n<p>Nombre : IRM<br>D\u00eda y Hora : 24\/05\/03 9:43<br>Tu URL : www.ayoodevidriales.org<br>E-mail : irm@ayoodevidriales.org<br>Edad : Mira que preguntar eso\u2026.<br>Desde d\u00f3nde escribes : Euskal Herria<br>C\u00f3mo has llegado a esta p\u00e1gina : Por amigos<br>Comentario : Ya conozco Lantadilla, por ese bonito medio llamado video. Esta muy bien, pero cada vez parece que a la gente le cuesta m\u00e1s integrarse en la fiesta. Qu\u00e9 no se diga!!!!!<\/p>\n\n\n\n<p>Nombre : No recuerdo<br>D\u00eda y Hora : 26-05-2003<br>Tu URL :<br>E-mail :<br>Edad : joven<br>Desde d\u00f3nde escribes : desde aqui<br>C\u00f3mo has llegado a esta p\u00e1gina :<br>Comentario : Saludos a toda la gente de Lantadilla y una pregunta muy sencilla: \u00bfquien ha ganado las elecciones?\u00bfPP, Silvano &amp; CO?\u00bfPSOE? Gracias<\/p>\n","protected":false},"excerpt":{"rendered":"<p>(27\/09\/2002 &#8211; 26\/05\/2003) Nombre : oliD\u00eda y Hora : las1 . 27-9-02Tu URL : LurE-mail : colaelautovuseroEdad : 20Desde d\u00f3nde escribes : tabaneraC\u00f3mo has llegado a esta p\u00e1gina : por pistoloComentario : este verano a sido la ostia.aber si yega pronto los santos pa vernos todos otra vez y enborracharnos juntos .a-dios. Nombre : ESTELAD\u00eda [&hellip;]<\/p>\n","protected":false},"author":1,"featured_media":0,"parent":0,"menu_order":0,"comment_status":"closed","ping_status":"closed","template":"","meta":{"footnotes":""},"class_list":["post-350","page","type-page","status-publish","hentry"],"_links":{"self":[{"href":"http:\/\/lantadilla.ddns.net\/lantadilla\/index.php\/wp-json\/wp\/v2\/pages\/350","targetHints":{"allow":["GET"]}}],"collection":[{"href":"http:\/\/lantadilla.ddns.net\/lantadilla\/index.php\/wp-json\/wp\/v2\/pages"}],"about":[{"href":"http:\/\/lantadilla.ddns.net\/lantadilla\/index.php\/wp-json\/wp\/v2\/types\/page"}],"author":[{"embeddable":true,"href":"http:\/\/lantadilla.ddns.net\/lantadilla\/index.php\/wp-json\/wp\/v2\/users\/1"}],"replies":[{"embeddable":true,"href":"http:\/\/lantadilla.ddns.net\/lantadilla\/index.php\/wp-json\/wp\/v2\/comments?post=350"}],"version-history":[{"count":1,"href":"http:\/\/lantadilla.ddns.net\/lantadilla\/index.php\/wp-json\/wp\/v2\/pages\/350\/revisions"}],"predecessor-version":[{"id":352,"href":"http:\/\/lantadilla.ddns.net\/lantadilla\/index.php\/wp-json\/wp\/v2\/pages\/350\/revisions\/352"}],"wp:attachment":[{"href":"http:\/\/lantadilla.ddns.net\/lantadilla\/index.php\/wp-json\/wp\/v2\/media?parent=350"}],"curies":[{"name":"wp","href":"https:\/\/api.w.org\/{rel}","templated":true}]}}