{"id":353,"date":"2024-11-10T02:40:13","date_gmt":"2024-11-10T01:40:13","guid":{"rendered":"http:\/\/lantadilla.ddns.net:82\/lantadilla\/?page_id=353"},"modified":"2024-11-10T02:40:13","modified_gmt":"2024-11-10T01:40:13","slug":"octavo-libro-de-visitas","status":"publish","type":"page","link":"http:\/\/lantadilla.ddns.net\/lantadilla\/index.php\/octavo-libro-de-visitas\/","title":{"rendered":"Octavo libro de visitas"},"content":{"rendered":"\n<p>(29\/05\/2003 &#8211; 28\/06\/2004)<\/p>\n\n\n\n<div style=\"height:50px\" aria-hidden=\"true\" class=\"wp-block-spacer\"><\/div>\n\n\n\n<p>Nombre : Marta<br>D\u00eda y Hora : 28-06-04<br>Tu URL :<br>E-mail : martalanta82@hotmail.com<br>Edad : Qu\u00e9 indiscretos\u2026<br>Desde d\u00f3nde escribes : Desde Ponferrada<br>C\u00f3mo has llegado a esta p\u00e1gina :<br>Comentario : Mis \u00faltimas horas en Ponfe\u2026 Y dentro de poquito al pueblo,a ver qu\u00e9 tal se presenta este verano! Un sludo a todos.<\/p>\n\n\n\n<p>Nombre : no m acuerdo<br>D\u00eda y Hora : la misma k aller<br>Tu URL :<br>E-mail : ammm<br>Edad : un dia+ k aller<br>Desde d\u00f3nde escribes : no se dnde toy<br>C\u00f3mo has llegado a esta p\u00e1gina :<br>Comentario : jeje.k pagina + wuena.pero abra k pensar en cambiarla y poner + fotos.sobre todo de pe\u00f1as. LAS FIESTAS SON LO MEJOR.LA POYA!!<\/p>\n\n\n\n<p>Nombre : Lizet y Chus<br>D\u00eda y Hora : 10\/06\/2004<br>Tu URL :<br>E-mail :<br>Edad :<br>Desde d\u00f3nde escribes :<br>C\u00f3mo has llegado a esta p\u00e1gina : por la profe<br>Comentario : Somos unas alumnas de Marga, que esperamos quenoa apruebe, es una profe muy maja espero que se acuerde de nosmtras.<\/p>\n\n\n\n<p>Nombre : maria y cristian<br>D\u00eda y Hora :<br>Tu URL :<br>E-mail : chicasexi_318@hotmail.com<br>Edad : 18<br>Desde d\u00f3nde escribes : desde el insti<br>C\u00f3mo has llegado a esta p\u00e1gina : xq lo dijo la profe<br>Comentario : Hola profe nos ha gustado mucho tu pueblo. para que te acuerdes de nosotros en verano. Siempre estais comiendo en las fotos, no se como no engordais. En general se ve que es un pueblo mu bonito y muy unido.bueno a ver si nos contestas ciao como en italia.<\/p>\n\n\n\n<p>Nombre : sara<br>D\u00eda y Hora :<br>Tu URL :<br>E-mail : saras_mel@hotmail.com<br>Edad : a ti que te importa<br>Desde d\u00f3nde escribes : burgos por su pusuesto<br>C\u00f3mo has llegado a esta p\u00e1gina : \u00bfporque soy del pueblo?<br>Comentario : que pasa lanta. como va eso. haber si me piro de una puta vez para all\u00e1 porque en la city no aguanto mas.ya llega el veranito!!!para esa gente que escribe en el libro de visitas<\/p>\n\n\n\n<p>Nombre : lorena<br>D\u00eda y Hora : 13-05-2004<br>Tu URL :<br>E-mail : lojica@hotmail.com<br>Edad : 19<br>Desde d\u00f3nde escribes : melilla<br>C\u00f3mo has llegado a esta p\u00e1gina : por mis primas k son un cielo d primas<br>Comentario : me encanta vuestras pe\u00f1as y vuestro pueblo yo aunque sea dwe melilla e ido a vuestro pueblo pk mis abuelos viven en palacio y mi tata vive en vuestro magnifico pueblo a ver si alguien se koge mi msn y ablamos asta prontooooo<\/p>\n\n\n\n<p>Nombre : Ruben Lantadilla<br>D\u00eda y Hora : 11 de Mayo 2004<br>Tu URL :<br>E-mail : rantofa @latinmail.com<br>Edad : 30<br>Desde d\u00f3nde escribes : Chile<br>C\u00f3mo has llegado a esta p\u00e1gina :<br>Comentario : Buscando mas informacion sobre mis antepasados me encontre con este pueble en Espa\u00f1a. los felicito lindo nombre . Saludos desde Chile<\/p>\n\n\n\n<p>Nombre : Paula Lantadilla<br>D\u00eda y Hora : mayo 10 2004<br>Tu URL :<br>E-mail : plantadilla@hotmail.com<br>Edad : 35<br>Desde d\u00f3nde escribes : Canada<br>C\u00f3mo has llegado a esta p\u00e1gina : familia<br>Comentario : Gracias por el sitio ,soy chilena y hasta ahora se de donde viene mi apellido estoy feliz. Gracias<\/p>\n\n\n\n<p>Nombre : Alejandra<br>D\u00eda y Hora : Domingo 1:12 a.m<br>Tu URL :<br>E-mail : fanyfenixyahoo.com<br>Edad : 16<br>Desde d\u00f3nde escribes : Bs As Moreno<br>C\u00f3mo has llegado a esta p\u00e1gina : queriendo formarme una<br>Comentario : Me parece que esta muy bien que cada uno pueda tener su pagina muchisimas gracias chau. Ale\u2026<\/p>\n\n\n\n<p>Nombre : Jabi<br>D\u00eda y Hora :<br>Tu URL : http:\/\/www.pk2lanta.tk<br>E-mail :<br>Edad :<br>Desde d\u00f3nde escribes : Durango<br>C\u00f3mo has llegado a esta p\u00e1gina : google\u2026<br>Comentario : pos eso, si quereis entrar en una pagina de una pe\u00f1a de lantadilla, la pk2 visitad: www.pk2lanta.tk \ud83d\ude09<\/p>\n\n\n\n<p>Nombre : Jos\u00e9 Manuel<br>D\u00eda y Hora : 19\/04\/04<br>Tu URL :<br>E-mail : jnaranjososa@yahoo.es<br>Edad : 73<br>Desde d\u00f3nde escribes : Las Palmas -Gran Canaria<br>C\u00f3mo has llegado a esta p\u00e1gina : Sacerdote-compa\u00f1ero<br>Comentario : En este Hogar Sacerdotal,casualmente,reside un compa\u00f1ero-sacerdote-Hijo de esa tierra.Tocayo m\u00edo.Por ello, he navegado por esa tierra.Enhorabuena y saludos.Jos\u00e9 Manuel<\/p>\n\n\n\n<p>Nombre : Jaime Quimicefa<br>D\u00eda y Hora : 5.3.04 18.30<br>Tu URL :<br>E-mail :<br>Edad : 38<br>Desde d\u00f3nde escribes : desde mi oficina en ovieu<br>C\u00f3mo has llegado a esta p\u00e1gina : uno, que es asin!!!<br>Comentario : me alegro mucho que esta pagina sea mas de lo que esperaba. enhorabuena a todo el pueblo, no solo a fernando y rafa, porque todos haceis posible LANTADILLA. besos.<\/p>\n\n\n\n<p>Nombre : esther<br>D\u00eda y Hora : 03\/03\/04 10.47<br>Tu URL :<br>E-mail : istra84@terra.es<br>Edad : 19<br>Desde d\u00f3nde escribes : burgos<br>C\u00f3mo has llegado a esta p\u00e1gina : mi tio es de alli<br>Comentario : hola, hace mogollon de tiempo que no voy por alli, pero un a\u00f1o estuve en las fiestas y me lo pase genial, claro era peque\u00f1a y estaba con mis tios y ahora que ya soy grande no voy porque los de mi pueblo(tobar)les gusta mas ir a villadiego y las fiestas co<\/p>\n\n\n\n<p>Nombre : LA LEO Y ATILANO<br>D\u00eda y Hora : 14-2-2004<br>Tu URL :<br>E-mail :<br>Edad : 72 Y 34<br>Desde d\u00f3nde escribes : BURGOS<br>C\u00f3mo has llegado a esta p\u00e1gina : MOSTRANDO A MI MADRE LAS MARAVILLAS DE LA TECNICA<br>Comentario : TENGO A MI MADRE CON LA VOCA ABIERTA DE ILUSION POR VER TANTA INFORMACION DE LANTADILLA EN INTERNET- EN VERANO VIVIMOS EN C\/DEL ARCO (AL LADO DEL HIJO DE TARO)<\/p>\n\n\n\n<p>Nombre : Luisma<br>D\u00eda y Hora : 13.02.04<br>Tu URL :<br>E-mail : luisma_arranz@yahoo.es<br>Edad : 29<br>Desde d\u00f3nde escribes : Switzerland<br>C\u00f3mo has llegado a esta p\u00e1gina :<br>Comentario : Rafa, Fer, que estoy cogiendo nivel para acompa\u00f1aros en la pr\u00f3xima excursi\u00f3n a los Alpes!!! Un saludete desde Suiza\u2026<\/p>\n\n\n\n<p>Nombre : daisy relius<br>D\u00eda y Hora : 09.02.04<br>Tu URL :<br>E-mail : burbujasdeluz@yahoo.com<br>Edad : 29<br>Desde d\u00f3nde escribes : Alemania<br>C\u00f3mo has llegado a esta p\u00e1gina : Por casualidad<br>Comentario : Soy una persona muy comunicatiba, si lo deseas comprueba. Saludos a todos y encantada de firmar este libro\u2026..<\/p>\n\n\n\n<p>Nombre : ruben<br>D\u00eda y Hora : 28\/01\/04 23.10 horas<br>Tu URL :<br>E-mail : rubengs@terra.es<br>Edad : 28<br>Desde d\u00f3nde escribes : Alicante<br>C\u00f3mo has llegado a esta p\u00e1gina : Fernando Puebla me mostro el sendero luminoso<br>Comentario : Mis mas cordiales saludos a todos y en especial a Fernando Puebla que sabe que en mi casa tenemos paella y playita para largo. Espero que estes bien y que hablemos pronto. un abrazo muy fuerte de Azu y Lucas. Hasta pronto amigo.<\/p>\n\n\n\n<p>Nombre : Sonia, Hector y Dani<br>D\u00eda y Hora : 27.01.04<br>Tu URL :<br>E-mail : shonia211@hotmail.com<br>Edad : 15, 12, 12<br>Desde d\u00f3nde escribes : lantadilla city<br>C\u00f3mo has llegado a esta p\u00e1gina : nu se<br>Comentario : esta pagina esta mu guapa<\/p>\n\n\n\n<p>Nombre : Carlos Paris<br>D\u00eda y Hora : 22-01-2004<br>Tu URL :<br>E-mail : jacobolobo@hotmail.com<br>Edad : 26<br>Desde d\u00f3nde escribes : Zaragoza<br>C\u00f3mo has llegado a esta p\u00e1gina : por Jorge<br>Comentario : Por fin eh encontrado esta pagina, hoy que voy fumao, no se si me conoce alguien pero enviadme algo al mail<\/p>\n\n\n\n<p>Nombre : MONICA<br>D\u00eda y Hora : 01 ENERO 2004<br>Tu URL :<br>E-mail : monigle@wanadoo.es<br>Edad : 31<br>Desde d\u00f3nde escribes : Mi casa en La Coru\u00f1a<br>C\u00f3mo has llegado a esta p\u00e1gina : Gracias a Fernando.<br>Comentario : Como viene siendo habitual y lejos de vosotros os deseo muchas novedades alegres en este 2004. Un besito para mis esquiadores preferidos.<\/p>\n\n\n\n<p>Nombre : antonio<br>D\u00eda y Hora : 16\/12\/2003 23:10<br>Tu URL :<br>E-mail :<br>Edad :<br>Desde d\u00f3nde escribes : asturias<br>C\u00f3mo has llegado a esta p\u00e1gina : abriendola<br>Comentario : la pagina genial pero mejor en vivo<\/p>\n\n\n\n<p>Nombre : ISA<br>D\u00eda y Hora :<br>Tu URL :<br>E-mail :<br>Edad :<br>Desde d\u00f3nde escribes :<br>C\u00f3mo has llegado a esta p\u00e1gina :<br>Comentario :<\/p>\n\n\n\n<p>Nombre : Ricardo y Fernando T P<br>D\u00eda y Hora : 13.12.2003<br>Tu URL :<br>E-mail : mbpuebla@terra.es<br>Edad : 5 y 2 son 7<br>Desde d\u00f3nde escribes : desde casa de mam\u00e1<br>C\u00f3mo has llegado a esta p\u00e1gina : Por ver como va el trabajo del t\u00edo Nano<br>Comentario : R: Ya s\u00e9 que es Lantadilla\u2026 ap\u00e1galo. F: Me lo dejas\u2026 hay que compartir\u2026 Y: As\u00ed no hay qui\u00e9n mire una p\u00e1gina.<\/p>\n\n\n\n<p>Nombre : las nietas de alejos (las de burgos)<br>D\u00eda y Hora : 12\/12\/03<br>Tu URL :<br>E-mail :<br>Edad :<br>Desde d\u00f3nde escribes : burgos<br>C\u00f3mo has llegado a esta p\u00e1gina :<br>Comentario : QUE GANAS TENEMOS DE QUE LLEGUEN LAS NAVIDADES Y QUE SE LLENE EL PUEBLO OTRA VEZ PORQUE SOIS LA HOSTIA!!!!VIVAN LAS FIESTAN DE LANTADILLA Y SU GENTE.MUXOS BESOS A TODOS<\/p>\n\n\n\n<p>Nombre : Agurtzane<br>D\u00eda y Hora : 6\/12\/03 21.37<br>Tu URL :<br>E-mail : agurtzanet@euskalnet.net<br>Edad : 35<br>Desde d\u00f3nde escribes : Me\u00f1aka -Bizkaia-<br>C\u00f3mo has llegado a esta p\u00e1gina : Por unos amigos<br>Comentario : Quer\u00eda ver donde vive Alberto Villaizan, pero no teneis la foto. De todos modos he alucinado con la cantidad de fotos,videos e informaci\u00f3n que tene\u00eds.<\/p>\n\n\n\n<p>Nombre : Mabel y M\u00aa Rosa<br>D\u00eda y Hora : 29 de Noviembre 2003<br>Tu URL :<br>E-mail :<br>Edad :<br>Desde d\u00f3nde escribes : Santander<br>C\u00f3mo has llegado a esta p\u00e1gina :<br>Comentario : Felicidades por esta p\u00e1gina de Lantadilla tan buena.<\/p>\n\n\n\n<p>Nombre : nietas de D\u00aa Esther Carranza<br>D\u00eda y Hora : 16-11-2003; 15:34<br>Tu URL :<br>E-mail : tabernafoto@telefonica.net<br>Edad : 40<br>Desde d\u00f3nde escribes : Irurita, Navarra<br>C\u00f3mo has llegado a esta p\u00e1gina : Por curiosidad, por ser el pueblo de nuestra abuela<br>Comentario : Nos ha ilusionado ver una p\u00e1gina tan completa sobre el pueblo de nuestra abuela materna, bisabuelos, tatarabuelos,etc.<\/p>\n\n\n\n<p>Nombre : Javier<br>D\u00eda y Hora : 15 octubre 13:13<br>Tu URL :<br>E-mail :<br>Edad : 18<br>Desde d\u00f3nde escribes : Le\u00f3n<br>C\u00f3mo has llegado a esta p\u00e1gina : no se<br>Comentario :<\/p>\n\n\n\n<p>Nombre : ferpu<br>D\u00eda y Hora : 15.10.03 11.00<br>Tu URL : www.ferpu.com<br>E-mail : fernandope@inditex.com<br>Edad : ya os he dado demasiada informacion<br>Desde d\u00f3nde escribes : barcelona aeropuerto<br>C\u00f3mo has llegado a esta p\u00e1gina : creandola<br>Comentario : estamos trabajando para hacer del pueblo un punto de encuentro habitual para todo el que quiera. mandadme vuestro e\/mail al mio para informaros. besos.<\/p>\n\n\n\n<p>Nombre : La familia y una m\u00e1s<br>D\u00eda y Hora : 04 de octubre. Despues de vendimiar<br>Tu URL :<br>E-mail : otro dia<br>Edad : quien se acuerda ya de eso?<br>Desde d\u00f3nde escribes : desde avda Fr\u00f3mista<br>C\u00f3mo has llegado a esta p\u00e1gina : con dificultad<br>Comentario : Quien me ha cogido las fotos de casa?. Ferpu no te olvides de la camiseta de la pe\u00f1a para la Isabel. Tenemos una nueva inhundaci\u00f3n en el garito. Urge bomba de absorci\u00f3n mira a ver si alguna en el almacen o en el escaparate. Os quedan pocos d\u00edas para ate<\/p>\n\n\n\n<p>Nombre : ferpu<br>D\u00eda y Hora : 21.9.03<br>Tu URL :<br>E-mail :<br>Edad :<br>Desde d\u00f3nde escribes : pullandber superco<br>C\u00f3mo has llegado a esta p\u00e1gina : pagando un euro<br>Comentario : pronto ampliaremos el ocio y la informacion en nuestro pueblo\u2026.. estamos trabajando en ello<\/p>\n\n\n\n<p>Nombre : Pili Fern\u00e1ndez de Rivas<br>D\u00eda y Hora : 17\/09\/03 7:10 pm<br>Tu URL :<br>E-mail : pilarderivas@yahoo.com<br>Edad : 28<br>Desde d\u00f3nde escribes : San Salvador, El Salvador<br>C\u00f3mo has llegado a esta p\u00e1gina :<br>Comentario : Lantadilla es lo m\u00e1s lindo que recuerdo de Espa\u00f1a, un abrazo inmenso para la familia, con enorme cari\u00f1o desde aqu\u00ed<\/p>\n\n\n\n<p>Nombre : Santiago<br>D\u00eda y Hora : Fern\u00e1ndez<br>Tu URL :<br>E-mail : santiagofernandezq@yahoo.com<br>Edad : 32<br>Desde d\u00f3nde escribes : San Salvador, El Salvador, Centroam\u00e9rica<br>C\u00f3mo has llegado a esta p\u00e1gina : Yahoo<br>Comentario : Los mejores recuerdos de mi infancia, son de Lantadilla. Muchos saludos desde El Salvador<\/p>\n\n\n\n<p>Nombre : PELLEJA<br>D\u00eda y Hora :<br>Tu URL :<br>E-mail :<br>Edad :<br>Desde d\u00f3nde escribes : BURGOS<br>C\u00f3mo has llegado a esta p\u00e1gina :<br>Comentario : SALUDO A TODA ESA GENTE QUE HA ESTADO EN LANTA ESTAS FIESTAS.HAN ESTADO DE PUTA MADRE.NOS VEMOS EN QUINTOS 2004.SER\u00c1N LOS ULTIMOS? ESPEREMOS QUE NO.<\/p>\n\n\n\n<p>Nombre : Beatriz Mata<br>D\u00eda y Hora : 12\/08\/03 ,casi las 15h<br>Tu URL :<br>E-mail :<br>Edad :<br>Desde d\u00f3nde escribes : desde Ferrol<br>C\u00f3mo has llegado a esta p\u00e1gina : por Ferpu<br>Comentario : Que la p\u00e1gina est\u00e1 muy bien aunque a mi el ayuntamiento nuevo no me gusta mucho\u2026 y que gracias a Fernando por invitar a las fiestas de Lantadilla. Que lo pas\u00e9is muy bien!!<\/p>\n\n\n\n<p>Nombre : Pe\u00f1a GLAM<br>D\u00eda y Hora : 11.8.03 16h<br>Tu URL :<br>E-mail :<br>Edad :<br>Desde d\u00f3nde escribes : LANTADILLA<br>C\u00f3mo has llegado a esta p\u00e1gina : MELANCHIVAO<br>Comentario : ESTAMOS EN PREVIO DE FIESTAS.. EL SOL CALIENTA, LA PISCI ESTA LLENA\u2026 EN TRES DIAS.. TODOS BORRACHOS. QUE NO FALTE NADIE!!! BESOS.<\/p>\n\n\n\n<p>Nombre : KTA<br>D\u00eda y Hora : LABORAL<br>Tu URL :<br>E-mail :<br>Edad : YA SON 25<br>Desde d\u00f3nde escribes : DESDE EL CURRO<br>C\u00f3mo has llegado a esta p\u00e1gina : HAY QUE PASAR ESTAS 8 HORAS<br>Comentario : SALUDOS A TODOS, BUENO QUE NOS VEMOS DENTRO DE POCO,CUIDAROS<\/p>\n\n\n\n<p>Nombre : PK2<br>D\u00eda y Hora :<br>Tu URL :<br>E-mail :<br>Edad :<br>Desde d\u00f3nde escribes : desde casa<br>C\u00f3mo has llegado a esta p\u00e1gina :<br>Comentario : Que la p\u00e1gina est\u00e1 de P.M. y que este pueblo es el mejor y las fiestas son la hostia.MUXOS BESOS A TODOS Y NOS VEMOS EN AGOSTO, NO FALTEIS!!!<br>,img src=\u00bbhttp:\/\/www.geocities.com\/lantadilla97\/blue_thin_line_2.gif\u00bb alt=\u00bb\u00bb \/&gt;<br>Nombre : Marta<br>D\u00eda y Hora : NUSO<br>Tu URL :<br>E-mail :<br>Edad :<br>Desde d\u00f3nde escribes :<br>C\u00f3mo has llegado a esta p\u00e1gina :<br>Comentario :<\/p>\n\n\n\n<p>Nombre : Feli Lantada Puebla<br>D\u00eda y Hora : 8\/07\/2003<br>Tu URL :<br>E-mail :<br>Edad :<br>Desde d\u00f3nde escribes : Gij\u00f3n<br>C\u00f3mo has llegado a esta p\u00e1gina : Buscando mi pueblo<br>Comentario : Me alegro de haber encontrado la p\u00e1gina de Lantadilla. Enhorabuena por la p\u00e1gina. UN saludo<\/p>\n\n\n\n<p>Nombre : Marta<br>D\u00eda y Hora : 24 de junio. Muy tarde<br>Tu URL :<br>E-mail :<br>Edad : La suficiente<br>Desde d\u00f3nde escribes : Coru\u00f1a<br>C\u00f3mo has llegado a esta p\u00e1gina : Por la insistencia (pr\u00e1cticamente una orden del FERPU)<br>Comentario : Ahora que por fin conozco la p\u00e1gina (muy lograda, por cierto) ya va siendo hora de que alguien (el insistente, por ejemplo) me invite a conocer el pueblo in situ.<\/p>\n\n\n\n<p>Nombre : Fernando<br>D\u00eda y Hora : 15-6-03<br>Tu URL : Lagarto<br>E-mail :<br>Edad : 24<br>Desde d\u00f3nde escribes : Pucela<br>C\u00f3mo has llegado a esta p\u00e1gina :<br>Comentario : \u00c9stuve en quintos del 2003 y me lo pase en grande, la morcilla y el chorizo mu ricos, sobre todo como desayuno de resaca.<\/p>\n\n\n\n<p>Nombre : Rodolfo L\u00f3pez Escudero<br>D\u00eda y Hora : 10\/06\/2003<br>Tu URL :<br>E-mail : lopescor@hotmail.com<br>Edad : 46<br>Desde d\u00f3nde escribes : Madrid<br>C\u00f3mo has llegado a esta p\u00e1gina : Por casualidad<br>Comentario : He dado con vuestra p\u00e1gina por casualidad. Quiero felicitaros por vuestro trabajo y saludar a toda la gente de Lantadilla, en especial a los que compartieron conmigo los maravillosos veranos de mi infancia en ese lugar.<\/p>\n\n\n\n<p>Nombre : AVISO<br>D\u00eda y Hora : La del juicio final<br>Tu URL : www.porunospostesdetelefono.com<br>E-mail :<br>Edad :<br>Desde d\u00f3nde escribes :<br>C\u00f3mo has llegado a esta p\u00e1gina :<br>Comentario : Si tienes pensado visitar Lantadilla en las proximas fechas acuerdate de poner en la maleta el chaleco antibalas. Lantadilla City: la Ciudad sin Ley!!<\/p>\n\n\n\n<p>Nombre : Jose D\u00edez<br>D\u00eda y Hora : 8\/6\/03<br>Tu URL : www.boston.com<br>E-mail : josediez@hotmail.com<br>Edad : 29<br>Desde d\u00f3nde escribes : Boston<br>C\u00f3mo has llegado a esta p\u00e1gina : Curiosidad\/tiempo libre<br>Comentario : Pagina bastante interesante y curiosa. Bien trabajada. Un abrazo, el Pep.<\/p>\n\n\n\n<p>Nombre : adan<br>D\u00eda y Hora : 8 del5 2003<br>Tu URL : mi casa<br>E-mail : adanas@hotmail.com<br>Edad : 24<br>Desde d\u00f3nde escribes : barcelona<br>C\u00f3mo has llegado a esta p\u00e1gina : influenciao<br>Comentario : no tengo el placer de haber visitado Lantadilla soy de un pueblo cercano maravilloso Carrion de los condes estoy influenciado por una se\u00f1orita que me ha contado grandes cosas de alli y espero ir antes de morirme un saludo y visca el barca<\/p>\n\n\n\n<p>Nombre : pedro<br>D\u00eda y Hora : 4.6.3<br>Tu URL :<br>E-mail :<br>Edad : 20 &#8211; 35<br>Desde d\u00f3nde escribes : oficina reykjavik<br>C\u00f3mo has llegado a esta p\u00e1gina : mal y obligado<br>Comentario : yo tambien hago paginas\u2026 bueno que estoy con ferpu (el primo de rafa) y aprovecho para saludarnos!!!!! gracias por venir!!<\/p>\n\n\n\n<p>Nombre : \u00bfEl mio?<br>D\u00eda y Hora : 3 de Junio prontito<br>Tu URL : \u00bfUrinario Remoto Localizable?<br>E-mail : No gracias, me estoy quitando<br>Edad : A ver\u2026.la de hierro ya fue, la de bronce\u2026no\u2026.pues ahora no se<br>Desde d\u00f3nde escribes : Desde aqui<br>C\u00f3mo has llegado a esta p\u00e1gina : Todo recto y en la tercera bocacalle a la derecha<br>Comentario : Hola guap@s de Lantadilla\u2026si es que este libro tiene menos movimiento\u2026a ver si os animais y os dejai caer por aqui de vez en cuando. Otra cosita mas: a ver qu\u00e9 tal lo hace el nuevo alcalde, aprende de los errores del pasado y no comete los mismos. Ha<\/p>\n\n\n\n<p>Nombre :<br>D\u00eda y Hora :<br>Tu URL :<br>E-mail :<br>Edad :<br>Desde d\u00f3nde escribes :<br>C\u00f3mo has llegado a esta p\u00e1gina :<br>Comentario : Ha ganado Albino y los independientes por 4 a 3.<\/p>\n\n\n\n<p>Nombre : Tampoco recuerdo<br>D\u00eda y Hora : 29\/05\/03<br>Tu URL :<br>E-mail :<br>Edad : ??<br>Desde d\u00f3nde escribes :<br>C\u00f3mo has llegado a esta p\u00e1gina :<br>Comentario : En respuesta a la ultima pregunta: Sobre las elecciones mas de lo mismo. Ha ganado Silvano &amp; CO<\/p>\n","protected":false},"excerpt":{"rendered":"<p>(29\/05\/2003 &#8211; 28\/06\/2004) Nombre : MartaD\u00eda y Hora : 28-06-04Tu URL :E-mail : martalanta82@hotmail.comEdad : Qu\u00e9 indiscretos\u2026Desde d\u00f3nde escribes : Desde PonferradaC\u00f3mo has llegado a esta p\u00e1gina :Comentario : Mis \u00faltimas horas en Ponfe\u2026 Y dentro de poquito al pueblo,a ver qu\u00e9 tal se presenta este verano! Un sludo a todos. Nombre : no m [&hellip;]<\/p>\n","protected":false},"author":1,"featured_media":0,"parent":0,"menu_order":0,"comment_status":"closed","ping_status":"closed","template":"","meta":{"footnotes":""},"class_list":["post-353","page","type-page","status-publish","hentry"],"_links":{"self":[{"href":"http:\/\/lantadilla.ddns.net\/lantadilla\/index.php\/wp-json\/wp\/v2\/pages\/353","targetHints":{"allow":["GET"]}}],"collection":[{"href":"http:\/\/lantadilla.ddns.net\/lantadilla\/index.php\/wp-json\/wp\/v2\/pages"}],"about":[{"href":"http:\/\/lantadilla.ddns.net\/lantadilla\/index.php\/wp-json\/wp\/v2\/types\/page"}],"author":[{"embeddable":true,"href":"http:\/\/lantadilla.ddns.net\/lantadilla\/index.php\/wp-json\/wp\/v2\/users\/1"}],"replies":[{"embeddable":true,"href":"http:\/\/lantadilla.ddns.net\/lantadilla\/index.php\/wp-json\/wp\/v2\/comments?post=353"}],"version-history":[{"count":1,"href":"http:\/\/lantadilla.ddns.net\/lantadilla\/index.php\/wp-json\/wp\/v2\/pages\/353\/revisions"}],"predecessor-version":[{"id":355,"href":"http:\/\/lantadilla.ddns.net\/lantadilla\/index.php\/wp-json\/wp\/v2\/pages\/353\/revisions\/355"}],"wp:attachment":[{"href":"http:\/\/lantadilla.ddns.net\/lantadilla\/index.php\/wp-json\/wp\/v2\/media?parent=353"}],"curies":[{"name":"wp","href":"https:\/\/api.w.org\/{rel}","templated":true}]}}