{"id":356,"date":"2024-11-10T02:43:49","date_gmt":"2024-11-10T01:43:49","guid":{"rendered":"http:\/\/lantadilla.ddns.net:82\/lantadilla\/?page_id=356"},"modified":"2024-11-10T02:43:49","modified_gmt":"2024-11-10T01:43:49","slug":"noveno-libro-de-visitas","status":"publish","type":"page","link":"http:\/\/lantadilla.ddns.net\/lantadilla\/index.php\/noveno-libro-de-visitas\/","title":{"rendered":"Noveno libro de visitas"},"content":{"rendered":"\n<p>(12\/08\/2004 &#8211; 28\/07\/2005)<\/p>\n\n\n\n<div style=\"height:50px\" aria-hidden=\"true\" class=\"wp-block-spacer\"><\/div>\n\n\n\n<p>Nombre : gema<br>D\u00eda y Hora : importa?<br>Tu URL :<br>E-mail :<br>Edad : 20<br>Desde d\u00f3nde escribes : quincoces de yuso (burgos)<br>C\u00f3mo has llegado a esta p\u00e1gina :<br>Comentario : AUPA LANTADILLA SALUDAR A MI ABUELO ENRIQUE MARCOS SI LE VEIS<\/p>\n\n\n\n<p>Nombre : Jos\u00e9 Miguel<br>D\u00eda y Hora : 28 Junio 17:21<br>Tu URL :<br>E-mail : jmcs074@hotmail.com<br>Edad : 18<br>Desde d\u00f3nde escribes : Cuevas del almanzora (Almeria)<br>C\u00f3mo has llegado a esta p\u00e1gina : Por casualidad<br>Comentario : Un saludo pa to la gente de lantadilla,y sobre todo a toda mi familia. Por cierto la pagina bastante bien.<\/p>\n\n\n\n<p>Nombre : gema<br>D\u00eda y Hora : 28-7-2005 13:00<br>Tu URL :<br>E-mail : lantadillapesadilla@hotmail.com<br>Edad : 20<br>Desde d\u00f3nde escribes : quincoces de yuso<br>C\u00f3mo has llegado a esta p\u00e1gina : x amigos<br>Comentario : me encanta esta pagina de mi pueblo si ves a enrique marcos le saludais de mi parte que soy su nieta<\/p>\n\n\n\n<p>Nombre : Ana<br>D\u00eda y Hora : 3:00pm 27 de julio del 2005<br>Tu URL :<br>E-mail : bad_girl_233@hotmail.com<br>Edad : 14\/15<br>Desde d\u00f3nde escribes : Eastbourne\/England<br>C\u00f3mo has llegado a esta p\u00e1gina :<br>Comentario : Wola a to2!!! Pa los k no sepan ken soy\u2026 pos no s k dcirs, k ete summer ya m pasare x ayi y ya m veran. Pa k veais to2 k m akordo muxo d vsotros e!! toy deseando vlver a spain xa poder ver a tol mundo!! muxos bsitux<\/p>\n\n\n\n<p>Nombre : miguel pradanos<br>D\u00eda y Hora :<br>Tu URL : http:\/\/www.portalatino.com\/retornoorquesta<br>E-mail : retornomusical@wanadoo.es<br>Edad : 50<br>Desde d\u00f3nde escribes : alcala de henares<br>C\u00f3mo has llegado a esta p\u00e1gina : por mis archivos<br>Comentario : orquesta retiorno les desea felices fiestas patronales. atte. miguel pradanos. http:\/\/www.portalatino.com\/retornoorquesta<\/p>\n\n\n\n<p>Nombre : diana<br>D\u00eda y Hora :<br>Tu URL :<br>E-mail :<br>Edad : 31<br>Desde d\u00f3nde escribes : madrid<br>C\u00f3mo has llegado a esta p\u00e1gina : curioseando<br>Comentario : estuve en lantadilla en agosto y vi un teatro que hacian las amas de casa y me lo pase pipa, animo y a divertir a todos los que se pasen por lantadilla en agosto<\/p>\n\n\n\n<p>Nombre : ieio<br>D\u00eda y Hora : 1-07-2054<br>Tu URL :<br>E-mail :<br>Edad :<br>Desde d\u00f3nde escribes : desde el futuro<br>C\u00f3mo has llegado a esta p\u00e1gina :<br>Comentario :<\/p>\n\n\n\n<p>Nombre : saltatrampas52<br>D\u00eda y Hora : 29 de junio 2.005<br>Tu URL :<br>E-mail : saltatrampas52@hotmail.com<br>Edad : 20 y muchos<br>Desde d\u00f3nde escribes : madrid<br>C\u00f3mo has llegado a esta p\u00e1gina :<br>Comentario : la pagina esta muy bien, pero tendria q estar actulizada. haber si alguien me puede mandar fotos del pueblo. gracias.<\/p>\n\n\n\n<p>Nombre : noe (la killa)<br>D\u00eda y Hora : 25- junio-05 12:40<br>Tu URL :<br>E-mail : concentraita@hotmail.com<br>Edad : casi 19<br>Desde d\u00f3nde escribes : desde huelva<br>C\u00f3mo has llegado a esta p\u00e1gina : el aburrimiento\u2026..<br>Comentario : weno pos un saludito pa to los lantadillenses en especial para mi abuelito prisciano el nene (q si alguien lo lee q se lo diga q el como q internet\u2026) un besazo pa todosssss. muakkkiiiisss<\/p>\n\n\n\n<p>Nombre : Fely<br>D\u00eda y Hora : 13\/6\/05<br>Tu URL :<br>E-mail : el de siempre<br>Edad : \u00bfimporta eso?<br>Desde d\u00f3nde escribes : Oviedo<br>C\u00f3mo has llegado a esta p\u00e1gina : que pregunta<br>Comentario : Esta lloviendo y hace frio,el extres puede conmigo,necesito irme al pueblo a relajar,nada como Lantadilla,besos pa tos<\/p>\n\n\n\n<p>Nombre : Roberto<br>D\u00eda y Hora :<br>Tu URL :<br>E-mail :<br>Edad :<br>Desde d\u00f3nde escribes : Belgica<br>C\u00f3mo has llegado a esta p\u00e1gina : Por error<br>Comentario : Impresionante pagina web del pueblo de Lantadilla. Realmente una de esas paginas que hace que Internet sea util e interesante, porque si no, como iba Lantadilla a darse a conocer por tierras flamencas? A partir de ahora, preparense, vecinos de Lantadilla,<\/p>\n\n\n\n<p>Nombre : Feli<br>D\u00eda y Hora : Sabado\/12:30<br>Tu URL :<br>E-mail : Ya lo sabeis<br>Edad : 15 y dias que diria mi madre<br>Desde d\u00f3nde escribes : Asturias<br>C\u00f3mo has llegado a esta p\u00e1gina : hace mas el que euire que el que puede<br>Comentario : Mis papis se van ma\u00f1ana a Lantadilla y yo aqui me quedo con las ganas,\u00a1que ganas de que llegue agosto,Bss<\/p>\n\n\n\n<p>Nombre : R.Y.G.<br>D\u00eda y Hora : 3\/6\/05<br>Tu URL :<br>E-mail :<br>Edad :<br>Desde d\u00f3nde escribes : Madrid<br>C\u00f3mo has llegado a esta p\u00e1gina : pasando el rato<br>Comentario : Hola a todos\/as. Quiero saludar a todos los que tienen interes en Lantadilla, a todos los que trabajan por mejorar el bienestar del pueblo y no me refiero a los del ajuntamiento, que boicoetean todas las iniciativas de las amas de casa, que no prestan los<\/p>\n\n\n\n<p>Nombre : yo soy la chica de ayer<br>D\u00eda y Hora : las 10 ylas11las12 la 1 las 2 y las tres<br>Tu URL : y juntos a la nochecer<br>E-mail : nos encontro la luna<br>Edad : 20 a\u00f1os no es nada<br>Desde d\u00f3nde escribes : pongamos que hablo de Madrid<br>C\u00f3mo has llegado a esta p\u00e1gina : volver con la frente marchita<br>Comentario : sentir que ya no hay libro de firmas desde hace tiempo. as\u00ed que pasando el rato. mientras mis hijos ven asterix y obelix<\/p>\n\n\n\n<p>Nombre : pablo<br>D\u00eda y Hora : 25-05-2005-10:06<br>Tu URL :<br>E-mail :<br>Edad : 22<br>Desde d\u00f3nde escribes : casa<br>C\u00f3mo has llegado a esta p\u00e1gina : www.aytos.org<br>Comentario : me ha gustado mucho<\/p>\n\n\n\n<p>Nombre : pues el de siempre<br>D\u00eda y Hora : pues la de aora<br>Tu URL :<br>E-mail :<br>Edad : pues la misma que ayer<br>Desde d\u00f3nde escribes : pues desde la tierra<br>C\u00f3mo has llegado a esta p\u00e1gina : pues por internet<br>Comentario : la pagina esta mu chula aunk no vendrian mal mas fotos de la juventud \u00a1 VIVA LANTADILLA !<\/p>\n\n\n\n<p>Nombre : yo misma<br>D\u00eda y Hora : la hora bruja<br>Tu URL :<br>E-mail :<br>Edad : taitantos<br>Desde d\u00f3nde escribes : desde mi casa<br>C\u00f3mo has llegado a esta p\u00e1gina : fisgoneando<br>Comentario : ya he escrito m\u00e0s veces pero no se ha registrado la firma, espero que esta vez vaya en serio, saludos a todos\/as los de ah\u00ed.<\/p>\n\n\n\n<p>Nombre : Cristian Lantadilla<br>D\u00eda y Hora :<br>Tu URL :<br>E-mail : clantadilla@sfsimports.com<br>Edad : 31<br>Desde d\u00f3nde escribes : Toronto, Canada<br>C\u00f3mo has llegado a esta p\u00e1gina :<br>Comentario : Un saludo a todos los Lantadilla Yo soy Chileno, pero vivo en Canada! Me gustaria tener contacto con otros Lantadillas. Si alguno de ustedes son Lantadilla, me pueden escribir para poder tener algun contacto! Saludos, y GRANDE LANTADILLA!<\/p>\n\n\n\n<p>Nombre : Fely<br>D\u00eda y Hora : 08\/04\/05<br>Tu URL :<br>E-mail :<br>Edad :<br>Desde d\u00f3nde escribes : Oviedo<br>C\u00f3mo has llegado a esta p\u00e1gina :<br>Comentario : Esto esta un poco paradillo,\u00bfdonde puedo hacerme con una camiseta de las de METRO?GRACIAS<\/p>\n\n\n\n<p>Nombre : maricarmen<br>D\u00eda y Hora : 5 de abril 2005<br>Tu URL :<br>E-mail :<br>Edad : 41<br>Desde d\u00f3nde escribes : vitoria<br>C\u00f3mo has llegado a esta p\u00e1gina :<br>Comentario : si alguien conoce a javi ruiz y su primo fernando me gustaria mucho saber algo sobre ellos o mucho mejor ponerme en contacto con ellos<\/p>\n\n\n\n<p>Nombre : Feli de la Fuente Padilla<br>D\u00eda y Hora : 31\/03\/05 22:35<br>Tu URL :<br>E-mail : felifuente@hotmail.com<br>Edad : 37<br>Desde d\u00f3nde escribes : Oviedo<br>C\u00f3mo has llegado a esta p\u00e1gina : Buscando mis origenes<br>Comentario : Me encanta la pag. y estoy muy ilusionada por reencontrar viejas amistades como Nieves,Olga,Ana Isabel\u2026. hace mucho que no voy por alli y me encantaria saber de mis quinto\/as,como referencia infalible os dire que soy nieta del tio puchas y la casa de mi<\/p>\n\n\n\n<p>Nombre : Paola(pinpy) Lantadilla<br>D\u00eda y Hora : 14:21<br>Tu URL :<br>E-mail : pinpy73@homail.com<br>Edad : 32 a\u00f1os<br>Desde d\u00f3nde escribes : Chile (chiguayante)<br>C\u00f3mo has llegado a esta p\u00e1gina : por mi apellido<br>Comentario : mi apillido es Lantadilla<\/p>\n\n\n\n<p>Nombre : Paola(pinpy) Lantadilla<br>D\u00eda y Hora : 14:14<br>Tu URL :<br>E-mail : pinpy73@homail.cl<br>Edad : 32<br>Desde d\u00f3nde escribes : Chile (Chiguayante)<br>C\u00f3mo has llegado a esta p\u00e1gina : por mi apellido<br>Comentario : hola soy Paola Lantadilla por mi apellida llege a su pagina,es presiosa, que tengan exito chaoo<\/p>\n\n\n\n<p>Nombre : vanessa<br>D\u00eda y Hora : 15-03-05 22.33<br>Tu URL :<br>E-mail : vanesso7@hotmail.com<br>Edad : 24<br>Desde d\u00f3nde escribes : casa<br>C\u00f3mo has llegado a esta p\u00e1gina : por puebla peque\u00f1o<br>Comentario : haber si esta pagina no se queda estancada como todas,no sera por que no hay chorradas para poner he\u2026..<\/p>\n\n\n\n<p>Nombre : vanessa<br>D\u00eda y Hora : 15-03-05 22.33<br>Tu URL :<br>E-mail : vanesso7@hotmail.com<br>Edad :<br>Desde d\u00f3nde escribes :<br>C\u00f3mo has llegado a esta p\u00e1gina :<br>Comentario :<\/p>\n\n\n\n<p>Nombre : no lo qero decir<br>D\u00eda y Hora : xx-xx-xxxx<br>Tu URL : nose<br>E-mail : nose<br>Edad : 14<br>Desde d\u00f3nde escribes : nose<br>C\u00f3mo has llegado a esta p\u00e1gina : nose<br>Comentario : te quiro reveca<\/p>\n\n\n\n<p>Nombre : seila<br>D\u00eda y Hora : 17:28<br>Tu URL :<br>E-mail : sheilamiguel@hotmail.com<br>Edad : 14<br>Desde d\u00f3nde escribes : santander<br>C\u00f3mo has llegado a esta p\u00e1gina : porque mis tios k viven alli me lo han dicho<br>Comentario : lantadilla es el mejor pueblo del mundo.apa!!!!!!!\u00a1\u00a1\u00a1\u00a1\u00a1\u00a1\u00a1\u00a1\u00a1\u00a1\u00a1\u00a1\u00a1\u00a1\u00a1!!!!!!!!!!!!!!!!\u00a1\u00a1\u00a1\u00a1\u00a1\u00a1\u00a1\u00a1\u00a1.me encanta ir a pasar la semana santa, t el verano alli. en la plaza cervantes donde tengo la casa.un besazo y un abrazo muy fuerte<\/p>\n\n\n\n<p>Nombre : yo misma<br>D\u00eda y Hora : 19-2-05<br>Tu URL : \u00bfpero esto que es? \u00fa\u00e9 cuento es esto<br>E-mail : jojojo<br>Edad : 30+1?=4?<br>Desde d\u00f3nde escribes : Madrid<br>C\u00f3mo has llegado a esta p\u00e1gina : por cotilla<br>Comentario : Saludos a todo\/as de Lantadilla, por favor cuando firm\u00e9is no pongais faltas de ortograf\u00eda, que se me rayan los cristales de las gafas. Saludos a todas las personas de bien del pueblo y a las personas de mal que les den por\u2026\u2026\u2026\u2026\u2026\u2026<\/p>\n\n\n\n<p>0<br>Nombre : yo misma<br>D\u00eda y Hora : 19-2-05<br>Tu URL : \u00bfpero esto que es? \u00fa\u00e9 cuento es esto<br>E-mail : jojojo<br>Edad : 30+1?=4?<br>Desde d\u00f3nde escribes :<br>C\u00f3mo has llegado a esta p\u00e1gina :<br>Comentario :<\/p>\n\n\n\n<p>Nombre : maricarmen<br>D\u00eda y Hora : 17 de febrero 2005<br>Tu URL :<br>E-mail :<br>Edad : taitantos<br>Desde d\u00f3nde escribes : vitoria<br>C\u00f3mo has llegado a esta p\u00e1gina : por a\u00f1oranza<br>Comentario : me gustaria saber que ha sido de unos viejos amigos, Javi Ruiz y su primo Fernando. Gracias de antemano<\/p>\n\n\n\n<p>Nombre : Lantadillo<br>D\u00eda y Hora : 14.2.05 12:00<br>Tu URL :<br>E-mail :<br>Edad :<br>Desde d\u00f3nde escribes : Desde el corazon<br>C\u00f3mo has llegado a esta p\u00e1gina :<br>Comentario : HOLA A TODOS. SOLO QUIERO RECORDAROS QUE EL FIN DE SEMANA DEL 26 Y 27 DE FEBRERO TENEMOS LA FIESTA DE QUINTOS Y LA TRADICIONAL MATANZA\u2026. ESTAIS MAS QUE INVITADOS!! BESOS Y ABRAZOS.<\/p>\n\n\n\n<p>Nombre : Angelin<br>D\u00eda y Hora : 10 febrero 19.15<br>Tu URL :<br>E-mail : jelillo@wanadoo.es<br>Edad : 55,5<br>Desde d\u00f3nde escribes : Cantabria<br>C\u00f3mo has llegado a esta p\u00e1gina : con ilusion<br>Comentario : Un saludo a todos y el dia 19 de Marzo estare en Melgar a la feria y luego a visitaremos Lantadilla, como hace muchos a\u00f1os. Lantadilla el mejor pueblo del MUNDO.<\/p>\n\n\n\n<p>Nombre : saltatramps52<br>D\u00eda y Hora : 31enero2005<br>Tu URL :<br>E-mail : saltatrampas52@hotmail.com<br>Edad : 29<br>Desde d\u00f3nde escribes : madrid<br>C\u00f3mo has llegado a esta p\u00e1gina : buscando \u2026\u2026..?<br>Comentario : hola, mi familia es de lantadilla, hace mucho que no voy, y si teneis fotografias me gustaria que me las mandarais, para recordar viejos tiempos. agur<\/p>\n\n\n\n<p>Nombre : jesus<br>D\u00eda y Hora : 26-01-2005<br>Tu URL :<br>E-mail :<br>Edad : 38<br>Desde d\u00f3nde escribes : santander<br>C\u00f3mo has llegado a esta p\u00e1gina : buscando en google<br>Comentario : la verdad es que esta muy bien esta web, en mi trabajo todo el mundo conoce mi pueblo, saludos a todo el mundo.<\/p>\n\n\n\n<p>Nombre : Alicia del valle<br>D\u00eda y Hora : 31-12-2004<br>Tu URL :<br>E-mail : todogol@airtel.net<br>Edad :<br>Desde d\u00f3nde escribes : palma de mallorca<br>C\u00f3mo has llegado a esta p\u00e1gina :<br>Comentario : henhorabuena muy amena seguir asi, felices fiestas<\/p>\n\n\n\n<p>Nombre : Silvano Lantada Garc\u00eda<br>D\u00eda y Hora : 25-12-2004 a las 15.30<br>Tu URL :<br>E-mail : silvanolg@hotmail.com<br>Edad : 58<br>Desde d\u00f3nde escribes : Avil\u00e9s<br>C\u00f3mo has llegado a esta p\u00e1gina : Ya la conoc\u00eda<br>Comentario : FELICES FIESTAS Y UN BUEN A\u00d1O NUEVO A TODOS LOS LANTADILLENSES QUE VIVAN EN EL PUEBLO O FUERA DE EL.<\/p>\n\n\n\n<p>Nombre : Vicen\u00e7<br>D\u00eda y Hora :<br>Tu URL :<br>E-mail : vicente@grupoplaza.org<br>Edad : 50<br>Desde d\u00f3nde escribes : Alicante<br>C\u00f3mo has llegado a esta p\u00e1gina : Buscando<br>Comentario : La p\u00e1gina me parece excelente aunque encuentro a faltar im\u00e1genes de la virgen rom\u00e1nica de Lantada. Espero que las incluyas y si las tienes en gran formato me puedas remitir alguna. Felicidades y enhorabuena. Gracias<\/p>\n\n\n\n<p>Nombre : silvano lantada garc\u00eda<br>D\u00eda y Hora : 9-11-2004\u2026\u2026.21.04<br>Tu URL :<br>E-mail : silvanolg@hotmail.com<br>Edad : 58<br>Desde d\u00f3nde escribes : avil\u00e9s<br>C\u00f3mo has llegado a esta p\u00e1gina : buscando mi pueblo<br>Comentario : Es una maravilla leer vuestros e-mails, aunque a muchos\/as no os conozca pues sois mucho m\u00e1s j\u00f3venes que yo, pero es extraordinaria la mentalidad que demostrais al conectar con vuestros amigos.Un saludo y espero repetir varias veces.<\/p>\n\n\n\n<p>Nombre : alicia fernandez<br>D\u00eda y Hora : 1\/11\/2004<br>Tu URL :<br>E-mail : grassoag@adinet.com.uy<br>Edad : 50<br>Desde d\u00f3nde escribes : Montevideo -URUGUAY<br>C\u00f3mo has llegado a esta p\u00e1gina : mi Querido ABUELO AURIO FERNANDEZ nacio alli<br>Comentario : se que gran parte de la familia aun sigue en Lantadilla y pienso en besar su tierra algun dia . Mis tios visitaron y los comentarios fueron siempre con gran emocion .Creo que alli esta una grabacion mia tocando casta\u00f1uelas cuando era chica.Uno de sus tan<\/p>\n\n\n\n<p>Nombre : alicia fernandez<br>D\u00eda y Hora : 1\/11\/2004<br>Tu URL :<br>E-mail : grassoag@adinet.com.uy<br>Edad : 50<br>Desde d\u00f3nde escribes : Montevideo -URUGUAY<br>C\u00f3mo has llegado a esta p\u00e1gina : mi Querido ABUELO AURIO FERNANDEZ nacio alli<br>Comentario : se que gran parte de la familia aun sigue en Lantadilla y pienso en besar su tierra algun dia . Mis tios visitaron y los comentarios fueron siempre con gran emocion .Creo que alli esta una grabacion mia tocando casta\u00f1uelas cuando era chica.Uno de sus tan<\/p>\n\n\n\n<p>Nombre : hallowen<br>D\u00eda y Hora : 31.10.04 &#8211; 23.59h<br>Tu URL :<br>E-mail :<br>Edad : 666<br>Desde d\u00f3nde escribes : LANTADILLA D.F.<br>C\u00f3mo has llegado a esta p\u00e1gina : ESCRIBIENDO LANTADILLA.COM<br>Comentario : ESTAMOS EN EL PUEBLO\u2026\u2026ESTO ESTA PRECIOSO. EL RIO Y EL PLANTIO ESTAN EN PLENO OTO\u00d1O Y LOS PAISAJES NOS ESTREMECEN. NOS ESTAMOS PREPARANDO PARA LA NOCHE DE MIEDO\u2026.HABER SI PILLAMOS!! BESOS.<\/p>\n\n\n\n<p>Nombre : SEDUC\u2026<br>D\u00eda y Hora : L12O10004<br>Tu URL :<br>E-mail :<br>Edad : 16<br>Desde d\u00f3nde escribes : DESDE UN LUGAR NO MUY LEJANO<br>C\u00f3mo has llegado a esta p\u00e1gina : BUSCANDO MUSICA<br>Comentario : POR EL MOMENTO NINGUNO<\/p>\n\n\n\n<p>Nombre : rebeka o quienvi (ya q mas da)<br>D\u00eda y Hora : pos el 6 de octubre a las 10 de la noxe y del 2004<br>Tu URL :<br>E-mail : rebeca_lantadilla@hotmail.com<br>Edad :<br>Desde d\u00f3nde escribes : burgos<br>C\u00f3mo has llegado a esta p\u00e1gina : recordando cosillas de lanta<br>Comentario : pos q aver si llega ya pronto algun puente y nos juntamos todos otra vez.q este verano y estas fiestas han sio la ostia!!os kero un monton.aupa todos los lantadillenses q son los + mejores!!1000besitos de quienvi<\/p>\n\n\n\n<p>Nombre : Pablo y Susana<br>D\u00eda y Hora :<br>Tu URL :<br>E-mail :<br>Edad : Aaaaaaaaahhhh!<br>Desde d\u00f3nde escribes : Bilbao<br>C\u00f3mo has llegado a esta p\u00e1gina :<br>Comentario : Hay que renovarse, chicos, pero est\u00e1 muy bien. Besos desde Bilbao.<\/p>\n\n\n\n<p>Nombre : celi<br>D\u00eda y Hora : 02:11<br>Tu URL :<br>E-mail :<br>Edad : 14<br>Desde d\u00f3nde escribes : pucela<br>C\u00f3mo has llegado a esta p\u00e1gina : nu sa<br>Comentario : Me parece muy xula esta paginma solo qe necesita fotos de gnte joven!!! 1 besazos tos \u00a1\u00a1viva lantadilla!!<\/p>\n\n\n\n<p>Nombre : una quinta<br>D\u00eda y Hora :<br>Tu URL :<br>E-mail :<br>Edad : quinta!!<br>Desde d\u00f3nde escribes :<br>C\u00f3mo has llegado a esta p\u00e1gina : desde los enlacesde la pk2lanta.tk<br>Comentario : aprovecho para comunicar a todo el mundo que los QUINTOS de este a\u00f1o se aplazan al \u00daLTIMO FIN DE SEMANA DE FEBRERO (ya no es el find de carnavales). Os esperamos!!! ah! vendemos mecheros y papeletas. Un poquito de colaboraci\u00f3n nunca viene mal. un besaz<\/p>\n\n\n\n<p>Nombre : eduardo toca de la parra<br>D\u00eda y Hora : xx-xx-xxxx<br>Tu URL :<br>E-mail : tocainho@hotmail.com<br>Edad : 23<br>Desde d\u00f3nde escribes : desde santander<br>C\u00f3mo has llegado a esta p\u00e1gina : buscando jejeje<br>Comentario : Hola soy un pariente de gente q vivio alli hace tiempo soy de la familia de los luena san jose q se vinieron a santander nieto de la trini y mi tatara-abuela era la pepa un saludo a todos los lantadillenses y espewro visitar algun dia ese pueblo tan bonit<\/p>\n\n\n\n<p>Nombre : alvarete y zobito sanchez yallego<br>D\u00eda y Hora : hoy<br>Tu URL :<br>E-mail :<br>Edad : pocoz<br>Desde d\u00f3nde escribes : ayuntamiento de lantadilla<br>C\u00f3mo has llegado a esta p\u00e1gina : con papi<br>Comentario : eztamoz mu enfadaoz poke no zale nueztra afoto. tio, feo, mariquita<\/p>\n\n\n\n<p><\/p>\n","protected":false},"excerpt":{"rendered":"<p>(12\/08\/2004 &#8211; 28\/07\/2005) Nombre : gemaD\u00eda y Hora : importa?Tu URL :E-mail :Edad : 20Desde d\u00f3nde escribes : quincoces de yuso (burgos)C\u00f3mo has llegado a esta p\u00e1gina :Comentario : AUPA LANTADILLA SALUDAR A MI ABUELO ENRIQUE MARCOS SI LE VEIS Nombre : Jos\u00e9 MiguelD\u00eda y Hora : 28 Junio 17:21Tu URL :E-mail : jmcs074@hotmail.comEdad : [&hellip;]<\/p>\n","protected":false},"author":1,"featured_media":0,"parent":0,"menu_order":0,"comment_status":"closed","ping_status":"closed","template":"","meta":{"footnotes":""},"class_list":["post-356","page","type-page","status-publish","hentry"],"_links":{"self":[{"href":"http:\/\/lantadilla.ddns.net\/lantadilla\/index.php\/wp-json\/wp\/v2\/pages\/356","targetHints":{"allow":["GET"]}}],"collection":[{"href":"http:\/\/lantadilla.ddns.net\/lantadilla\/index.php\/wp-json\/wp\/v2\/pages"}],"about":[{"href":"http:\/\/lantadilla.ddns.net\/lantadilla\/index.php\/wp-json\/wp\/v2\/types\/page"}],"author":[{"embeddable":true,"href":"http:\/\/lantadilla.ddns.net\/lantadilla\/index.php\/wp-json\/wp\/v2\/users\/1"}],"replies":[{"embeddable":true,"href":"http:\/\/lantadilla.ddns.net\/lantadilla\/index.php\/wp-json\/wp\/v2\/comments?post=356"}],"version-history":[{"count":1,"href":"http:\/\/lantadilla.ddns.net\/lantadilla\/index.php\/wp-json\/wp\/v2\/pages\/356\/revisions"}],"predecessor-version":[{"id":358,"href":"http:\/\/lantadilla.ddns.net\/lantadilla\/index.php\/wp-json\/wp\/v2\/pages\/356\/revisions\/358"}],"wp:attachment":[{"href":"http:\/\/lantadilla.ddns.net\/lantadilla\/index.php\/wp-json\/wp\/v2\/media?parent=356"}],"curies":[{"name":"wp","href":"https:\/\/api.w.org\/{rel}","templated":true}]}}