{"id":359,"date":"2024-11-10T02:45:52","date_gmt":"2024-11-10T01:45:52","guid":{"rendered":"http:\/\/lantadilla.ddns.net:82\/lantadilla\/?page_id=359"},"modified":"2024-11-10T02:45:52","modified_gmt":"2024-11-10T01:45:52","slug":"decimo-libro-de-visitas","status":"publish","type":"page","link":"http:\/\/lantadilla.ddns.net\/lantadilla\/index.php\/decimo-libro-de-visitas\/","title":{"rendered":"D\u00e9cimo libro de visitas"},"content":{"rendered":"\n<p>(28\/09\/2005 &#8211; 28\/01\/2007)<\/p>\n\n\n\n<div style=\"height:50px\" aria-hidden=\"true\" class=\"wp-block-spacer\"><\/div>\n\n\n\n<p>Nombre : maricarmen<br>D\u00eda y Hora : 28 enero 2007<br>Tu URL :<br>E-mail :<br>Edad :<br>Desde d\u00f3nde escribes : alcala de henares<br>C\u00f3mo has llegado a esta p\u00e1gina : que pregunta<br>Comentario : por favor la podeis actualizar,sois una aburriooooos<\/p>\n\n\n\n<p>Nombre : Rafa<br>D\u00eda y Hora : 19\/01\/07 10:53<br>Tu URL :<br>E-mail :<br>Edad :<br>Desde d\u00f3nde escribes : Desde el curro.<br>C\u00f3mo has llegado a esta p\u00e1gina : Es mi favorita.<br>Comentario : Muy pronto va a haber cambios en la p\u00e1gina, estamos preparando una renovaci\u00f3n total. Feliz 2007!<\/p>\n\n\n\n<p>Nombre : laura<br>D\u00eda y Hora : 18 enero 2007<br>Tu URL :<br>E-mail : saltatrampas52@hotmail.com<br>Edad :<br>Desde d\u00f3nde escribes : leganes<br>C\u00f3mo has llegado a esta p\u00e1gina : en avion<br>Comentario : hola! felicidades por la pagina. da gusto poder ver cosas del pueblo. lastima que no este actualizada, para cuando una actualizacion??<\/p>\n\n\n\n<p>Nombre : Salvador Carret\u00f3n Villaizan<br>D\u00eda y Hora : 15 de Marzo de 2007<br>Tu URL :<br>E-mail : Juncalsa2cv@Yahoo.com<br>Edad :<br>Desde d\u00f3nde escribes : Santander<br>C\u00f3mo has llegado a esta p\u00e1gina :<br>Comentario : La p\u00e1gina est\u00e1 fenomenal. Os felicito, sois cogonudos, aunque esto \u00faltimo ya lo sab\u00eda.<\/p>\n\n\n\n<p>Nombre : sebas lobo<br>D\u00eda y Hora : 27-12-06<br>Tu URL :<br>E-mail :<br>Edad : 45<br>Desde d\u00f3nde escribes : baracaldo<br>C\u00f3mo has llegado a esta p\u00e1gina : soy hijo del pueblo<br>Comentario : felices fiesta a tod@s mis amigos de la pe\u00f1a el puchero sebas<\/p>\n\n\n\n<p>Nombre : Silvano<br>D\u00eda y Hora : 22\/12\/2006-14.30<br>Tu URL :<br>E-mail :<br>Edad : 60<br>Desde d\u00f3nde escribes : Avil\u00e9s<br>C\u00f3mo has llegado a esta p\u00e1gina :<br>Comentario : !!! FELICES FIESTAS Y BUEN A\u00d1O 2007 A TOD@S LANTADILLENSES!!!<\/p>\n\n\n\n<p>Nombre : marian<br>D\u00eda y Hora :<br>Tu URL :<br>E-mail : brisa275@hotmail.com<br>Edad : 50<br>Desde d\u00f3nde escribes :<br>C\u00f3mo has llegado a esta p\u00e1gina :<br>Comentario : recuerdos a todos los kintos ke nacieron el el a\u00f1o 1956 un saludo<\/p>\n\n\n\n<p>Nombre : yo<br>D\u00eda y Hora :<br>Tu URL :<br>E-mail :<br>Edad : 50<br>Desde d\u00f3nde escribes :<br>C\u00f3mo has llegado a esta p\u00e1gina :<br>Comentario :<\/p>\n\n\n\n<p>Nombre : mariangeles<br>D\u00eda y Hora : 23 \/ 11 \/ 2006<br>Tu URL :<br>E-mail : brisa275@hotmail.com<br>Edad : 50<br>Desde d\u00f3nde escribes : desde mi casa<br>C\u00f3mo has llegado a esta p\u00e1gina : buscando mi pueblo<br>Comentario : hola deciros ke me gusta esta pajina pero se podria poner mas cosas del pueblo y sus gentes . os boy a confesar ke la fuente antigua de antes para mi era la mejor me gustaria poderla ver por lo menos en fotos un saludo para mi mejor pueblo<\/p>\n\n\n\n<p>Nombre : gema<br>D\u00eda y Hora : 25-11-06 12:19<br>Tu URL :<br>E-mail :<br>Edad : 21<br>Desde d\u00f3nde escribes : quincoces de yuso(burgos)<br>C\u00f3mo has llegado a esta p\u00e1gina :<br>Comentario : aupa lantadilla! q ganas de q se pase este mes pa volver\u2026saludos a enrique marcos decirselo y le veis.<\/p>\n\n\n\n<p>Nombre : EVA MART\u00cdN<br>D\u00eda y Hora : 119\/11 23:58<br>Tu URL :<br>E-mail : gustavodelchincol@hotmail.com<br>Edad : 29<br>Desde d\u00f3nde escribes : A CORU\u00d1A<br>C\u00f3mo has llegado a esta p\u00e1gina : por casualidad<br>Comentario :<\/p>\n\n\n\n<p>Nombre : viki<br>D\u00eda y Hora : 1-11.06 11:54<br>Tu URL :<br>E-mail : viki9_18@hotmail.com<br>Edad : 15<br>Desde d\u00f3nde escribes : desde mi ordenador<br>C\u00f3mo has llegado a esta p\u00e1gina : en google<br>Comentario : me a gustado muxo peo kolgaz fotos de ahora y de gente joven xff AUPA ARENILLAS!!!JEJE<\/p>\n\n\n\n<p>Nombre : &amp;Aacwte;ngel Rub\u00edn Estrada<br>D\u00eda y Hora : 7-X-2006;23 h.<br>Tu URL :<br>E-mail :<br>Edad :<br>Desde d\u00f3nde escribes : Ponferrada<br>C\u00f3mo has llegado a esta p\u00e1gina : A trav\u00e9s de Google<br>Comentario : Conservo inmejorables recuerdos de Lantadilla,entre los a\u00f1os 1958 y 1963.Veo con satisfacci\u00f3n lo mucho que ha mejorado.Sigo recordando al pueblo con cari\u00f1o.Un abrazo.<\/p>\n\n\n\n<p>Nombre : xxl<br>D\u00eda y Hora :<br>Tu URL :<br>E-mail :<br>Edad : 5?<br>Desde d\u00f3nde escribes :<br>C\u00f3mo has llegado a esta p\u00e1gina :<br>Comentario : las chicas por las que preguntas: Pili y Delfina, viven en el Pueblo Ester,Loreto, y Carmela casi viven en el pueblo, se escapan a menudo all\u00ed.<\/p>\n\n\n\n<p>Nombre : virgo<br>D\u00eda y Hora : 24.08.2006<br>Tu URL :<br>E-mail :<br>Edad : 51<br>Desde d\u00f3nde escribes : Burgos<br>C\u00f3mo has llegado a esta p\u00e1gina :<br>Comentario : Alguien me puede decir, que ha sido de esas chicas de los a\u00f1os 80 Esther, Pili, Delfi,Carmela. Loreto y demas. Fueron unos a\u00f1os inolvidables en el baile -Melgar-<\/p>\n\n\n\n<p>Nombre : xxx<br>D\u00eda y Hora : yyy<br>Tu URL :<br>E-mail :<br>Edad :<br>Desde d\u00f3nde escribes : canada<br>C\u00f3mo has llegado q esta p\u00e1gina : a prop\u00f3sito<br>Comentario : Las carrozas (menos 2) estupen. La carpa, buena idea, la m\u00fasic-disc. s puede rptir. ls pivotes pra denunciar, la plza l flta vrde, y el frio q s vya al krjo.<\/p>\n\n\n\n<p>Nombre : GEMA<br>D\u00eda y Hora : 7-8-06 12:05<br>Tu URL :<br>E-mail :<br>Edad : 21<br>Desde d\u00f3nde escribes : QUINCOCES DE YUSO<br>C\u00f3mo has llegado a esta p\u00e1gina :<br>Comentario : HOLAA TIO ENRIQUE EN UNOS DIAS YA NOS JUNTAMOS EN LANTADILLA<\/p>\n\n\n\n<p>Nombre : enrique marcos<br>D\u00eda y Hora : 30 jul 06<br>Tu URL :<br>E-mail :<br>Edad : 51<br>Desde d\u00f3nde escribes : marbella<br>C\u00f3mo has llegado a esta p\u00e1gina :<br>Comentario : estoy deseando ir al pueblo que tanto a\u00f1oro.<\/p>\n\n\n\n<p>Nombre : fidel garcia<br>D\u00eda y Hora : 28 julio 2006<br>Tu URL :<br>E-mail :<br>Edad : 50<br>Desde d\u00f3nde escribes : alcala de henares<br>C\u00f3mo has llegado a esta p\u00e1gina : ya ves , la vida<br>Comentario : actualizarla, leche<\/p>\n\n\n\n<p>Nombre : JOSE<br>D\u00eda y Hora :<br>Tu URL :<br>E-mail :<br>Edad : 40<br>Desde d\u00f3nde escribes : LANTADILLA<br>C\u00f3mo has llegado a esta p\u00e1gina :<br>Comentario : PUES ENTONCES QUE PASA CON EL AYUNTAMIENTO, LA CONCENTRACION Y LO DEMAS\u2026..hay alg\u00fan problema o alguna duda LANTADA?<\/p>\n\n\n\n<p>Nombre : Lantada<br>D\u00eda y Hora :<br>Tu URL :<br>E-mail :<br>Edad : 77<br>Desde d\u00f3nde escribes : lantadilla<br>C\u00f3mo has llegado a esta p\u00e1gina :<br>Comentario : Hay que investigar al Ayuntamiento y todo el tinglado de la concentracion y dem\u00e1s\u2026.<\/p>\n\n\n\n<p>Nombre : sandra (morientes xD)<br>D\u00eda y Hora : domingo 16 de julio 4:16 d la ma\u00f1ana<br>Tu URL :<br>E-mail : farky_90@hotmail.com<br>Edad : 15<br>Desde d\u00f3nde escribes : santander \u2026\u2026CANTABRIA!!!!!!!!<br>C\u00f3mo has llegado a esta p\u00e1gina : x aburrimiento xD<br>Comentario : Pues na gente k aver si piro paya l 31 d julio y os veo a tos k ya ai ganas, esperemos mejorar las festas dl a\u00f1o pasao. bss<\/p>\n\n\n\n<p>Nombre : sandra (morientes xD)<br>D\u00eda y Hora :<br>Tu URL :<br>E-mail :<br>Edad :<br>Desde d\u00f3nde escribes :<br>C\u00f3mo has llegado a esta p\u00e1gina :<br>Comentario :<\/p>\n\n\n\n<p>Nombre : gema<br>D\u00eda y Hora : 5 de junio del 2006<br>Tu URL :<br>E-mail :<br>Edad : 21<br>Desde d\u00f3nde escribes : quincoces de yuso. burgos<br>C\u00f3mo has llegado a esta p\u00e1gina :<br>Comentario : q ganas de ir a lantadilla de vacaciones\u2026.aupa lantadilla..<\/p>\n\n\n\n<p>Nombre : carmen garcia<br>D\u00eda y Hora : 28mayo2006<br>Tu URL :<br>E-mail :<br>Edad : 47<br>Desde d\u00f3nde escribes : basauri<br>C\u00f3mo has llegado a esta p\u00e1gina : la conocia<br>Comentario : un saludo para todos los de La Bernardas Co\u00f1o<\/p>\n\n\n\n<p>Nombre : altamaga<br>D\u00eda y Hora :<br>Tu URL :<br>E-mail : altamaga@yahoo.es<br>Edad : ???<br>Desde d\u00f3nde escribes : madrid<br>C\u00f3mo has llegado a esta p\u00e1gina : en avion<br>Nombre : ARSENIO SEISDEDOS<br>D\u00eda y Hora : 16-5-2006 19-20<br>Tu URL :<br>E-mail : arseniete@yahoo.es<br>Edad : 56 a\u00f1os<br>Desde d\u00f3nde escribes : POLINYA BARCELONA<br>C\u00f3mo has llegado a esta p\u00e1gina : POR INTERNET<br>Comentario : ME GUSTARIA CONOCER EL PUEBLO Y SUS GENTES YA QUE HAY VIVEN PERSONAS MUY APRECIADAS `POR TODA MIMFAMILIA UN SALUDO.<\/p>\n\n\n\n<p>Nombre : Antonio<br>D\u00eda y Hora : 15\/04\/2006<br>Tu URL :<br>E-mail :<br>Edad : 52<br>Desde d\u00f3nde escribes : Zaragoza<br>C\u00f3mo has llegado a esta p\u00e1gina : Interes<br>Comentario : Un bonito Pueblo \u00f3 Villa lo he visitado por dos veces y espero volver con vosotros, como fue gracias a un amigo y natural de Lantadilla, el Pueble merece la pena ser visitado tanto el mismo como como su gente y sobre todo la hora del vermuth, \u00f3 blaquear c<\/p>\n\n\n\n<p>Nombre : gema<br>D\u00eda y Hora : 4-4-06 12:30<br>Tu URL :<br>E-mail : maem20@hotmail.com<br>Edad : 21<br>Desde d\u00f3nde escribes : quincoces de yuso (burgos)<br>C\u00f3mo has llegado a esta p\u00e1gina :<br>Comentario : q recuerodos q bien se esta en lantadilla..estoy deseando que llegue junio pa hacer una escapadita<\/p>\n\n\n\n<p>Nombre : Rafa Gallego Puebla<br>D\u00eda y Hora : 03\/04\/06 0:45<br>Tu URL : www.lantadilla.com<br>E-mail : lantadilla@hotmail.com<br>Edad : Unos cuantos.<br>Desde d\u00f3nde escribes : Desde Praga.<br>C\u00f3mo has llegado a esta p\u00e1gina : Paso a menudo por ella.<br>Comentario : Un saludo desde la Rep\u00fablica Checa, estoy por aqu\u00ed trabajando y aunque \u00e9sto est\u00e1 muy bien, ya tengo ganas de pasar por Lantadilla unos d\u00edas. Hasta pronto.<\/p>\n\n\n\n<p>Nombre : brigida calvo<br>D\u00eda y Hora :<br>Tu URL :<br>E-mail :<br>Edad :<br>Desde d\u00f3nde escribes : desde leganes(madrid)<br>C\u00f3mo has llegado a esta p\u00e1gina : recordando a unas amigas<br>Comentario : busco a unas amigas, celia maria caballero e maribel caballero, estuvieron en el colegio de zamora conmigo(colegio corazon de maria) quisiera saludarlas<\/p>\n\n\n\n<p>Nombre : maria<br>D\u00eda y Hora :<br>Tu URL :<br>E-mail :<br>Edad :<br>Desde d\u00f3nde escribes :<br>C\u00f3mo has llegado a esta p\u00e1gina :<br>Comentario : hola Rafa, me dijeron que hacias esta pagina.Enhorabuena.bsos.tu prima<\/p>\n\n\n\n<p>Nombre : DIOS<br>D\u00eda y Hora : 22\/03\/05<br>Tu URL :<br>E-mail :<br>Edad :<br>Desde d\u00f3nde escribes : SEVILLA<br>C\u00f3mo has llegado a esta p\u00e1gina :<br>Comentario : CUANDO SE ESTA FUERA, ES CUANDO SE TE ECHA EN FALTA, LANTADILLA QUERIDA.<\/p>\n\n\n\n<p>Nombre : uno de la calle salsipuedes<br>D\u00eda y Hora :<br>Tu URL :<br>E-mail :<br>Edad : 32<br>Desde d\u00f3nde escribes : espa\u00f1a<br>C\u00f3mo has llegado a esta p\u00e1gina : uf!!\u2026\u2026\u2026.<br>Comentario : todas del grupo de teatro estar\u00e1n con el INSERSO de vacaciones en BENIDOR<\/p>\n\n\n\n<p>Nombre : flor de un dia<br>D\u00eda y Hora : 11<br>Tu URL :<br>E-mail :<br>Edad : 80<br>Desde d\u00f3nde escribes : Espa\u00f1a<br>C\u00f3mo has llegado a esta p\u00e1gina :<br>Comentario : \u00bfDonde est\u00e1 el grupo de teatro de las amas de casa de Lantadilla?<\/p>\n\n\n\n<p>Nombre : gema<br>D\u00eda y Hora : 27 de febrero de 2005 14:30<br>Tu URL :<br>E-mail : maem20@hotmail.com<br>Edad : 21<br>Desde d\u00f3nde escribes : quincoces de yuso (burgos)<br>C\u00f3mo has llegado a esta p\u00e1gina :<br>Comentario : aupa lantadilla\u2026.q bien se estan en lantadilla en verano saludos a mi abuelo enrique marcos q soy su nieta<\/p>\n\n\n\n<p>Nombre : maria<br>D\u00eda y Hora :<br>Tu URL :<br>E-mail :<br>Edad :<br>Desde d\u00f3nde escribes : valladolid<br>C\u00f3mo has llegado a esta p\u00e1gina :<br>Comentario : he entrado en esta pagina por curiosiad mi abuela era de alli . he estado varias veces por alli , pero ninguna en fiestas<\/p>\n\n\n\n<p>Nombre : M.D.A<br>D\u00eda y Hora : XXXXX<br>Tu URL :<br>E-mail :<br>Edad : 63<br>Desde d\u00f3nde escribes : DE PARIS<br>C\u00f3mo has llegado a esta p\u00e1gina : NOSE<br>Comentario : MENUDE ENKETADA ME COGI EL PASADO DIA<\/p>\n\n\n\n<p>Nombre : miguel puebla<br>D\u00eda y Hora :<br>Tu URL :<br>E-mail :<br>Edad :<br>Desde d\u00f3nde escribes :<br>C\u00f3mo has llegado a esta p\u00e1gina :<br>Comentario :<\/p>\n\n\n\n<p>Nombre : UKIANA<br>D\u00eda y Hora : 30-1-06<br>Tu URL :<br>E-mail : sandrela90@hotmail.com<br>Edad : 15<br>Desde d\u00f3nde escribes : OVIEDO<br>C\u00f3mo has llegado a esta p\u00e1gina : cm n vy a sabrla\u2026q prguntas!!xDD<br>Comentario : wenassss!!Pos na q a vr cuando volvemos nosotras pal pueblo que vaya veranito que pasamos 05 fue la ca\u00f1a!!= en semana santa volvemos!!((ojal\u00e1))sois todos la ostia jeje, se os echa de menos e!bueno besazos desde oviedo!!<\/p>\n\n\n\n<p>Nombre : tony montana<br>D\u00eda y Hora :<br>Tu URL :<br>E-mail :<br>Edad :<br>Desde d\u00f3nde escribes : mi kurro<br>C\u00f3mo has llegado a esta p\u00e1gina :<br>Comentario : conoci una pe\u00f1a de alli skkeo kon esa pe\u00f1a los trillizos el raul el carlos y toda esa gente no kambieis tony<\/p>\n\n\n\n<p>Nombre :<br>D\u00eda y Hora :<br>Tu URL :<br>E-mail :<br>Edad :<br>Desde d\u00f3nde escribes :<br>C\u00f3mo has llegado a esta p\u00e1gina :<br>Comentario : viva osornillo<\/p>\n\n\n\n<p>Nombre : maricarmen<br>D\u00eda y Hora : 29-10-05<br>Tu URL :<br>E-mail :<br>Edad : 42<br>Desde d\u00f3nde escribes : vitoria<br>C\u00f3mo has llegado a esta p\u00e1gina : a\u00f1orando<br>Comentario : me gustaria saber algo de unos viejos amigos javi ruiz y su primo fernando<\/p>\n\n\n\n<p>Nombre : maricarmen<br>D\u00eda y Hora : 29-10-05<br>Tu URL :<br>E-mail :<br>Edad : 42<br>Desde d\u00f3nde escribes : vitoria<br>C\u00f3mo has llegado a esta p\u00e1gina : a\u00f1orando<br>Comentario :<\/p>\n\n\n\n<p>Nombre : lucinda<br>D\u00eda y Hora : 17-10-05<br>Tu URL :<br>E-mail :<br>Edad : UFFFFFFFF<br>Desde d\u00f3nde escribes : desde casa<br>C\u00f3mo has llegado a esta p\u00e1gina : leyendo<br>Comentario : A Silvano y D. Mede: Se acab\u00f3, cada uno a lo suyo y puntoooooooooo.<\/p>\n\n\n\n<p>Nombre : ANA ROSA<br>D\u00eda y Hora :<br>Tu URL :<br>E-mail :<br>Edad :<br>Desde d\u00f3nde escribes :<br>C\u00f3mo has llegado a esta p\u00e1gina :<br>Comentario : \u00a1BUENAS! HAC\u00cdA MUCHO QUE NO RECORR\u00cdA LAS P\u00c1GINAS WEB DE LANTADILLA\u2026 PERO VEO QUE SIGUEN COMO LA \u00daLTIMA VEZ QUE LAS DEJ\u00c9. YO ANDO ABURRIDA EN LA SALA DE PROFES Y DESEANDO QUE LLEGUEN LAS DOS PARA COMER. NOS VEMOS EN LOS SANTOS. UN SALUDO.<\/p>\n\n\n\n<p>Nombre : ANGELINES FERNANDEZ DIAZ<br>D\u00eda y Hora : 9 de octubre 2005<br>Tu URL :<br>E-mail : antension@hotmail.com<br>Edad : 45<br>Desde d\u00f3nde escribes : huelva<br>C\u00f3mo has llegado a esta p\u00e1gina : soy lantadillense<br>Comentario : un saludo para todo el pueblo y muchos besos para mi padre prisciano (el nene) de su hija,yerno,nietos y biznieto<\/p>\n\n\n\n<p>Nombre : raposo<br>D\u00eda y Hora : 8-10-2005<br>Tu URL :<br>E-mail :<br>Edad : 50<br>Desde d\u00f3nde escribes : osornillo<br>C\u00f3mo has llegado a esta p\u00e1gina : por casualidad<br>Comentario : enterado del lio que esta montando el cura de mi pueblo en lantadilla, creo que lo logico seria hacerle el vacio lo mismo que hacemos en osrnillo, hay que tener cara dura para enfrentar a un pueblo como este pajaro lo esta haciendo<\/p>\n\n\n\n<p>Nombre : Rafa<br>D\u00eda y Hora : 28-09-05 00:30<br>Tu URL : lantadilla.com<br>E-mail : lantadilla@hotmail.com<br>Edad : ufff<br>Desde d\u00f3nde escribes : Madrid<br>C\u00f3mo has llegado a esta p\u00e1gina : Se hab\u00eda llenado el libro de visitas.<br>Comentario : Amiguetes, se acab\u00f3 el verano, pero lo hemos pasado muy bien. Ya falta menos para las fiestas del 2006!!!<\/p>\n","protected":false},"excerpt":{"rendered":"<p>(28\/09\/2005 &#8211; 28\/01\/2007) Nombre : maricarmenD\u00eda y Hora : 28 enero 2007Tu URL :E-mail :Edad :Desde d\u00f3nde escribes : alcala de henaresC\u00f3mo has llegado a esta p\u00e1gina : que preguntaComentario : por favor la podeis actualizar,sois una aburriooooos Nombre : RafaD\u00eda y Hora : 19\/01\/07 10:53Tu URL :E-mail :Edad :Desde d\u00f3nde escribes : Desde el [&hellip;]<\/p>\n","protected":false},"author":1,"featured_media":0,"parent":0,"menu_order":0,"comment_status":"closed","ping_status":"closed","template":"","meta":{"footnotes":""},"class_list":["post-359","page","type-page","status-publish","hentry"],"_links":{"self":[{"href":"http:\/\/lantadilla.ddns.net\/lantadilla\/index.php\/wp-json\/wp\/v2\/pages\/359","targetHints":{"allow":["GET"]}}],"collection":[{"href":"http:\/\/lantadilla.ddns.net\/lantadilla\/index.php\/wp-json\/wp\/v2\/pages"}],"about":[{"href":"http:\/\/lantadilla.ddns.net\/lantadilla\/index.php\/wp-json\/wp\/v2\/types\/page"}],"author":[{"embeddable":true,"href":"http:\/\/lantadilla.ddns.net\/lantadilla\/index.php\/wp-json\/wp\/v2\/users\/1"}],"replies":[{"embeddable":true,"href":"http:\/\/lantadilla.ddns.net\/lantadilla\/index.php\/wp-json\/wp\/v2\/comments?post=359"}],"version-history":[{"count":1,"href":"http:\/\/lantadilla.ddns.net\/lantadilla\/index.php\/wp-json\/wp\/v2\/pages\/359\/revisions"}],"predecessor-version":[{"id":361,"href":"http:\/\/lantadilla.ddns.net\/lantadilla\/index.php\/wp-json\/wp\/v2\/pages\/359\/revisions\/361"}],"wp:attachment":[{"href":"http:\/\/lantadilla.ddns.net\/lantadilla\/index.php\/wp-json\/wp\/v2\/media?parent=359"}],"curies":[{"name":"wp","href":"https:\/\/api.w.org\/{rel}","templated":true}]}}