{"id":362,"date":"2024-11-10T02:48:33","date_gmt":"2024-11-10T01:48:33","guid":{"rendered":"http:\/\/lantadilla.ddns.net:82\/lantadilla\/?page_id=362"},"modified":"2024-11-10T02:48:33","modified_gmt":"2024-11-10T01:48:33","slug":"undecimo-libro-de-visitas","status":"publish","type":"page","link":"http:\/\/lantadilla.ddns.net\/lantadilla\/index.php\/undecimo-libro-de-visitas\/","title":{"rendered":"Und\u00e9cimo libro de visitas"},"content":{"rendered":"\n<p>(29\/03\/2007 &#8211; 24\/07\/2007)<\/p>\n\n\n\n<div style=\"height:50px\" aria-hidden=\"true\" class=\"wp-block-spacer\"><\/div>\n\n\n\n<p>Nombre : Rafa<br>D\u00eda y Hora : 24\/07\/07 18:45<br>Tu URL : www.lantadilla.com<br>E-mail : lantadilla@hotmail.com<br>Edad :<br>Desde d\u00f3nde escribes : Desde Huelva<br>C\u00f3mo has llegado a esta p\u00e1gina :<br>Comentario : Son 255 caracteres los que caben, pero no os preocupeis, en los pr\u00f3ximos d\u00edas, antes de las fiestas de este a\u00f1o, vamos a poner en marcha la nueva p\u00e1gina de Lantadilla totalmente renovada, y ya no habr\u00e1 tal limitaci\u00f3n. Hasta entonces, un saludo para todos!<\/p>\n\n\n\n<p>Nombre : S.Lantada Garc\u00eda<br>D\u00eda y Hora : 12\/7\/2007-19:02<br>Tu URL :<br>E-mail :<br>Edad : 61<br>Desde d\u00f3nde escribes : Avil\u00e9s<br>C\u00f3mo has llegado a esta p\u00e1gina :<br>Comentario : Quisiera preguntar a los creadores de \u00e9sta p\u00e1gina, cu\u00e1ntos caracteres admite, para que no me pase como algunos que quedan cortados sus comentarios..Gracias.Saludos.<\/p>\n\n\n\n<p>Nombre : Manolo<br>D\u00eda y Hora : 10\/7\/2007<br>Tu URL :<br>E-mail :<br>Edad : 50 y tantos<br>Desde d\u00f3nde escribes : Barcelona<br>C\u00f3mo has llegado a esta p\u00e1gina : como todos<br>Comentario : O es que, porque no estemos empadronados y no votemos, no tenemos derecho a estar informados de lo que pasa en nuestro pueblo.Saludos cordiales.<\/p>\n\n\n\n<p>Nombre : Manolo<br>D\u00eda y Hora : 10\/7\/2007<br>Tu URL :<br>E-mail :<br>Edad : 50 y tantos<br>Desde d\u00f3nde escribes :<br>C\u00f3mo has llegado a esta p\u00e1gina :<br>Comentario : Juan desde Valladolid dice que la Corporaci\u00f3n Municipal tiene obligaci\u00f3n de informar a todos, y yo a\u00f1ado, a los que viven en el pueblo y los que no, que somos la mayoria.<\/p>\n\n\n\n<p>Nombre : Juan<br>D\u00eda y Hora : 9\/7\/2007<br>Tu URL :<br>E-mail :<br>Edad : 35<br>Desde d\u00f3nde escribes : Valladolid<br>C\u00f3mo has llegado a esta p\u00e1gina :<br>Comentario : Dejaos de calificativos de pesao ni de gilis, porque a mi modo de ver tiene raz\u00f3n Jose Luis.El Ayuntamiento tiene la obligaci\u00f3n de informar a todos.<\/p>\n\n\n\n<p>Nombre : Riky<br>D\u00eda y Hora :<br>Tu URL :<br>E-mail :<br>Edad :<br>Desde d\u00f3nde escribes : &amp;nbs`;Bilbao<br>C\u00f3mo has llegado a esta p\u00e1gina :<br>Comentario : Ke ganas tng k llege agosto,vacances y tambn ver la cara de jilis de los antipesaos<\/p>\n\n\n\n<p>Nombre : jos\u00e9 luis<br>D\u00eda y Hora : 30\/6\/2007-15:35<br>Tu URL :<br>E-mail :<br>Edad : unos cu\u00e1ntos<br>Desde d\u00f3nde escribes : madrid<br>C\u00f3mo has llegado a esta p\u00e1gina :<br>Comentario : Por qu\u00e9 no responden a \u00e9sta p\u00e1gina ning\u00fan componente de la Corporaci\u00f3n Municipal cuando se les pregunta algo relacionado con ellos.Gracias Rafa. Un saludo cordial.<\/p>\n\n\n\n<p>Nombre : Rafa<br>D\u00eda y Hora : 28\/06\/07 13:00<br>Tu URL :<br>E-mail : lantadilla@hotmail.com<br>Edad :<br>Desde d\u00f3nde escribes : Madrid<br>C\u00f3mo has llegado a esta p\u00e1gina :<br>Comentario : Hola Jos\u00e9 Luis, pues finalmente el alcalde es Albino Lobo en minor\u00eda, con 3 concejales. PP y PSOE quedan con 2 cada uno. Parece que cada partido vot\u00f3 a su candidato. Un saludo.<\/p>\n\n\n\n<p>Nombre : Rafa<br>D\u00eda y Hora : 28\/06\/07 13:00<br>Tu URL :<br>E-mail : lantadilla@hotmail.com<br>Edad :<br>Desde d\u00f3nde escribes : Madrid<br>C\u00f3mo has llegado a esta p\u00e1gina :<br>Comentario : Hola Angel, puedes contactar con el Ayuntamiento en el tel\u00e9fono 979-152069 o a trav\u00e9s de su web http:\/\/lantadilla.dip-palencia.es, su email no lo tengo. Saludos.<\/p>\n\n\n\n<p>Nombre : Angel ruiz carreton<br>D\u00eda y Hora : 26 junio 20h35<br>Tu URL :<br>E-mail : \u00e1 nruca@telefonica.net<br>Edad : 64<br>Desde d\u00f3nde escribes : Bilbao<br>C\u00f3mo has llegado a esta p\u00e1gina : entrando en la web<br>Comentario : Soy nacido en Lantadilla, y precisaria que me facilitasen el correo electronico del ayuntamiento, afin de poder hacer una gestion, lo presiso lo m\u00e1s urgentemente posible .por favor pueden enviarlo a mi correo a nruca@telefonica.net . y en el caso que no tu<\/p>\n\n\n\n<p>Nombre : jose luis<br>D\u00eda y Hora : 26\/6\/2007-12:45<br>Tu URL :<br>E-mail :<br>Edad : bastantes ya<br>Desde d\u00f3nde escribes : madrid<br>C\u00f3mo has llegado a esta p\u00e1gina :<br>Comentario : Por fin en el Ayuntamiento de Lantadilla que hubo ALIANZA DE CIVILIZACIONES o qu\u00e9, porque nadie gurguta en \u00e9sta p\u00e1gina.Un saludo.<\/p>\n\n\n\n<p>Nombre : santi<br>D\u00eda y Hora : oo.29 20-6-07<br>Tu URL :<br>E-mail :<br>Edad : 38<br>Desde d\u00f3nde escribes : bilbao<br>C\u00f3mo has llegado a esta p\u00e1gina : por tele 5<br>Comentario : las fotos son antiguas,kasi salgo yo ke no voy desde los 20.aupa lantadilla<\/p>\n\n\n\n<p>Nombre : el mismo de antes<br>D\u00eda y Hora :<br>Tu URL :<br>E-mail :<br>Edad :<br>Desde d\u00f3nde escribes :<br>C\u00f3mo has llegado a esta p\u00e1gina :<br>Comentario : Pero seg\u00fan \u00e9sta pagina web a mi modo de ver hay un error entre los dos Carmelos( Arija Fndz. \u00f3 Gallego Carret\u00f3n)<\/p>\n\n\n\n<p>Nombre : yuppy 46<br>D\u00eda y Hora : 19\/6\/2007-18:01<br>Tu URL :<br>E-mail :<br>Edad :<br>Desde d\u00f3nde escribes : asturias<br>C\u00f3mo has llegado a esta p\u00e1gina :<br>Comentario : Pues si entras en Ayuntamiento de Lantadilla(google), nueva p\u00e1gina web,encuentras la composici\u00f3n de la nueva corporaci\u00f3n municipal.<\/p>\n\n\n\n<p>Nombre :<br>D\u00eda y Hora : 19 de junio de 2007<br>Tu URL :<br>E-mail :<br>Edad :<br>Desde d\u00f3nde escribes :<br>C&amp;oaaute;mo has llegado a esta p\u00e1gina :<br>Comentario : \u00bfEn alg\u00fan sitio se puede leer el acta de constituci\u00f3n del nuevo ayuntamiento de Lantadilla? \u00bfD\u00f3nde?<\/p>\n\n\n\n<p>Nombre : Mariposa<br>D\u00eda y Hora : junio<br>Tu URL :<br>E-mail :<br>Edad :<br>Desde d\u00f3nde escribes :<br>C\u00f3mo has llegado a esta p\u00e1gina :<br>Comentario : Fuera rodillos, a votar la mejor propuesta para mejorar el pueblo. ya sea del PP, PSOE o CI. que es de lo que se trata.<\/p>\n\n\n\n<p>Nombre :<br>D\u00eda y Hora : 15 junio 2007<br>Tu URL :<br>E-mail :<br>Edad :<br>Desde d\u00f3nde escribes :<br>C\u00f3mo has llegado a esta p\u00e1gina :<br>Comentario : \u00bfYa se sabe qui\u00e9n es el nuevo alcalde de Lantadilla? \u00bfSer\u00e1 m\u00e1s de lo mismo? \u00bfA qu\u00e9 acuerdos han llegado?<\/p>\n\n\n\n<p>Nombre :<br>D\u00eda y Hora :<br>Tu URL :<br>E-mail :<br>Edad :<br>Desde d\u00f3nde escribes :<br>C\u00f3mo has llegado a esta p\u00e1gina :<br>Comentario : Todav\u00eda no se sabe nada de los acuerdos entre los concejales electos. Si se unen los dos concejales del PP con los dos obtenidos por el PSOE, son cuatro y sobrepasan a los tres obtenidos por el partido que ha obtenido mas concejales, el CI-PCL. Todo depen<\/p>\n\n\n\n<p>Nombre : jose luis<br>D\u00eda y Hora : 13\/6\/2007-12:30<br>Tu URL :<br>E-mail :<br>Edad : algunos<br>Desde d\u00f3nde escribes : madrid<br>C\u00f3mo has llegado a esta p\u00e1gina :<br>Comentario : Me gustar\u00e1 saber como est\u00e1 la Corporaci\u00f3n Municipal,si hay acuerdo,arreglo o qu\u00e9,pues el 16 se tiene que constituir.Un saludo cordial.<\/p>\n\n\n\n<p>Nombre :<br>D\u00eda y Hora : 13 de junio de 2007<br>Tu URL :<br>E-mail :<br>Edad :<br>Desde d\u00f3nde escribes :<br>C\u00f3mo has llegado a esta p\u00e1gina :<br>Comentario : Se me ha olvidado poner la fecha de la boda. Ha sido el d\u00eda 9 de Junio \u00faltimo. La decoraci\u00f3n de la iglesia estaba muy bien conseguida, aparte de lo grande y bonita que es. Parece una catedral.<\/p>\n\n\n\n<p>Nombre :<br>D\u00eda y Hora :<br>Tu URL :<br>E-mail :<br>Edad :<br>Desde d\u00f3nde escribes :<br>C\u00f3mo has llegado a esta p\u00e1gina :<br>Comentario : Este \u00faltimo fin de semana ha habido una boda en el pueblo. Daba gusto ver a la gente de Lantadilla como disfrutaba viendo el acontecimiento. Se cas\u00f3 Alicia Revilla con Jose. Felicidades a los novios. La novia m\u00e1s guapa de los \u00faltimos a\u00f1os.<\/p>\n\n\n\n<p>Nombre : gema<br>D\u00eda y Hora : 11-6-07<br>Tu URL :<br>E-mail :<br>Edad : 22<br>Desde d\u00f3nde escribes : quincoces de yuso. burgos<br>C\u00f3mo has llegado a esta p\u00e1gina :<br>Comentario : q bien q dentro de poco ya me voy de vacaciones a lantadilla saludos a enrique marcos si le veis que le ara ilusion.<\/p>\n\n\n\n<p>Nombre : NOEMI<br>D\u00eda y Hora : UN DIA CUALQUIERA<br>Tu URL :<br>E-mail : CONCENTRAITA@HOTMAIL.COM<br>Edad : 20<br>Desde d\u00f3nde escribes : MADRID<br>C\u00f3mo has llegado a esta p\u00e1gina : LA SABIA<br>Comentario : ME ENCANTA EL PUEBLO Y ES UNA PENA QUE POR EL TRABAJO Y LAS POCAS VACACIONES NO PUEDA IR, UN SALUDO A MI ABUELO PRISCIANO EL NENE QUE LE QUIERO UN MONTON. MUCHAS FELICIDADES A NOEMI Y A SU NOVIO (BUENO YA MARIDO) POR SU BODA, YA NOS VEREMOS PARA QUE CONOZ<\/p>\n\n\n\n<p>Nombre : yupi<br>D\u00eda y Hora :<br>Tu URL :<br>E-mail :<br>Edad :<br>Desde d\u00f3nde escribes :<br>C\u00f3mo has llegado a esta p\u00e1gina :<br>Comentario : Por fin un cambio, ahora habr\u00e1 teatro, sal\u00f3n amas de casa, actividades, etc.se reactivar\u00e1 el pueblo<\/p>\n\n\n\n<p>Nombre : un lantadillense<br>D\u00eda y Hora : 29\/05<br>Tu URL :<br>E-mail :<br>Edad :<br>Desde d\u00f3nde escribes : desde Espa\u00f1a<br>C\u00f3mo has llegado a esta p\u00e1gina :<br>Comentario : ANIMO CHICAS, PONEROS DE ACUERDO SIN COMPETENCIAS ABSURDAS QUE LO VAIS A HACER MUY BIEN, \u00a1\u00a1\u00a1\u00a1\u00a1\u00a1\u00a1\u00a1\u00a1\u00a1YUUUUUUUUPIIIIIIIIII!!!!!!!!!!!!<\/p>\n\n\n\n<p>Nombre : yuppy 46<br>D\u00eda y Hora :<br>Tu URL :<br>E-mail :<br>Edad : bastantes ya<br>Desde d\u00f3nde escribes : Asturias<br>C\u00f3mo has llegado a esta p\u00e1gina :<br>Comentario : Ah\u00ed te quiero ver RAFA, ahora la p\u00e1gina empieza a ser una pasada. Ojo que no estoy en contra de lo que escribe la juventud.Un saludo cordial.<\/p>\n\n\n\n<p>Nombre : Rafa<br>D\u00eda y Hora : 27\/05\/07 23:35<br>Tu URL :<br>E-mail : lantadilla@hotmail.com<br>Edad :<br>Desde d\u00f3nde escribes : Madrid<br>C\u00f3mo has llegado a esta p\u00e1gina :<br>Comentario : Ya est\u00e1n colgados en la p\u00e1gina los resultados electorales: 3 concejales para la Candidatura Independiente, 2 para el PP y 2 para el PSOE. Saludos!<\/p>\n\n\n\n<p>Nombre : Maribel Caballero<br>D\u00eda y Hora : 27-5-07<br>Tu URL :<br>E-mail : ducados12@hotmail.com<br>Edad :<br>Desde d\u00f3nde escribes : LAguna de Duero (Valladolid)<br>C\u00f3mo has llegado a esta p\u00e1gina : Soy de Lantadilla<br>Comentario : Mensaje a Brigida Calvo. Soy Maribel Caballero, tu compa\u00f1era de Zamora. Me gustaria hablar contigo a traves del telefono 658533289 o me escribes a siguiente email ducados12@hotmail.com Un saludo. Maribel<\/p>\n\n\n\n<p>Nombre : jos\u00e9 luis<br>D\u00eda y Hora : 25\/5\/2007-14:27<br>Tu URL :<br>E-mail :<br>Edad :<br>Desde d\u00f3nde escribes : madrid<br>C\u00f3mo has llegado a esta p\u00e1gina :<br>Comentario : \u2026.. se dignara plasmar los resultados de las elecciones,haya ganado o perdido, que as\u00ed es la democracia.Un saludo cordial.<\/p>\n\n\n\n<p>Nombre : jose luis<br>D\u00eda y Hora : 25\/5\/2007-14:21<br>Tu URL :<br>E-mail :<br>Edad : bastantes ya<br>Desde d\u00f3nde escribes : madrid<br>C\u00f3mo has llegado a esta p\u00e1gina :<br>Comentario : En primer lugar muchas gracias RAFA por la informaci\u00f3n ofrecida a todos los LANTADILLENSES de lo que ocurre y pasa en nuestro pueblo. Ahora lo que si me gustar\u00eda proponer es que despu\u00e9s de las elecciones alguien de los que se presentan se dignara plasmar<\/p>\n\n\n\n<p>Nombre : Rafa<br>D\u00eda y Hora : 24\/05\/07 00:35<br>Tu URL :<br>E-mail : lantadilla@hotmail.com<br>Edad :<br>Desde d\u00f3nde escribes : Madrid<br>C\u00f3mo has llegado a esta p\u00e1gina :<br>Comentario : A petici\u00f3n popular, he subido la informaci\u00f3n de la Diputaci\u00f3n de Palencia sobre las tres candidaturas que se presentan en Lantadilla a las elecciones del domingo. Buen rollo entre todos\u2026 \ud83d\ude42<\/p>\n\n\n\n<p>Nombre : jose luis<br>D\u00eda y Hora : 23\/5\/2007 12:49<br>Tu URL :<br>E-mail :<br>Edad : unos pocos<br>Desde d\u00f3nde escribes : madrid<br>C\u00f3mo has llegado a esta p\u00e1gina :<br>Comentario : Que ocurre con las elecciones en Lantadilla que nadie pone en la p\u00e1gina qu\u00e9 partidos se presentan y qu\u00e9 personas las componen.Un saludo cordial.<\/p>\n\n\n\n<p>Nombre : Da igual<br>D\u00eda y Hora :<br>Tu URL : Ni idea<br>E-mail : Iden<br>Edad : Creo que 50<br>Desde d\u00f3nde escribes : No tengo ni idea<br>C\u00f3mo has llegado a esta p\u00e1gina : Como otras veces<br>Comentario : Saludos atodos y todas de Las Bernardas Co\u00f1o<\/p>\n\n\n\n<p>Nombre : Rafa<br>D\u00eda y Hora : 11\/05\/07 18:00<br>Tu URL :<br>E-mail : lantadilla@hotmail.com<br>Edad :<br>Desde d\u00f3nde escribes : Madrid<br>C\u00f3mo has llegado a esta p\u00e1gina :<br>Comentario : Estamos trabajando en ello, un poco de paciencia\u2026 \ud83d\ude42<\/p>\n\n\n\n<p>Nombre : Efra\u00edn R.<br>D\u00eda y Hora : 11 mayo 2007<br>Tu URL :<br>E-mail :<br>Edad : 58<br>Desde d\u00f3nde escribes : Puerto Rico<br>C\u00f3mo has llegado a esta p\u00e1gina :<br>Comentario : \u00a1URGENTE ! Se hace necesario actualizar esta presentaci\u00f3n de Lantadilla. \u00c1nimo, autores.<\/p>\n\n\n\n<p>Nombre :<br>D\u00eda y Hora :<br>Tu URL :<br>E-mail :<br>Edad :<br>Desde d\u00f3nde escribes :<br>C\u00f3mo has llegado a esta p\u00e1gina :<br>Comentario : Referente a Vodafone, Orange y Yoigo, seguro que tienes raz\u00f3n en el sentido que hay m\u00e1s abonados que en Movistar, porque como somos tan Quijotes potenciamos m\u00e1s las empresas extranjeras que las espa\u00f1olas.Eh dicho!!!.<\/p>\n\n\n\n<p>Nombre :<br>D\u00eda y Hora :<br>Tu URL :<br>E-mail :<br>Edad :<br>Desde d\u00f3nde escribes :<br>C\u00f3mo has llegado a esta p\u00e1gina :<br>Comentario : Ahora ya s\u00f3lo falta cobertura para Vodafone, Orange y Yoigo, que seguro que tienen m\u00e1s abonados que Movistar en Lantadilla. Ale, a seguir peleando por la cobertura.<\/p>\n\n\n\n<p>Nombre :<br>D\u00eda y Hora :<br>Tu URL :<br>E-mail :<br>Edad :<br>Desde d\u00f3nde escribes :<br>C\u00f3mo has llegado a esta p\u00e1gina :<br>Comentario : Me gustar\u00eda saber donde se encuentra Elena Gonz\u00e1lez estudie con ella en Palencia tendr\u00e1 sobre 46 a\u00f1os y creo que se fue a vivir a Madrid<\/p>\n\n\n\n<p>Nombre : Jos\u00e9 Luis<br>D\u00eda y Hora : 1-5-2007\/16.25<br>Tu URL :<br>E-mail :<br>Edad : muchos<br>Desde d\u00f3nde escribes : Madrid<br>C\u00f3mo has llegado a esta p\u00e1gina :<br>Comentario : Noticias tan positivas como \u00e9sta ten\u00eda que haber de vez en cuando en Lantadilla.Bravo por quien haya promovido lo de la antena, me imagino que el Ayuntamiento.<\/p>\n\n\n\n<p>Nombre : Rafa<br>D\u00eda y Hora : 30\/03\/07 23:43<br>Tu URL :<br>E-mail : lantadilla@hotmail.com<br>Edad :<br>Desde d\u00f3nde escribes : Desde Lantadilla<br>C\u00f3mo has llegado a esta p\u00e1gina :<br>Comentario : Desde esta tarde est\u00e1 funcionando la antena de Movistar que han instalado en el pueblo. Se acab\u00f3 la escusa de la cobertura\u2026 \ud83d\ude42<\/p>\n\n\n\n<p>Nombre : Antonio<br>D\u00eda y Hora : 29\/4\/2007<br>Tu URL :<br>E-mail :<br>Edad : bastantes a\u00f1os<br>Desde d\u00f3nde escribes : Lantadilla<br>C\u00f3mo has llegado a esta p\u00e1gina :<br>Comentario : Pues creo que el orujo lo puedes comprar donde Aulerianin, que es un alambique y el marisco lo puedes comer en el bar de Priamo Bar River me parece que lo trae de Santander<\/p>\n\n\n\n<p>Nombre :<br>D\u00eda y Hora :<br>Tu URL :<br>E-mail :<br>Edad :<br>Desde d\u00f3nde escribes : madrid<br>C\u00f3mo has llegado a esta p\u00e1gina :<br>Comentario : me dice un kolega que en lantadilla tiene mucha fama el orujo y el marisco. \u00bfEs verdad o me est\u00e1 vacilando? Sobre todo me ha dejado descolocado con lo del marisco. \u00bfQu\u00e9 marisco hay y d\u00f3nde se come?<\/p>\n\n\n\n<p>Nombre : Jos\u00e9 Luis<br>D\u00eda y Hora : 18\/4\/2007<br>Tu URL :<br>E-mail :<br>Edad :<br>Desde d\u00f3nde escribes : Madrid<br>C\u00f3mo has llegado a esta p\u00e1gina :<br>Comentario : Pues muchas gracias por tu informaci\u00f3n RAFA, esperemos que para el verano ya est\u00e9 instada y funcionando la antena de Movistar.Un saludo cordial.<\/p>\n\n\n\n<p>Nombre : Rafa<br>D\u00eda y Hora : 02\/04\/07 13:00<br>Tu URL :<br>E-mail : lantadilla@hotmail.com<br>Edad :<br>Desde d\u00f3nde escribes : Madrid<br>C\u00f3mo has llegado a esta p\u00e1gina :<br>Comentario : Pues la mejor cobertura sin duda va a ser la de Movistar, porque Telef\u00f3nica est\u00e1 poniendo una antena al lado del dep\u00f3sito de agua. Cuanto empiece a funcionar supongo que habr\u00e1 buena cobertura en todo el pueblo. Saludos.<\/p>\n\n\n\n<p>Nombre : jos\u00e9 luis<br>D\u00eda y Hora : 22\/12\/2006-14.30<br>Tu URL :<br>E-mail :<br>Edad : 38<br>Desde d\u00f3nde escribes : Madrid<br>C\u00f3mo has llegado a esta p\u00e1gina : como siempre<br>Comentario : \u2026\u2026..si alguien lo lee y sabe algo del tema que me respoda porfa.<\/p>\n\n\n\n<p>Nombre : jos\u00e9 luis<br>D\u00eda y Hora : 22\/12\/2006-14.30<br>Tu URL :<br>E-mail :<br>Edad : 38<br>Desde d\u00f3nde escribes : Madrid<br>C\u00f3mo has llegado a esta p\u00e1gina : como siempre<br>Comentario : Voy a cambiar de movil y me gustar\u00eda me comentarais que marca, modelo y compa\u00f1\u00eda es la que m\u00e1s cobertura tiene en LANTADILLA, pues en verano que es cuando voy apenas tengo.Tengo la casa por el centro del pueblo por si eso influye.Si alguien lo lee y sabe<\/p>\n\n\n\n<p>Nombre : Maria jesus<br>D\u00eda y Hora : 31 03 2007<br>Tu URL :<br>E-mail : chusa_1@hotmail.com<br>Edad : 46<br>Desde d\u00f3nde escribes : asturias<br>C\u00f3mo has llegado a esta p\u00e1gina : por a\u00f1oranza<br>Comentario : Soy de alli suelo ir cuando puedo espero ir en fiestas este a\u00f1o k hace mucho k no coincide actualizar las fotos k no se diga k estamos atrasados besossssss<\/p>\n\n\n\n<p>Nombre : Maria jesus<br>D\u00eda y Hora : 31 03 2007<br>Tu URL :<br>E-mail : chusa_1@hotmail.com<br>Edad : 46<br>Desde d\u00f3nde escribes : asturias<br>C\u00f3mo has llegado a esta p\u00e1gina : por a\u00f1oranza<br>Comentario : esta bien l pajina pero deveriais actualizar las fotos espero ir pronto un saludo a todos soy la niete de la se\u00f1ora Carmen y el se\u00f1or Florencio de la rinconada<\/p>\n\n\n\n<p>Nombre : gema<br>D\u00eda y Hora : 29-03-07 13:32<br>Tu URL :<br>E-mail :<br>Edad : 22<br>Desde d\u00f3nde escribes : quincoces de yuso (burgos)<br>C\u00f3mo has llegado a esta p\u00e1gina :<br>Comentario :<\/p>\n","protected":false},"excerpt":{"rendered":"<p>(29\/03\/2007 &#8211; 24\/07\/2007) Nombre : RafaD\u00eda y Hora : 24\/07\/07 18:45Tu URL : www.lantadilla.comE-mail : lantadilla@hotmail.comEdad :Desde d\u00f3nde escribes : Desde HuelvaC\u00f3mo has llegado a esta p\u00e1gina :Comentario : Son 255 caracteres los que caben, pero no os preocupeis, en los pr\u00f3ximos d\u00edas, antes de las fiestas de este a\u00f1o, vamos a poner en marcha [&hellip;]<\/p>\n","protected":false},"author":1,"featured_media":0,"parent":0,"menu_order":0,"comment_status":"closed","ping_status":"closed","template":"","meta":{"footnotes":""},"class_list":["post-362","page","type-page","status-publish","hentry"],"_links":{"self":[{"href":"http:\/\/lantadilla.ddns.net\/lantadilla\/index.php\/wp-json\/wp\/v2\/pages\/362","targetHints":{"allow":["GET"]}}],"collection":[{"href":"http:\/\/lantadilla.ddns.net\/lantadilla\/index.php\/wp-json\/wp\/v2\/pages"}],"about":[{"href":"http:\/\/lantadilla.ddns.net\/lantadilla\/index.php\/wp-json\/wp\/v2\/types\/page"}],"author":[{"embeddable":true,"href":"http:\/\/lantadilla.ddns.net\/lantadilla\/index.php\/wp-json\/wp\/v2\/users\/1"}],"replies":[{"embeddable":true,"href":"http:\/\/lantadilla.ddns.net\/lantadilla\/index.php\/wp-json\/wp\/v2\/comments?post=362"}],"version-history":[{"count":1,"href":"http:\/\/lantadilla.ddns.net\/lantadilla\/index.php\/wp-json\/wp\/v2\/pages\/362\/revisions"}],"predecessor-version":[{"id":364,"href":"http:\/\/lantadilla.ddns.net\/lantadilla\/index.php\/wp-json\/wp\/v2\/pages\/362\/revisions\/364"}],"wp:attachment":[{"href":"http:\/\/lantadilla.ddns.net\/lantadilla\/index.php\/wp-json\/wp\/v2\/media?parent=362"}],"curies":[{"name":"wp","href":"https:\/\/api.w.org\/{rel}","templated":true}]}}