{"id":378,"date":"2024-11-10T17:28:02","date_gmt":"2024-11-10T16:28:02","guid":{"rendered":"http:\/\/lantadilla.ddns.net:82\/lantadilla\/?page_id=378"},"modified":"2024-11-10T17:28:02","modified_gmt":"2024-11-10T16:28:02","slug":"decimocuarto-libro-de-visitas","status":"publish","type":"page","link":"http:\/\/lantadilla.ddns.net\/lantadilla\/index.php\/decimocuarto-libro-de-visitas\/","title":{"rendered":"Decimocuarto libro de visitas"},"content":{"rendered":"\n<p>(21\/01\/2009 &#8211; 17\/01\/2010)<\/p>\n\n\n\n<div style=\"height:50px\" aria-hidden=\"true\" class=\"wp-block-spacer\"><\/div>\n\n\n\n<p>17-1-2010<br>Enviado el Saturday, 16 de January de 2010 a las 23:30<br>Mozilla\/4.0 (compatible; MSIE 8.0; Windows NT 6.0; Trident\/4.0; SLCC1; .NET CLR 2.0.50727; Media Center PC 5.0; .NET CLR 3.5.30729; .NET CLR 3.0.30729)<br>casi, pero no, se necesita much\u00ediiisima agua para que suba la pueblo<\/p>\n\n\n\n<p>Desi<br>Enviado el Friday, 15 de January de 2010 a las 22:56<br>Mozilla\/4.0 (compatible; MSIE 7.0; Windows NT 6.0; GTB6.3; SLCC1; .NET CLR 2.0.50727; Media Center PC 5.0; InfoPath.1; .NET CLR 3.5.30729; .NET CLR 3.0.30618)<br>Saludos a mis familiares y amigos del \u00abpuchero\u00bb.<br>Como anda el pisuerga\u2026., nos hemos ahogado???<\/p>\n\n\n\n<p>Enviado el Thursday, 03 de December de 2009 a las 17:18<br>Mozilla\/4.0 (compatible; MSIE 7.0; Windows NT 5.1; .NET CLR 1.1.4322; .NET CLR 2.0.50727; .NET CLR 3.0.04506.30; .NET CLR 3.0.04506.648; InfoPath.1; .NET CLR 3.0.4506.2152; .NET CLR 3.5.30729)<br>Mi mas sentido p\u00e8same a David Garc\u00eda por el fallecimiento de su madre<\/p>\n\n\n\n<p>Enviado el Sunday, 29 de November de 2009 a las 16:33<br>Mozilla\/4.0 (compatible; MSIE 7.0; Windows NT 5.1; .NET CLR 1.1.4322; .NET CLR 2.0.50727; .NET CLR 3.0.04506.30; .NET CLR 3.0.04506.648; InfoPath.1; .NET CLR 3.0.4506.2152; .NET CLR 3.5.30729)<br>\u00bfqui\u00e9n entra desde S.Salvador? quiz\u00e1s alguno de mis primos? sea quien sea, un saludo desde Madrid, una lantadillense.<\/p>\n\n\n\n<p>Martolassss<br>Enviado el Tuesday, 24 de November de 2009 a las 18:16<br>Mozilla\/5.0 (Windows; U; Windows NT 5.1; gl; rv:1.9.1.5) Gecko\/20091102 Firefox\/3.5.5<br>Una amiga m\u00eda dice que le gustar\u00eda ir a lantadilla con migo. Es un pueblo como otro cualquiera, solo que le hablo de las fiestas, por eso quiere venir\u2026 Quiere ser de mi pe\u00f1a\u2026<\/p>\n\n\n\n<p>rosa maria<br>Enviado el Thursday, 29 de October de 2009 a las 13:58<br>Mozilla\/4.0 (compatible; MSIE 7.0; Windows NT 6.0; GTB6; SLCC1; .NET CLR 2.0.50727; Media Center PC 5.0; .NET CLR 3.0.04506; OfficeLiveConnector.1.3; OfficeLivePatch.0.0)<br>veo cuando puedo la web de lantadilla\u00b4tengo una amiga se llama montse rojo su madre se llama tomasa me gustaria saber de ella y para todos vosotros besos hace unos 9a\u00f1os que no voy por all\u00ed pero he visto fotos y la verdad es que ha cambiado mucho chaooooo<\/p>\n\n\n\n<p>rosa maria<br>Enviado el Saturday, 24 de October de 2009 a las 17:45<br>Mozilla\/4.0 (compatible; MSIE 7.0; Windows NT 6.0; GTB6; SLCC1; .NET CLR 2.0.50727; Media Center PC 5.0; .NET CLR 3.0.04506; OfficeLiveConnector.1.3; OfficeLivePatch.0.0)<br>hola me llamo rosa y hace a\u00f1os pasaba muchos veranos en lantadilla soy la nieta de felipa mis tios miguel bego\u00f1a fali etc mis mejores a\u00f1os fueron en lantadilla besos el pueblo esta precioso<\/p>\n\n\n\n<p>Enviado el Tuesday, 20 de October de 2009 a las 15:49<br>Mozilla\/4.0 (compatible; MSIE 7.0; Windows NT 5.1; .NET CLR 1.1.4322; .NET CLR 2.0.50727; .NET CLR 3.0.04506.30; .NET CLR 3.0.04506.648; InfoPath.1; .NET CLR 3.0.4506.2152; .NET CLR 3.5.30729)<br>20-10. Ha fallecido Laude, hermana de Virgilio,Adelaida y Delfina Garc\u00eda, vivia en Melgar de Fernamental.<\/p>\n\n\n\n<p>Enviado el Sunday, 18 de October de 2009 a las 17:22<br>Mozilla\/4.0 (compatible; MSIE 7.0; Windows NT 5.1; .NET CLR 1.1.4322; .NET CLR 2.0.50727; .NET CLR 3.0.04506.30; .NET CLR 3.0.04506.648; InfoPath.1; .NET CLR 3.0.4506.2152; .NET CLR 3.5.30729)<br>Es Ana M\u00aa, desde hace a\u00f1o y pico. si entras en la p\u00e1gina de Lantadilla y buscas, encontraras la informaci\u00f3n<\/p>\n\n\n\n<p>a\u00f1oranza<br>Enviado el Friday, 16 de October de 2009 a las 23:45<br>Mozilla\/4.0 (compatible; MSIE 7.0; Windows NT 5.1; GTB6; .NET CLR 1.1.4322; .NET CLR 2.0.50727; .NET CLR 3.0.4506.2152; .NET CLR 3.5.30729)<br>quien es el alcalde ahora \u2026.<\/p>\n\n\n\n<p>Marta (martolas)<br>Enviado el Monday, 12 de October de 2009 a las 15:39<br>Mozilla\/4.0 (compatible; MSIE 8.0; Windows NT 5.1; Trident\/4.0; .NET CLR 2.0.50727; .NET CLR 1.1.4322; .NET CLR 3.0.4506.2152; .NET CLR 3.5.30729) HOla:<br>Visito la p\u00e1gina cada vez que cojo el ordenador.<\/p>\n\n\n\n<p>Enviado el Wednesday, 07 de October de 2009 a las 22:29<br>Mozilla\/4.0 (compatible; MSIE 8.0; Windows NT 5.1; Trident\/4.0; GTB6; .NET CLR 2.0.50727; .NET CLR 1.1.4322; .NET CLR 3.0.4506.2152; .NET CLR 3.5.30729; InfoPath.2; OfficeLiveConnector.1.3; OfficeLivePatch.0.0)<br>Hoy, 7-10-09 Ha fallecido Luciano el Pasiego. D.e.P.<\/p>\n\n\n\n<p>yo<br>Enviado el Wednesday, 30 de September de 2009 a las 22:24<br>Mozilla\/4.0 (compatible; MSIE 7.0; Windows NT 5.1; .NET CLR 1.1.4322; .NET CLR 2.0.50727; .NET CLR 3.0.04506.30; .NET CLR 3.0.04506.648; InfoPath.1; .NET CLR 3.0.4506.2152; .NET CLR 3.5.30729)<br>Para Jose, puede que nos conozcamos.<br>Un saludo<\/p>\n\n\n\n<p>Yo<br>Enviado el Tuesday, 29 de September de 2009 a las 23:33<br>Mozilla\/4.0 (compatible; MSIE 7.0; Windows NT 5.1; .NET CLR 1.1.4322; .NET CLR 2.0.50727; .NET CLR 3.0.04506.30; .NET CLR 3.0.04506.648; InfoPath.1; .NET CLR 3.0.4506.2152; .NET CLR 3.5.30729)<br>Saludos, hoy d\u00eda 29-9-09 ha fallecido la Sra. Claudia, la madre de Ester, Santiago y Victor, D.e.P.<\/p>\n\n\n\n<p>yoh<br>Enviado el Tuesday, 29 de September de 2009 a las 23:18<br>Mozilla\/4.0 (compatible; MSIE 7.0; Windows NT 6.0; SLCC1; .NET CLR 2.0.50727; .NET CLR 3.5.30729; .NET CLR 3.0.30618)<br>yo tb paso el verano bn en lantadilla<\/p>\n\n\n\n<p>jose<br>Enviado el Monday, 28 de September de 2009 a las 22:59<br>Mozilla\/4.0 (compatible; MSIE 7.0; Windows NT 6.0; GTB6; SLCC1; .NET CLR 2.0.50727; Media Center PC 5.0; .NET CLR 3.0.04506; InfoPath.1)<br>Gracias por contestar a Jos\u00e9.<br>Me gustaria conocerte.<\/p>\n\n\n\n<p>Josefina Lantadilla<br>Enviado el Friday, 18 de September de 2009 a las 21:21<br>Mozilla\/5.0 (Windows; U; Windows NT 5.1; es-ES; rv:1.9.0.14) Gecko\/2009082707 Firefox\/3.0.14<br>Hola! mi nombre es Josefina Lantadilla, tengo 19 a\u00f1os y vivo en Chile. No conozco Lantadilla, pero me encantar\u00eda ir un d\u00eda y siempre que puedo me paso a visitar esta p\u00e1gina.<\/p>\n\n\n\n<p>Saludos!<\/p>\n\n\n\n<p>yo<br>Enviado el Friday, 11 de September de 2009 a las 12:11<br>Mozilla\/4.0 (compatible; MSIE 7.0; Windows NT 5.1; .NET CLR 1.1.4322; .NET CLR 2.0.50727; .NET CLR 3.0.04506.30; .NET CLR 3.0.04506.648; InfoPath.1; .NET CLR 3.0.4506.2152; .NET CLR 3.5.30729)<br>Jose, ya te han contestado, unos mensajes m\u00e1s abajo tienes la informaci\u00f3n. Todas viven o pasan mucho tiempo en el pueblo. Como comprenderas no te voy a dar datos personales aqu\u00ed.<\/p>\n\n\n\n<p>jose<br>Enviado el Sunday, 06 de September de 2009 a las 22:51<br>Mozilla\/4.0 (compatible; MSIE 7.0; Windows NT 6.0; GTB6; SLCC1; .NET CLR 2.0.50727; Media Center PC 5.0; .NET CLR 3.0.04506; InfoPath.1)<br>Quisiera saber que ha sido de esa cuadrilla de chicas, con las que nos relacionamos los chicos de Melgar, sobre el a\u00f1o 1975, cuando habia vaile en \u00abLas vegas\u00bb (Melgar), Delfi,Esther,Carmela, Pili, Loreto, Angelines y demas<\/p>\n\n\n\n<p>yoli<br>Enviado el Friday, 04 de September de 2009 a las 22:40<br>Mozilla\/5.0 (Windows; U; Windows NT 6.0; es-ES; rv:1.9.1.2) Gecko\/20090729 Firefox\/3.5.2 (.NET CLR 3.5.30729)<br>hola,me llamo yoli y estube pasando unos veranos fantasticos en este pueblo hacia el a\u00f1o 83 mas o menos .recuerdo a una amiga llamada ARACELI(DE SANTANDER). ESTUBE EN SU CASA UNOS DIAS Y ME GUSTARIA SABER DE ELLA.SOY DE UNA LOCALIDAD DE BILBAO.NOS CARTEAMOS DURANTE UN TIEMPO ,PERO LUEGO DEJAMOS DE HACERLO,YO TENIA FAMILIA ALLI,CREO QUE DONDE TENIAN SUS PADRES LA CASA SE LLAMABA LA RINCONADA (O ALGO ASI ),PERO NO ESTOY SEGURA .OJALA PODAMOS PONERNOS EN CONTACTO Y A TRAVES DE INTERNET RETOMARLO DONDE LO DEJAMOS. FELICIDADES POR VUESTRA PAGINA Y POR EL TRABAJO QUE HACEIS<\/p>\n\n\n\n<p>Marta<br>Enviado el Friday, 21 de August de 2009 a las 16:36<br>Mozilla\/4.0 (compatible; MSIE 8.0; Windows NT 5.1; Trident\/4.0; .NET CLR 2.0.50727; .NET CLR 1.1.4322)<br>Pod\u00edais poner m\u00e1s fotos (de otras personas) en gente. \u00a1yo no salgo en ninguna!<br>Sigo en la web.<\/p>\n\n\n\n<p>Marta (la sobrina de fer)<br>Enviado el Friday, 21 de August de 2009 a las 16:24<br>Mozilla\/4.0 (compatible; MSIE 8.0; Windows NT 5.1; Trident\/4.0; .NET CLR 2.0.50727; .NET CLR 1.1.4322)<br>Hola. Chao<\/p>\n\n\n\n<p>Enviado el Sunday, 09 de August de 2009 a las 21:33<br>Mozilla\/4.0 (compatible; MSIE 7.0; Windows NT 5.1; .NET CLR 1.1.4322; .NET CLR 2.0.50727; .NET CLR 3.0.04506.30; .NET CLR 3.0.04506.648; InfoPath.1)<br>9-8-09 Mi mas sentido p\u00e9same a la familia de la Sra Guillermina que falleci\u00f3 hoy.<\/p>\n\n\n\n<p>8-7-09<br>Enviado el Monday, 08 de June de 2009 a las 13:55<br>Mozilla\/4.0 (compatible; MSIE 7.0; Windows NT 5.1; .NET CLR 1.1.4322; .NET CLR 2.0.50727; .NET CLR 3.0.04506.30; .NET CLR 3&gt;0.04506.648; InfoPath.1)<br>Mi mas sentido p\u00e9same a la familia del sr. Alejos, el \u00faltimo alguacil-pregonero del pueblo, una profesi\u00f3n desaparecida.<br>Enhorabuena a Tere y Arturo por su reci\u00e9n estrenada paternidad.<br>Felicidades a los novios que se casaron el S\u00e1bado.<\/p>\n\n\n\n<p>Enviado el Thursday, 04 de June de 2009 a las 10:16 Mozilla\/4.0 (compatible; MSIE 7.0; Windows NT 5.1; .NGT CLR 1.1.4322; .NET CLR 2.0.50727; .NET CLR 3.0.04506.30; .NET CLR 3.0.04506.648; InfoPath.1)<br>Mi mas sentido p\u00e9same a la familia del Sr. Prisciano (el Nene). D.e.P.<\/p>\n\n\n\n<p>Enviado el Sunday, 10 de May de 2009 a las 10:49<br>Mozilla\/4.0 (compatible; MSIE 7.0; Windows NT 6.0; SLCC1; .NET CLR 2.0.50727; Media Center PC 5.0; OfficeLiveConnector.1.3; OfficeLivePatch.0.0; .NET CLR 3.5.30729; .NET CLR 3.0.30618)<br>hola! pues me parece fenomenal que se puedan descarcar fotos y otros de la pagina web, asi como su actulizacion. es la mejor manera de estar al dia sobre lo que ocurre en nuestro pueblo, para los que estas lejos.<\/p>\n\n\n\n<p>Rafa<br>Enviado el Wednesday, 22 de April de 2009 a las 23:26<br>Mozilla\/5.0 (Windows; U; Windows NT 5.1; es-ES; rv:1.9.0.6) Gecko\/2009011913 Firefox\/3.0.6<br>Hola a todos, hemos dado de alta una nueva secci\u00f3n de descargas para poder bajar las fotos de la web, esperamos que os guste :-).<\/p>\n\n\n\n<p>UN MA\u00d1O<br>Enviado el Friday, 13 de February de 2009 a las 17:35<br>Mozilla\/4.0 (compatible; MSIE 7.0; Windows NT 5.1)<br>UN MA\u00d1O QUE ECHA DE MENOS SU PUEBLO.el porta<\/p>\n\n\n\n<p>PORTA<br>Enviado el Friday, 13 de February de 2009 a las 17:32<br>Mozilla\/4.0 (compatible; MSIE 7.0; Windows NT 5.1)<br>PORTA<\/p>\n\n\n\n<p>Flor de un dia<br>Enviado el Wednesday, 21 de January de 2009 a las 22:01<br>Mozilla\/4.0 (compatible; MSIE 7.0; Windows NT 5.1; .NET CLR 1.1.4322; .NET CLR 2.0.50727; .NET CLR 3.0.04506.30; .NET CLR 3.0.04506.648; InfoPath.1)<br>Hola lantadillenses, hace mucho que no se nada de vosotros, no hay noticias buenas por el pueblo? Qu\u00e9 planes tiene el Aytamento.? No se casa nadie?,<\/p>\n","protected":false},"excerpt":{"rendered":"<p>(21\/01\/2009 &#8211; 17\/01\/2010) 17-1-2010Enviado el Saturday, 16 de January de 2010 a las 23:30Mozilla\/4.0 (compatible; MSIE 8.0; Windows NT 6.0; Trident\/4.0; SLCC1; .NET CLR 2.0.50727; Media Center PC 5.0; .NET CLR 3.5.30729; .NET CLR 3.0.30729)casi, pero no, se necesita much\u00ediiisima agua para que suba la pueblo DesiEnviado el Friday, 15 de January de 2010 a [&hellip;]<\/p>\n","protected":false},"author":1,"featured_media":0,"parent":0,"menu_order":0,"comment_status":"closed","ping_status":"closed","template":"","meta":{"footnotes":""},"class_list":["post-378","page","type-page","status-publish","hentry"],"_links":{"self":[{"href":"http:\/\/lantadilla.ddns.net\/lantadilla\/index.php\/wp-json\/wp\/v2\/pages\/378","targetHints":{"allow":["GET"]}}],"collection":[{"href":"http:\/\/lantadilla.ddns.net\/lantadilla\/index.php\/wp-json\/wp\/v2\/pages"}],"about":[{"href":"http:\/\/lantadilla.ddns.net\/lantadilla\/index.php\/wp-json\/wp\/v2\/types\/page"}],"author":[{"embeddable":true,"href":"http:\/\/lantadilla.ddns.net\/lantadilla\/index.php\/wp-json\/wp\/v2\/users\/1"}],"replies":[{"embeddable":true,"href":"http:\/\/lantadilla.ddns.net\/lantadilla\/index.php\/wp-json\/wp\/v2\/comments?post=378"}],"version-history":[{"count":1,"href":"http:\/\/lantadilla.ddns.net\/lantadilla\/index.php\/wp-json\/wp\/v2\/pages\/378\/revisions"}],"predecessor-version":[{"id":380,"href":"http:\/\/lantadilla.ddns.net\/lantadilla\/index.php\/wp-json\/wp\/v2\/pages\/378\/revisions\/380"}],"wp:attachment":[{"href":"http:\/\/lantadilla.ddns.net\/lantadilla\/index.php\/wp-json\/wp\/v2\/media?parent=378"}],"curies":[{"name":"wp","href":"https:\/\/api.w.org\/{rel}","templated":true}]}}