{"id":381,"date":"2024-11-10T17:44:02","date_gmt":"2024-11-10T16:44:02","guid":{"rendered":"http:\/\/lantadilla.ddns.net:82\/lantadilla\/?page_id=381"},"modified":"2024-11-10T17:44:02","modified_gmt":"2024-11-10T16:44:02","slug":"decimoquinto-libro-de-visitas","status":"publish","type":"page","link":"http:\/\/lantadilla.ddns.net\/lantadilla\/index.php\/decimoquinto-libro-de-visitas\/","title":{"rendered":"Decimoquinto libro de visitas"},"content":{"rendered":"\n<p>(02\/02\/2010 &#8211; 22\/08\/2010)<\/p>\n\n\n\n<div style=\"height:50px\" aria-hidden=\"true\" class=\"wp-block-spacer\"><\/div>\n\n\n\n<p>Martolasss<br>Enviado el Sunday, 22 de August de 2010 a las 14:53<br>Mozilla\/4.0 (compatible; MSIE 7.0; Windows NT 6.1; Trident\/4.0; GTB6.5; SLCC2; .NET CLR 2.0.50727; .NET CLR 3.5.30729; .NET CLR 3.0.30729)<br>\u00a1\u00a1ESOS CAMOTONES!!<\/p>\n\n\n\n<p>lantadillensa<br>Enviado el Saturday, 21 de August de 2010 a las 13:51<br>Mozilla\/4.0 (compatible; MSIE 8.0; Windows NT 5.1; Trident\/4.0; GTB0.0; .NET CLR 2.0.50727; .NET CLR 3.0.4506.2152; .NET CLR 3.5.30729; InfoPath.2; OfficeLiveConnector.1.3; OfficeLivePatch.0.0)<br>hoollaaa!!!las fiestas de este a\u00f1o 2010 han sido muy divertidas!!!el primer dia, por la noche en la bajada de pe\u00f1as..camotones se hizo oir con la cancion de \u00bbyo soy camoton, camoton,camoton\u2026\u00bbpero las jaleo tampoco estuvieron mal disfrazadas de animadoras\u2026lo raro fue que la pe\u00f1a k + t da no hicieran nada\u2026luego la entrega de premio y las reinas y la pregonera\u2026el dia siguiente fueron las carrozas\u2026este a\u00f1o fueron menos que otros a\u00f1os\u2026en 1. lugar quedaron \u00bbAlicia en el pais de las maravillas\u00bb de la pe\u00f1a jaleo\u20262.lugar \u00bbChiguitos en la siega\u00bb de la pe\u00f1a the Camotones y en 3. lugar \u00bbLas Africanas\u00bbde la pe\u00f1a K + t da\u2026todo lo demas de las fiestas fueron la yincana, el triatlon, los juegos infantiles, las berbenas y Rebecaaa!!!ami me gustaron mucho las fiestas y espero que el a\u00f1o que viene sean mejores.(y tambien ai que decir que este a\u00f1o se han puesto de moda las camisetas de YO SOY CAMOTON CAMOTON CAMOTON\u2026<\/p>\n\n\n\n<p>Martolasss<br>Enviado el Friday, 20 de August de 2010 a las 18:04<br>Mozilla\/4.0 (compatible; MSIE 8.0; Windows NT 6.1; Trident\/4.0; GTB6.5; SLCC2; .NET CLR 2.0.50727; .NET CLR 3.5.30729; .NET CLR 3.0.30729)<br>Bueno, ya se han acabado las fiestas, y seguramente todos lo hemos pasado muy bien.<\/p>\n\n\n\n<p>Enviado el Wednesday, 04 de August de 2010 a las 22:22<br>Mozilla\/4.0 (compatible; MSIE 8.0; Windows NT 6.1; Trident\/4.0; GTB6.5; SLCC2; .NET CLR 2.0.50727; .NET CLR 3.5.30729; .NET CLR 3.0.30729; Media Center PC 6.0; Tablet PC 2.0)<br>PARA CUANDO EL PROGRAMA DE FIESTAS<\/p>\n\n\n\n<p>Enviado el Wednesday, 04 de August de 2010 a las 10:04<br>Mozilla\/4.0 (compatible; MSIE 8.0; Windows NT 5.1; Trident\/4.0; VB_hottiestar; GTB6.5; hotvideobar_3_3_86123749813027497_48_63; InfoPath.1; .NET CLR 2.0.50727; .NET CLR 3.0.04506.30; .NET CLR 3.0.4506.2152; .NET CLR 3.5.30729; OfficeLiveConnector.1.3; Off<br>Pues de esos hombres como Sierra el de Osorno, necesit\u00e1bamos una docena en Lantadilla, para sacarla de la posible extinci\u00f3n en un futuro no muy lejano.<\/p>\n\n\n\n<p>Enviado el Sunday, 01 de August de 2010 a las 22:34<br>Mozilla\/4.0 (compatible; MSIE 8.0; Windows NT 6.1; Trident\/4.0; GTB6.5; SLCC2; .NET CLR 2.0.50727; .NET CLR 3.5.30729; .NET CLR 3.0.3 729; Media Center PC 6.0; Tablet PC 2.0)<br>Osorno reconoce al empresario Jos\u00e9 Mar\u00eda de la Sierra por su labor de desarrollo del pueblo<\/p>\n\n\n\n<p>jos<br>Enviado el Thursday, 29 de July de 2010 a las 22:01<br>Mozilla\/4.0 (compatible; MSIE 8.0; Windows NT 6.1; Trident\/4.0; GTB6.5; SLCC2; .NET CLR 2.0.50727; .NET CLR 3.5.30729; .NET CLR 3.0.30729; Media Center PC 6.0; Tablet PC 2.0)<br>Que tal por Bilbao.<br>En Santurce sardinas como buques<br>Que tal por el pueblo,muy mal no hay nada, todo mal.El d\u00eda Santiago, tmdo un desartre.<br>El vasco y el castellano<\/p>\n\n\n\n<p>Enviado el Monday, 26 de July de 2010 a las 21:58<br>Mozilla\/4.0 (compatible; MSIE 8.0; Windows NT 6.1; Trident\/4.0; GTB6.5; SLCC2; .NET CLR 2.0.50727; .NET CLR 3.5.30729; .NET CLR 3.0.30729; Media Center PC 6.0; Tablet PC 2.0)<br>Por favor, podrias publicar el programa de fiestas, gracias.<\/p>\n\n\n\n<p>pablo<br>Enviado el Friday, 16 de July de 2010 a las 14:28<br>Mozilla\/4.0 (compatible; MSIE 8.0; Windows NT 5.1; Trident\/4.0; GTB6.5; .NET CLR 2.0.50727; .NET CLR 3.0.4506.2152; .NET CLR 3.5.30729; MSN OptimizedIE8;ESES)<\/p>\n\n\n\n<p>Enviado el Thursday, 15 de July de 2010 a las 22:39<br>Mozilla\/4.0 (compatible; MSIE 8.0; Windows NT 6.1; Trident\/4.0; GTB6.5; SLCC2; .NET CLR 2.0.50727; .NET CLR 3.5.30729; .NET CLR 3.0.30729; Media Center PC 6.0; Tablet PC 2.0)<br>Que virus hay en lantdilla , que se comenta.<\/p>\n\n\n\n<p>Enviado el Friday, 25 de June de 2010 a las 22:38<br>Mozilla\/4.0 (compatible; MSIE 8.0; Windows NT 6.1; Trident\/4.0; GTB6.5; SLCC2; .NET CLR 2.0.50727; .NET CLR 3.5.30729; .NET CLR 3.0.30729; Media Center PC 6.0; Tablet PC 2.0)<br>Que tal las hogueras. no he podido ir este a\u00f1o.<\/p>\n\n\n\n<p>Enviado el Sunday, 30 de May de 2010 a las 22:28<br>Mozilla\/4.0 (compatible; MSIE 7.0; Windows NT 6.0; Trident\/4.0; SLCC1; .NET CLR 2.0.50727; Media Center PC 5.0; .NET CLR 3.5.30729; .NET CLR 3.0.30729)<br>Que yo sepa el Sr. Maestu no era de Lantadilla, as\u00ed que los que vivimos fuera no nos tenemos que comer el coco pensando de qu\u00e9 familia es. Creo que alguien se ha equivocado y nos ha puesto la noticia en nuestro pueblo en vez de ponerla en la de Melgar de F.<\/p>\n\n\n\n<p>Enviado el Tuesday, 25 de May de 2010 a las 22:03<br>Mozilla\/4.0 (compatible; MSIE 8.0; Windows NT 6.1; Trident\/4.0; GTB6.4; SLCC2; .NET CLR 2.0.50727; .NET CLR 3.5.30729; .NET CLR 3.0.30729; Media Center PC 6.0; Tablet PC 2.0)<br>El lunes dia 24-5-2010, ha fallecido CANDIDO MAESTU, a los 89 a\u00f1os, nuestro pesame a sus hijos e hija.<\/p>\n\n\n\n<p>rosa maria<br>Enviado el Tuesday, 25 de May de 2010 a las 12:11<br>Mozilla\/5.0 (Windows; U; Windows NT 6.0; en-US) AppleWebKit\/532.5 (KHTML, like Gecko) Chrome\/4.1.249.1064 Safari\/532.5<br>bueno que deciros solo que lantadilla es un pueblo muy crecido la verdad es que ha cambiado bastante soy rosa tengo familia de el plaza la cernada era antaes de mi tia ana besos para todos lantadillenses es un pueblo fantastico a mi em particular si he pasasdo muchos veranos ahi besos para todos<\/p>\n\n\n\n<p>Enviado el Sunday, 16 de May de 2010 a las 21:54<br>Mozilla\/4.0 (compatible; MSIE 8.0; Windows NT 6.1; Trident\/4.0; GTB6.4; SLCC2; .NET CLR 2.0.50727; .NET CLR 3.5.30729; .NET CLR 3.0.30729; Media Center PC 6.0; Tablet PC 2.0)<br>Nos ha gustado el nuevo Bar Carmelo en Melgar, ubicado en el antiguo Yucatan.<br>Carmelo te deseamos suerte por todo lo que has pasado.<\/p>\n\n\n\n<p>Enviado el Wednesday, 12 de May de 2010 a las 22:37<br>Mozilla\/4.0 (compatible; MSIE 7.0; Windows NT 6.0; Trident\/4.0; SLCC1; .NET CLR 2.0.50727; Media Center PC 5.0; .NET CLR 3.5.30729; .NET CLR 3.0.30729)<br>mi mas sentido pesame a Reli y a todos los hermanos de Petri.<\/p>\n\n\n\n<p>Jos\u00e9 M. Barea Gomez<br>Enviado el Monday, 03 de May de 2010 a las 19:10<br>Mozilla\/5.0 (Windows; U; Windows NT 6.0; es-ES; rv:1.9.2.3) Gecko\/20100401 Firefox\/3.6.3 GTB7.0 (.NET CLR 3.5.30729)<br>Hola, te envio \u00e9ste mensaje desde C\u00e4diz. Estoy viendo el alb\u00fan fotogr\u00e1fico (fotos antiguas) y la que hace el n\u00famero de orden 9\/23 que es c\/. Real a\u00f1os 60, me ha gustado mucho. Soy un aficionado a la pintura y me gustaria reproducirla. Un Saludo<\/p>\n\n\n\n<p>Enviado el Thursday, 29 de April de 2010 a las 19:32<br>Mozilla\/4.0 (compatible; MSIE 8.0; Windows NT 6.0; Trident\/4.0; SLCC1; .NET CLR 2.0.50727; Media Center PC 5.0; .NET CLR 3.5.30729; FDM; .NET CLR 3.0.30729)<br>Este mensaje es para poner en evidencia que en el cruce de la carretera de Arenillas, donde ha habido obras, han colocado un cartel con el nombre de los pueblos a los que va la carretera y se han olvidado de poner Lantadilla. Pone s\u00f3lo Palacios y Fr\u00f3mista. Es un lamentable olvido.<\/p>\n\n\n\n<p>Enviado el Sunday, 28 de March de 2010 a las 22:07<br>Mozilla\/4.0 (compatible; MSIE 8.0; Windows NT 6.1; Trident\/4.0; GTB6.4; SLCC2; .NET CLR 2.0.50727; .NET CLR 3.5.30729; .NET CLR 3.0.30729; Media Center PC 6.0; Tablet PC 2.0)<br>A mi primo Marianito Lobo<br>Cuando veas a un hombre bueno, trata de imitarlo; cuando veas a un hombre malo, exam\u00ednate a ti mismo. &#8211;<br>A un hombre bueno, peculiar, con su bicicleta, su visera, sus muchos amigos en este circulo de Itero, Osornillo, Osorno, Melgar,Arenillas, otros y su querida Lantadilla, por su generosidad, su alegria, hombre bueno que vivi\u00f3 su vida libre y a su aire. Todos te recordaremos como buen hombre, familiar y amigo.<br>Hasta siempre Marianito.<\/p>\n\n\n\n<p>Esther<br>Enviado el Tuesday, 02 de March de 2010 a las 00:29 Mozilla\/5.0 (Windows; U; Windows NT 5.1; en-US) AppleWebKit\/532.5 (KHTML, like Gecko) Chrome\/4.0.249.89 Safari\/532.5<br>Hac\u00eda mucho tiempo que no entraba en la p\u00e1gina y veo que ha mejorado much\u00edsimo. \u00a1Enhorabuena!para los que se lo curran, que este a\u00f1o se han perdido el cicl\u00f3n y la fiesta de los quintos. Besos<\/p>\n\n\n\n<p>Yo soy aquel\u2026.<br>Enviado el Thursday, 18 de February de 2010 a las 13:10<br>Mozilla\/4.0 (compatible; MSIE 8.0; Windows NT 5.2; Trident\/4.0; .NET CLR 1.1.4322)<br>Saludos a la juventud de Lantadilla siempre un poco diferente y a los pr\u00f3ximos cincuentones que a\u00fan y a pesar de todo se siguen considerando j\u00f3venes y encima de la pe\u00f1a El Puchero algunos de ellos. Enhorqabuena a todos los participantes y a los dise\u00f1adores de la p\u00e1gina.<\/p>\n\n\n\n<p>goyita<br>Enviado el Thursday, 11 de February de 2010 a las 22:03<br>Mozilla\/4.0 (compatible; MSIE 7.0; Windows NT 6.0; GTB6; SLCC1; .NET CLR 2.0.50727; Media Center PC 5.0; InfoPath.1; OfficeLiveConnector.1.3; OfficeLivePatch.1.3; .NET CLR 3.5.30729; .NET CLR 3.0.30729)<br>Dulce,siento lo de tu madre.Dad gracias por lo que habeis disfrutado de ella.Un fuerte abrazo.<\/p>\n\n\n\n<p>Enviado el Tuesday, 09 de February de 2010 a las 13:32<br>Mozilla\/4.0 (compatible; MSIE 7.0; Windows NT 6.0; Trident\/4.0; SLCC1; .NET CLR 2.0.50727; Media Center PC 5.0; .NET CLR 3.5.30729; .NET CLR 3.0.30729)<br>Condolencias a todos los familiares de Rosina Rodr\u00edguez.<\/p>\n\n\n\n<p>Goyita Garc\u00eda G\u00fcezmes<br>Enviado el Sunday, 07 de February de 2010 a las 22:25<br>Mozilla\/4.0 (compatible; MSIE 7.0; Windows NT 6.0; GTB6; SLCC1; .NET CLR 2.0.50727; Media Center PC 5.0; InfoPath.1; OfficeLiveConnector.1.3; OfficeLivePatch.1.3; .NET CLR 3.5.30729; .NET CLR 3.0.30729)<br>Estoy en Sal\u00f3nica (Grecia) que he venido a ver al Chacho, mi hijo,que est\u00e1 de preparador fisico de C\u00faper en el Aris.Me ha gustado mucho todo sobre Lantadilla.Enhorabuena x vuestra p\u00e1gina.un saludo GOYI<\/p>\n\n\n\n<p>lobo<br>Enviado el Sunday, 07 de February de 2010 a las 19:48<br>Mozilla\/4.0 (compatible; MSIE 6.0; Windows NT 5.1; SV1; GTB6; .NET CLR 1.1.4322; .NET CLR 2.0.50727; OfficeLiveConnector.1.3; OfficeLivePatch.0.0; .NET CLR 3.0.4506.2152; .NET CLR 3.5.30729; AskTB5.4)<br>vivo en calle ca\u00f1uelo soi hijo tere julian que tal esta rosina<\/p>\n\n\n\n<p>lobo<br>Enviado el Sunday, 07 de February de 2010 a las 19:48<br>Mozilla\/4.0 (compatible; MSIE 6.0; Windows NT 5.1; SV1; GTB6; .NET CLR 1.1.4322; .NET CLR 2.0.50727; OfficeLiveConnector.1.3; OfficeLivePatch.0.0; .NET CLR 3.0.4506.2152; .NET CLR 3.5.30729; AskTB5.4)<br>vivo en calle ca\u00f1uelo soi hijo tere julian que tal esta rosina<\/p>\n\n\n\n<p>lobo<br>Enviado el Sunday, 07 de February de 2010 a las 19:44<br>Mozilla\/4.0 (compatible; MSIE 6.0; Windows NT 5.1; SV1; GTB6; .NET CLR 1.1.4322; .NET CLR 2.0.50727; OfficeLiveConnector.1.3; OfficeLivePatch.0.0; .NET CLR 3.0.4506.2152; .NET CLR 3.5.30729; AskTB5.4)<br>q<\/p>\n\n\n\n<p>Enviado el Wednesday, 03 de February de 2010 a las 13:14<br>Mozilla\/4.0 (compatible; MSIE 7.0; Windows NT 6.0; Trident\/4.0; SLCC1; .NET CLR 2.0.50727; Media Center PC 5.0; .NET CLR 3.5.30729; .NET CLR 3.0.30729)<br>Anda que no hay Anas por el mundo, lo mas dif\u00edcil es encontrar tu nombre, Martolas, Marta s\u00ed, \u00bfpero Martolas?<\/p>\n\n\n\n<p>Martolasss<br>Enviado el Tuesday, 02 de February de 2010 a las 18:20<br>Mozilla\/4.0 (compatible; MSIE 6.0; Windows NT 5.1)<br>\u00a1La directora de mi cole se llama igual que la alcaldesa de Lantadilla!<\/p>\n","protected":false},"excerpt":{"rendered":"<p>(02\/02\/2010 &#8211; 22\/08\/2010) MartolasssEnviado el Sunday, 22 de August de 2010 a las 14:53Mozilla\/4.0 (compatible; MSIE 7.0; Windows NT 6.1; Trident\/4.0; GTB6.5; SLCC2; .NET CLR 2.0.50727; .NET CLR 3.5.30729; .NET CLR 3.0.30729)\u00a1\u00a1ESOS CAMOTONES!! lantadillensaEnviado el Saturday, 21 de August de 2010 a las 13:51Mozilla\/4.0 (compatible; MSIE 8.0; Windows NT 5.1; Trident\/4.0; GTB0.0; .NET CLR 2.0.50727; [&hellip;]<\/p>\n","protected":false},"author":1,"featured_media":0,"parent":0,"menu_order":0,"comment_status":"closed","ping_status":"closed","template":"","meta":{"footnotes":""},"class_list":["post-381","page","type-page","status-publish","hentry"],"_links":{"self":[{"href":"http:\/\/lantadilla.ddns.net\/lantadilla\/index.php\/wp-json\/wp\/v2\/pages\/381","targetHints":{"allow":["GET"]}}],"collection":[{"href":"http:\/\/lantadilla.ddns.net\/lantadilla\/index.php\/wp-json\/wp\/v2\/pages"}],"about":[{"href":"http:\/\/lantadilla.ddns.net\/lantadilla\/index.php\/wp-json\/wp\/v2\/types\/page"}],"author":[{"embeddable":true,"href":"http:\/\/lantadilla.ddns.net\/lantadilla\/index.php\/wp-json\/wp\/v2\/users\/1"}],"replies":[{"embeddable":true,"href":"http:\/\/lantadilla.ddns.net\/lantadilla\/index.php\/wp-json\/wp\/v2\/comments?post=381"}],"version-history":[{"count":1,"href":"http:\/\/lantadilla.ddns.net\/lantadilla\/index.php\/wp-json\/wp\/v2\/pages\/381\/revisions"}],"predecessor-version":[{"id":383,"href":"http:\/\/lantadilla.ddns.net\/lantadilla\/index.php\/wp-json\/wp\/v2\/pages\/381\/revisions\/383"}],"wp:attachment":[{"href":"http:\/\/lantadilla.ddns.net\/lantadilla\/index.php\/wp-json\/wp\/v2\/media?parent=381"}],"curies":[{"name":"wp","href":"https:\/\/api.w.org\/{rel}","templated":true}]}}