{"id":384,"date":"2024-11-10T17:54:07","date_gmt":"2024-11-10T16:54:07","guid":{"rendered":"http:\/\/lantadilla.ddns.net:82\/lantadilla\/?page_id=384"},"modified":"2024-11-10T17:54:07","modified_gmt":"2024-11-10T16:54:07","slug":"decimosexto-libro-de-visitas","status":"publish","type":"page","link":"http:\/\/lantadilla.ddns.net\/lantadilla\/index.php\/decimosexto-libro-de-visitas\/","title":{"rendered":"Decimosexto libro de visitas"},"content":{"rendered":"\n<p>(20\/09\/2010 &#8211; 23\/03\/2011)<\/p>\n\n\n\n<div style=\"height:50px\" aria-hidden=\"true\" class=\"wp-block-spacer\"><\/div>\n\n\n\n<p>Enviado el Wednesday, 23 de March de 2011 a las 22:43<br>Mozilla\/5.0 (compatible; MSIE 9.0; Windows NT 6.1; Trident\/5.0)<br>Te quiero Mari Carmen , desde Palencia.<\/p>\n\n\n\n<p>Enviado el Sunday, 20 de March de 2011 a las 22:03<br>Mozilla\/5.0 (compatible; MSIE 9.0; Windows NT 6.1; Trident\/5.0)<br>Bien por la Feria de San Jose en Melgar.<br>Bonita Plaza y terraza estupenda del Bar Sol.Gracias Matesanz, nos obsequiastes con tan esquisitas almendras.<\/p>\n\n\n\n<p>Marta!<br>Enviado el Friday, 04 de March de 2011 a las 09:35<br>Mozilla\/4.0 (compatible; MSIE 8.0; Windows NT 5.1; Trident\/4.0; .NET CLR 2.0.50727; .NET CLR 1.1.4322; .NET CLR 3.0.04506.30; .NET CLR 3.0.04506.648; InfoPath.1; .NET CLR 3.0.4506.2152; .NET CLR 3.5.30729)<br>\u00bfy cu\u00e1ntas veces hace falta decirlo?<\/p>\n\n\n\n<p>Enviado el Thursday, 03 de March de 2011 a las 21:40<br>Mozilla\/5.0 (compatible; MSIE 9.0; Windows NT 6.1; Trident\/5.0)<br>Los carnavales de Lantadilla en los a\u00f1os 70 eran los mejores de todo el contorno.<\/p>\n\n\n\n<p>Enviado el Thursday, 03 de March de 2011 a las 21:40<br>Mozilla\/5.0 (compatible; MSIE 9.0; Windows NT 6.1; Trident\/5.0)<br>Los carnavales de Lantadilla en los a\u00f1os 7o eran los mejores de todo el contorno.<\/p>\n\n\n\n<p>Enviado el Thursday, 03 de March de 2011 a las 21:39<br>Mozilla\/5.0 (compatible; MSIE 9.0; Windows NT 6.1; Trident\/5.0)<br>Los carnavales de Lantadilla en los a\u00f1os 7o eran los mejores de todo el contorno.<\/p>\n\n\n\n<p>Enviado el Thursday, 03 de March de 2011 a las 21:39<br>Mozilla\/5.0 (compatible; MSIE 9.0; Windows NT 6.1; Trident\/5.0)<br>Los carnavales de Lantadilla en los a\u00f1os 7o eran los mejores de todo el contorno.<\/p>\n\n\n\n<p>Enviado el Sunday, 13 de February de 2011 a las 21:31<br>Mozilla\/4.0 (compatible; MSIE 8.0; Windows NT 6.1; Trident\/4.0; GTB6.6; SLCC2; .NET CLR 2.0.50727; .NET CLR 3.5.30729; .NET CLR 3.0.30729; Media Center PC 6.0; Tablet PC 2.0; AskTbATU3\/5.8.0.12304)<br>Se comenta que en Marzo, algunos bares van a subir los precios.<br>Creo que el problema de los bares es la falta de clientes.<br>Se van a cargar a los pocos que quedan.<\/p>\n\n\n\n<p>BUENAZA<br>Enviado el Friday, 11 de February de 2011 a las 10:16<br>Mozilla\/4.0 (compatible; MSIE 8.0; Windows NT 5.1; Trident\/4.0)<br>da miedo leerte<\/p>\n\n\n\n<p>MALVADO<br>Enviado el Wednesday, 09 de February de 2011 a las 21:30<br>Mozilla\/4.0 (compatible; MSIE 8.0; Windows NT 6.1; Trident\/4.0; GTB6.6; SLCC2; .NET CLR 2.0.50727; .NET CLR 3.5.30729; .NET CLR 3.0.30729; Media Center PC 6.0; Tablet PC 2.0; AskTbATU3\/5.8.0.12304)<br>QUE DIA SON LOS CARNAVALES EN LANTADILLA<\/p>\n\n\n\n<p>FerPu<br>Enviado el Wednesday, 09 de February de 2011 a las 04:59<br>Mozilla\/4.0 (compatible; MSIE 7.0; Windows NT 5.1; .NET CLR 2.0.50727; .NET CLR 3.0.04506.30; .NET CLR 3.0.4506.2152; .NET CLR 3.5.30729)<br>Buenas. hace mucho que no entraba en el libro de visitas, con esto que en el chat es como algo parecido lo habiamos dejado en el olvido. Ls verdad es que me he echado unas risas. slds<\/p>\n\n\n\n<p>Enviado el Wednesday, 19 de January de 2011 a las 22:45<br>Mozilla\/4.0 (compatible; MSIE 8.0; Windows NT 6.1; Trident\/4.0; GTB6.6; SLCC2; .NET CLR 2.0.50727; .NET CLR 3.5.30729; .NET CLR 3.0.30729; Media Center PC 6.0; Tablet PC 2.0; AskTbATU3\/5.8.0.12304)<br>NECESITO AMA DE CASA, PARA LANTADILLA<\/p>\n\n\n\n<p>Enviado el Thursday, 13 de January de 2011 a las 18:55<br>Mozilla\/5.0 (X11; U; Linux i686; es-ES; rv:1.9.2.10) Gecko\/20100915 Ubuntu\/10.04 (lucid) Firefox\/3.6.10<br>Bueno, a ver si empezamos a poner cosas con m\u00e1s sentido. No digo que el \u00faltimo comentario sea mentira, no. Pero \u00bfA qu\u00e9 ven\u00eda ese comentario?<\/p>\n\n\n\n<p>Enviado el Wednesday, 29 de December de 2010 a las 05:33<br>Mozilla\/4.0 (compatible; MSIE 8.0; Windows NT 6.1; Trident\/4.0; SLCC2; .NET CLR 2.0.50727; .NET CLR 3.5.30729; .NET CLR 3.0.30729; Media Center PC 6.0; .NET4.0C; InfoPath.3)<br>las drogas son malas<\/p>\n\n\n\n<p>San Nicol\u00e1s<br>Enviado el Saturday, 25 de December de 2010 a las 10:48<br>Mozilla\/4.0 (compatible; MSIE 7.0; Windows NT 6.1; Trident\/4.0; GTB6.6; SLCC2; .NET CLR 2.0.50727; .NET CLR 3.5.30729; .NET CLR 3.0.30729)<br>Happy Christmas!!Ho, how, how<\/p>\n\n\n\n<p>San Nicol\u00e1s<br>Enviado el Saturday, 25 de December de 2010 a las 10:48<br>Mozilla\/4.0 (compatible; MSIE 7.0; Windows NT 6.1; Trident\/4.0; GTB6.6; SLCC2; .NET CLR 2.0.50727; .NET CLR 3.5.30729; .NET CLR 3.0.30729)<br>Happy Christmas!!Ho, how, how<\/p>\n\n\n\n<p>holaaaaa<br>Enviado el Wednesday, 08 de December de 2010 a las 10:56<br>Mozilla\/4.0 (compatible; MSIE 8.0; Windows NT 5.1; Trident\/4.0; SIMBAR={92AA0161-C53A-415C-8FA7-1251FE7600F7}; .NET CLR 2.0.50727; .NET CLR 1.1.4322; .NET CLR 3.0.4506.2152; .NET CLR 3.5.30729; InfoPath.1)<br>Weno, nosekien dijo ke escribi\u00e9semos en el libro de visitas. \u00bfY ke kieres ke escribamos?\u2026 \u00a1Komo llovi\u00f3 este puente! Jp, estar encerrados en casa\u2026 ke royo\u2026<\/p>\n\n\n\n<p>Esperanza<br>Enviado el Friday, 26 de November de 2010 a las 14:34 Mozilla\/4.0 (compatible; MSIE 8.0; Windows NT 6.0; Trident\/4.0; SLCC1; .NET CLR 2.0.50727; .NET CLR 3.5.30729; .NET CLR 3.0.30729; OfficeLiveConnector.1.5; OfficeLivePatch.1.3; .NET4.0C)<br>Esta p\u00e1gina es lo m\u00e1s de lo m\u00e1s, me gustar\u00eda poder ir a ver Lantadilla\u2026<\/p>\n\n\n\n<p>Esperanza<br>Enviado el Friday, 26 de November de 2010 a las 14:34<br>Mozilla\/4.0 (compatible; MSIE 8.0; Windows NT 6.0; Trident\/4.0; SLCC1; .NET CLR 2.0.50727; .NET CLR 3.5.30729; .NET CLR 3.0.30729; OfficeLiveConnector.1.5; OfficeLivePatch.1.3; .NET4.0C)<br>Esta p\u00e1gina es lo m\u00e1s de lo m\u00e1s, me gustar\u00eda poder ir a ver Lantadilla\u2026<\/p>\n\n\n\n<p>Enviado el Tuesday, 23 de November de 2010 a las 21:35<br>Mozilla\/4.0 (compatible; MSIE 8.0; Windows NT 6.1; Trident\/4.0; GTB6.6; SLCC2; .NET CLR 2.0.50727; .NET CLR 3.5.30729; .NET CLR 3.0.30729; Media Center PC 6.0; Tablet PC 2.0; AskTbATU3\/5.8.0.12304)<br>El jueves Santa Catalina la nieve en la cocina. Viene una ola de frio<\/p>\n\n\n\n<p>Enviado el Thursday, 11 de November de 2010 a las 22:12<br>Mozilla\/4.0 (compatible; MSIE 8.0; Windows NT 6.1; Trident\/4.0; GTB6.6; SLCC2; .NET CLR 2.0.50727; .NET CLR 3.5.30729; .NET CLR 3.0.30729; Media Center PC 6.0; Tablet PC 2.0; AskTbATU3\/5.8.0.12304)<br>Mari-desde Palencia, te quiero\u2026 esta claro. disculpen<\/p>\n\n\n\n<p>Enviado el Monday, 08 de November de 2010 a las 10:09<br>Mozilla\/4.0 (compatible; MSIE 8.0; Windows NT 5.1; Trident\/4.0)<br>\u00bfPero qu\u00e9 narices quiere decir mari-palencia te?<\/p>\n\n\n\n<p>Enviado el Sunday, 07 de November de 2010 a las 22:30<br>Mozilla\/4.0 (compatible; MSIE 8.0; Windows NT 6.1; Trident\/4.0; GTB6.6; SLCC2; .NET CLR 2.0.50727; .NET CLR 3.5.30729; .NET CLR 3.0.30729; Media Center PC 6.0; Tablet PC 2.0; AskTbATU3\/5.8.0.12304)<br>mari-palencia te<\/p>\n\n\n\n<p>Martolasss<br>Enviado el Friday, 22 de October de 2010 a las 09:29<br>Mozilla\/4.0 (compatible; MSIE 8.0; Windows NT 5.1; Trident\/4.0; .NET CLR 2.0.50727; .NET CLR 1.1.4322; .NET CLR 3.0.04506.30; .NET CLR 3.0.04506.648; InfoPath.1; .NET CLR 3.0.4506.2152; .NET CLR 3.5.30729)<br>\u2026 So\u00f1\u00e9 que estaba en Lantadilla y\u2026<\/p>\n\n\n\n<p>Christian Sue<br>Enviado el Sunday, 17 de October de 2010 a las 09:00<br>Mozilla\/5.0 (Windows; U; Windows NT 6.1; th; rv:1.9.2.10) Gecko\/20100914 Firefox\/3.6.10<br>Pues de esos hombres como Sierra el de Osorno, necesit\u00e1bamos una docena en Lantadilla, para sacarla de la posible extinci\u00f3n en un futuro no muy lejano. Creo que en el Ayuntamiento. Yo no he tenido que hacer uso de la misma, pero s\u00e9 que haber hay, tampoco te puedo informar de la hora.<\/p>\n\n\n\n<p>que te impotrta<br>Enviado el Friday, 15 de October de 2010 a las 18:23<br>Mozilla\/4.0 (compatible; MSIE 7.0; Windows NT 6.1; Trident\/4.0; GTB6.5; SLCC2; .NET CLR 2.0.50727; .NET CLR 3.5.30729; .NET CLR 3.0.30729)<br>me parece una p\u00e1gina mu chula<\/p>\n\n\n\n<p>Bab\u00fa\u2026<br>Enviado el Friday, 15 de October de 2010 a las 09:25<br>Mozilla\/4.0 (compatible; MSIE 8.0; Windows NT 5.1; Trident\/4.0; .NET CLR 2.0.50727; .NET CLR 1.1.4322; .NET CLR 3.0.04506.30; .NET CLR 3.0.04506.648; InfoPath.1; .NET CLR 3.0.4506.2152; .NET CLR 3.5.30729)<br>Hola a todos!! Acabo de descubrir esta p\u00e1gina, y me encanta.<\/p>\n\n\n\n<p>ROSA GALLEGO BARCENILLA<br>Enviado el Friday, 08 de October de 2010 a las 19:12<br>Mozilla\/5.0 (Windows; U; Windows NT 6.0; en-US) AppleWebKit\/534.3 (KHTML, like Gecko) Chrome\/6.0.472.63 Safari\/534.3<br>Hola soy de Villaprovedo,pero mi madre es de Lantadilla y acaba de fallecer,pero no se si ten\u00eda alg\u00fan familiar por ahi,se que a vaces llamaba a alguien.Se llamaba Ledu Barcenilla.<br>un saludo para todos<\/p>\n\n\n\n<p>Enviado el Monday, 20 de September de 2010 a las 22:41<br>Mozilla\/4.0 (compatible; MSIE 7.0; Windows NT 6.0; Trident\/4.0; SLCC1; .NET CLR 2.0.50727; Media Center PC 5.0; .NET CLR 3.5.30729; .NET CLR 3.0.30729)<br>Creo que en el Ayuntamiento. Yo no he tenido que hacer uso de la misma, pero s\u00e9 que haber hay, tampoco te puedo informar de la hora.<\/p>\n\n\n\n<p>Enviado el Monday, 20 de September de 2010 a las 22:26<br>Mozilla\/4.0 (compatible; MSIE 8.0; Windows NT 6.1; Trident\/4.0; GTB6.5; SLCC2; .NET CLR 2.0.50727; .NET CLR 3.5.30729; .NET CLR 3.0.30729; Media Center PC 6.0; Tablet PC 2.0; AskTbATU3\/5.8.0.12304)<br>Donde esta la sala de internet en Lantadilla, gracias<\/p>\n","protected":false},"excerpt":{"rendered":"<p>(20\/09\/2010 &#8211; 23\/03\/2011) Enviado el Wednesday, 23 de March de 2011 a las 22:43Mozilla\/5.0 (compatible; MSIE 9.0; Windows NT 6.1; Trident\/5.0)Te quiero Mari Carmen , desde Palencia. Enviado el Sunday, 20 de March de 2011 a las 22:03Mozilla\/5.0 (compatible; MSIE 9.0; Windows NT 6.1; Trident\/5.0)Bien por la Feria de San Jose en Melgar.Bonita Plaza y [&hellip;]<\/p>\n","protected":false},"author":1,"featured_media":0,"parent":0,"menu_order":0,"comment_status":"closed","ping_status":"closed","template":"","meta":{"footnotes":""},"class_list":["post-384","page","type-page","status-publish","hentry"],"_links":{"self":[{"href":"http:\/\/lantadilla.ddns.net\/lantadilla\/index.php\/wp-json\/wp\/v2\/pages\/384","targetHints":{"allow":["GET"]}}],"collection":[{"href":"http:\/\/lantadilla.ddns.net\/lantadilla\/index.php\/wp-json\/wp\/v2\/pages"}],"about":[{"href":"http:\/\/lantadilla.ddns.net\/lantadilla\/index.php\/wp-json\/wp\/v2\/types\/page"}],"author":[{"embeddable":true,"href":"http:\/\/lantadilla.ddns.net\/lantadilla\/index.php\/wp-json\/wp\/v2\/users\/1"}],"replies":[{"embeddable":true,"href":"http:\/\/lantadilla.ddns.net\/lantadilla\/index.php\/wp-json\/wp\/v2\/comments?post=384"}],"version-history":[{"count":1,"href":"http:\/\/lantadilla.ddns.net\/lantadilla\/index.php\/wp-json\/wp\/v2\/pages\/384\/revisions"}],"predecessor-version":[{"id":386,"href":"http:\/\/lantadilla.ddns.net\/lantadilla\/index.php\/wp-json\/wp\/v2\/pages\/384\/revisions\/386"}],"wp:attachment":[{"href":"http:\/\/lantadilla.ddns.net\/lantadilla\/index.php\/wp-json\/wp\/v2\/media?parent=384"}],"curies":[{"name":"wp","href":"https:\/\/api.w.org\/{rel}","templated":true}]}}