{"id":387,"date":"2024-11-10T18:05:54","date_gmt":"2024-11-10T17:05:54","guid":{"rendered":"http:\/\/lantadilla.ddns.net:82\/lantadilla\/?page_id=387"},"modified":"2024-11-10T18:05:54","modified_gmt":"2024-11-10T17:05:54","slug":"decimoseptimo-libro-de-visitas","status":"publish","type":"page","link":"http:\/\/lantadilla.ddns.net\/lantadilla\/index.php\/decimoseptimo-libro-de-visitas\/","title":{"rendered":"Decimos\u00e9ptimo libro de visitas"},"content":{"rendered":"\n<p>(07\/04\/2011 &#8211; 02\/11\/2016)<\/p>\n\n\n\n<div style=\"height:50px\" aria-hidden=\"true\" class=\"wp-block-spacer\"><\/div>\n\n\n\n<p>yo<br>Enviado el Wednesday, 02 de November de 2016 a las 19:58<br>Mozilla\/5.0 (Windows NT 6.1; WOW64; Trident\/7.0; rv:11.0) like Gecko<br>bonito pueblo , bonita gente, acogedora y alegre<\/p>\n\n\n\n<p>lantadillense<br>Enviado el Thursday, 26 de November de 2015 a las 23:22<br>Mozilla\/5.0 (Windows NT 6.1) AppleWebKit\/537.36 (KHTML, like Gecko) Chrome\/46.0.2490.86 Safari\/537.36<br>PETICIONES AL NUEVO ALCALDE<br>UNA WEBCAM EN LA PLAZA<br>PONER LAS ESQUELAS EN EL PORTAL PARA LOS QUE ESTAMOS FUERA<br>WIFI, EN LA PLAZA MAYOR.<br>BAJADA DE IMPUESTOS.<br>POLITICAS DE EMPLEO<br>MUY BIEN ana ENHORABUENA<br>ETC.<br>VENGA ANA QUE ALGUNAS NO CUESTAN NADA<\/p>\n\n\n\n<p>Rosa Vera Garcia<br>Enviado el Thursday, 27 de December de 2012 a las 09:28<br>Mozilla\/4.0 (compatible; MSIE 7.0; Windows NT 6.0; Trident\/5.0; SLCC1; .NET CLR 2.0.50727; .NET CLR 3.5.30729; .NET CLR 3.0.30729; InfoPath.1; .NET4.0C)<br>Enhorabuena por la web, es realmente sorprendente, os animo a que sigais por esa liena.<\/p>\n\n\n\n<p>Pablo Neruda<br>Enviado el Saturday, 28 de April de 2012 a las 18:38<br>Mozilla\/5.0 (Windows NT 6.1) AppleWebKit\/535.19 (KHTML, like Gecko) Chrome\/18.0.1025.162 Safari\/535.19<br>Quiero hacer contigo, lo que la primavera con el ciruelo.<\/p>\n\n\n\n<p>yo<br>Enviado el Thursday, 08 de March de 2012 a las 08:44<br>Mozilla\/5.0 (Windows NT 5.1; rv:10.0.2) Gecko\/20100101 Firefox\/10.0.2<br>Molaaaa<\/p>\n\n\n\n<p>Enviado el Wednesday, 15 de February de 2012 a las 22:10<br>Mozilla\/5.0 (compatible; MSIE 9.0; Windows NT 6.1; Trident\/5.0)<br>Aquellos carnavales de Lantadilla\u2026\u2026.<\/p>\n\n\n\n<p>Enviado el Sunday, 12 de February de 2012 a las 22:14 Mozilla\/5.0 (compatible; MSIE 9.0; Windows NT 6.1; Trident\/5.0)<br>DESDE PALENCIA, MARI CARMEN TE QUIERO<\/p>\n\n\n\n<p>Marta<br>Enviado el Saturday, 24 de December de 2011 a las 20:59<br>Mozilla\/5.0 (Windows NT 6.1; WOW64) AppleWebKit\/535.7 (KHTML, like Gecko) Chrome\/16.0.912.63 Safari\/535.7<br>Feliz Navidad!!!<\/p>\n\n\n\n<p>dente<br>Enviado el Tuesday, 22 de November de 2011 a las 21:00<br>Mozilla\/5.0 (Windows NT 5.1) AppleWebKit\/535.2 (KHTML, like Gecko) Chrome\/15.0.874.121 Safari\/535.2<br>Yo prefiero la home page antigua,era m\u00e1s bonita<\/p>\n\n\n\n<p>Amanda<br>Enviado el Tuesday, 22 de November de 2011 a las 20:59<br>Mozilla\/5.0 (Windows NT 5.1) AppleWebKit\/535.2 (KHTML, like Gecko) Chrome\/15.0.874.121 Safari\/535.2<br>La cosa se pone interesante \ud83d\ude42<\/p>\n\n\n\n<p>Javier Lopez<br>Enviado el Tuesday, 22 de November de 2011 a las 20:57<br>Mozilla\/5.0 (Windows NT 5.1) AppleWebKit\/535.2 (KHTML, like Gecko) Chrome\/15.0.874.121 Safari\/535.2<br>Interesante y ameno, felicidades !!!!<br>Saludos<\/p>\n\n\n\n<p>maria<br>Enviado el Saturday, 19 de November de 2011 a las 20:40<br>Mozilla\/5.0 (Windows; U; Windows NT 5.1; de; rv:1.8.1.20) Gecko\/20081217 Firefox\/2.0.0.20 (.NET CLR 3.5.30729)<br>Me gusta mucho este sitio esta muy ameno y interesante<br>Maria<\/p>\n\n\n\n<p>rosa maria perez<br>Enviado el Thursday, 22 de September de 2011 a las 14:27<br>Mozilla\/5.0 (Windows NT 6.0) AppleWebKit\/535.1 (KHTML, like Gecko) Chrome\/14.0.835.186 Safari\/535.1<br>hola a todos tengo familia en lantadilla soy nieta de felipa hija de felix hace muchos a\u00f1os que no voy por lantadilla mis mejores a\u00f1os he visto fotos y la verdad es que esta precioso si alguien me reconoce encantada y besos para todos<\/p>\n\n\n\n<p>Enviado el Monday, 22 de August de 2011 a las 21:30<br>Mozilla\/5.0 (compatible; MSIE 9.0; Windows NT 6.1; Trident\/5.0)<br>Te quiero Mari Carmen , desde Palencia<\/p>\n\n\n\n<p>carmen g.<br>Enviado el Wednesday, 17 de August de 2011 a las 09:33<br>Mozilla\/4.0 (compatible; MSIE 8.0; Windows NT 5.1; Trident\/4.0; GTB7.1; .NET CLR 2.0.50727; .NET CLR 1.1.4322; .NET CLR 3.0.4506.2152; .NET CLR 3.5.30729)<br>ME HA ENCANTADO.ESTARIA BIEN DISPONER DE MAS FOTOS.MUCHAS GRACIAS.SALUDOS AL CO\u00d1O DE LA BERNARDA.<\/p>\n\n\n\n<p>Programa de Fiestas<br>Enviado el Wednesday, 10 de August de 2011 a las 15:16<br>Mozilla\/5.0 (Windows NT 6.1) AppleWebKit\/535.1 (KHTML, like Gecko) Chrome\/13.0.782.112 Safari\/535.1<br>MI\u00c9RCOLES, d\u00eda 17:<br>12:00. Misa en honor a los mayores del pueblo.<br>18:00. Juegos infantiles en el polideportivo con la participaci\u00f3n de la pe\u00f1a The Camotones.<br>19:30. Homenaje y obsequio a los mayores con la actuaci\u00f3n de un rabelista.<br>21:30. Aperitivo y vino en la plaza Mayor.<br>22:30. Discoteca para continuar la fiesta.<\/p>\n\n\n\n<h2 class=\"wp-block-heading\">01:00. Suelta del \u00faltimo toro de fuego de las fiestas.<\/h2>\n\n\n\n<p>MARTES, d\u00eda 16:<br>08:00. Pasacalles y dianas con aperitivo.<br>12:00. Procesi\u00f3n y misa en la ermita de San Roque.<br>13:30. Juegos populares en el Vallejo.<br>18:00. Fiesta de la espuma en el polideportivo.<br>19:30. Ghynkana en la avenida Pisuerga organizada por la pe\u00f1a Resa-k.<br>00:00. Verbena amenizada por la orquesta Cadillac.<\/p>\n\n\n\n<h2 class=\"wp-block-heading\">01:00. Suelta de un toro de fuego.<\/h2>\n\n\n\n<p>LUNES, d\u00eda 15:<br>08:00. Pasacalles y dianas con aperitivo ofrecido por las reinas de las fiestas.<br>12:00. Procesi\u00f3n y misa en la parroquia Virgen de la Asunci\u00f3n.<br>13:30. Desfile y concurso de carrozas.<br>17:00. Parque infantil en el polideportivo.<br>01:00. Toro de fuego y noche amenizada por la orquesta Ruta 66.<br>04:30. Chocolate para todos con la pe\u00f1a Vicio y Juego.S\u00c1BADO, d\u00eda 13:<br>10:30. Final de tenis y frontenis.<br>18:00. Final de juegos de mesa.<br>19:00. Final de futbito infantil.<br>20:00. Final de futbito femenino.<\/p>\n\n\n\n<h2 class=\"wp-block-heading\">00:30. Primera verbena de las fiestas a cargo de La Trama.<\/h2>\n\n\n\n<p>DOMINGO, d\u00eda 14:<br>12:00. Triatl\u00f3n infantil.<br>17:00. IV Triatl\u00f3n de cross Villa Lantada para mayores.<br>20:00. Final futbito de adultos.<br>23:00. Concentraci\u00f3n de pe\u00f1as en la fuente de La Cernada.<br>23:30. Proclamaci\u00f3n de las reinas, preg\u00f3n y entrega de premios a los ganadores de las co<\/p>\n\n\n\n<p>Bel\u00e9n<br>Enviado el Monday, 08 de August de 2011 a las 21:40<br>Mozilla\/5.0 (Windows NT 6.0) AppleWebKit\/535.1 (KHTML, like Gecko) Chrome\/13.0.782.107 Safari\/535.1<br>Feli \u00bfvienes de acampada? jajajajajajajaja<\/p>\n\n\n\n<p>Feli<br>Enviado el Wednesday, 27 de July de 2011 a las 09:52<br>Mozilla\/5.0 (compatible; MSIE 9.0; Windows NT 6.0; Trident\/5.0)<br>Hola a tod@s, os podeis creer que para un a\u00f1o desde hace ni se cuantos, me coinciden las vacaciones con las fiestas y no podre ir por no tener donde alojarme? si sabeis de alguna casita o piso en alquiler, porfa poneros en contacto avisadme\u2026\u2026\u2026\u2026..espero impaciente\u2026\u2026\u2026.. saludos<\/p>\n\n\n\n<p>Enviado el Sunday, 17 de July de 2011 a las 17:16<br>Mozilla\/4.0 (compatible; MSIE 8.0; Windows NT 6.0; Trident\/4.0; SLCC1; .NET CLR 2.0.50727; Media Center PC 5.0; .NET CLR 3.5.30729; .NET4.0C; .NET CLR 3.0.30729; InfoPath.3)<br>muy buena pagina, lastima que las fotos que colgais no se puedan bajar, haber si lo poneis, por favor<\/p>\n\n\n\n<p>enamorada<br>Enviado el Wednesday, 25 de May de 2011 a las 23:28<br>Mozilla\/5.0 (Windows NT 5.1) AppleWebKit\/534.24 (KHTML, like Gecko) Chrome\/11.0.696.65 Safari\/534.24<br>LAS ELECCIONES EN LANTADILLA DEL 22 DE MAYO HAN SALIDO 4 CONCEJALES DEL PP Y TRES DEL PSOE , QUE EL BUEN ROLLO LLEGUE AL AYUNTAMIENTO<\/p>\n\n\n\n<p>SENTIMENTAL<br>Enviado el Thursday, 07 de April de 2011 a las 21:46<br>Mozilla\/5.0 (compatible; MSIE 9.0; Windows NT 6.1; Trident\/5.0)<br>RODRIGO EL POTRO, COMO OLVIDARLA, BUSCALA EN YOU TUBE<\/p>\n","protected":false},"excerpt":{"rendered":"<p>(07\/04\/2011 &#8211; 02\/11\/2016) yoEnviado el Wednesday, 02 de November de 2016 a las 19:58Mozilla\/5.0 (Windows NT 6.1; WOW64; Trident\/7.0; rv:11.0) like Geckobonito pueblo , bonita gente, acogedora y alegre lantadillenseEnviado el Thursday, 26 de November de 2015 a las 23:22Mozilla\/5.0 (Windows NT 6.1) AppleWebKit\/537.36 (KHTML, like Gecko) Chrome\/46.0.2490.86 Safari\/537.36PETICIONES AL NUEVO ALCALDEUNA WEBCAM EN LA [&hellip;]<\/p>\n","protected":false},"author":1,"featured_media":0,"parent":0,"menu_order":0,"comment_status":"closed","ping_status":"closed","template":"","meta":{"footnotes":""},"class_list":["post-387","page","type-page","status-publish","hentry"],"_links":{"self":[{"href":"http:\/\/lantadilla.ddns.net\/lantadilla\/index.php\/wp-json\/wp\/v2\/pages\/387","targetHints":{"allow":["GET"]}}],"collection":[{"href":"http:\/\/lantadilla.ddns.net\/lantadilla\/index.php\/wp-json\/wp\/v2\/pages"}],"about":[{"href":"http:\/\/lantadilla.ddns.net\/lantadilla\/index.php\/wp-json\/wp\/v2\/types\/page"}],"author":[{"embeddable":true,"href":"http:\/\/lantadilla.ddns.net\/lantadilla\/index.php\/wp-json\/wp\/v2\/users\/1"}],"replies":[{"embeddable":true,"href":"http:\/\/lantadilla.ddns.net\/lantadilla\/index.php\/wp-json\/wp\/v2\/comments?post=387"}],"version-history":[{"count":1,"href":"http:\/\/lantadilla.ddns.net\/lantadilla\/index.php\/wp-json\/wp\/v2\/pages\/387\/revisions"}],"predecessor-version":[{"id":389,"href":"http:\/\/lantadilla.ddns.net\/lantadilla\/index.php\/wp-json\/wp\/v2\/pages\/387\/revisions\/389"}],"wp:attachment":[{"href":"http:\/\/lantadilla.ddns.net\/lantadilla\/index.php\/wp-json\/wp\/v2\/media?parent=387"}],"curies":[{"name":"wp","href":"https:\/\/api.w.org\/{rel}","templated":true}]}}