{"id":50,"date":"2024-10-25T23:38:26","date_gmt":"2024-10-25T21:38:26","guid":{"rendered":"http:\/\/lantadilla.ddns.net:82\/lantadilla\/?page_id=50"},"modified":"2025-12-28T17:07:33","modified_gmt":"2025-12-28T16:07:33","slug":"hoy","status":"publish","type":"page","link":"http:\/\/lantadilla.ddns.net\/lantadilla\/index.php\/hoy\/","title":{"rendered":"Lantadilla hoy"},"content":{"rendered":"\n<p>Lantadilla pertenece a la provincia de Palencia, y est\u00e1 situada en su centro y su l\u00edmite Este, haciendo el r\u00edo Pisuerga de frontera natural con la provincia de Burgos. Supone tambi\u00e9n el l\u00edmite Este de la extensi\u00f3n conocida como \u00abTierra de Campos\u00bb, en pleno centro de Castilla.<\/p>\n\n\n\n<p>La superficie total de su t\u00e9rmino municipal es de 29,21 kil\u00f3metros cuadrados, y limita al Norte con el de Osornillo, al Sur con el de Itero de la Vega, al Oeste con los de Marcilla de Campos y Caba\u00f1as de Castilla, y al Este con los de Palacios de Riopisuerga y Arenillas de Riopisuerga, ambos pertenecientes ya a la provincia de Burgos. En las siguientes im\u00e1genes vemos la localizaci\u00f3n geogr\u00e1fica de Lantadilla:<\/p>\n\n\n\n<figure class=\"wp-block-image size-large is-resized\"><img decoding=\"async\" src=\"http:\/\/lantadilla.ddns.net\/lantadilla\/wp-content\/uploads\/2025\/12\/mapa-fle.jpg\" alt=\"Localizaci\u00f3n de Lantadilla\" style=\"width:663px;height:auto\"\/><\/figure>\n\n\n\n<div style=\"height:30px\" aria-hidden=\"true\" class=\"wp-block-spacer\"><\/div>\n\n\n\n<figure class=\"wp-block-image size-large is-resized\"><img decoding=\"async\" src=\"http:\/\/lantadilla.ddns.net\/lantadilla\/wp-content\/uploads\/2025\/12\/pueblo.jpg\" alt=\"Relieve de la zona\" style=\"width:663px;height:auto\"\/><\/figure>\n\n\n\n<p>Lantadilla est\u00e1 en el cruce de las carreteras que van de Astudillo a Osorno y de Fr\u00f3mista a Melgar de Fernamental. Muy cerca del nucleo urbano, y dentro del t\u00e9rmino municipal, pasa el Camino de Santiago. Palencia, la capital, est\u00e1 a unos 50 Kil\u00f3metros del pueblo, y Burgos a unos 60.<\/p>\n\n\n\n<p>El municipio est\u00e1 en una llanura con leves ondulaciones cuya pendiente es menor del 3%. Su altitud es de 791 metros, tomando como referencia al r\u00edo Pisuerga, el cual atraviesa el municipio de Norte a Sur en su parte oriental. De la misma manera, el Canal del Castilla lo atraviesa tambi\u00e9n de Norte a Sur, pero en su parte occidental, mientras que el de Pisuerga lo hace de del Nordeste al Suroeste. Por \u00faltimo, el r\u00edo Vallarna, de cauce escaso, atraviesa el municipio de Noroeste a Sureste. Es un paraje t\u00edpicamente castellano, como se puede apreciar:<\/p>\n\n\n\n<figure class=\"wp-block-image size-large is-resized\"><img decoding=\"async\" src=\"http:\/\/lantadilla.ddns.net\/lantadilla\/wp-content\/uploads\/2025\/12\/bicis.jpg\" alt=\"Paisaje castellano\" style=\"width:663px;height:auto\"\/><\/figure>\n\n\n\n<p>El n\u00facleo urbano abarca una superficie de unas 26 hect\u00e1reas, y su estructura se basa en casas, generalmente pegadas pared con pared, y que forman manzanas que dan lugar a calles de trazado b\u00e1sicamente irregular. S\u00ed se pueden distinguir una serie de calles principales, como son la Calle Real, La Calle del Arco, la Avenida del Pisuerga, la Avenida de Palencia, la Avenida de Burgos y la Calle de Santa Mar\u00eda. En el centro del pueblo est\u00e1 su Plaza Mayor.<\/p>\n\n\n\n<figure class=\"wp-block-image size-large is-resized\"><img decoding=\"async\" src=\"http:\/\/lantadilla.ddns.net\/lantadilla\/wp-content\/uploads\/2025\/12\/rvaerea.jpg\" alt=\"Vista a\u00e9rea del pueblo\" style=\"width:663px;height:auto\"\/><\/figure>\n\n\n\n<p>En el pueblo hay 341 viviendas, 241 de las cuales son primera vivienda, 69 de ocupaci\u00f3n temporal y 4 est\u00e1n desocupadas. La mayor\u00eda de ellas son de dos plantas, en la inferior de las cuales suele estar la cocina, el ba\u00f1o, el sal\u00f3n y alg\u00fan dormitorio, mientras que en la superior suelen estar dormitorios y otras habitaciones. Hay dos bloques de viviendas, uno de promoci\u00f3n privada y otro promocionado por la junta de Castilla y Le\u00f3n. La calidad de las viviendas en cuanto a habitabilidad es bastante buena.<\/p>\n\n\n\n<p>Refiri\u00e9ndonos al clima de Lantadilla, es el t\u00edpico de la Meseta, es decir, inviernos muy fr\u00edos y veranos c\u00e1lidos. La temperatura media a lo largo del a\u00f1o es de 11 grados, siendo de 3 en el mes m\u00e1s fr\u00edo y de 20 en el m\u00e1s c\u00e1lido. Los meses en los que suele haber heladas son 8 \u00f3 9. Tambi\u00e9n es t\u00edpico de Lantadilla \u00abel cierzo\u00bb, es decir, la brisa fr\u00eda procedente del Norte que aparece a \u00faltima hora de las tardes de verano.<\/p>\n\n\n\n<p>Analizando la evoluci\u00f3n de la poblaci\u00f3n en Lantadilla se puede apreciar que hasta el a\u00f1o 1950 sigui\u00f3 una t\u00f3nica creciente, s\u00f3lo frenada por dos acontecimientos, como son la epidemia de gripe de 1918 y la guerra civil y sus consecuencias. Sin embargo, a partir de este a\u00f1o y hasta nuestros d\u00edas, esta evoluci\u00f3n se ha invertido. Con una tasa emigratoria anual negativa del 10,92%, y una tasa de crecimiento tambi\u00e9n negativa del 2,13%, se ha llegado a que la poblaci\u00f3n actual se ha reducido casi a la mitad, lleg\u00e1ndose a los 650 habitantes aproxim\u00e1damente, cuando la poblaci\u00f3n m\u00e1xima del pueblo fue de casi 1200 habitantes en 1950. La tasa de decrecimiento real es del 21,32%. El problema no es s\u00f3lo que cada vez haya menos j\u00f3venes en el pueblo, sino que adem\u00e1s se cierra as\u00ed la puerta a un crecimiento futuro.<\/p>\n\n\n<div class=\"wp-block-image\">\n<figure class=\"aligncenter size-large is-resized\"><img decoding=\"async\" src=\"http:\/\/lantadilla.ddns.net\/lantadilla\/wp-content\/uploads\/2025\/12\/rtiptra2.jpg\" alt=\"T\u00edpico tractor\" style=\"aspect-ratio:1.717616580310881;width:428px;height:auto\"\/><\/figure>\n<\/div>\n\n\n<p>La ocupaci\u00f3n principal de la poblaci\u00f3n de Lantadilla es la tarea agr\u00edcola, sobre todo dedicada al cereal, y en los \u00faltimos a\u00f1os a la remolacha. Gracias a la compaginaci\u00f3n del regad\u00edo y del secano, y al \u00e9xodo rural de parte de la poblaci\u00f3n, se ha logrado intensificar la explotaci\u00f3n agraria, y por lo tanto la rentabilidad de los cultivos. Dentro de la reducida actividad industrial se pueden destacar la f\u00e1brica de orujo de Gonqui, bastante floreciente y dedicada a la exportaci\u00f3n; una empresa de fabricaci\u00f3n de quesos, la de Manolo Matilla;&nbsp;; una granja de pollos;&nbsp;y una gravera, la de Pedro, que pica piedra. Por \u00faltimo, dentro del sector servicios o actividad terciaria distinguimos tiendas de alimentaci\u00f3n, establecimientos hosteleros, banco, escuela, peluquer\u00edas, centro sanitario, farmacia, veterinario, correos, estanco, transporte, etc&#8230;<\/p>\n\n\n\n<p>En la siguiente superposici\u00f3n de fotograf\u00edas se puede ver una vista panor\u00e1mica del pueblo tomada desde el campanario de la iglesia. En ella se muestra un giro de 180\u00ba, desde el Sur hasta el Norte, abarcando todo lo que es el pueblo, ya que la iglesia est\u00e1 en el l\u00edmite Este de Lantadilla, dejando el r\u00edo a la espada.<\/p>\n\n\n\n<figure class=\"wp-block-image size-large\"><img decoding=\"async\" src=\"http:\/\/lantadilla.ddns.net\/lantadilla\/wp-content\/uploads\/2025\/12\/vistagen-1024x164.jpg\" alt=\"Vista panor\u00e1mica\"\/><\/figure>\n\n\n\n<p>En cuanto al nivel de vida de Lantadilla, es el normal de Castilla y Le\u00f3n, es decir, un nivel medio, pero con mayores comodidades cada vez. Esto se refleja en el gran n\u00famero de viviendas que han sido reformadas en los \u00faltimos a\u00f1os, en el gran n\u00famero de tel\u00e9fonos que hay, de coches, de electrodom\u00e9sticos en las viviendas, etc&#8230; Poniendo dos ejemplos, en los \u00faltimos 20 a\u00f1os se han construido 81 viviendas, 29 almacenes y 15 naves; en cuanto al n\u00famero de tel\u00e9fonos por habitante, Lantadilla es uno de los primeros municipios de Palencia, si no el primero; y el n\u00famero de habitantes por coche, es de 4,7. Hay un servicio diario de autobuses que comunica Lantadilla con Palencia y Burgos. Y por supuesto, hay un metro con 5 l\u00edneas que comunican todo el municipio, como se puede ver en montones de camisetas que circulan por el mundo:<\/p>\n\n\n<div class=\"wp-block-image\">\n<figure class=\"aligncenter size-large is-resized\"><img decoding=\"async\" src=\"http:\/\/lantadilla.ddns.net\/lantadilla\/wp-content\/uploads\/2025\/12\/metro-tx.gif\" alt=\"Plano de metro\" style=\"aspect-ratio:1.2172466221061993;width:406px;height:auto\"\/><\/figure>\n<\/div>\n\n<div class=\"wp-block-image\">\n<figure class=\"aligncenter is-resized\"><img decoding=\"async\" src=\"http:\/\/lantadilla.ddns.net\/lantadilla\/FOTOS\/metro-tx.gif\" alt=\"Plano de metro\" style=\"width:478px;height:auto\"\/><\/figure>\n<\/div>\n\n\n<p>El pueblo cuenta desde 1987 con un polideportivo nuevo, situado junto a las escuelas, que incluye varias canchas y un front\u00f3n. Tambi\u00e9n tiene, desde principios de los 90 y junto al polideportivo, wna piscina p\u00fablica que abre durante los meses de Julio y Agosto. Tambi\u00e9n existen 5 bares durante todo el a\u00f1o, al que se a\u00f1ade el de la piscina mientras \u00e9sta est\u00e1 abierta. En los fines de semana la gente joven sale por otras localidades cercanas, como Melgar de Fernamental, Carri\u00f3n de los Condes, Salda\u00f1a, Palencia, Burgos&#8230;<\/p>\n","protected":false},"excerpt":{"rendered":"<p>Lantadilla pertenece a la provincia de Palencia, y est\u00e1 situada en su centro y su l\u00edmite Este, haciendo el r\u00edo Pisuerga de frontera natural con la provincia de Burgos. Supone tambi\u00e9n el l\u00edmite Este de la extensi\u00f3n conocida como \u00abTierra de Campos\u00bb, en pleno centro de Castilla. La superficie total de su t\u00e9rmino municipal es [&hellip;]<\/p>\n","protected":false},"author":1,"featured_media":0,"parent":0,"menu_order":3,"comment_status":"closed","ping_status":"closed","template":"","meta":{"footnotes":""},"class_list":["post-50","page","type-page","status-publish","hentry"],"_links":{"self":[{"href":"http:\/\/lantadilla.ddns.net\/lantadilla\/index.php\/wp-json\/wp\/v2\/pages\/50","targetHints":{"allow":["GET"]}}],"collection":[{"href":"http:\/\/lantadilla.ddns.net\/lantadilla\/index.php\/wp-json\/wp\/v2\/pages"}],"about":[{"href":"http:\/\/lantadilla.ddns.net\/lantadilla\/index.php\/wp-json\/wp\/v2\/types\/page"}],"author":[{"embeddable":true,"href":"http:\/\/lantadilla.ddns.net\/lantadilla\/index.php\/wp-json\/wp\/v2\/users\/1"}],"replies":[{"embeddable":true,"href":"http:\/\/lantadilla.ddns.net\/lantadilla\/index.php\/wp-json\/wp\/v2\/comments?post=50"}],"version-history":[{"count":9,"href":"http:\/\/lantadilla.ddns.net\/lantadilla\/index.php\/wp-json\/wp\/v2\/pages\/50\/revisions"}],"predecessor-version":[{"id":2395,"href":"http:\/\/lantadilla.ddns.net\/lantadilla\/index.php\/wp-json\/wp\/v2\/pages\/50\/revisions\/2395"}],"wp:attachment":[{"href":"http:\/\/lantadilla.ddns.net\/lantadilla\/index.php\/wp-json\/wp\/v2\/media?parent=50"}],"curies":[{"name":"wp","href":"https:\/\/api.w.org\/{rel}","templated":true}]}}