{"id":647,"date":"2024-12-29T18:40:45","date_gmt":"2024-12-29T17:40:45","guid":{"rendered":"http:\/\/lantadilla.ddns.net:82\/lantadilla\/?page_id=647"},"modified":"2025-12-28T02:44:43","modified_gmt":"2025-12-28T01:44:43","slug":"descargas-estudios","status":"publish","type":"page","link":"http:\/\/lantadilla.ddns.net\/lantadilla\/index.php\/descargas-estudios\/","title":{"rendered":"Descargas &#8211; Estudios"},"content":{"rendered":"\n<div style=\"height:30px\" aria-hidden=\"true\" class=\"wp-block-spacer\"><\/div>\n\n\n<div class=\"sdm_download_item \"><div class=\"sdm_download_item_top\"><div class=\"sdm_download_thumbnail\"><\/div><div class=\"sdm_download_title\">An\u00e1lisis social y demogr\u00e1fico de los electores del municipio de Lantadilla en 1917 (C\u00e9sar J. Pollo)<\/div><\/div><div style=\"clear:both;\"><\/div><div class=\"sdm_download_description\"><\/div><div class=\"sdm_download_link\"><span class=\"sdm_download_button\"><a href=\"http:\/\/lantadilla.ddns.net\/lantadilla\/?sdm_process_download=1&#038;download_id=650\" class=\"sdm_download black\" title=\"An\u00e1lisis social y demogr\u00e1fico de los electores del municipio de Lantadilla en 1917 (C\u00e9sar J. Pollo)\" target=\"_self\">Descargar<\/a><\/span><span class=\"sdm_download_item_count\"><span class=\"sdm_item_count_number\">6420<\/span><span class=\"sdm_item_count_string\"> Descargas<\/span><\/span><\/div><\/div><div class=\"sdm_clear_float\"><\/div>\n\n<div class=\"sdm_download_item \"><div class=\"sdm_download_item_top\"><div class=\"sdm_download_thumbnail\"><\/div><div class=\"sdm_download_title\">La primera ortofoto a\u00e9rea de Lantadilla (C\u00e9sar J. Pollo)<\/div><\/div><div style=\"clear:both;\"><\/div><div class=\"sdm_download_description\"><\/div><div class=\"sdm_download_link\"><span class=\"sdm_download_button\"><a href=\"http:\/\/lantadilla.ddns.net\/lantadilla\/?sdm_process_download=1&#038;download_id=652\" class=\"sdm_download black\" title=\"La primera ortofoto a\u00e9rea de Lantadilla (C\u00e9sar J. Pollo)\" target=\"_self\">Descargar<\/a><\/span><span class=\"sdm_download_item_count\"><span class=\"sdm_item_count_number\">4258<\/span><span class=\"sdm_item_count_string\"> Descargas<\/span><\/span><\/div><\/div><div class=\"sdm_clear_float\"><\/div>\n\n<div class=\"sdm_download_item \"><div class=\"sdm_download_item_top\"><div class=\"sdm_download_thumbnail\"><\/div><div class=\"sdm_download_title\">Los despoblados del t\u00e9rmino municipal de Lantadilla (C\u00e9sar J. Pollo)<\/div><\/div><div style=\"clear:both;\"><\/div><div class=\"sdm_download_description\"><\/div><div class=\"sdm_download_link\"><span class=\"sdm_download_button\"><a href=\"http:\/\/lantadilla.ddns.net\/lantadilla\/?sdm_process_download=1&#038;download_id=654\" class=\"sdm_download black\" title=\"Los despoblados del t\u00e9rmino municipal de Lantadilla (C\u00e9sar J. Pollo)\" target=\"_self\">Descargar<\/a><\/span><span class=\"sdm_download_item_count\"><span class=\"sdm_item_count_number\">4873<\/span><span class=\"sdm_item_count_string\"> Descargas<\/span><\/span><\/div><\/div><div class=\"sdm_clear_float\"><\/div>\n\n\n<div style=\"height:30px\" aria-hidden=\"true\" class=\"wp-block-spacer\"><\/div>\n\n\n\n<p><a href=\"http:\/\/lantadilla.ddns.net\/lantadilla\/index.php\/descargas\/\">Volver a Descargas<\/a><\/p>\n","protected":false},"excerpt":{"rendered":"<p>Volver a Descargas<\/p>\n","protected":false},"author":1,"featured_media":0,"parent":0,"menu_order":0,"comment_status":"closed","ping_status":"closed","template":"","meta":{"footnotes":""},"class_list":["post-647","page","type-page","status-publish","hentry"],"_links":{"self":[{"href":"http:\/\/lantadilla.ddns.net\/lantadilla\/index.php\/wp-json\/wp\/v2\/pages\/647","targetHints":{"allow":["GET"]}}],"collection":[{"href":"http:\/\/lantadilla.ddns.net\/lantadilla\/index.php\/wp-json\/wp\/v2\/pages"}],"about":[{"href":"http:\/\/lantadilla.ddns.net\/lantadilla\/index.php\/wp-json\/wp\/v2\/types\/page"}],"author":[{"embeddable":true,"href":"http:\/\/lantadilla.ddns.net\/lantadilla\/index.php\/wp-json\/wp\/v2\/users\/1"}],"replies":[{"embeddable":true,"href":"http:\/\/lantadilla.ddns.net\/lantadilla\/index.php\/wp-json\/wp\/v2\/comments?post=647"}],"version-history":[{"count":9,"href":"http:\/\/lantadilla.ddns.net\/lantadilla\/index.php\/wp-json\/wp\/v2\/pages\/647\/revisions"}],"predecessor-version":[{"id":2382,"href":"http:\/\/lantadilla.ddns.net\/lantadilla\/index.php\/wp-json\/wp\/v2\/pages\/647\/revisions\/2382"}],"wp:attachment":[{"href":"http:\/\/lantadilla.ddns.net\/lantadilla\/index.php\/wp-json\/wp\/v2\/media?parent=647"}],"curies":[{"name":"wp","href":"https:\/\/api.w.org\/{rel}","templated":true}]}}