{"id":94,"date":"2024-10-26T02:32:50","date_gmt":"2024-10-26T00:32:50","guid":{"rendered":"http:\/\/lantadilla.ddns.net:82\/lantadilla\/?page_id=94"},"modified":"2025-12-28T17:51:05","modified_gmt":"2025-12-28T16:51:05","slug":"fiestas","status":"publish","type":"page","link":"http:\/\/lantadilla.ddns.net\/lantadilla\/index.php\/fiestas\/","title":{"rendered":"Fiestas y tradiciones"},"content":{"rendered":"\n<p><\/p>\n\n\n\n<p><strong>Fiestas patronales<\/strong><\/p>\n\n\n\n<p>En este apartado vamos a ver las fiestras y celebraciones tradicionales que tienen lugar en Lantadilla a lo largo del a\u00f1o. As\u00ed, las m\u00e1s representativas, adem\u00e1s de las fiestas patronales de Nuestra Se\u00f1ora y San Roque, son la de los Quintos, la de San Isidro y la de San Juan.<\/p>\n\n\n\n<p>Las fiestas patronales de Nuestra Se\u00f1ora y San Roque tienen lugar los d\u00edas 14, 15, 16 y 17 de Agosto, siendo las de mayor importancia de todo el a\u00f1o, y las que convocan a mayor cantidad de gente en el pueblo. Durante estos d\u00edas se llevan a cabo actos de todos los tipos y dirigidos a todas las edades. Cabe destacar la elecci\u00f3n popular de Reinas y Damas, tanto absolutas como infantiles.<\/p>\n\n\n\n<figure class=\"wp-block-image size-full is-resized\"><img loading=\"lazy\" decoding=\"async\" width=\"400\" height=\"253\" src=\"http:\/\/lantadilla.ddns.net:81\/lantadilla\/wp-content\/uploads\/2025\/12\/carroza2.jpg\" alt=\"Carroza de burros\" class=\"wp-image-2229\" style=\"width:663px;height:auto\" srcset=\"http:\/\/lantadilla.ddns.net\/lantadilla\/wp-content\/uploads\/2025\/12\/carroza2.jpg 400w, http:\/\/lantadilla.ddns.net\/lantadilla\/wp-content\/uploads\/2025\/12\/carroza2-300x190.jpg 300w\" sizes=\"auto, (max-width: 400px) 100vw, 400px\" \/><\/figure>\n\n\n\n<p>Entre los actos m\u00e1s relevantes de estos d\u00edas est\u00e1n el preg\u00f3n de fiestas, las sesiones de baile, los juegos infantiles, el homenaje a los mayores, las competiciones deportivas, el teatro, los fuegos artificiales, la organizaci\u00f3n de pe\u00f1as, los pasacalles, la chorizada, el desfile de carrozas, la gimkana, etc&#8230;, adem\u00e1s de los actos religiosos comunes de estas fechas en honor de Nuestra Se\u00f1ora de Lantada y de San Roque. En la foto anterior se puede ver una imagen de hace un mont\u00f3n de a\u00f1os, la carroza de una pe\u00f1a tirada por burros a su paso por la antigua plaza del pueblo.<\/p>\n\n\n\n<p>&nbsp;Las pe\u00f1as han sido siempre el motor de las fiestas, sus componentes son los que abren las bodegas, los que mueven los pasacalles, la chorizada, los que hacen las carrozas, y en definitiva los que m\u00e1s animan las fiestas. Algunas de las pe\u00f1as que ha habido en el pueblo, la mayor\u00eda de ellas ya desaparecidas, y que podr\u00edamos nombrar son Los Bernarda\u00b4s Co\u00f1o, Castilla Joven, Los Cuernos, El Puchero, El Aguila, Castilla 16, La Bota, Lantada Juvenil, Los Comuneros, San Roque, El Cazador, Rajapitos, Q\u00b4s, Grogis, Haut Tensi\u00f3n, etc&#8230; Ha habido muchas m\u00e1s, pero est\u00e1s son algunas de las m\u00e1s recordadas. A continuaci\u00f3n se puede ver otra carroza de la misma &nbsp;\u00e9poca que la anterior, aunque esta tirada por un tractor:<\/p>\n\n\n\n<figure class=\"wp-block-image size-full is-resized\"><img loading=\"lazy\" decoding=\"async\" width=\"400\" height=\"253\" src=\"http:\/\/lantadilla.ddns.net:81\/lantadilla\/wp-content\/uploads\/2025\/12\/carroza1.jpg\" alt=\"Carroza de tractor\" class=\"wp-image-2231\" style=\"width:663px;height:auto\" srcset=\"http:\/\/lantadilla.ddns.net\/lantadilla\/wp-content\/uploads\/2025\/12\/carroza1.jpg 400w, http:\/\/lantadilla.ddns.net\/lantadilla\/wp-content\/uploads\/2025\/12\/carroza1-300x190.jpg 300w\" sizes=\"auto, (max-width: 400px) 100vw, 400px\" \/><\/figure>\n\n\n\n<div style=\"height:21px\" aria-hidden=\"true\" class=\"wp-block-spacer\"><\/div>\n\n\n\n<p><strong>Las Romer\u00edas<\/strong><\/p>\n\n\n\n<p>En este cap\u00edtulo de fiestas y tradiciones, es obligado mencionar las cuatro Romer\u00edas de la Cofrad\u00eda de Lantada: el 1 de Mayo, para llevar la imagen a su ermita; el 24 de Junio, la tradicional Romer\u00eda de Nuestra Se\u00f1ora de Lantada, popularmente conocida como \u00abla de San Juan\u00bb; el domingo m\u00e1s cercano al 9 de Agosto, la ya popular Romer\u00eda del Aniversario de la inauguraci\u00f3n de la nueva Ermita de Lantada; y el 12 de Octubre, la Romer\u00eda del traslado de la imagen a la Iglesia. De ellas, la m\u00e1s concurrida suele ser la de Agosto por la presencia de los veraneantes, en la que ya es famosa la paellada que tiene lugar a orillas del rio Pisuerga.<\/p>\n\n\n\n<p>&nbsp; &nbsp; &nbsp; A continuaci\u00f3n hay un enlace desde el que se puede bajar un documento en Word en el que Pedro Guerra Cuevas, que fue presidente de la Cofrad\u00eda de Lantada, narra brevemente la historia de la Romer\u00eda de Nuestra Se\u00f1ora de Lantada y c\u00f3mo se suele desarrollar a\u00f1o tras a\u00f1o:<\/p>\n\n\n\n<p class=\"has-text-align-center\"><a href=\"http:\/\/lantadilla.ddns.net\/lantadilla\/FILES\/Docs\/Romeria.doc\" target=\"_blank\" rel=\"noreferrer noopener\">Romeria.doc<\/a><\/p>\n\n\n\n<p><a href=\"http:\/\/lantadilla.ddns.net\/lantadilla\/DOCS\/Romeria.doc\" target=\"_blank\" rel=\"noreferrer noopener\"><br><\/a><strong>Los Quintos<\/strong><\/p>\n\n\n\n<p>Otra de las fiestas t\u00edpicas de Lantadilla es la de los Quintos, que es celebrada cada a\u00f1o por aquellos que cumplen los 18, y que normalmente tiene lugar en el fin de semana de Carnavales, por Febrero. Antiguamente sol\u00eda hacerse una corrida de gallos y un baile de disfraces con Chocolatada. Hoy en d\u00eda s\u00f3lo se conserva el baile sin disfraces ni chocolatada.<\/p>\n\n\n\n<p>Despu\u00e9s del baile, al amanecer, se hace una hoguera, y por la ma\u00f1ana los quintos organizan un pasacalles en el que es t\u00edpico que las familias de los quintos ofrezcan hojuelas con orujo, chocolate, pastas, etc&#8230; La fiesta de los quintos es organizada igualmente por los chicos y por las chicas que cumplen los 18 a\u00f1os.<\/p>\n\n\n\n<p><br><strong>San Isidro<\/strong><\/p>\n\n\n\n<p>La fiesta de San Isidro es la fiesta de los agricultores, actividad muy extendida en Lantadilla, y se celebra el d\u00eda 15 de Mayo con una misa, antes de la cual se saca en procesi\u00f3n la imagen del patr\u00f3n San Isidro. Despu\u00e9s de este acto, todo el pueblo est\u00e1 invitado a un aperitivo organizado por la C\u00e1mara Agraria, y por la tarde se regala caramelos a los ni\u00f1os.<\/p>\n\n\n\n<p><br><strong>San Juan<\/strong><\/p>\n\n\n\n<p>Esta fiesta tiene lugar la noche m\u00e1s corta del a\u00f1o, la que va del d\u00eda 23 al 24 de Junio. Es t\u00edpico del d\u00eda 23 por la tarde ir a rezar las v\u00edsperas y el canto de la Salve a la ermita de Lantada. A continuaci\u00f3n se da a los menores de 14 a\u00f1os un bollo con forma de paloma conocido como \u00abpajarita\u00bb, y tiene lugar una merienda-cena al aire libre.<\/p>\n\n\n\n<p>A las 12 de la noche tiene lugar la popular hoguera de San Juan, en la que es t\u00edpico que la gente participe saltando por encima de las llamas. Por \u00faltimo tiene lugar una verbena en la plaza en la que participa todo el pueblo. Una curiosidad de esta fiesta es que se elige a un miembro de la Cofrad\u00eda de Lantada como \u00abmayordomo\u00bb, siendo el encargado de organizar casi toda la fiesta.<\/p>\n","protected":false},"excerpt":{"rendered":"<p>Fiestas patronales En este apartado vamos a ver las fiestras y celebraciones tradicionales que tienen lugar en Lantadilla a lo largo del a\u00f1o. As\u00ed, las m\u00e1s representativas, adem\u00e1s de las fiestas patronales de Nuestra Se\u00f1ora y San Roque, son la de los Quintos, la de San Isidro y la de San Juan. Las fiestas patronales [&hellip;]<\/p>\n","protected":false},"author":1,"featured_media":0,"parent":0,"menu_order":5,"comment_status":"closed","ping_status":"closed","template":"","meta":{"footnotes":""},"class_list":["post-94","page","type-page","status-publish","hentry"],"_links":{"self":[{"href":"http:\/\/lantadilla.ddns.net\/lantadilla\/index.php\/wp-json\/wp\/v2\/pages\/94","targetHints":{"allow":["GET"]}}],"collection":[{"href":"http:\/\/lantadilla.ddns.net\/lantadilla\/index.php\/wp-json\/wp\/v2\/pages"}],"about":[{"href":"http:\/\/lantadilla.ddns.net\/lantadilla\/index.php\/wp-json\/wp\/v2\/types\/page"}],"author":[{"embeddable":true,"href":"http:\/\/lantadilla.ddns.net\/lantadilla\/index.php\/wp-json\/wp\/v2\/users\/1"}],"replies":[{"embeddable":true,"href":"http:\/\/lantadilla.ddns.net\/lantadilla\/index.php\/wp-json\/wp\/v2\/comments?post=94"}],"version-history":[{"count":17,"href":"http:\/\/lantadilla.ddns.net\/lantadilla\/index.php\/wp-json\/wp\/v2\/pages\/94\/revisions"}],"predecessor-version":[{"id":2412,"href":"http:\/\/lantadilla.ddns.net\/lantadilla\/index.php\/wp-json\/wp\/v2\/pages\/94\/revisions\/2412"}],"wp:attachment":[{"href":"http:\/\/lantadilla.ddns.net\/lantadilla\/index.php\/wp-json\/wp\/v2\/media?parent=94"}],"curies":[{"name":"wp","href":"https:\/\/api.w.org\/{rel}","templated":true}]}}